{"id":1239,"date":"2019-09-05T09:37:25","date_gmt":"2019-09-05T07:37:25","guid":{"rendered":"https:\/\/booking.bodegasbordoy.es\/?page_id=1239"},"modified":"2026-02-04T15:50:28","modified_gmt":"2026-02-04T14:50:28","slug":"kontakt","status":"publish","type":"page","link":"https:\/\/booking.bodegasbordoy.es\/ca\/kontakt\/","title":{"rendered":"Contacte"},"content":{"rendered":"<div>Contacte\n <\/div>\n<div>Contacta&#8217;ns \u2013 personal i accessible de moltes maneres.<\/div>\n<p><img decoding=\"async\" src=\"\/wp-content\/uploads\/2025\/02\/logo-bodegas-bordoy-black-2.png\" alt=\"\"><\/p>\n<ul>\n<li>\n<div>Cam\u00ed de Can Cabrians,\n<\/div>\n<\/li>\n<li>\n<div>07609 Llucmajor, Mallorca, Spanien<\/div>\n<\/li>\n<li>\n<div>Tel:<br \/>\n+34 646 619 776<\/div>\n<\/li>\n<li>\n<div>E-Mail: promocion@bodegasbordoy.com<\/div>\n<\/li>\n<\/ul>\n<ul>\n<li><a href=\"https:\/\/www.facebook.com\/BodegasBordoy\">facebook<\/a>\n<\/li>\n<li><a href=\"https:\/\/www.instagram.com\/bodegasbordoy\/\">instagram<\/a>\n<\/li>\n<li><a href=\"https:\/\/g.co\/kgs\/AijLMDM\">social<\/a>\n<\/li>\n<li><a href=\"https:\/\/www.youtube.com\/@bodegasbordoymallorca8518\">youtube<\/a>\n<\/li>\n<li><a href=\"https:\/\/wa.me\/34646619776\">whatsapp<\/a>\n<\/li>\n<\/ul>\n<p><img decoding=\"async\" src=\"\/wp-content\/uploads\/2025\/02\/Bildschirmfoto-2025-02-15-um-10.50.15.png\" alt=\"\"><\/p>\n<h1>Alexandra Kamp<\/h1>\n<div> Alexandra guia personalment els recorreguts pel celler i \u00e9s la teva persona de contacte dedicada a les vendes del celler. Amb flu\u00efdesa en angl\u00e8s, alemany i castell\u00e0, assegura que cada visita sigui una experi\u00e8ncia inoblidable.<\/div>\n<ul>\n<li><a href=\"tel:+34646619776\">receiver<\/a>\n<\/li>\n<li><a href=\"https:\/\/wa.me\/34646619776\">whatsapp<\/a>\n<\/li>\n<\/ul>\n<p><img decoding=\"async\" src=\"\/wp-content\/uploads\/2025\/03\/carminasender.png\" alt=\"\"><\/p>\n<h1>Carmina Sender<\/h1>\n<div>Carmina \u00e9s la responsable de direcci\u00f3 i enologia del nostre celler. Sempre est\u00e0 disposada a respondre qualsevol pregunta sobre el nostre vi, les vendes i la producci\u00f3, oferint orientaci\u00f3 experta en cada pas.\n<\/div>\n<div>\n<p>39.4444,2.7922<\/p>\n<p><img decoding=\"async\" src=\"\/wp-content\/uploads\/2025\/02\/20230620_135014.jpg\" alt=\"\"><\/p>\n<p><a href=\"https:\/\/www.google.com\/maps\/place\/Bodegas+Bordoy+S.L.\/@39.4475602,2.7890982,17z\/data=!3m1!4b1!4m16!1m9!4m8!1m0!1m6!1m2!1s0x1297a2b15e0337a5:0xdcda6932c4006881!2sBodegas+Bordoy+Cam%C3%AD+de+Can+Cabrians,+07609+07609+Illes+Balears!2m2!1d2.7916731!2d39.4475602!3m5!1s0x1297a2b15e0337a5:0xdcda6932c4006881!8m2!3d39.4475602!4d2.7916731!16s%2Fg%2F11cls_wmpq?entry=ttu&#038;g_ep=EgoyMDI1MDMwMy4wIKXMDSoASAFQAw%3D%3D\">Ruta en Google Maps<\/a><\/p>\n<\/div>\n<div>Esperem poder donar-li la benvinguda aviat!<\/div>\n<p><!--more--><br \/>\n<!-- {\"type\":\"layout\",\"children\":[{\"type\":\"section\",\"props\":{\"animation\":\"scale-up\",\"animation_delay\":\"230\",\"header_transparent\":true,\"image\":\"wp-content\\\/uploads\\\/2025\\\/02\\\/bodegas-bordoy-sa-rota-weinprobe-1.jpg\",\"image_height\":\"720\",\"image_position\":\"top-center\",\"image_size\":\"cover\",\"image_width\":\"1280\",\"media_focal_point\":\"top-center\",\"media_overlay\":\"rgba(255, 255, 255, 0.92)\",\"padding\":\"none\",\"padding_remove_top\":false,\"style\":\"default\",\"title_breakpoint\":\"xl\",\"title_position\":\"top-left\",\"title_rotation\":\"left\",\"vertical_align\":\"\",\"width\":\"default\"},\"children\":[{\"type\":\"row\",\"children\":[{\"type\":\"column\",\"props\":{\"image_position\":\"center-center\",\"position_sticky_breakpoint\":\"m\"}}]}]},{\"type\":\"section\",\"props\":{\"animation\":\"slide-bottom-medium\",\"animation_delay\":\"230\",\"height\":\"page\",\"image\":\"wp-content\\\/uploads\\\/2025\\\/03\\\/bg3-scaled.jpg\",\"image_position\":\"center-center\",\"image_size\":\"cover\",\"media_background\":\"rgba(255, 255, 255, 0.83)\",\"media_overlay\":\"rgba(255, 255, 255, 0.34)\",\"padding\":\"small\",\"style\":\"default\",\"title_breakpoint\":\"xl\",\"title_position\":\"top-left\",\"title_rotation\":\"left\",\"vertical_align\":\"\",\"width\":\"large\"},\"children\":[{\"type\":\"row\",\"children\":[{\"type\":\"column\",\"props\":{\"image_position\":\"center-center\",\"image_size\":\"cover\",\"media_overlay\":\"rgba(255, 255, 255, 0.32)\",\"position_blend\":false,\"position_sticky\":\"section\",\"position_sticky_breakpoint\":\"m\"},\"children\":[{\"type\":\"headline\",\"props\":{\"content\":\"Contacte\\n \",\"margin_remove_bottom\":false,\"margin_remove_top\":true,\"text_align\":\"center\",\"title_color\":\"background\",\"title_element\":\"div\",\"title_style\":\"h1\"}},{\"type\":\"headline\",\"props\":{\"block_align\":\"center\",\"content\":\"Contacta'ns \\u2013 personal i accessible de moltes maneres.\",\"margin\":\"remove-vertical\",\"margin_remove_bottom\":true,\"margin_remove_top\":true,\"maxwidth\":\"large\",\"text_align\":\"center\",\"title_element\":\"div\",\"title_style\":\"h4\"}}]}],\"props\":{\"alignment\":\"center\",\"divider\":false,\"row_gap\":\"large\"}}],\"name\":\"contact headline\"},{\"type\":\"section\",\"props\":{\"animation\":\"slide-top-medium\",\"animation_delay\":\"230\",\"image_effect\":\"fixed\",\"image_position\":\"center-center\",\"image_size\":\"cover\",\"media_overlay\":\"rgba(0, 0, 0, 0.77)\",\"style\":\"default\",\"title_breakpoint\":\"xl\",\"title_position\":\"top-left\",\"title_rotation\":\"left\",\"vertical_align\":\"\",\"width\":\"default\"},\"children\":[{\"type\":\"row\",\"props\":{\"divider\":false},\"children\":[{\"type\":\"column\",\"props\":{\"image_position\":\"center-center\",\"position_sticky_breakpoint\":\"m\",\"vertical_align\":\"middle\"},\"children\":[{\"type\":\"image\",\"props\":{\"image\":\"wp-content\\\/uploads\\\/2025\\\/02\\\/logo-bodegas-bordoy-black-2.png\",\"image_svg_color\":\"emphasis\",\"image_width\":174,\"margin\":\"default\",\"text_align\":\"center\"}},{\"type\":\"list\",\"props\":{\"column_breakpoint\":\"m\",\"image_align\":\"left\",\"image_svg_color\":\"emphasis\",\"image_vertical_align\":true,\"list_element\":\"ul\",\"list_horizontal_separator\":\", \",\"list_type\":\"vertical\",\"show_image\":true,\"show_link\":true,\"text_align\":\"center\"},\"children\":[{\"type\":\"list_item\",\"props\":{\"content\":\"Cam\\u00ed de Can Cabrians,\\n\"}},{\"type\":\"list_item\",\"props\":{\"content\":\"07609 Llucmajor, Mallorca, Spanien\"}},{\"type\":\"list_item\",\"props\":{\"content\":\"Tel:\\n+34 646 619 776\"}},{\"type\":\"list_item\",\"props\":{\"content\":\"E-Mail: promocion@bodegasbordoy.com\"}}]},{\"type\":\"social\",\"props\":{\"grid\":\"horizontal\",\"grid_column_gap\":\"small\",\"grid_row_gap\":\"small\",\"image_svg_inline\":true,\"link_style\":\"button\",\"margin\":\"default\",\"text_align\":\"center\"},\"children\":[{\"type\":\"social_item\",\"props\":{\"link\":\"https:\\\/\\\/www.facebook.com\\\/BodegasBordoy\"}},{\"type\":\"social_item\",\"props\":{\"link\":\"https:\\\/\\\/www.instagram.com\\\/bodegasbordoy\\\/\"}},{\"type\":\"social_item\",\"props\":{\"icon\":\"google\",\"link\":\"https:\\\/\\\/g.co\\\/kgs\\\/AijLMDM\"}},{\"type\":\"social_item\",\"props\":{\"link\":\"https:\\\/\\\/www.youtube.com\\\/@bodegasbordoymallorca8518\"}},{\"type\":\"social_item\",\"props\":{\"link\":\"https:\\\/\\\/wa.me\\\/34646619776\"}}]}]}]}],\"name\":\"DE KONTAKT\"},{\"type\":\"section\",\"props\":{\"image_position\":\"center-center\",\"style\":\"default\",\"title_breakpoint\":\"xl\",\"title_position\":\"top-left\",\"title_rotation\":\"left\",\"vertical_align\":\"middle\",\"width\":\"large\"},\"children\":[{\"type\":\"row\",\"props\":{\"layout\":\"1-4,1-4,1-4,1-4|1-2,1-2,1-2,1-2\"},\"children\":[{\"type\":\"column\",\"props\":{\"image_position\":\"center-center\",\"position_sticky_breakpoint\":\"m\",\"width_medium\":\"1-4\",\"width_small\":\"1-2\"},\"children\":[{\"type\":\"image\",\"props\":{\"image\":\"wp-content\\\/uploads\\\/2025\\\/02\\\/Bildschirmfoto-2025-02-15-um-10.50.15.png\",\"image_border\":\"circle\",\"image_svg_color\":\"emphasis\",\"image_width\":120,\"margin\":\"default\",\"text_align\":\"center\"}}]},{\"type\":\"column\",\"props\":{\"image_position\":\"center-center\",\"position_sticky_breakpoint\":\"m\",\"width_medium\":\"1-4\",\"width_small\":\"1-2\"},\"children\":[{\"type\":\"headline\",\"props\":{\"content\":\"Alexandra Kamp\",\"title_color\":\"background\",\"title_element\":\"h1\",\"title_style\":\"h3\"}},{\"type\":\"text\",\"props\":{\"column_breakpoint\":\"m\",\"content\":\" Alexandra guia personalment els recorreguts pel celler i \\u00e9s la teva persona de contacte dedicada a les vendes del celler. Amb flu\\u00efdesa en angl\\u00e8s, alemany i castell\\u00e0, assegura que cada visita sigui una experi\\u00e8ncia inoblidable.\",\"margin\":\"default\"}},{\"type\":\"social\",\"props\":{\"grid\":\"horizontal\",\"grid_column_gap\":\"small\",\"grid_row_gap\":\"small\",\"image_svg_inline\":true,\"link_style\":\"button\",\"margin\":\"default\"},\"children\":[{\"type\":\"social_item\",\"props\":{\"link\":\"tel:+34646619776\"}},{\"type\":\"social_item\",\"props\":{\"link\":\"https:\\\/\\\/wa.me\\\/34646619776\"}}]}]},{\"type\":\"column\",\"props\":{\"image_position\":\"center-center\",\"position_sticky_breakpoint\":\"m\",\"width_medium\":\"1-4\",\"width_small\":\"1-2\"},\"children\":[{\"type\":\"image\",\"props\":{\"image\":\"wp-content\\\/uploads\\\/2025\\\/03\\\/carminasender.png\",\"image_border\":\"circle\",\"image_svg_color\":\"emphasis\",\"image_width\":120,\"margin\":\"default\",\"text_align\":\"center\"}}]},{\"type\":\"column\",\"props\":{\"image_position\":\"center-center\",\"position_sticky_breakpoint\":\"m\",\"width_medium\":\"1-4\",\"width_small\":\"1-2\"},\"children\":[{\"type\":\"headline\",\"props\":{\"content\":\"Carmina Sender\",\"title_color\":\"background\",\"title_element\":\"h1\",\"title_style\":\"h3\"}},{\"type\":\"text\",\"props\":{\"column_breakpoint\":\"m\",\"content\":\"Carmina \\u00e9s la responsable de direcci\\u00f3 i enologia del nostre celler. Sempre est\\u00e0 disposada a respondre qualsevol pregunta sobre el nostre vi, les vendes i la producci\\u00f3, oferint orientaci\\u00f3 experta en cada pas.\\n\",\"margin\":\"default\"}}]}]}]},{\"type\":\"section\",\"props\":{\"image_position\":\"center-center\",\"style\":\"default\",\"title_breakpoint\":\"xl\",\"title_position\":\"top-left\",\"title_rotation\":\"left\",\"vertical_align\":\"middle\",\"width\":\"\"},\"children\":[{\"type\":\"row\",\"children\":[{\"type\":\"column\",\"props\":{\"image_position\":\"center-center\",\"position_sticky_breakpoint\":\"m\"},\"children\":[{\"name\":\"Map Marker Popups neu\",\"type\":\"map\",\"children\":[{\"type\":\"map_item\",\"props\":{\"image\":\"wp-content\\\/uploads\\\/2025\\\/02\\\/20230620_135014.jpg\",\"link\":\"https:\\\/\\\/www.google.com\\\/maps\\\/place\\\/Bodegas+Bordoy+S.L.\\\/@39.4475602,2.7890982,17z\\\/data=!3m1!4b1!4m16!1m9!4m8!1m0!1m6!1m2!1s0x1297a2b15e0337a5:0xdcda6932c4006881!2sBodegas+Bordoy+Cam%C3%AD+de+Can+Cabrians,+07609+07609+Illes+Balears!2m2!1d2.7916731!2d39.4475602!3m5!1s0x1297a2b15e0337a5:0xdcda6932c4006881!8m2!3d39.4475602!4d2.7916731!16s%2Fg%2F11cls_wmpq?entry=ttu&g_ep=EgoyMDI1MDMwMy4wIKXMDSoASAFQAw%3D%3D\",\"link_text\":\"Ruta en Google Maps\",\"location\":\"39.4444,2.7922\",\"show_popup\":true}}],\"props\":{\"cluster_icon_1_height\":\"48\",\"cluster_icon_1_width\":\"48\",\"cluster_icon_2_height\":\"48\",\"cluster_icon_2_width\":\"48\",\"cluster_icon_3_height\":\"48\",\"cluster_icon_3_width\":\"48\",\"clustering\":false,\"content_margin\":\"small\",\"content_style\":\"text-meta\",\"controls\":true,\"dragging\":true,\"height\":\"600\",\"image_height\":\"150\",\"image_svg_color\":\"emphasis\",\"image_width\":\"270\",\"link_size\":\"small\",\"link_style\":\"secondary\",\"link_text\":\"google maps \",\"margin\":\"default\",\"marker_icon_height\":\"38\",\"marker_icon_width\":\"38\",\"max_zoom\":\"18\",\"meta_align\":\"above-title\",\"meta_color\":\"primary\",\"meta_element\":\"div\",\"meta_style\":\"h6\",\"min_zoom\":\"3\",\"poi\":false,\"popup_max_width\":\"400\",\"show_content\":true,\"show_image\":true,\"show_link\":true,\"show_meta\":true,\"show_title\":true,\"title_element\":\"h3\",\"title_hover_style\":\"reset\",\"title_margin\":\"remove\",\"title_style\":\"h5\",\"type\":\"roadmap\",\"zoom\":\"12\",\"zooming\":true}},{\"type\":\"text\",\"props\":{\"block_align\":\"center\",\"column_breakpoint\":\"m\",\"content\":\"Esperem poder donar-li la benvinguda aviat!\",\"margin\":\"default\",\"maxwidth\":\"large\",\"text_align\":\"center\"}}]}]}]}],\"version\":\"4.5.32\"} --><\/p>\n","protected":false},"excerpt":{"rendered":"<p>Contacte Contacta&#8217;ns \u2013 personal i accessible de moltes maneres. Cam\u00ed de Can Cabrians, 07609 Llucmajor, Mallorca, Spanien Tel: +34 646 619 776 E-Mail: promocion@bodegasbordoy.com facebook instagram social youtube whatsapp Alexandra Kamp Alexandra guia personalment els recorreguts pel celler i \u00e9s la teva persona de contacte dedicada a les vendes del celler. Amb flu\u00efdesa en angl\u00e8s, [&hellip;]<\/p>\n","protected":false},"author":1,"featured_media":0,"parent":0,"menu_order":5,"comment_status":"open","ping_status":"closed","template":"","meta":{"footnotes":""},"class_list":["post-1239","page","type-page","status-publish","hentry"],"yoast_head":"<!-- This site is optimized with the Yoast SEO plugin v26.0 - https:\/\/yoast.com\/wordpress\/plugins\/seo\/ -->\n<title>Contacte - Bodegas Bordoy<\/title>\n<meta name=\"robots\" content=\"index, follow, max-snippet:-1, max-image-preview:large, max-video-preview:-1\" \/>\n<link rel=\"canonical\" href=\"https:\/\/booking.bodegasbordoy.es\/ca\/kontakt\/\" \/>\n<meta property=\"og:locale\" content=\"ca_ES\" \/>\n<meta property=\"og:type\" content=\"article\" \/>\n<meta property=\"og:title\" content=\"Contacte - Bodegas Bordoy\" \/>\n<meta property=\"og:description\" content=\"Contacte Contacta&#8217;ns \u2013 personal i accessible de moltes maneres. Cam\u00ed de Can Cabrians, 07609 Llucmajor, Mallorca, Spanien Tel: +34 646 619 776 E-Mail: promocion@bodegasbordoy.com facebook instagram social youtube whatsapp Alexandra Kamp Alexandra guia personalment els recorreguts pel celler i \u00e9s la teva persona de contacte dedicada a les vendes del celler. Amb flu\u00efdesa en angl\u00e8s, [&hellip;]\" \/>\n<meta property=\"og:url\" content=\"https:\/\/booking.bodegasbordoy.es\/ca\/kontakt\/\" \/>\n<meta property=\"og:site_name\" content=\"Bodegas Bordoy\" \/>\n<meta property=\"article:modified_time\" content=\"2026-02-04T14:50:28+00:00\" \/>\n<meta property=\"og:image\" content=\"https:\/\/booking.bodegasbordoy.es\/wp-content\/uploads\/2025\/08\/Bodegas-Bordoy_37-2048x1365.jpg\" \/>\n\t<meta property=\"og:image:width\" content=\"2048\" \/>\n\t<meta property=\"og:image:height\" content=\"1365\" \/>\n<meta name=\"twitter:card\" content=\"summary_large_image\" \/>\n<meta name=\"twitter:label1\" content=\"Est. reading time\" \/>\n\t<meta name=\"twitter:data1\" content=\"1 minute\" \/>\n<script type=\"application\/ld+json\" class=\"yoast-schema-graph\">{\"@context\":\"https:\/\/schema.org\",\"@graph\":[{\"@type\":\"WebPage\",\"@id\":\"https:\/\/booking.bodegasbordoy.es\/ca\/kontakt\/\",\"url\":\"https:\/\/booking.bodegasbordoy.es\/ca\/kontakt\/\",\"name\":\"Contacte - Bodegas Bordoy\",\"isPartOf\":{\"@id\":\"https:\/\/booking.bodegasbordoy.es\/ca\/#website\"},\"datePublished\":\"2019-09-05T07:37:25+00:00\",\"dateModified\":\"2026-02-04T14:50:28+00:00\",\"breadcrumb\":{\"@id\":\"https:\/\/booking.bodegasbordoy.es\/ca\/kontakt\/#breadcrumb\"},\"inLanguage\":\"ca\",\"potentialAction\":[{\"@type\":\"ReadAction\",\"target\":[\"https:\/\/booking.bodegasbordoy.es\/ca\/kontakt\/\"]}]},{\"@type\":\"BreadcrumbList\",\"@id\":\"https:\/\/booking.bodegasbordoy.es\/ca\/kontakt\/#breadcrumb\",\"itemListElement\":[{\"@type\":\"ListItem\",\"position\":1,\"name\":\"Home\",\"item\":\"https:\/\/booking.bodegasbordoy.es\/ca\/?lang=ca\"},{\"@type\":\"ListItem\",\"position\":2,\"name\":\"Contacte\"}]},{\"@type\":\"WebSite\",\"@id\":\"https:\/\/booking.bodegasbordoy.es\/ca\/#website\",\"url\":\"https:\/\/booking.bodegasbordoy.es\/ca\/\",\"name\":\"Bodegas Bordoy\",\"description\":\"\",\"potentialAction\":[{\"@type\":\"SearchAction\",\"target\":{\"@type\":\"EntryPoint\",\"urlTemplate\":\"https:\/\/booking.bodegasbordoy.es\/ca\/?s={search_term_string}\"},\"query-input\":{\"@type\":\"PropertyValueSpecification\",\"valueRequired\":true,\"valueName\":\"search_term_string\"}}],\"inLanguage\":\"ca\"}]}<\/script>\n<meta property=\"og:locale:alternate\" content=\"es_ES\" \/>\n\t<meta property=\"og:locale:alternate\" content=\"de_DE\" \/>\n\t<meta property=\"og:locale:alternate\" content=\"en_US\" \/>\n<!-- \/ Yoast SEO plugin. -->","yoast_head_json":{"title":"Contacte - Bodegas Bordoy","robots":{"index":"index","follow":"follow","max-snippet":"max-snippet:-1","max-image-preview":"max-image-preview:large","max-video-preview":"max-video-preview:-1"},"canonical":"https:\/\/booking.bodegasbordoy.es\/ca\/kontakt\/","og_locale":"ca_ES","og_type":"article","og_title":"Contacte - Bodegas Bordoy","og_description":"Contacte Contacta&#8217;ns \u2013 personal i accessible de moltes maneres. Cam\u00ed de Can Cabrians, 07609 Llucmajor, Mallorca, Spanien Tel: +34 646 619 776 E-Mail: promocion@bodegasbordoy.com facebook instagram social youtube whatsapp Alexandra Kamp Alexandra guia personalment els recorreguts pel celler i \u00e9s la teva persona de contacte dedicada a les vendes del celler. Amb flu\u00efdesa en angl\u00e8s, [&hellip;]","og_url":"https:\/\/booking.bodegasbordoy.es\/ca\/kontakt\/","og_site_name":"Bodegas Bordoy","article_modified_time":"2026-02-04T14:50:28+00:00","og_image":[{"url":"https:\/\/booking.bodegasbordoy.es\/wp-content\/uploads\/2025\/08\/Bodegas-Bordoy_37-2048x1365.jpg","width":2048,"height":1365,"type":""}],"twitter_card":"summary_large_image","twitter_misc":{"Est. reading time":"1 minute"},"schema":{"@context":"https:\/\/schema.org","@graph":[{"@type":"WebPage","@id":"https:\/\/booking.bodegasbordoy.es\/ca\/kontakt\/","url":"https:\/\/booking.bodegasbordoy.es\/ca\/kontakt\/","name":"Contacte - Bodegas Bordoy","isPartOf":{"@id":"https:\/\/booking.bodegasbordoy.es\/ca\/#website"},"datePublished":"2019-09-05T07:37:25+00:00","dateModified":"2026-02-04T14:50:28+00:00","breadcrumb":{"@id":"https:\/\/booking.bodegasbordoy.es\/ca\/kontakt\/#breadcrumb"},"inLanguage":"ca","potentialAction":[{"@type":"ReadAction","target":["https:\/\/booking.bodegasbordoy.es\/ca\/kontakt\/"]}]},{"@type":"BreadcrumbList","@id":"https:\/\/booking.bodegasbordoy.es\/ca\/kontakt\/#breadcrumb","itemListElement":[{"@type":"ListItem","position":1,"name":"Home","item":"https:\/\/booking.bodegasbordoy.es\/ca\/?lang=ca"},{"@type":"ListItem","position":2,"name":"Contacte"}]},{"@type":"WebSite","@id":"https:\/\/booking.bodegasbordoy.es\/ca\/#website","url":"https:\/\/booking.bodegasbordoy.es\/ca\/","name":"Bodegas Bordoy","description":"","potentialAction":[{"@type":"SearchAction","target":{"@type":"EntryPoint","urlTemplate":"https:\/\/booking.bodegasbordoy.es\/ca\/?s={search_term_string}"},"query-input":{"@type":"PropertyValueSpecification","valueRequired":true,"valueName":"search_term_string"}}],"inLanguage":"ca"}]}},"_links":{"self":[{"href":"https:\/\/booking.bodegasbordoy.es\/ca\/wp-json\/wp\/v2\/pages\/1239","targetHints":{"allow":["GET"]}}],"collection":[{"href":"https:\/\/booking.bodegasbordoy.es\/ca\/wp-json\/wp\/v2\/pages"}],"about":[{"href":"https:\/\/booking.bodegasbordoy.es\/ca\/wp-json\/wp\/v2\/types\/page"}],"author":[{"embeddable":true,"href":"https:\/\/booking.bodegasbordoy.es\/ca\/wp-json\/wp\/v2\/users\/1"}],"replies":[{"embeddable":true,"href":"https:\/\/booking.bodegasbordoy.es\/ca\/wp-json\/wp\/v2\/comments?post=1239"}],"version-history":[{"count":15,"href":"https:\/\/booking.bodegasbordoy.es\/ca\/wp-json\/wp\/v2\/pages\/1239\/revisions"}],"predecessor-version":[{"id":12584,"href":"https:\/\/booking.bodegasbordoy.es\/ca\/wp-json\/wp\/v2\/pages\/1239\/revisions\/12584"}],"wp:attachment":[{"href":"https:\/\/booking.bodegasbordoy.es\/ca\/wp-json\/wp\/v2\/media?parent=1239"}],"curies":[{"name":"wp","href":"https:\/\/api.w.org\/{rel}","templated":true}]}}