{"id":1245,"date":"2019-09-05T09:37:25","date_gmt":"2019-09-05T07:37:25","guid":{"rendered":"https:\/\/booking.bodegasbordoy.es\/?page_id=1245"},"modified":"2025-07-30T12:27:17","modified_gmt":"2025-07-30T11:27:17","slug":"support","status":"publish","type":"page","link":"https:\/\/booking.bodegasbordoy.es\/ca\/support\/","title":{"rendered":"Venda"},"content":{"rendered":"<div>Venda<\/div>\n<div>Troba el vi perfecte per a cada ocasi\u00f3.<\/div>\n<div>Per a un sopar especial, un brindis amb amics o simplement perqu\u00e8 s\u00ed, tenim el vi ideal per a cada moment.<br \/>\nElaborem vins amb molta personalitat, marcats per la brisa marina i els s\u00f2ls de mar\u00e8s.<\/p>\n<\/div>\n<ul>\n<li>\n<p>        <img decoding=\"async\" src=\"\/wp-content\/uploads\/2025\/03\/business-event.jpg\" alt=\"\"><\/p>\n<h3>Tenda<\/h3>\n<p>venda<\/p>\n<div>Si t\u2019encanta el vi tant com a nosaltres, est\u00e0s d\u2019enhorabona.<br \/>\nPots comprar directament del nostre celler i gaudir de les nostres joies vin\u00edcoles sense moure\u2019t del sof\u00e0.<br \/>\nExplora les nostres col\u00b7leccions exclusives i troba el teu favorit.<\/div>\n<p><a href=\"\/?page_id=7101&#038;lang=ca\"> M\u00e9s informaci\u00f3<\/a><\/p>\n<\/li>\n<li>\n<p>        <img decoding=\"async\" src=\"\/wp-content\/uploads\/2025\/03\/gastronomy-sale-bodegas-bordoy.jpg\" alt=\"\"><\/p>\n<h3>Distribuci\u00f3<\/h3>\n<p> de vi<\/p>\n<div>Cada ampolla de Bodegas Bordoy du l\u2019\u00e0nima de l\u2019illa: sol, mar i molt de car\u00e0cter.<br \/>\nSi vols oferir als teus clients vins mallorquins aut\u00e8ntics i amb personalitat, parlem-ne!<\/div>\n<p><a href=\"\/?page_id=7108&#038;lang=ca\"> M\u00e9s informaci\u00f3<\/a><\/p>\n<\/li>\n<\/ul>\n<p><!--more--><br \/>\n<!-- {\"type\":\"layout\",\"children\":[{\"type\":\"section\",\"props\":{\"animation\":\"scale-up\",\"animation_delay\":\"230\",\"header_transparent\":true,\"height_viewport\":500,\"image_height\":\"720\",\"image_position\":\"top-center\",\"image_size\":\"cover\",\"image_width\":\"1280\",\"media_focal_point\":\"top-center\",\"media_overlay\":\"rgba(255, 255, 255, 0.9)\",\"padding\":\"none\",\"padding_remove_top\":false,\"style\":\"default\",\"title_breakpoint\":\"xl\",\"title_position\":\"top-left\",\"title_rotation\":\"left\",\"vertical_align\":\"\",\"video\":\"wp-content\/uploads\/2025\/02\/02231.mp4\",\"width\":\"default\"},\"children\":[{\"type\":\"row\",\"children\":[{\"type\":\"column\",\"props\":{\"image_position\":\"center-center\",\"position_sticky_breakpoint\":\"m\"}}]}]},{\"type\":\"section\",\"props\":{\"animation\":\"slide-bottom-medium\",\"animation_delay\":\"230\",\"height\":\"page\",\"image\":\"wp-content\/uploads\/2025\/03\/bg3-scaled.jpg\",\"image_position\":\"center-center\",\"image_size\":\"cover\",\"media_background\":\"rgba(255, 255, 255, 0.83)\",\"media_overlay\":\"rgba(255, 255, 255, 0.34)\",\"padding\":\"small\",\"style\":\"default\",\"title_breakpoint\":\"xl\",\"title_position\":\"top-left\",\"title_rotation\":\"left\",\"vertical_align\":\"\",\"width\":\"large\"},\"children\":[{\"type\":\"row\",\"children\":[{\"type\":\"column\",\"props\":{\"image_position\":\"center-center\",\"image_size\":\"cover\",\"media_overlay\":\"rgba(255, 255, 255, 0.32)\",\"position_blend\":false,\"position_sticky\":\"section\",\"position_sticky_breakpoint\":\"m\"},\"children\":[{\"type\":\"headline\",\"props\":{\"content\":\"Venda\",\"margin_remove_bottom\":false,\"margin_remove_top\":true,\"text_align\":\"center\",\"title_color\":\"background\",\"title_element\":\"div\",\"title_style\":\"h1\"}},{\"type\":\"headline\",\"props\":{\"block_align\":\"center\",\"content\":\"Troba el vi perfecte per a cada ocasi\u00f3.\",\"margin\":\"remove-vertical\",\"margin_remove_bottom\":true,\"margin_remove_top\":true,\"maxwidth\":\"large\",\"text_align\":\"center\",\"title_element\":\"div\",\"title_style\":\"h4\"}}]}],\"props\":{\"alignment\":\"center\",\"divider\":false,\"row_gap\":\"large\"}}],\"name\":\"headline verkauf\"},{\"type\":\"section\",\"props\":{\"animation\":\"slide-top-medium\",\"animation_delay\":\"230\",\"image_position\":\"center-center\",\"style\":\"default\",\"title_breakpoint\":\"xl\",\"title_position\":\"top-left\",\"title_rotation\":\"left\",\"vertical_align\":\"middle\",\"width\":\"default\"},\"children\":[{\"type\":\"row\",\"children\":[{\"type\":\"column\",\"props\":{\"image_position\":\"center-center\",\"position_sticky_breakpoint\":\"m\"},\"children\":[{\"type\":\"text\",\"props\":{\"block_align\":\"center\",\"column_breakpoint\":\"m\",\"content\":\"Per a un sopar especial, un brindis amb amics o simplement perqu\u00e8 s\u00ed, tenim el vi ideal per a cada moment.\\nElaborem vins amb molta personalitat, marcats per la brisa marina i els s\u00f2ls de mar\u00e8s.\\n\\n\",\"margin\":\"default\",\"maxwidth\":\"large\",\"text_align\":\"center\"}}]}]}]},{\"type\":\"section\",\"props\":{\"animation\":\"scale-up\",\"animation_delay\":\"230\",\"image_position\":\"center-center\",\"style\":\"default\",\"title_breakpoint\":\"xl\",\"title_position\":\"top-left\",\"title_rotation\":\"left\",\"vertical_align\":\"\",\"width\":\"default\"},\"children\":[{\"type\":\"row\",\"children\":[{\"type\":\"column\",\"props\":{\"image_position\":\"center-center\",\"position_sticky_breakpoint\":\"m\"},\"children\":[{\"type\":\"panel-slider\",\"props\":{\"content_column_breakpoint\":\"m\",\"icon_width\":80,\"image_align\":\"top\",\"image_grid_breakpoint\":\"m\",\"image_grid_width\":\"1-2\",\"image_svg_color\":\"emphasis\",\"link_fullwidth\":true,\"link_style\":\"secondary\",\"link_text\":\" M\u00e9s informaci\u00f3\",\"margin\":\"default\",\"meta_align\":\"below-title\",\"meta_element\":\"div\",\"meta_margin\":\"remove\",\"meta_style\":\"h4\",\"nav\":\"dotnav\",\"nav_align\":\"center\",\"nav_breakpoint\":\"s\",\"panel_match\":true,\"show_content\":true,\"show_hover_image\":true,\"show_hover_video\":true,\"show_image\":true,\"show_link\":true,\"show_meta\":true,\"show_title\":true,\"show_video\":true,\"slidenav\":\"outside\",\"slidenav_breakpoint\":\"xl\",\"slidenav_margin\":\"medium\",\"slidenav_outside_breakpoint\":\"xl\",\"slider_autoplay_pause\":true,\"slider_gap\":\"default\",\"slider_width\":\"fixed\",\"slider_width_default\":\"1-1\",\"slider_width_medium\":\"1-2\",\"text_align\":\"center\",\"title_align\":\"top\",\"title_color\":\"background\",\"title_element\":\"h3\",\"title_grid_breakpoint\":\"m\",\"title_grid_width\":\"1-2\",\"title_hover_style\":\"reset\",\"title_style\":\"h3\"},\"children\":[{\"type\":\"panel-slider_item\",\"props\":{\"content\":\"Si t\u2019encanta el vi tant com a nosaltres, est\u00e0s d\u2019enhorabona.\\nPots comprar directament del nostre celler i gaudir de les nostres joies vin\u00edcoles sense moure\u2019t del sof\u00e0.\\nExplora les nostres col\u00b7leccions exclusives i troba el teu favorit.\",\"image\":\"wp-content\/uploads\/2026\/03\/venta-tienda-bodegas-bordoy.jpg\",\"link\":\"tenda\/?lang=ca\",\"meta\":\"venda\",\"title\":\"Tenda\",\"image_alt\":\"Terrassa i botiga de vins de Bodegas Bordoy amb vista a les vinyes\"}},{\"type\":\"panel-slider_item\",\"props\":{\"content\":\"Cada ampolla de Bodegas Bordoy du l\u2019\u00e0nima de l\u2019illa: sol, mar i molt de car\u00e0cter.\\nSi vols oferir als teus clients vins mallorquins aut\u00e8ntics i amb personalitat, parlem-ne!\",\"image\":\"wp-content\/uploads\/2026\/03\/venta-dis-bodegas-bordoy.jpg\",\"link\":\"distribuidors\/?lang=ca\",\"meta\":\" de vi\",\"title\":\"Distribuci\u00f3\",\"image_alt\":\"Ampolles de vi Mar\u00e9s de Bodegas Bordoy \u2014 rosat, blanc i negre\"}}]}]}]}]}],\"version\":\"4.5.21\"} --><\/p>\n","protected":false},"excerpt":{"rendered":"<p>Venda Troba el vi perfecte per a cada ocasi\u00f3. Per a un sopar especial, un brindis amb amics o simplement perqu\u00e8 s\u00ed, tenim el vi ideal per a cada moment. Elaborem vins amb molta personalitat, marcats per la brisa marina i els s\u00f2ls de mar\u00e8s. Tenda venda Si t\u2019encanta el vi tant com a nosaltres, [&hellip;]<\/p>\n","protected":false},"author":1,"featured_media":0,"parent":0,"menu_order":4,"comment_status":"open","ping_status":"closed","template":"","meta":{"footnotes":""},"class_list":["post-1245","page","type-page","status-publish","hentry"],"yoast_head":"<!-- This site is optimized with the Yoast SEO plugin v26.0 - https:\/\/yoast.com\/wordpress\/plugins\/seo\/ -->\n<title>Comprar Vi de Mallorca - Bodegas Bordoy<\/title>\n<meta name=\"description\" content=\"Compra vins de Bodegas Bordoy: Mar\u00e9s, Ferman\u00e7a, Terra de Mar\u00e9s i Col\u00b7lecci\u00f3. Botiga, distribu\u00efdors i venda privada a Llucmajor, Mallorca.\" \/>\n<meta name=\"robots\" content=\"index, follow, max-snippet:-1, max-image-preview:large, max-video-preview:-1\" \/>\n<link rel=\"canonical\" href=\"https:\/\/booking.bodegasbordoy.es\/ca\/support\/\" \/>\n<meta property=\"og:locale\" content=\"ca_ES\" \/>\n<meta property=\"og:type\" content=\"article\" \/>\n<meta property=\"og:title\" content=\"Comprar Vi de Mallorca - Bodegas Bordoy\" \/>\n<meta property=\"og:description\" content=\"Compra vins de Bodegas Bordoy: Mar\u00e9s, Ferman\u00e7a, Terra de Mar\u00e9s i Col\u00b7lecci\u00f3. Botiga, distribu\u00efdors i venda privada a Llucmajor, Mallorca.\" \/>\n<meta property=\"og:url\" content=\"https:\/\/booking.bodegasbordoy.es\/ca\/support\/\" \/>\n<meta property=\"og:site_name\" content=\"Bodegas Bordoy\" \/>\n<meta property=\"article:modified_time\" content=\"2025-07-30T11:27:17+00:00\" \/>\n<meta property=\"og:image\" content=\"https:\/\/booking.bodegasbordoy.es\/wp-content\/uploads\/2025\/08\/Bodegas-Bordoy_37-2048x1365.jpg\" \/>\n\t<meta property=\"og:image:width\" content=\"2048\" \/>\n\t<meta property=\"og:image:height\" content=\"1365\" \/>\n<meta name=\"twitter:card\" content=\"summary_large_image\" \/>\n<meta name=\"twitter:label1\" content=\"Est. reading time\" \/>\n\t<meta name=\"twitter:data1\" content=\"1 minute\" \/>\n<script type=\"application\/ld+json\" class=\"yoast-schema-graph\">{\"@context\":\"https:\/\/schema.org\",\"@graph\":[{\"@type\":\"WebPage\",\"@id\":\"https:\/\/booking.bodegasbordoy.es\/ca\/support\/\",\"url\":\"https:\/\/booking.bodegasbordoy.es\/ca\/support\/\",\"name\":\"Comprar Vi de Mallorca - Bodegas Bordoy\",\"isPartOf\":{\"@id\":\"https:\/\/booking.bodegasbordoy.es\/ca\/#website\"},\"datePublished\":\"2019-09-05T07:37:25+00:00\",\"dateModified\":\"2025-07-30T11:27:17+00:00\",\"description\":\"Compra vins de Bodegas Bordoy: Mar\u00e9s, Ferman\u00e7a, Terra de Mar\u00e9s i Col\u00b7lecci\u00f3. Botiga, distribu\u00efdors i venda privada a Llucmajor, Mallorca.\",\"breadcrumb\":{\"@id\":\"https:\/\/booking.bodegasbordoy.es\/ca\/support\/#breadcrumb\"},\"inLanguage\":\"ca\",\"potentialAction\":[{\"@type\":\"ReadAction\",\"target\":[\"https:\/\/booking.bodegasbordoy.es\/ca\/support\/\"]}]},{\"@type\":\"BreadcrumbList\",\"@id\":\"https:\/\/booking.bodegasbordoy.es\/ca\/support\/#breadcrumb\",\"itemListElement\":[{\"@type\":\"ListItem\",\"position\":1,\"name\":\"Home\",\"item\":\"https:\/\/booking.bodegasbordoy.es\/ca\/?lang=ca\"},{\"@type\":\"ListItem\",\"position\":2,\"name\":\"Venda\"}]},{\"@type\":\"WebSite\",\"@id\":\"https:\/\/booking.bodegasbordoy.es\/ca\/#website\",\"url\":\"https:\/\/booking.bodegasbordoy.es\/ca\/\",\"name\":\"Bodegas Bordoy\",\"description\":\"\",\"potentialAction\":[{\"@type\":\"SearchAction\",\"target\":{\"@type\":\"EntryPoint\",\"urlTemplate\":\"https:\/\/booking.bodegasbordoy.es\/ca\/?s={search_term_string}\"},\"query-input\":{\"@type\":\"PropertyValueSpecification\",\"valueRequired\":true,\"valueName\":\"search_term_string\"}}],\"inLanguage\":\"ca\"}]}<\/script>\n<meta property=\"og:locale:alternate\" content=\"es_ES\" \/>\n\t<meta property=\"og:locale:alternate\" content=\"de_DE\" \/>\n\t<meta property=\"og:locale:alternate\" content=\"en_US\" \/>\n<!-- \/ Yoast SEO plugin. -->","yoast_head_json":{"title":"Comprar Vi de Mallorca - Bodegas Bordoy","description":"Compra vins de Bodegas Bordoy: Mar\u00e9s, Ferman\u00e7a, Terra de Mar\u00e9s i Col\u00b7lecci\u00f3. Botiga, distribu\u00efdors i venda privada a Llucmajor, Mallorca.","robots":{"index":"index","follow":"follow","max-snippet":"max-snippet:-1","max-image-preview":"max-image-preview:large","max-video-preview":"max-video-preview:-1"},"canonical":"https:\/\/booking.bodegasbordoy.es\/ca\/support\/","og_locale":"ca_ES","og_type":"article","og_title":"Comprar Vi de Mallorca - Bodegas Bordoy","og_description":"Compra vins de Bodegas Bordoy: Mar\u00e9s, Ferman\u00e7a, Terra de Mar\u00e9s i Col\u00b7lecci\u00f3. Botiga, distribu\u00efdors i venda privada a Llucmajor, Mallorca.","og_url":"https:\/\/booking.bodegasbordoy.es\/ca\/support\/","og_site_name":"Bodegas Bordoy","article_modified_time":"2025-07-30T11:27:17+00:00","og_image":[{"url":"https:\/\/booking.bodegasbordoy.es\/wp-content\/uploads\/2025\/08\/Bodegas-Bordoy_37-2048x1365.jpg","width":2048,"height":1365,"type":""}],"twitter_card":"summary_large_image","twitter_misc":{"Est. reading time":"1 minute"},"schema":{"@context":"https:\/\/schema.org","@graph":[{"@type":"WebPage","@id":"https:\/\/booking.bodegasbordoy.es\/ca\/support\/","url":"https:\/\/booking.bodegasbordoy.es\/ca\/support\/","name":"Comprar Vi de Mallorca - Bodegas Bordoy","isPartOf":{"@id":"https:\/\/booking.bodegasbordoy.es\/ca\/#website"},"datePublished":"2019-09-05T07:37:25+00:00","dateModified":"2025-07-30T11:27:17+00:00","description":"Compra vins de Bodegas Bordoy: Mar\u00e9s, Ferman\u00e7a, Terra de Mar\u00e9s i Col\u00b7lecci\u00f3. Botiga, distribu\u00efdors i venda privada a Llucmajor, Mallorca.","breadcrumb":{"@id":"https:\/\/booking.bodegasbordoy.es\/ca\/support\/#breadcrumb"},"inLanguage":"ca","potentialAction":[{"@type":"ReadAction","target":["https:\/\/booking.bodegasbordoy.es\/ca\/support\/"]}]},{"@type":"BreadcrumbList","@id":"https:\/\/booking.bodegasbordoy.es\/ca\/support\/#breadcrumb","itemListElement":[{"@type":"ListItem","position":1,"name":"Home","item":"https:\/\/booking.bodegasbordoy.es\/ca\/?lang=ca"},{"@type":"ListItem","position":2,"name":"Venda"}]},{"@type":"WebSite","@id":"https:\/\/booking.bodegasbordoy.es\/ca\/#website","url":"https:\/\/booking.bodegasbordoy.es\/ca\/","name":"Bodegas Bordoy","description":"","potentialAction":[{"@type":"SearchAction","target":{"@type":"EntryPoint","urlTemplate":"https:\/\/booking.bodegasbordoy.es\/ca\/?s={search_term_string}"},"query-input":{"@type":"PropertyValueSpecification","valueRequired":true,"valueName":"search_term_string"}}],"inLanguage":"ca"}]}},"_links":{"self":[{"href":"https:\/\/booking.bodegasbordoy.es\/ca\/wp-json\/wp\/v2\/pages\/1245","targetHints":{"allow":["GET"]}}],"collection":[{"href":"https:\/\/booking.bodegasbordoy.es\/ca\/wp-json\/wp\/v2\/pages"}],"about":[{"href":"https:\/\/booking.bodegasbordoy.es\/ca\/wp-json\/wp\/v2\/types\/page"}],"author":[{"embeddable":true,"href":"https:\/\/booking.bodegasbordoy.es\/ca\/wp-json\/wp\/v2\/users\/1"}],"replies":[{"embeddable":true,"href":"https:\/\/booking.bodegasbordoy.es\/ca\/wp-json\/wp\/v2\/comments?post=1245"}],"version-history":[{"count":27,"href":"https:\/\/booking.bodegasbordoy.es\/ca\/wp-json\/wp\/v2\/pages\/1245\/revisions"}],"predecessor-version":[{"id":12292,"href":"https:\/\/booking.bodegasbordoy.es\/ca\/wp-json\/wp\/v2\/pages\/1245\/revisions\/12292"}],"wp:attachment":[{"href":"https:\/\/booking.bodegasbordoy.es\/ca\/wp-json\/wp\/v2\/media?parent=1245"}],"curies":[{"name":"wp","href":"https:\/\/api.w.org\/{rel}","templated":true}]}}