{"id":1257,"date":"2019-09-05T09:37:25","date_gmt":"2019-09-05T07:37:25","guid":{"rendered":"https:\/\/booking.bodegasbordoy.es\/?page_id=1257"},"modified":"2026-03-04T10:53:09","modified_gmt":"2026-03-04T09:53:09","slug":"vins","status":"publish","type":"page","link":"https:\/\/booking.bodegasbordoy.es\/ca\/vins\/","title":{"rendered":"Vins"},"content":{"rendered":"<div> Vins\n<\/div>\n<div>A Bodegas Bordoy elaboram vins nascuts del respecte per les varietats aut\u00f2ctones i el seu extraordinari potencial, <\/div>\n<div>combinades amb varietats cl\u00e0ssiques seleccionades amb cura per trobar l\u2019equilibri perfecte a cada vi.<br \/>\nAquesta fusi\u00f3 ens permet crear vins amb personalitat pr\u00f2pia, que reflecteixen amb autenticitat el car\u00e0cter de les nostres vinyes i la riquesa de l\u2019entorn mediterrani que les envolta.<\/p>\n<p>El car\u00e0cter de Mallorca dins cada ampolla: all\u00e0 on la mar, la terra i el sol es troben.<\/p>\n<\/div>\n<h1>Origen a la Marina de Llucmajor<\/h1>\n<h1>Les nostres vinyes es troben a pocs metres de la mar, <\/h1>\n<div>s\u00f2l de mar\u00e8s, una roca calc\u00e0ria rica en f\u00f2ssils marins, el sol mediterrani i la brisa marina S\u2019Embat es combinen de manera natural.<\/div>\n<div>Aquest entorn \u00fanic influeix directament en el desenvolupament de la vinya, aportant frescor, equilibri i una identitat profundament marinera a cada varietat.\n<\/div>\n<p><img decoding=\"async\" src=\"\/wp-content\/uploads\/2026\/03\/bodegas-bordoy-vino-tinto-mares.jpg\" alt=\"\"><br \/>\n<img decoding=\"async\" src=\"\/wp-content\/uploads\/2026\/03\/vinos-bodegas-bordoy.jpg\" alt=\"\"><\/p>\n<div>Cultivam ra\u00efms aut\u00f2ctons mallorquins com Gir\u00f3 Ros, Premsal Blanc, Callet, Mantonegro i Gorgollassa, juntament amb varietats cl\u00e0ssiques com Ull de Llebre, Merlot, Syrah, Cabernet Sauvignon, Viognier i Chardonnay.<\/div>\n<h1>Producci\u00f3 Exclusiva<\/h1>\n<div>Cada anyada \u00e9s \u00fanica, i per aix\u00f2 produ\u00efm un nombre limitat d\u2019ampolles, nom\u00e9s amb el ra\u00efm de les nostres pr\u00f2pies vinyes.<\/div>\n<div>Des de la viticultura manual fins a la crian\u00e7a en b\u00f3tes de roure franc\u00e8s, cuidam cada detall per oferir vins que transmeten l\u2019\u00e0nima de la nostra terra i el nostre comprom\u00eds amb l\u2019excel\u00b7l\u00e8ncia.<\/p>\n<\/div>\n<h1>L\u00ednies de Vins<\/h1>\n<ul>\n<li>\n<h3>Mar\u00e8s<\/h3>\n<div>\nLa l\u00ednia Mar\u00e8s ressalta el car\u00e0cter pur i aut\u00e8ntic dels nostres ra\u00efms. S\u00f3n vins que destaquen per la seva expressi\u00f3 afruitada i frescor natural. El resultat: vins oberts, vibrants i profundament mediterranis.<\/div>\n<\/li>\n<li>\n<h3>Terra de Mar\u00e8s<\/h3>\n<div>\nUn vi que nom\u00e9s neix en anyades excepcionals, elaborat a partir d\u2019una selecci\u00f3 meticulosa gra a gra dels millors ra\u00efms de parcel\u00b7les escollides per la seva qualitat i singularitat. La seva producci\u00f3 molt limitada i elaboraci\u00f3 precisa el converteixen en la interpretaci\u00f3 m\u00e9s pura i elegant del nostre paisatge vitivin\u00edcola.<\/div>\n<\/li>\n<\/ul>\n<ul>\n<li>\n<h3>Ferman\u00e7a<\/h3>\n<div>\nLa l\u00ednia Ferman\u00e7a s\u2019elabora amb cupatges dominats per varietats aut\u00f2ctones, que li confereixen una personalitat genu\u00efna i profundament lligada al territori.<br \/>\nAmb produccions exclusives de menys de 1.000 ampolles per anyada, cada vi \u00e9s una expressi\u00f3 \u00fanica del paisatge mediterrani, pensada per a aquells que valoren l\u2019autenticitat i el car\u00e0cter irrepetible.<br \/>\nLa Callet i la Mantonegro aporten una rica paleta arom\u00e0tica, mentre que el Premsal i el Gir\u00f3 Ros hi sumen frescor, eleg\u00e0ncia i delicades notes de fruita d\u2019os.<\/div>\n<\/li>\n<li>\n<h3>Col\u00b7lecci\u00f3<\/h3>\n<div>\nLa l\u00ednia Col\u00b7lecci\u00f3 reuneix vins singulars en edicions limitades, sorgits dels projectes m\u00e9s personals de la nostra en\u00f2loga. Cada ampolla expressa una visi\u00f3 \u00edntima del vi, plena de car\u00e0cter, emoci\u00f3 i autenticitat.<\/div>\n<\/li>\n<\/ul>\n<ul>\n<li>\n<p>        <img decoding=\"async\" src=\"\/wp-content\/uploads\/2025\/01\/terrademares-bodegas-bordoy-vinos-mallorca.jpg\" alt=\"\"><\/p>\n<p>        <video src=\"\/wp-content\/uploads\/2025\/02\/logo-terrademarres-ani.mp4\"><\/video><\/p>\n<h3>Terra de Mares<\/h3>\n<p><a href=\"https:\/\/booking.bodegasbordoy.es\/terra-de-mares\/?lang=ca\"><\/a><\/p>\n<\/li>\n<li>\n<p>        <img decoding=\"async\" src=\"\/wp-content\/uploads\/2025\/01\/mares-bodegas-bordoy-vinos-mallorca.jpg\" alt=\"\"><\/p>\n<p>        <video src=\"\/wp-content\/uploads\/2025\/02\/logo-mares-hover-1.mp4\"><\/video><\/p>\n<h3>Mar\u00e9s<\/h3>\n<p><a href=\"https:\/\/booking.bodegasbordoy.es\/mares\/?lang=ca\"><\/a><\/p>\n<\/li>\n<li>\n<p>        <img decoding=\"async\" src=\"\/wp-content\/uploads\/2025\/01\/fermanca-bodegas-bordoy-vinos-mallorca.jpg\" alt=\"\"><\/p>\n<p>        <video src=\"\/wp-content\/uploads\/2025\/02\/logo-fermanca-hover.mp4\"><\/video><\/p>\n<h3>Fermanca<\/h3>\n<p><a href=\"https:\/\/booking.bodegasbordoy.es\/fermanca\/?lang=ca\"><\/a><\/p>\n<\/li>\n<li>\n<p>        <img decoding=\"async\" src=\"\/wp-content\/uploads\/2025\/02\/logo-coleccion.png\" alt=\"\"><\/p>\n<p>        <video src=\"\/wp-content\/uploads\/2025\/02\/logo-coleccion.mp4\"><\/video><\/p>\n<h3>Collecion<\/h3>\n<p><a href=\"https:\/\/booking.bodegasbordoy.es\/coleccion\/?lang=ca\"><\/a><\/p>\n<\/li>\n<\/ul>\n<div>Sentir Mallorca i assaborir la passi\u00f3 i l\u2019esfor\u00e7 a cada copa dels nostres vins.<\/div>\n<p><!--more--><br \/>\n<!-- {\"type\":\"layout\",\"children\":[{\"type\":\"section\",\"props\":{\"animation\":\"scale-up\",\"animation_delay\":\"230\",\"header_transparent\":true,\"image\":\"wp-content\\\/uploads\\\/2025\\\/03\\\/wintrauben-bodegas-bordoy.jpg\",\"image_height\":\"720\",\"image_position\":\"top-center\",\"image_size\":\"cover\",\"image_width\":\"1280\",\"media_overlay\":\"rgba(255, 255, 255, 0.92)\",\"padding\":\"none\",\"padding_remove_top\":false,\"style\":\"default\",\"title_breakpoint\":\"xl\",\"title_position\":\"top-left\",\"title_rotation\":\"left\",\"vertical_align\":\"\",\"width\":\"default\"},\"children\":[{\"type\":\"row\",\"children\":[{\"type\":\"column\",\"props\":{\"image_position\":\"center-center\",\"position_sticky_breakpoint\":\"m\"}}]}]},{\"type\":\"section\",\"props\":{\"animation\":\"slide-bottom-medium\",\"animation_delay\":\"230\",\"height\":\"page\",\"image\":\"wp-content\\\/uploads\\\/2025\\\/03\\\/bg3-scaled.jpg\",\"image_position\":\"center-center\",\"image_size\":\"cover\",\"media_background\":\"rgba(255, 255, 255, 0.83)\",\"media_overlay\":\"rgba(255, 255, 255, 0.34)\",\"padding\":\"small\",\"style\":\"default\",\"title_breakpoint\":\"xl\",\"title_position\":\"top-left\",\"title_rotation\":\"left\",\"vertical_align\":\"\",\"width\":\"large\"},\"children\":[{\"type\":\"row\",\"children\":[{\"type\":\"column\",\"props\":{\"image_position\":\"center-center\",\"image_size\":\"cover\",\"media_overlay\":\"rgba(255, 255, 255, 0.32)\",\"position_blend\":false,\"position_sticky\":\"section\",\"position_sticky_breakpoint\":\"m\"},\"children\":[{\"type\":\"headline\",\"props\":{\"content\":\" Vins\\n\",\"margin_remove_bottom\":false,\"margin_remove_top\":true,\"text_align\":\"center\",\"title_color\":\"background\",\"title_element\":\"div\",\"title_style\":\"h1\"}},{\"type\":\"headline\",\"props\":{\"block_align\":\"center\",\"content\":\"A Bodegas Bordoy elaboram vins nascuts del respecte per les varietats aut\\u00f2ctones i el seu extraordinari potencial, \",\"margin\":\"remove-vertical\",\"margin_remove_bottom\":true,\"margin_remove_top\":true,\"maxwidth\":\"large\",\"text_align\":\"center\",\"title_element\":\"div\",\"title_style\":\"h4\"}},{\"type\":\"text\",\"props\":{\"block_align\":\"center\",\"column_breakpoint\":\"m\",\"content\":\"combinades amb varietats cl\\u00e0ssiques seleccionades amb cura per trobar l\\u2019equilibri perfecte a cada vi.\\nAquesta fusi\\u00f3 ens permet crear vins amb personalitat pr\\u00f2pia, que reflecteixen amb autenticitat el car\\u00e0cter de les nostres vinyes i la riquesa de l\\u2019entorn mediterrani que les envolta.\\n\\nEl car\\u00e0cter de Mallorca dins cada ampolla: all\\u00e0 on la mar, la terra i el sol es troben.\\n\\n\",\"margin\":\"default\",\"maxwidth\":\"large\",\"text_align\":\"center\"}}]}],\"props\":{\"alignment\":\"center\",\"divider\":false,\"row_gap\":\"large\"}}],\"name\":\"wine headline\"},{\"type\":\"section\",\"props\":{\"animation\":\"slide-top-medium\",\"animation_delay\":\"230\",\"image\":\"wp-content\\\/uploads\\\/2025\\\/03\\\/bg1.jpg\",\"image_effect\":\"fixed\",\"image_position\":\"center-center\",\"image_size\":\"cover\",\"media_focal_point\":\"top-center\",\"media_overlay\":\"rgba(255, 255, 255, 0.59)\",\"style\":\"default\",\"title_breakpoint\":\"xl\",\"title_position\":\"top-left\",\"title_rotation\":\"left\",\"vertical_align\":\"\",\"video_width\":3000,\"width\":\"small\"},\"children\":[{\"type\":\"row\",\"props\":{\"divider\":false,\"layout\":\"1-2,1-2\"},\"children\":[{\"type\":\"column\",\"props\":{\"image_position\":\"center-center\",\"position_sticky_breakpoint\":\"m\",\"width_medium\":\"1-2\"},\"children\":[{\"type\":\"headline\",\"props\":{\"content\":\"Origen a la Marina de Llucmajor\",\"margin_remove_bottom\":true,\"margin_remove_top\":false,\"title_color\":\"background\",\"title_element\":\"h1\",\"title_style\":\"h3\"}},{\"type\":\"headline\",\"props\":{\"content\":\"Les nostres vinyes es troben a pocs metres de la mar, \",\"margin_remove_bottom\":false,\"margin_remove_top\":true,\"title_element\":\"h1\",\"title_style\":\"h4\"}},{\"type\":\"text\",\"props\":{\"column_breakpoint\":\"m\",\"content\":\"s\\u00f2l de mar\\u00e8s, una roca calc\\u00e0ria rica en f\\u00f2ssils marins, el sol mediterrani i la brisa marina S\\u2019Embat es combinen de manera natural.\",\"margin\":\"default\",\"maxwidth\":\"large\"}},{\"type\":\"text\",\"props\":{\"column_breakpoint\":\"m\",\"content\":\"Aquest entorn \\u00fanic influeix directament en el desenvolupament de la vinya, aportant frescor, equilibri i una identitat profundament marinera a cada varietat.\\n\",\"margin\":\"default\",\"maxwidth\":\"large\"}},{\"type\":\"image\",\"props\":{\"image\":\"wp-content\\\/uploads\\\/2026\\\/03\\\/bodegas-bordoy-vino-tinto-mares.jpg\",\"image_svg_color\":\"emphasis\",\"margin\":\"default\"},\"name\":\"vino\"}]},{\"type\":\"column\",\"props\":{\"image_position\":\"center-center\",\"position_sticky_breakpoint\":\"m\",\"width_medium\":\"1-2\"},\"children\":[{\"type\":\"image\",\"props\":{\"image\":\"wp-content\\\/uploads\\\/2026\\\/03\\\/vinos-bodegas-bordoy.jpg\",\"image_svg_color\":\"emphasis\",\"margin\":\"default\"},\"name\":\"vino\"},{\"type\":\"text\",\"props\":{\"column_breakpoint\":\"m\",\"content\":\"Cultivam ra\\u00efms aut\\u00f2ctons mallorquins com Gir\\u00f3 Ros, Premsal Blanc, Callet, Mantonegro i Gorgollassa, juntament amb varietats cl\\u00e0ssiques com Ull de Llebre, Merlot, Syrah, Cabernet Sauvignon, Viognier i Chardonnay.\",\"margin\":\"default\",\"maxwidth\":\"large\"}},{\"type\":\"headline\",\"props\":{\"content\":\"Producci\\u00f3 Exclusiva\",\"margin_remove_bottom\":true,\"margin_remove_top\":false,\"title_color\":\"background\",\"title_element\":\"h1\",\"title_style\":\"h3\"}},{\"type\":\"text\",\"props\":{\"column_breakpoint\":\"m\",\"content\":\"Cada anyada \\u00e9s \\u00fanica, i per aix\\u00f2 produ\\u00efm un nombre limitat d\\u2019ampolles, nom\\u00e9s amb el ra\\u00efm de les nostres pr\\u00f2pies vinyes.\",\"margin\":\"default\",\"maxwidth\":\"large\"}},{\"type\":\"text\",\"props\":{\"column_breakpoint\":\"m\",\"content\":\"Des de la viticultura manual fins a la crian\\u00e7a en b\\u00f3tes de roure franc\\u00e8s, cuidam cada detall per oferir vins que transmeten l\\u2019\\u00e0nima de la nostra terra i el nostre comprom\\u00eds amb l\\u2019excel\\u00b7l\\u00e8ncia.\\n\\n\",\"margin\":\"default\",\"maxwidth\":\"large\"}}]}]}]},{\"type\":\"section\",\"props\":{\"animation\":\"slide-top-medium\",\"animation_delay\":\"230\",\"image\":\"wp-content\\\/uploads\\\/2025\\\/03\\\/bg1.jpg\",\"image_effect\":\"fixed\",\"image_position\":\"center-center\",\"image_size\":\"cover\",\"media_focal_point\":\"top-center\",\"media_overlay\":\"rgba(255, 255, 255, 0.59)\",\"style\":\"default\",\"title_breakpoint\":\"xl\",\"title_position\":\"top-left\",\"title_rotation\":\"left\",\"vertical_align\":\"\",\"video_width\":3000,\"width\":\"small\"},\"children\":[{\"type\":\"row\",\"props\":{\"divider\":false,\"layout\":\"1-2,1-2\"},\"children\":[{\"type\":\"column\",\"props\":{\"image_position\":\"center-center\",\"position_sticky_breakpoint\":\"m\",\"width_medium\":\"1-2\"},\"children\":[{\"type\":\"headline\",\"props\":{\"content\":\"L\\u00ednies de Vins\",\"margin_remove_bottom\":true,\"margin_remove_top\":false,\"title_color\":\"background\",\"title_element\":\"h1\",\"title_style\":\"h3\"}},{\"type\":\"description_list\",\"props\":{\"column_breakpoint\":\"m\",\"layout\":\"grid-2-m\",\"list_element\":\"ul\",\"meta_align\":\"below-content\",\"meta_style\":\"text-meta\",\"show_content\":true,\"show_link\":true,\"show_meta\":true,\"show_title\":true,\"title_element\":\"div\",\"title_grid_column_gap\":\"small\",\"title_grid_row_gap\":\"small\",\"title_grid_width\":\"auto\",\"title_style\":\"text-bold\"},\"children\":[{\"type\":\"description_list_item\",\"props\":{\"content\":\"\\nLa l\\u00ednia Mar\\u00e8s ressalta el car\\u00e0cter pur i aut\\u00e8ntic dels nostres ra\\u00efms. S\\u00f3n vins que destaquen per la seva expressi\\u00f3 afruitada i frescor natural. El resultat: vins oberts, vibrants i profundament mediterranis.\",\"title\":\"Mar\\u00e8s\"}},{\"type\":\"description_list_item\",\"props\":{\"content\":\"\\nUn vi que nom\\u00e9s neix en anyades excepcionals, elaborat a partir d\\u2019una selecci\\u00f3 meticulosa gra a gra dels millors ra\\u00efms de parcel\\u00b7les escollides per la seva qualitat i singularitat. La seva producci\\u00f3 molt limitada i elaboraci\\u00f3 precisa el converteixen en la interpretaci\\u00f3 m\\u00e9s pura i elegant del nostre paisatge vitivin\\u00edcola.\",\"title\":\"Terra de Mar\\u00e8s\"}}]}]},{\"type\":\"column\",\"props\":{\"image_position\":\"center-center\",\"position_sticky_breakpoint\":\"m\",\"width_medium\":\"1-2\"},\"children\":[{\"type\":\"description_list\",\"props\":{\"column_breakpoint\":\"m\",\"layout\":\"grid-2-m\",\"list_element\":\"ul\",\"meta_align\":\"below-content\",\"meta_style\":\"text-meta\",\"show_content\":true,\"show_link\":true,\"show_meta\":true,\"show_title\":true,\"title_element\":\"div\",\"title_grid_column_gap\":\"small\",\"title_grid_row_gap\":\"small\",\"title_grid_width\":\"auto\",\"title_style\":\"text-bold\"},\"children\":[{\"type\":\"description_list_item\",\"props\":{\"content\":\"\\nLa l\\u00ednia Ferman\\u00e7a s\\u2019elabora amb cupatges dominats per varietats aut\\u00f2ctones, que li confereixen una personalitat genu\\u00efna i profundament lligada al territori.\\nAmb produccions exclusives de menys de 1.000 ampolles per anyada, cada vi \\u00e9s una expressi\\u00f3 \\u00fanica del paisatge mediterrani, pensada per a aquells que valoren l\\u2019autenticitat i el car\\u00e0cter irrepetible.\\nLa Callet i la Mantonegro aporten una rica paleta arom\\u00e0tica, mentre que el Premsal i el Gir\\u00f3 Ros hi sumen frescor, eleg\\u00e0ncia i delicades notes de fruita d\\u2019os.\",\"title\":\"Ferman\\u00e7a\"}},{\"type\":\"description_list_item\",\"props\":{\"content\":\"\\nLa l\\u00ednia Col\\u00b7lecci\\u00f3 reuneix vins singulars en edicions limitades, sorgits dels projectes m\\u00e9s personals de la nostra en\\u00f2loga. Cada ampolla expressa una visi\\u00f3 \\u00edntima del vi, plena de car\\u00e0cter, emoci\\u00f3 i autenticitat.\",\"title\":\"Col\\u00b7lecci\\u00f3\"}}]}]}]}]},{\"type\":\"section\",\"props\":{\"image_position\":\"center-center\",\"style\":\"default\",\"title_breakpoint\":\"xl\",\"title_position\":\"top-left\",\"title_rotation\":\"left\",\"vertical_align\":\"middle\",\"width\":\"default\"},\"children\":[{\"type\":\"row\",\"children\":[{\"type\":\"column\",\"props\":{\"image_position\":\"center-center\",\"position_sticky_breakpoint\":\"m\"},\"children\":[{\"type\":\"panel-slider\",\"props\":{\"content_column_breakpoint\":\"m\",\"icon_width\":80,\"image_align\":\"top\",\"image_grid_breakpoint\":\"m\",\"image_grid_width\":\"1-2\",\"image_svg_color\":\"emphasis\",\"link_style\":\"primary\",\"link_text\":\"\",\"margin\":\"default\",\"meta_align\":\"below-title\",\"meta_element\":\"div\",\"meta_style\":\"text-meta\",\"nav\":\"dotnav\",\"nav_align\":\"center\",\"nav_breakpoint\":\"s\",\"panel_link\":true,\"panel_match\":true,\"show_content\":false,\"show_hover_image\":true,\"show_hover_video\":true,\"show_image\":true,\"show_link\":true,\"show_meta\":true,\"show_title\":false,\"show_video\":true,\"slidenav\":\"outside\",\"slidenav_breakpoint\":\"xl\",\"slidenav_margin\":\"medium\",\"slidenav_outside_breakpoint\":\"xl\",\"slider_autoplay_pause\":true,\"slider_gap\":\"default\",\"slider_width\":\"fixed\",\"slider_width_default\":\"1-1\",\"slider_width_large\":\"1-4\",\"slider_width_medium\":\"1-4\",\"slider_width_small\":\"1-2\",\"slider_width_xlarge\":\"1-4\",\"text_align\":\"center\",\"title_align\":\"top\",\"title_element\":\"h3\",\"title_grid_breakpoint\":\"m\",\"title_grid_width\":\"1-2\",\"title_hover_style\":\"reset\"},\"children\":[{\"type\":\"panel-slider_item\",\"props\":{\"content\":\"\",\"hover_video\":\"wp-content\\\/uploads\\\/2025\\\/02\\\/logo-terrademarres-ani.mp4\",\"image\":\"wp-content\\\/uploads\\\/2025\\\/01\\\/terrademares-bodegas-bordoy-vinos-mallorca.jpg\",\"link\":\"terra-de-mares\\\/?lang=ca\",\"title\":\"Terra de Mares\"}},{\"type\":\"panel-slider_item\",\"props\":{\"content\":\"\",\"hover_video\":\"wp-content\\\/uploads\\\/2025\\\/02\\\/logo-mares-hover-1.mp4\",\"image\":\"wp-content\\\/uploads\\\/2025\\\/01\\\/mares-bodegas-bordoy-vinos-mallorca.jpg\",\"link\":\"mares\\\/?lang=ca\",\"title\":\"Mar\\u00e9s\"}},{\"type\":\"panel-slider_item\",\"props\":{\"content\":\"\",\"hover_video\":\"wp-content\\\/uploads\\\/2025\\\/02\\\/logo-fermanca-hover.mp4\",\"image\":\"wp-content\\\/uploads\\\/2025\\\/01\\\/fermanca-bodegas-bordoy-vinos-mallorca.jpg\",\"link\":\"fermanca\\\/?lang=ca\",\"title\":\"Fermanca\"}},{\"type\":\"panel-slider_item\",\"props\":{\"content\":\"\",\"hover_video\":\"wp-content\\\/uploads\\\/2025\\\/02\\\/logo-coleccion.mp4\",\"image\":\"wp-content\\\/uploads\\\/2025\\\/02\\\/logo-coleccion.png\",\"link\":\"coleccion\\\/?lang=ca\",\"title\":\"Collecion\"}}],\"name\":\"menu marken - CA\"}]}]}]},{\"type\":\"section\",\"props\":{\"image_position\":\"center-center\",\"style\":\"default\",\"title_breakpoint\":\"xl\",\"title_position\":\"top-left\",\"title_rotation\":\"left\",\"vertical_align\":\"middle\",\"width\":\"default\"},\"children\":[{\"type\":\"row\",\"children\":[{\"type\":\"column\",\"props\":{\"image_position\":\"center-center\",\"position_sticky_breakpoint\":\"m\"},\"children\":[{\"type\":\"text\",\"props\":{\"block_align\":\"center\",\"column_breakpoint\":\"m\",\"content\":\"Sentir Mallorca i assaborir la passi\\u00f3 i l\\u2019esfor\\u00e7 a cada copa dels nostres vins.\",\"margin\":\"default\",\"maxwidth\":\"large\",\"text_align\":\"center\"}}]}]}]}],\"version\":\"4.5.32\"} --><\/p>\n","protected":false},"excerpt":{"rendered":"<p>Vins A Bodegas Bordoy elaboram vins nascuts del respecte per les varietats aut\u00f2ctones i el seu extraordinari potencial, combinades amb varietats cl\u00e0ssiques seleccionades amb cura per trobar l\u2019equilibri perfecte a cada vi. Aquesta fusi\u00f3 ens permet crear vins amb personalitat pr\u00f2pia, que reflecteixen amb autenticitat el car\u00e0cter de les nostres vinyes i la riquesa de [&hellip;]<\/p>\n","protected":false},"author":1,"featured_media":0,"parent":0,"menu_order":3,"comment_status":"open","ping_status":"closed","template":"","meta":{"footnotes":""},"class_list":["post-1257","page","type-page","status-publish","hentry"],"yoast_head":"<!-- This site is optimized with the Yoast SEO plugin v26.0 - https:\/\/yoast.com\/wordpress\/plugins\/seo\/ -->\n<title>Vins - Bodegas Bordoy<\/title>\n<meta name=\"robots\" content=\"index, follow, max-snippet:-1, max-image-preview:large, max-video-preview:-1\" \/>\n<link rel=\"canonical\" href=\"https:\/\/booking.bodegasbordoy.es\/ca\/vins\/\" \/>\n<meta property=\"og:locale\" content=\"ca_ES\" \/>\n<meta property=\"og:type\" content=\"article\" \/>\n<meta property=\"og:title\" content=\"Vins - Bodegas Bordoy\" \/>\n<meta property=\"og:description\" content=\"Vins A Bodegas Bordoy elaboram vins nascuts del respecte per les varietats aut\u00f2ctones i el seu extraordinari potencial, combinades amb varietats cl\u00e0ssiques seleccionades amb cura per trobar l\u2019equilibri perfecte a cada vi. Aquesta fusi\u00f3 ens permet crear vins amb personalitat pr\u00f2pia, que reflecteixen amb autenticitat el car\u00e0cter de les nostres vinyes i la riquesa de [&hellip;]\" \/>\n<meta property=\"og:url\" content=\"https:\/\/booking.bodegasbordoy.es\/ca\/vins\/\" \/>\n<meta property=\"og:site_name\" content=\"Bodegas Bordoy\" \/>\n<meta property=\"article:modified_time\" content=\"2026-03-04T09:53:09+00:00\" \/>\n<meta property=\"og:image\" content=\"https:\/\/booking.bodegasbordoy.es\/wp-content\/uploads\/2025\/08\/Bodegas-Bordoy_37-2048x1365.jpg\" \/>\n\t<meta property=\"og:image:width\" content=\"2048\" \/>\n\t<meta property=\"og:image:height\" content=\"1365\" \/>\n<meta name=\"twitter:card\" content=\"summary_large_image\" \/>\n<meta name=\"twitter:label1\" content=\"Est. reading time\" \/>\n\t<meta name=\"twitter:data1\" content=\"3 minutes\" \/>\n<script type=\"application\/ld+json\" class=\"yoast-schema-graph\">{\"@context\":\"https:\/\/schema.org\",\"@graph\":[{\"@type\":\"WebPage\",\"@id\":\"https:\/\/booking.bodegasbordoy.es\/ca\/vins\/\",\"url\":\"https:\/\/booking.bodegasbordoy.es\/ca\/vins\/\",\"name\":\"Vins - Bodegas Bordoy\",\"isPartOf\":{\"@id\":\"https:\/\/booking.bodegasbordoy.es\/ca\/#website\"},\"datePublished\":\"2019-09-05T07:37:25+00:00\",\"dateModified\":\"2026-03-04T09:53:09+00:00\",\"breadcrumb\":{\"@id\":\"https:\/\/booking.bodegasbordoy.es\/ca\/vins\/#breadcrumb\"},\"inLanguage\":\"ca\",\"potentialAction\":[{\"@type\":\"ReadAction\",\"target\":[\"https:\/\/booking.bodegasbordoy.es\/ca\/vins\/\"]}]},{\"@type\":\"BreadcrumbList\",\"@id\":\"https:\/\/booking.bodegasbordoy.es\/ca\/vins\/#breadcrumb\",\"itemListElement\":[{\"@type\":\"ListItem\",\"position\":1,\"name\":\"Home\",\"item\":\"https:\/\/booking.bodegasbordoy.es\/ca\/?lang=ca\"},{\"@type\":\"ListItem\",\"position\":2,\"name\":\"Vins\"}]},{\"@type\":\"WebSite\",\"@id\":\"https:\/\/booking.bodegasbordoy.es\/ca\/#website\",\"url\":\"https:\/\/booking.bodegasbordoy.es\/ca\/\",\"name\":\"Bodegas Bordoy\",\"description\":\"\",\"potentialAction\":[{\"@type\":\"SearchAction\",\"target\":{\"@type\":\"EntryPoint\",\"urlTemplate\":\"https:\/\/booking.bodegasbordoy.es\/ca\/?s={search_term_string}\"},\"query-input\":{\"@type\":\"PropertyValueSpecification\",\"valueRequired\":true,\"valueName\":\"search_term_string\"}}],\"inLanguage\":\"ca\"}]}<\/script>\n<meta property=\"og:locale:alternate\" content=\"es_ES\" \/>\n\t<meta property=\"og:locale:alternate\" content=\"de_DE\" \/>\n\t<meta property=\"og:locale:alternate\" content=\"en_US\" \/>\n<!-- \/ Yoast SEO plugin. -->","yoast_head_json":{"title":"Vins - Bodegas Bordoy","robots":{"index":"index","follow":"follow","max-snippet":"max-snippet:-1","max-image-preview":"max-image-preview:large","max-video-preview":"max-video-preview:-1"},"canonical":"https:\/\/booking.bodegasbordoy.es\/ca\/vins\/","og_locale":"ca_ES","og_type":"article","og_title":"Vins - Bodegas Bordoy","og_description":"Vins A Bodegas Bordoy elaboram vins nascuts del respecte per les varietats aut\u00f2ctones i el seu extraordinari potencial, combinades amb varietats cl\u00e0ssiques seleccionades amb cura per trobar l\u2019equilibri perfecte a cada vi. Aquesta fusi\u00f3 ens permet crear vins amb personalitat pr\u00f2pia, que reflecteixen amb autenticitat el car\u00e0cter de les nostres vinyes i la riquesa de [&hellip;]","og_url":"https:\/\/booking.bodegasbordoy.es\/ca\/vins\/","og_site_name":"Bodegas Bordoy","article_modified_time":"2026-03-04T09:53:09+00:00","og_image":[{"url":"https:\/\/booking.bodegasbordoy.es\/wp-content\/uploads\/2025\/08\/Bodegas-Bordoy_37-2048x1365.jpg","width":2048,"height":1365,"type":""}],"twitter_card":"summary_large_image","twitter_misc":{"Est. reading time":"3 minutes"},"schema":{"@context":"https:\/\/schema.org","@graph":[{"@type":"WebPage","@id":"https:\/\/booking.bodegasbordoy.es\/ca\/vins\/","url":"https:\/\/booking.bodegasbordoy.es\/ca\/vins\/","name":"Vins - Bodegas Bordoy","isPartOf":{"@id":"https:\/\/booking.bodegasbordoy.es\/ca\/#website"},"datePublished":"2019-09-05T07:37:25+00:00","dateModified":"2026-03-04T09:53:09+00:00","breadcrumb":{"@id":"https:\/\/booking.bodegasbordoy.es\/ca\/vins\/#breadcrumb"},"inLanguage":"ca","potentialAction":[{"@type":"ReadAction","target":["https:\/\/booking.bodegasbordoy.es\/ca\/vins\/"]}]},{"@type":"BreadcrumbList","@id":"https:\/\/booking.bodegasbordoy.es\/ca\/vins\/#breadcrumb","itemListElement":[{"@type":"ListItem","position":1,"name":"Home","item":"https:\/\/booking.bodegasbordoy.es\/ca\/?lang=ca"},{"@type":"ListItem","position":2,"name":"Vins"}]},{"@type":"WebSite","@id":"https:\/\/booking.bodegasbordoy.es\/ca\/#website","url":"https:\/\/booking.bodegasbordoy.es\/ca\/","name":"Bodegas Bordoy","description":"","potentialAction":[{"@type":"SearchAction","target":{"@type":"EntryPoint","urlTemplate":"https:\/\/booking.bodegasbordoy.es\/ca\/?s={search_term_string}"},"query-input":{"@type":"PropertyValueSpecification","valueRequired":true,"valueName":"search_term_string"}}],"inLanguage":"ca"}]}},"_links":{"self":[{"href":"https:\/\/booking.bodegasbordoy.es\/ca\/wp-json\/wp\/v2\/pages\/1257","targetHints":{"allow":["GET"]}}],"collection":[{"href":"https:\/\/booking.bodegasbordoy.es\/ca\/wp-json\/wp\/v2\/pages"}],"about":[{"href":"https:\/\/booking.bodegasbordoy.es\/ca\/wp-json\/wp\/v2\/types\/page"}],"author":[{"embeddable":true,"href":"https:\/\/booking.bodegasbordoy.es\/ca\/wp-json\/wp\/v2\/users\/1"}],"replies":[{"embeddable":true,"href":"https:\/\/booking.bodegasbordoy.es\/ca\/wp-json\/wp\/v2\/comments?post=1257"}],"version-history":[{"count":31,"href":"https:\/\/booking.bodegasbordoy.es\/ca\/wp-json\/wp\/v2\/pages\/1257\/revisions"}],"predecessor-version":[{"id":12730,"href":"https:\/\/booking.bodegasbordoy.es\/ca\/wp-json\/wp\/v2\/pages\/1257\/revisions\/12730"}],"wp:attachment":[{"href":"https:\/\/booking.bodegasbordoy.es\/ca\/wp-json\/wp\/v2\/media?parent=1257"}],"curies":[{"name":"wp","href":"https:\/\/api.w.org\/{rel}","templated":true}]}}