{"id":1281,"date":"2024-08-05T15:46:06","date_gmt":"2024-08-05T13:46:06","guid":{"rendered":"https:\/\/booking.bodegasbordoy.es\/?page_id=1281"},"modified":"2026-03-03T14:01:29","modified_gmt":"2026-03-03T13:01:29","slug":"kaufmaenische-verwaltung","status":"publish","type":"page","link":"https:\/\/booking.bodegasbordoy.es\/ca\/kaufmaenische-verwaltung\/","title":{"rendered":"Esdeveniments"},"content":{"rendered":"<div>Esdeveniments<\/div>\n<div>Moments inoblidables amb els nostres vins.<\/div>\n<ul>\n<li>\n<p>        <img decoding=\"async\" src=\"\/wp-content\/uploads\/2026\/03\/eventos-privados.jpg\" alt=\"\"><\/p>\n<h3>Esdeveniments Privats<\/h3>\n<div>Gaudeix dels teus moments m\u00e9s especials al nostre celler, on el vi, el paisatge i la bona companyia converteixen cada celebraci\u00f3 en una experi\u00e8ncia inoblidable.<\/div>\n<p><a href=\"https:\/\/booking.bodegasbordoy.es\/esdeveniments-privats\/?lang=ca\"> M\u00e9s informaci\u00f3<\/a><\/p>\n<\/li>\n<li>\n<p>        <img decoding=\"async\" src=\"\/wp-content\/uploads\/2025\/03\/event-mesa-3-bodegas-bordoy.jpg\" alt=\"\"><\/p>\n<h3>Esdeveniments Empresarials<\/h3>\n<div>Reuneix el teu equip al nostre celler de Mallorca i viu un dia diferent entre vinyes.<br \/>\nOferim espais ideals per a reunions, activitats de team building i moments de connexi\u00f3, sempre acompanyats de bon vi i natura.<\/div>\n<p><a href=\"https:\/\/booking.bodegasbordoy.es\/esdeveniments-empresarials\/?lang=ca\"> M\u00e9s informaci\u00f3<\/a><\/p>\n<\/li>\n<\/ul>\n<p><!--more--><br \/>\n<!-- {\"type\":\"layout\",\"children\":[{\"type\":\"section\",\"props\":{\"animation\":\"scale-up\",\"animation_delay\":\"230\",\"header_transparent\":true,\"image_height\":\"720\",\"image_position\":\"top-center\",\"image_size\":\"cover\",\"image_width\":\"1280\",\"media_focal_point\":\"top-center\",\"media_overlay\":\"rgba(255, 255, 255, 0.83)\",\"padding\":\"none\",\"padding_remove_top\":false,\"style\":\"default\",\"title_breakpoint\":\"xl\",\"title_position\":\"top-left\",\"title_rotation\":\"left\",\"vertical_align\":\"\",\"width\":\"default\"},\"children\":[{\"type\":\"row\",\"children\":[{\"type\":\"column\",\"props\":{\"image_position\":\"center-center\",\"position_sticky_breakpoint\":\"m\"}}]}]},{\"type\":\"section\",\"props\":{\"animation\":\"slide-bottom-medium\",\"animation_delay\":\"230\",\"height\":\"page\",\"image\":\"wp-content\/uploads\/2025\/03\/bg3-scaled.jpg\",\"image_position\":\"center-center\",\"image_size\":\"cover\",\"media_background\":\"rgba(255, 255, 255, 0.83)\",\"media_overlay\":\"rgba(255, 255, 255, 0.34)\",\"padding\":\"small\",\"style\":\"default\",\"title_breakpoint\":\"xl\",\"title_position\":\"top-left\",\"title_rotation\":\"left\",\"vertical_align\":\"\",\"width\":\"large\"},\"children\":[{\"type\":\"row\",\"children\":[{\"type\":\"column\",\"props\":{\"image_position\":\"center-center\",\"image_size\":\"cover\",\"media_overlay\":\"rgba(255, 255, 255, 0.32)\",\"position_blend\":false,\"position_sticky\":\"section\",\"position_sticky_breakpoint\":\"m\"},\"children\":[{\"type\":\"headline\",\"props\":{\"content\":\"Esdeveniments\",\"margin_remove_bottom\":false,\"margin_remove_top\":true,\"text_align\":\"center\",\"title_color\":\"background\",\"title_element\":\"div\",\"title_style\":\"h1\"}},{\"type\":\"headline\",\"props\":{\"block_align\":\"center\",\"content\":\"Moments inoblidables amb els nostres vins.\",\"margin\":\"remove-vertical\",\"margin_remove_bottom\":true,\"margin_remove_top\":true,\"maxwidth\":\"large\",\"text_align\":\"center\",\"title_element\":\"div\",\"title_style\":\"h4\"}}]}],\"props\":{\"alignment\":\"center\",\"divider\":false,\"row_gap\":\"large\"}}],\"name\":\"events headline\"},{\"type\":\"section\",\"props\":{\"animation\":\"scale-up\",\"animation_delay\":\"230\",\"image_position\":\"center-center\",\"style\":\"default\",\"title_breakpoint\":\"xl\",\"title_position\":\"top-left\",\"title_rotation\":\"left\",\"vertical_align\":\"\",\"width\":\"small\"},\"children\":[{\"type\":\"row\",\"children\":[{\"type\":\"column\",\"props\":{\"image_position\":\"center-center\",\"position_sticky_breakpoint\":\"m\"},\"children\":[{\"type\":\"panel-slider\",\"props\":{\"content_column_breakpoint\":\"m\",\"icon_width\":80,\"image_align\":\"top\",\"image_grid_breakpoint\":\"m\",\"image_grid_width\":\"1-2\",\"image_svg_color\":\"emphasis\",\"link_fullwidth\":true,\"link_style\":\"secondary\",\"link_text\":\" M\u00e9s informaci\u00f3\",\"margin\":\"default\",\"meta_align\":\"below-title\",\"meta_element\":\"div\",\"meta_style\":\"text-meta\",\"nav\":\"dotnav\",\"nav_align\":\"center\",\"nav_breakpoint\":\"s\",\"panel_match\":true,\"show_content\":true,\"show_hover_image\":true,\"show_hover_video\":true,\"show_image\":true,\"show_link\":true,\"show_meta\":true,\"show_title\":true,\"show_video\":true,\"slidenav\":\"outside\",\"slidenav_breakpoint\":\"xl\",\"slidenav_margin\":\"medium\",\"slidenav_outside_breakpoint\":\"xl\",\"slider_autoplay_pause\":true,\"slider_gap\":\"default\",\"slider_width\":\"fixed\",\"slider_width_default\":\"1-1\",\"slider_width_medium\":\"1-2\",\"slider_width_small\":\"1-2\",\"text_align\":\"center\",\"title_align\":\"top\",\"title_color\":\"background\",\"title_element\":\"h3\",\"title_grid_breakpoint\":\"m\",\"title_grid_width\":\"1-2\",\"title_hover_style\":\"reset\"},\"children\":[{\"type\":\"panel-slider_item\",\"props\":{\"content\":\"Gaudeix dels teus moments m\u00e9s especials al nostre celler, on el vi, el paisatge i la bona companyia converteixen cada celebraci\u00f3 en una experi\u00e8ncia inoblidable.\",\"image\":\"wp-content\/uploads\/2026\/03\/eventos-privados.jpg\",\"link\":\"esdeveniments-privats\/?lang=ca\",\"meta\":\"\",\"title\":\"Esdeveniments Privats\",\"image_alt\":\"Taula de tapes i vi Mar\u00e9s per a events privats a Bodegas Bordoy\"}},{\"type\":\"panel-slider_item\",\"props\":{\"content\":\"Reuneix el teu equip al nostre celler de Mallorca i viu un dia diferent entre vinyes.\\nOferim espais ideals per a reunions, activitats de team building i moments de connexi\u00f3, sempre acompanyats de bon vi i natura.\",\"image\":\"wp-content\/uploads\/2026\/03\/evento-empresarial-1.jpg\",\"link\":\"esdeveniments-empresarials\/?lang=ca\",\"title\":\"Esdeveniments Empresarials\",\"image_alt\":\"Taula entre vinyes per a events empresarials a Bodegas Bordoy\"}}]}]}]}]}],\"version\":\"4.5.21\"} --><\/p>\n","protected":false},"excerpt":{"rendered":"<p>Esdeveniments Moments inoblidables amb els nostres vins. Esdeveniments Privats Gaudeix dels teus moments m\u00e9s especials al nostre celler, on el vi, el paisatge i la bona companyia converteixen cada celebraci\u00f3 en una experi\u00e8ncia inoblidable. M\u00e9s informaci\u00f3 Esdeveniments Empresarials Reuneix el teu equip al nostre celler de Mallorca i viu un dia diferent entre vinyes. Oferim [&hellip;]<\/p>\n","protected":false},"author":1,"featured_media":0,"parent":0,"menu_order":0,"comment_status":"closed","ping_status":"closed","template":"","meta":{"footnotes":""},"class_list":["post-1281","page","type-page","status-publish","hentry"],"yoast_head":"<!-- This site is optimized with the Yoast SEO plugin v26.0 - https:\/\/yoast.com\/wordpress\/plugins\/seo\/ -->\n<title>Esdeveniments al Celler - Bodegas Bordoy<\/title>\n<meta name=\"description\" content=\"Organitza el teu event a Bodegas Bordoy, Llucmajor. Celebracions privades i events empresarials entre vinyes amb vi i tapes a Mallorca.\" \/>\n<meta name=\"robots\" content=\"index, follow, max-snippet:-1, max-image-preview:large, max-video-preview:-1\" \/>\n<link rel=\"canonical\" href=\"https:\/\/booking.bodegasbordoy.es\/ca\/kaufmaenische-verwaltung\/\" \/>\n<meta property=\"og:locale\" content=\"ca_ES\" \/>\n<meta property=\"og:type\" content=\"article\" \/>\n<meta property=\"og:title\" content=\"Esdeveniments al Celler - Bodegas Bordoy\" \/>\n<meta property=\"og:description\" content=\"Organitza el teu event a Bodegas Bordoy, Llucmajor. Celebracions privades i events empresarials entre vinyes amb vi i tapes a Mallorca.\" \/>\n<meta property=\"og:url\" content=\"https:\/\/booking.bodegasbordoy.es\/ca\/kaufmaenische-verwaltung\/\" \/>\n<meta property=\"og:site_name\" content=\"Bodegas Bordoy\" \/>\n<meta property=\"article:modified_time\" content=\"2026-03-03T13:01:29+00:00\" \/>\n<meta property=\"og:image\" content=\"https:\/\/booking.bodegasbordoy.es\/wp-content\/uploads\/2025\/08\/Bodegas-Bordoy_37-2048x1365.jpg\" \/>\n\t<meta property=\"og:image:width\" content=\"2048\" \/>\n\t<meta property=\"og:image:height\" content=\"1365\" \/>\n<meta name=\"twitter:card\" content=\"summary_large_image\" \/>\n<script type=\"application\/ld+json\" class=\"yoast-schema-graph\">{\"@context\":\"https:\/\/schema.org\",\"@graph\":[{\"@type\":\"WebPage\",\"@id\":\"https:\/\/booking.bodegasbordoy.es\/ca\/kaufmaenische-verwaltung\/\",\"url\":\"https:\/\/booking.bodegasbordoy.es\/ca\/kaufmaenische-verwaltung\/\",\"name\":\"Esdeveniments al Celler - Bodegas Bordoy\",\"isPartOf\":{\"@id\":\"https:\/\/booking.bodegasbordoy.es\/ca\/#website\"},\"datePublished\":\"2024-08-05T13:46:06+00:00\",\"dateModified\":\"2026-03-03T13:01:29+00:00\",\"description\":\"Organitza el teu event a Bodegas Bordoy, Llucmajor. Celebracions privades i events empresarials entre vinyes amb vi i tapes a Mallorca.\",\"breadcrumb\":{\"@id\":\"https:\/\/booking.bodegasbordoy.es\/ca\/kaufmaenische-verwaltung\/#breadcrumb\"},\"inLanguage\":\"ca\",\"potentialAction\":[{\"@type\":\"ReadAction\",\"target\":[\"https:\/\/booking.bodegasbordoy.es\/ca\/kaufmaenische-verwaltung\/\"]}]},{\"@type\":\"BreadcrumbList\",\"@id\":\"https:\/\/booking.bodegasbordoy.es\/ca\/kaufmaenische-verwaltung\/#breadcrumb\",\"itemListElement\":[{\"@type\":\"ListItem\",\"position\":1,\"name\":\"Home\",\"item\":\"https:\/\/booking.bodegasbordoy.es\/ca\/?lang=ca\"},{\"@type\":\"ListItem\",\"position\":2,\"name\":\"Esdeveniments\"}]},{\"@type\":\"WebSite\",\"@id\":\"https:\/\/booking.bodegasbordoy.es\/ca\/#website\",\"url\":\"https:\/\/booking.bodegasbordoy.es\/ca\/\",\"name\":\"Bodegas Bordoy\",\"description\":\"\",\"potentialAction\":[{\"@type\":\"SearchAction\",\"target\":{\"@type\":\"EntryPoint\",\"urlTemplate\":\"https:\/\/booking.bodegasbordoy.es\/ca\/?s={search_term_string}\"},\"query-input\":{\"@type\":\"PropertyValueSpecification\",\"valueRequired\":true,\"valueName\":\"search_term_string\"}}],\"inLanguage\":\"ca\"}]}<\/script>\n<meta property=\"og:locale:alternate\" content=\"es_ES\" \/>\n\t<meta property=\"og:locale:alternate\" content=\"de_DE\" \/>\n\t<meta property=\"og:locale:alternate\" content=\"en_US\" \/>\n<!-- \/ Yoast SEO plugin. -->","yoast_head_json":{"title":"Esdeveniments al Celler - Bodegas Bordoy","description":"Organitza el teu event a Bodegas Bordoy, Llucmajor. Celebracions privades i events empresarials entre vinyes amb vi i tapes a Mallorca.","robots":{"index":"index","follow":"follow","max-snippet":"max-snippet:-1","max-image-preview":"max-image-preview:large","max-video-preview":"max-video-preview:-1"},"canonical":"https:\/\/booking.bodegasbordoy.es\/ca\/kaufmaenische-verwaltung\/","og_locale":"ca_ES","og_type":"article","og_title":"Esdeveniments al Celler - Bodegas Bordoy","og_description":"Organitza el teu event a Bodegas Bordoy, Llucmajor. Celebracions privades i events empresarials entre vinyes amb vi i tapes a Mallorca.","og_url":"https:\/\/booking.bodegasbordoy.es\/ca\/kaufmaenische-verwaltung\/","og_site_name":"Bodegas Bordoy","article_modified_time":"2026-03-03T13:01:29+00:00","og_image":[{"url":"https:\/\/booking.bodegasbordoy.es\/wp-content\/uploads\/2025\/08\/Bodegas-Bordoy_37-2048x1365.jpg","width":2048,"height":1365,"type":""}],"twitter_card":"summary_large_image","schema":{"@context":"https:\/\/schema.org","@graph":[{"@type":"WebPage","@id":"https:\/\/booking.bodegasbordoy.es\/ca\/kaufmaenische-verwaltung\/","url":"https:\/\/booking.bodegasbordoy.es\/ca\/kaufmaenische-verwaltung\/","name":"Esdeveniments al Celler - Bodegas Bordoy","isPartOf":{"@id":"https:\/\/booking.bodegasbordoy.es\/ca\/#website"},"datePublished":"2024-08-05T13:46:06+00:00","dateModified":"2026-03-03T13:01:29+00:00","description":"Organitza el teu event a Bodegas Bordoy, Llucmajor. Celebracions privades i events empresarials entre vinyes amb vi i tapes a Mallorca.","breadcrumb":{"@id":"https:\/\/booking.bodegasbordoy.es\/ca\/kaufmaenische-verwaltung\/#breadcrumb"},"inLanguage":"ca","potentialAction":[{"@type":"ReadAction","target":["https:\/\/booking.bodegasbordoy.es\/ca\/kaufmaenische-verwaltung\/"]}]},{"@type":"BreadcrumbList","@id":"https:\/\/booking.bodegasbordoy.es\/ca\/kaufmaenische-verwaltung\/#breadcrumb","itemListElement":[{"@type":"ListItem","position":1,"name":"Home","item":"https:\/\/booking.bodegasbordoy.es\/ca\/?lang=ca"},{"@type":"ListItem","position":2,"name":"Esdeveniments"}]},{"@type":"WebSite","@id":"https:\/\/booking.bodegasbordoy.es\/ca\/#website","url":"https:\/\/booking.bodegasbordoy.es\/ca\/","name":"Bodegas Bordoy","description":"","potentialAction":[{"@type":"SearchAction","target":{"@type":"EntryPoint","urlTemplate":"https:\/\/booking.bodegasbordoy.es\/ca\/?s={search_term_string}"},"query-input":{"@type":"PropertyValueSpecification","valueRequired":true,"valueName":"search_term_string"}}],"inLanguage":"ca"}]}},"_links":{"self":[{"href":"https:\/\/booking.bodegasbordoy.es\/ca\/wp-json\/wp\/v2\/pages\/1281","targetHints":{"allow":["GET"]}}],"collection":[{"href":"https:\/\/booking.bodegasbordoy.es\/ca\/wp-json\/wp\/v2\/pages"}],"about":[{"href":"https:\/\/booking.bodegasbordoy.es\/ca\/wp-json\/wp\/v2\/types\/page"}],"author":[{"embeddable":true,"href":"https:\/\/booking.bodegasbordoy.es\/ca\/wp-json\/wp\/v2\/users\/1"}],"replies":[{"embeddable":true,"href":"https:\/\/booking.bodegasbordoy.es\/ca\/wp-json\/wp\/v2\/comments?post=1281"}],"version-history":[{"count":112,"href":"https:\/\/booking.bodegasbordoy.es\/ca\/wp-json\/wp\/v2\/pages\/1281\/revisions"}],"predecessor-version":[{"id":12708,"href":"https:\/\/booking.bodegasbordoy.es\/ca\/wp-json\/wp\/v2\/pages\/1281\/revisions\/12708"}],"wp:attachment":[{"href":"https:\/\/booking.bodegasbordoy.es\/ca\/wp-json\/wp\/v2\/media?parent=1281"}],"curies":[{"name":"wp","href":"https:\/\/api.w.org\/{rel}","templated":true}]}}