{"id":2484,"date":"2025-01-09T19:22:43","date_gmt":"2025-01-09T18:22:43","guid":{"rendered":"https:\/\/booking.bodegasbordoy.es\/?page_id=2484"},"modified":"2025-07-30T10:37:29","modified_gmt":"2025-07-30T09:37:29","slug":"mares","status":"publish","type":"page","link":"https:\/\/booking.bodegasbordoy.es\/ca\/mares\/","title":{"rendered":"Mar\u00e9s"},"content":{"rendered":"<p><img decoding=\"async\" src=\"\/wp-content\/uploads\/2025\/02\/mares-bodegas-bordoy-vinos-mallorca.png\" alt=\"\"><\/p>\n<h1>La l\u00ednia Mar\u00e8s<\/h1>\n<div>representa l\u2019ess\u00e8ncia m\u00e9s pura i lluminosa de Mallorca. Inspirada en la brisa marina, la calidesa del sol i la riquesa de les nostres terres, aquesta col\u00b7lecci\u00f3 de vins expressa amb claredat el car\u00e0cter primari i aut\u00e8ntic dels nostres ra\u00efms.<\/p>\n<\/div>\n<div>Els vins Mar\u00e8s destaquen per la seva expressi\u00f3 afruitada intensa, la seva frescor natural i una personalitat oberta, vibrant i profundament mediterr\u00e0nia.<\/p>\n<\/div>\n<p><img decoding=\"async\" src=\"\/wp-content\/uploads\/2025\/01\/botella-mares-crianza-vino-bodegas-bordoy-mallorca.png\" alt=\"\"><\/p>\n<div>S\u00f3n vins que parlen de l\u2019illa sense artificis, amb honestedat i eleg\u00e0ncia.<\/p>\n<\/div>\n<ul>\n<li>\n<h3>Mar\u00e8s Blanc<\/h3>\n<div>Fresc, arom\u00e0tic i ple de llum, ideal per a aquells que cerquen un vi blanc amb car\u00e0cter i equilibri.<\/div>\n<\/li>\n<li>\n<h3>Mar\u00e8s Rosat<\/h3>\n<div>Expressiu i delicat, amb notes de fruita vermella fresca i una acidesa viva que el fa irresistible.\n<\/div>\n<\/li>\n<li>\n<h3>Mar\u00e8s Jove<\/h3>\n<div>Directe i sabor\u00f3s, pensat per gaudir la fruita en el seu estat m\u00e9s pur.\n<\/div>\n<\/li>\n<\/ul>\n<ul>\n<li>\n<h3> Mar\u00e8s Crian\u00e7a<\/h3>\n<div>Combina fruita madura amb notes especiades i una estructura amable, obtinguda despr\u00e9s de 12 mesos de crian\u00e7a en b\u00f3tes de roure franc\u00e8s.<br \/>\nPerfecte per acompanyar moments especials.\n<\/div>\n<\/li>\n<li>\n<h3> Mar\u00e8s Reserva<\/h3>\n<div>La versi\u00f3 m\u00e9s profunda i elegant de la l\u00ednia, amb una crian\u00e7a m\u00ednima de 2 anys en b\u00f3tes de roure franc\u00e8s, que aporta complexitat sense perdre la frescor que defineix la gamma Mar\u00e8s.<\/div>\n<\/li>\n<li>\n<div>Cada un d\u2019aquests vins ha estat elaborat amb varietats seleccionades amb cura i cultivades a les nostres vinyes del sud de Mallorca.<\/div>\n<\/li>\n<\/ul>\n<p><img decoding=\"async\" src=\"\/wp-content\/uploads\/2025\/03\/tapas-mares-bodegas-bordoy-mallorca-14.jpg\" alt=\"\"><\/p>\n<ul>\n<li>\n<p>        <img decoding=\"async\" src=\"\/wp-content\/uploads\/2025\/01\/mares-blanco-joven-bodegas-bordoy-vinos-mallorca.jpg\" alt=\"\"><\/p>\n<h3>Mares Blanco Joven<\/h3>\n<p><a href=\"\/?page_id=2752&#038;lang=ca\"><\/a><\/p>\n<\/li>\n<li>\n<p>        <img decoding=\"async\" src=\"\/wp-content\/uploads\/2025\/01\/mares-rosado-joven-bodegas-bordoy-vinos-mallorca.jpg\" alt=\"\"><\/p>\n<h3>Mares Rosado Joven<\/h3>\n<p><a href=\"\/?page_id=2932&#038;lang=ca\"><\/a><\/p>\n<\/li>\n<li>\n<p>        <img decoding=\"async\" src=\"\/wp-content\/uploads\/2025\/01\/mares-tinto-crianza-bodegas-bordoy-vinos-mallorca.jpg\" alt=\"\"><\/p>\n<h3>Mares Tinto Crianza<\/h3>\n<div>Imag\u00ednese disfrutar de una cata de vinos con vistas a interminables hileras de vi\u00f1as, mientras una suave brisa le trae el aroma de la tierra fresca y las uvas maduras.<\/div>\n<p><a href=\"\/?page_id=2938&#038;lang=ca\"><\/a><\/p>\n<\/li>\n<li>\n<p>        <img decoding=\"async\" src=\"\/wp-content\/uploads\/2025\/01\/mares-tinto-joven-bodegas-bordoy-vinos-mallorca.jpg\" alt=\"\"><\/p>\n<h3>Mares Tinto Joven<\/h3>\n<p><a href=\"\/?page_id=2941&#038;lang=ca\"><\/a><\/p>\n<\/li>\n<li>\n<p>        <img decoding=\"async\" src=\"\/wp-content\/uploads\/2025\/01\/mares-tinto-reserva-bodegas-bordoy-vinos-mallorca.jpg\" alt=\"\"><\/p>\n<h3>Mares Tinto Reserva<\/h3>\n<p><a href=\"\/?page_id=2947&#038;lang=ca\"><\/a><\/p>\n<\/li>\n<\/ul>\n<p><!--more--><br \/>\n<!-- {\"type\":\"layout\",\"children\":[{\"type\":\"section\",\"props\":{\"animation\":\"scale-up\",\"animation_delay\":\"230\",\"header_transparent\":true,\"height\":\"page\",\"image\":\"wp-content\\\/uploads\\\/2025\\\/03\\\/Unbenannt-4.jpg\",\"image_height\":\"720\",\"image_position\":\"top-center\",\"image_size\":\"cover\",\"image_width\":\"1280\",\"media_focal_point\":\"top-center\",\"media_overlay\":\"rgba(255, 255, 255, 0.95)\",\"padding\":\"xsmall\",\"padding_remove_top\":false,\"style\":\"default\",\"title_breakpoint\":\"xl\",\"title_position\":\"top-left\",\"title_rotation\":\"left\",\"vertical_align\":\"\",\"width\":\"default\"},\"children\":[{\"type\":\"row\",\"children\":[{\"type\":\"column\",\"props\":{\"image_position\":\"center-center\",\"position_sticky_breakpoint\":\"m\"}}]}]},{\"type\":\"section\",\"props\":{\"animation\":\"slide-bottom-medium\",\"image_position\":\"center-center\",\"padding\":\"none\",\"padding_remove_bottom\":true,\"padding_remove_top\":true,\"style\":\"secondary\",\"title_breakpoint\":\"xl\",\"title_position\":\"top-left\",\"title_rotation\":\"left\",\"vertical_align\":\"middle\",\"width\":\"default\"},\"children\":[{\"type\":\"row\",\"children\":[{\"type\":\"column\",\"props\":{\"image_position\":\"center-center\",\"position_sticky_breakpoint\":\"m\"},\"children\":[{\"type\":\"image\",\"props\":{\"blend\":false,\"image\":\"wp-content\\\/uploads\\\/2025\\\/02\\\/mares-bodegas-bordoy-vinos-mallorca.png\",\"image_svg_color\":\"emphasis\",\"image_width\":320,\"margin\":\"medium\",\"text_align\":\"center\"}}]}]}]},{\"type\":\"section\",\"props\":{\"animation\":\"slide-top-medium\",\"animation_delay\":\"230\",\"image_effect\":\"fixed\",\"image_position\":\"center-center\",\"image_size\":\"cover\",\"media_overlay\":\"rgba(0, 0, 0, 0.77)\",\"style\":\"default\",\"title_breakpoint\":\"xl\",\"title_position\":\"top-left\",\"title_rotation\":\"left\",\"vertical_align\":\"\",\"width\":\"small\"},\"children\":[{\"type\":\"row\",\"props\":{\"divider\":false,\"layout\":\"1-2,1-2\"},\"children\":[{\"type\":\"column\",\"props\":{\"image_position\":\"center-center\",\"position_sticky_breakpoint\":\"m\",\"vertical_align\":\"middle\",\"width_medium\":\"1-2\"},\"children\":[{\"type\":\"headline\",\"props\":{\"content\":\"La l\\u00ednia Mar\\u00e8s\",\"margin_remove_bottom\":true,\"margin_remove_top\":true,\"title_color\":\"background\",\"title_element\":\"h1\",\"title_style\":\"h3\"}},{\"type\":\"text\",\"props\":{\"column_breakpoint\":\"m\",\"content\":\"representa l\\u2019ess\\u00e8ncia m\\u00e9s pura i lluminosa de Mallorca. Inspirada en la brisa marina, la calidesa del sol i la riquesa de les nostres terres, aquesta col\\u00b7lecci\\u00f3 de vins expressa amb claredat el car\\u00e0cter primari i aut\\u00e8ntic dels nostres ra\\u00efms.\\n\\n\",\"margin\":\"default\",\"maxwidth\":\"large\"}},{\"type\":\"text\",\"props\":{\"column_breakpoint\":\"m\",\"content\":\"Els vins Mar\\u00e8s destaquen per la seva expressi\\u00f3 afruitada intensa, la seva frescor natural i una personalitat oberta, vibrant i profundament mediterr\\u00e0nia.\\n\\n\",\"margin\":\"default\",\"maxwidth\":\"large\"}}]},{\"type\":\"column\",\"props\":{\"image_position\":\"center-center\",\"position_sticky_breakpoint\":\"m\",\"width_medium\":\"1-2\"},\"children\":[{\"type\":\"image\",\"props\":{\"image\":\"wp-content\\\/uploads\\\/2025\\\/01\\\/botella-mares-crianza-vino-bodegas-bordoy-mallorca.png\",\"image_svg_color\":\"emphasis\",\"image_width\":120,\"margin\":\"default\",\"text_align\":\"center\"}},{\"type\":\"text\",\"props\":{\"column_breakpoint\":\"m\",\"content\":\"S\\u00f3n vins que parlen de l\\u2019illa sense artificis, amb honestedat i eleg\\u00e0ncia.\\n\\n\\n\",\"margin\":\"default\",\"maxwidth\":\"large\"}}]}]}]},{\"type\":\"section\",\"props\":{\"animation\":\"slide-top-medium\",\"animation_delay\":\"230\",\"image_effect\":\"fixed\",\"image_position\":\"center-center\",\"image_size\":\"cover\",\"media_overlay\":\"rgba(0, 0, 0, 0.77)\",\"style\":\"default\",\"title_breakpoint\":\"xl\",\"title_position\":\"top-left\",\"title_rotation\":\"left\",\"vertical_align\":\"\",\"width\":\"small\"},\"children\":[{\"type\":\"row\",\"props\":{\"divider\":false,\"layout\":\"1-2,1-2\"},\"children\":[{\"type\":\"column\",\"props\":{\"image_position\":\"center-center\",\"position_sticky_breakpoint\":\"m\",\"width_medium\":\"1-2\"},\"children\":[{\"type\":\"description_list\",\"props\":{\"column_breakpoint\":\"m\",\"layout\":\"grid-2-m\",\"list_element\":\"ul\",\"meta_align\":\"below-content\",\"meta_style\":\"text-meta\",\"show_content\":true,\"show_link\":true,\"show_meta\":true,\"show_title\":true,\"title_element\":\"div\",\"title_grid_column_gap\":\"small\",\"title_grid_row_gap\":\"small\",\"title_grid_width\":\"auto\",\"title_style\":\"text-bold\"},\"children\":[{\"type\":\"description_list_item\",\"props\":{\"content\":\"Fresc, arom\\u00e0tic i ple de llum, ideal per a aquells que cerquen un vi blanc amb car\\u00e0cter i equilibri.\",\"title\":\"Mar\\u00e8s Blanc\"}},{\"type\":\"description_list_item\",\"props\":{\"content\":\"Expressiu i delicat, amb notes de fruita vermella fresca i una acidesa viva que el fa irresistible.\\n\",\"title\":\"Mar\\u00e8s Rosat\"}},{\"type\":\"description_list_item\",\"props\":{\"content\":\"Directe i sabor\\u00f3s, pensat per gaudir la fruita en el seu estat m\\u00e9s pur.\\n\",\"title\":\"Mar\\u00e8s Jove\"}}]}]},{\"type\":\"column\",\"props\":{\"image_position\":\"center-center\",\"position_sticky_breakpoint\":\"m\",\"width_medium\":\"1-2\"},\"children\":[{\"type\":\"description_list\",\"props\":{\"column_breakpoint\":\"m\",\"layout\":\"grid-2-m\",\"list_element\":\"ul\",\"meta_align\":\"below-content\",\"meta_style\":\"text-meta\",\"show_content\":true,\"show_link\":true,\"show_meta\":true,\"show_title\":true,\"title_element\":\"div\",\"title_grid_column_gap\":\"small\",\"title_grid_row_gap\":\"small\",\"title_grid_width\":\"auto\",\"title_style\":\"text-bold\"},\"children\":[{\"type\":\"description_list_item\",\"props\":{\"content\":\"Combina fruita madura amb notes especiades i una estructura amable, obtinguda despr\\u00e9s de 12 mesos de crian\\u00e7a en b\\u00f3tes de roure franc\\u00e8s.\\nPerfecte per acompanyar moments especials.\\n\",\"title\":\" Mar\\u00e8s Crian\\u00e7a\"}},{\"type\":\"description_list_item\",\"props\":{\"content\":\"La versi\\u00f3 m\\u00e9s profunda i elegant de la l\\u00ednia, amb una crian\\u00e7a m\\u00ednima de 2 anys en b\\u00f3tes de roure franc\\u00e8s, que aporta complexitat sense perdre la frescor que defineix la gamma Mar\\u00e8s.\",\"title\":\" Mar\\u00e8s Reserva\"}},{\"type\":\"description_list_item\",\"props\":{\"content\":\"Cada un d\\u2019aquests vins ha estat elaborat amb varietats seleccionades amb cura i cultivades a les nostres vinyes del sud de Mallorca.\",\"title\":\"\"}}]}]}]}]},{\"type\":\"section\",\"props\":{\"image_position\":\"center-center\",\"padding\":\"none\",\"style\":\"default\",\"title_breakpoint\":\"xl\",\"title_position\":\"top-left\",\"title_rotation\":\"left\",\"vertical_align\":\"middle\",\"width\":\"\"},\"children\":[{\"type\":\"row\",\"children\":[{\"type\":\"column\",\"props\":{\"image_position\":\"center-center\",\"position_sticky_breakpoint\":\"m\"},\"children\":[{\"type\":\"image\",\"props\":{\"image\":\"wp-content\\\/uploads\\\/2025\\\/03\\\/tapas-mares-bodegas-bordoy-mallorca-14.jpg\",\"image_svg_color\":\"emphasis\",\"margin\":\"default\"}}]}]}]},{\"type\":\"section\",\"props\":{\"animation\":\"scale-up\",\"animation_delay\":\"230\",\"image_position\":\"center-center\",\"style\":\"secondary\",\"title_breakpoint\":\"xl\",\"title_position\":\"top-left\",\"title_rotation\":\"left\",\"vertical_align\":\"\",\"width\":\"default\"},\"children\":[{\"type\":\"row\",\"children\":[{\"type\":\"column\",\"props\":{\"image_position\":\"center-center\",\"position_sticky_breakpoint\":\"m\"},\"children\":[{\"type\":\"panel-slider\",\"props\":{\"content_column_breakpoint\":\"m\",\"icon_width\":80,\"image_align\":\"top\",\"image_grid_breakpoint\":\"m\",\"image_grid_width\":\"1-2\",\"image_svg_color\":\"emphasis\",\"link_size\":\"small\",\"link_style\":\"primary\",\"link_text\":\"\",\"margin\":\"default\",\"meta_align\":\"below-title\",\"meta_element\":\"div\",\"meta_style\":\"text-meta\",\"nav\":\"dotnav\",\"nav_align\":\"center\",\"nav_breakpoint\":\"s\",\"panel_link\":true,\"panel_match\":true,\"show_content\":false,\"show_hover_image\":true,\"show_hover_video\":true,\"show_image\":true,\"show_link\":true,\"show_meta\":true,\"show_title\":false,\"show_video\":true,\"slidenav\":\"outside\",\"slidenav_breakpoint\":\"xl\",\"slidenav_margin\":\"medium\",\"slidenav_outside_breakpoint\":\"xl\",\"slider_autoplay_pause\":true,\"slider_gap\":\"default\",\"slider_width\":\"fixed\",\"slider_width_default\":\"1-1\",\"slider_width_medium\":\"1-4\",\"text_align\":\"center\",\"title_align\":\"top\",\"title_element\":\"h3\",\"title_grid_breakpoint\":\"m\",\"title_grid_width\":\"1-2\",\"title_hover_style\":\"reset\"},\"children\":[{\"type\":\"panel-slider_item\",\"props\":{\"content\":\"\",\"image\":\"wp-content\\\/uploads\\\/2025\\\/01\\\/mares-blanco-joven-bodegas-bordoy-vinos-mallorca.jpg\",\"link\":\"mares-blanco\\\/?lang=ca\",\"title\":\"Mares Blanco Joven\"}},{\"type\":\"panel-slider_item\",\"props\":{\"content\":\"\",\"image\":\"wp-content\\\/uploads\\\/2025\\\/01\\\/mares-rosado-joven-bodegas-bordoy-vinos-mallorca.jpg\",\"link\":\"mares-rosado-joven\\\/?lang=ca\",\"title\":\"Mares Rosado Joven\"}},{\"type\":\"panel-slider_item\",\"props\":{\"content\":\"Imag\\u00ednese disfrutar de una cata de vinos con vistas a interminables hileras de vi\\u00f1as, mientras una suave brisa le trae el aroma de la tierra fresca y las uvas maduras.\",\"image\":\"wp-content\\\/uploads\\\/2025\\\/01\\\/mares-tinto-crianza-bodegas-bordoy-vinos-mallorca.jpg\",\"link\":\"mares-tinto-crianza\\\/?lang=ca\",\"title\":\"Mares Tinto Crianza\"}},{\"type\":\"panel-slider_item\",\"props\":{\"content\":\"\",\"image\":\"wp-content\\\/uploads\\\/2025\\\/01\\\/mares-tinto-joven-bodegas-bordoy-vinos-mallorca.jpg\",\"link\":\"mares-tinto-joven\\\/?lang=ca\",\"title\":\"Mares Tinto Joven\"}},{\"type\":\"panel-slider_item\",\"props\":{\"content\":\"\",\"image\":\"wp-content\\\/uploads\\\/2025\\\/01\\\/mares-tinto-reserva-bodegas-bordoy-vinos-mallorca.jpg\",\"link\":\"mares-tinto-reserva\\\/?lang=ca\",\"title\":\"Mares Tinto Reserva\"}}]}]}]}]}],\"version\":\"4.5.21\"} --><\/p>\n","protected":false},"excerpt":{"rendered":"<p>La l\u00ednia Mar\u00e8s representa l\u2019ess\u00e8ncia m\u00e9s pura i lluminosa de Mallorca. Inspirada en la brisa marina, la calidesa del sol i la riquesa de les nostres terres, aquesta col\u00b7lecci\u00f3 de vins expressa amb claredat el car\u00e0cter primari i aut\u00e8ntic dels nostres ra\u00efms. Els vins Mar\u00e8s destaquen per la seva expressi\u00f3 afruitada intensa, la seva frescor [&hellip;]<\/p>\n","protected":false},"author":1,"featured_media":0,"parent":0,"menu_order":0,"comment_status":"closed","ping_status":"closed","template":"","meta":{"footnotes":""},"class_list":["post-2484","page","type-page","status-publish","hentry"],"yoast_head":"<!-- This site is optimized with the Yoast SEO plugin v26.0 - https:\/\/yoast.com\/wordpress\/plugins\/seo\/ -->\n<title>Mar\u00e9s - Bodegas Bordoy<\/title>\n<meta name=\"robots\" content=\"index, follow, max-snippet:-1, max-image-preview:large, max-video-preview:-1\" \/>\n<link rel=\"canonical\" href=\"https:\/\/booking.bodegasbordoy.es\/ca\/mares\/\" \/>\n<meta property=\"og:locale\" content=\"ca_ES\" \/>\n<meta property=\"og:type\" content=\"article\" \/>\n<meta property=\"og:title\" content=\"Mar\u00e9s - Bodegas Bordoy\" \/>\n<meta property=\"og:description\" content=\"La l\u00ednia Mar\u00e8s representa l\u2019ess\u00e8ncia m\u00e9s pura i lluminosa de Mallorca. Inspirada en la brisa marina, la calidesa del sol i la riquesa de les nostres terres, aquesta col\u00b7lecci\u00f3 de vins expressa amb claredat el car\u00e0cter primari i aut\u00e8ntic dels nostres ra\u00efms. Els vins Mar\u00e8s destaquen per la seva expressi\u00f3 afruitada intensa, la seva frescor [&hellip;]\" \/>\n<meta property=\"og:url\" content=\"https:\/\/booking.bodegasbordoy.es\/ca\/mares\/\" \/>\n<meta property=\"og:site_name\" content=\"Bodegas Bordoy\" \/>\n<meta property=\"article:modified_time\" content=\"2025-07-30T09:37:29+00:00\" \/>\n<meta property=\"og:image\" content=\"https:\/\/booking.bodegasbordoy.es\/wp-content\/uploads\/2025\/08\/Bodegas-Bordoy_37-2048x1365.jpg\" \/>\n\t<meta property=\"og:image:width\" content=\"2048\" \/>\n\t<meta property=\"og:image:height\" content=\"1365\" \/>\n<meta name=\"twitter:card\" content=\"summary_large_image\" \/>\n<meta name=\"twitter:label1\" content=\"Est. reading time\" \/>\n\t<meta name=\"twitter:data1\" content=\"1 minute\" \/>\n<script type=\"application\/ld+json\" class=\"yoast-schema-graph\">{\"@context\":\"https:\/\/schema.org\",\"@graph\":[{\"@type\":\"WebPage\",\"@id\":\"https:\/\/booking.bodegasbordoy.es\/ca\/mares\/\",\"url\":\"https:\/\/booking.bodegasbordoy.es\/ca\/mares\/\",\"name\":\"Mar\u00e9s - Bodegas Bordoy\",\"isPartOf\":{\"@id\":\"https:\/\/booking.bodegasbordoy.es\/ca\/#website\"},\"datePublished\":\"2025-01-09T18:22:43+00:00\",\"dateModified\":\"2025-07-30T09:37:29+00:00\",\"breadcrumb\":{\"@id\":\"https:\/\/booking.bodegasbordoy.es\/ca\/mares\/#breadcrumb\"},\"inLanguage\":\"ca\",\"potentialAction\":[{\"@type\":\"ReadAction\",\"target\":[\"https:\/\/booking.bodegasbordoy.es\/ca\/mares\/\"]}]},{\"@type\":\"BreadcrumbList\",\"@id\":\"https:\/\/booking.bodegasbordoy.es\/ca\/mares\/#breadcrumb\",\"itemListElement\":[{\"@type\":\"ListItem\",\"position\":1,\"name\":\"Home\",\"item\":\"https:\/\/booking.bodegasbordoy.es\/ca\/?lang=ca\"},{\"@type\":\"ListItem\",\"position\":2,\"name\":\"Mar\u00e9s\"}]},{\"@type\":\"WebSite\",\"@id\":\"https:\/\/booking.bodegasbordoy.es\/ca\/#website\",\"url\":\"https:\/\/booking.bodegasbordoy.es\/ca\/\",\"name\":\"Bodegas Bordoy\",\"description\":\"\",\"potentialAction\":[{\"@type\":\"SearchAction\",\"target\":{\"@type\":\"EntryPoint\",\"urlTemplate\":\"https:\/\/booking.bodegasbordoy.es\/ca\/?s={search_term_string}\"},\"query-input\":{\"@type\":\"PropertyValueSpecification\",\"valueRequired\":true,\"valueName\":\"search_term_string\"}}],\"inLanguage\":\"ca\"}]}<\/script>\n<meta property=\"og:locale:alternate\" content=\"es_ES\" \/>\n\t<meta property=\"og:locale:alternate\" content=\"de_DE\" \/>\n\t<meta property=\"og:locale:alternate\" content=\"en_US\" \/>\n<!-- \/ Yoast SEO plugin. -->","yoast_head_json":{"title":"Mar\u00e9s - Bodegas Bordoy","robots":{"index":"index","follow":"follow","max-snippet":"max-snippet:-1","max-image-preview":"max-image-preview:large","max-video-preview":"max-video-preview:-1"},"canonical":"https:\/\/booking.bodegasbordoy.es\/ca\/mares\/","og_locale":"ca_ES","og_type":"article","og_title":"Mar\u00e9s - Bodegas Bordoy","og_description":"La l\u00ednia Mar\u00e8s representa l\u2019ess\u00e8ncia m\u00e9s pura i lluminosa de Mallorca. Inspirada en la brisa marina, la calidesa del sol i la riquesa de les nostres terres, aquesta col\u00b7lecci\u00f3 de vins expressa amb claredat el car\u00e0cter primari i aut\u00e8ntic dels nostres ra\u00efms. Els vins Mar\u00e8s destaquen per la seva expressi\u00f3 afruitada intensa, la seva frescor [&hellip;]","og_url":"https:\/\/booking.bodegasbordoy.es\/ca\/mares\/","og_site_name":"Bodegas Bordoy","article_modified_time":"2025-07-30T09:37:29+00:00","og_image":[{"url":"https:\/\/booking.bodegasbordoy.es\/wp-content\/uploads\/2025\/08\/Bodegas-Bordoy_37-2048x1365.jpg","width":2048,"height":1365,"type":""}],"twitter_card":"summary_large_image","twitter_misc":{"Est. reading time":"1 minute"},"schema":{"@context":"https:\/\/schema.org","@graph":[{"@type":"WebPage","@id":"https:\/\/booking.bodegasbordoy.es\/ca\/mares\/","url":"https:\/\/booking.bodegasbordoy.es\/ca\/mares\/","name":"Mar\u00e9s - Bodegas Bordoy","isPartOf":{"@id":"https:\/\/booking.bodegasbordoy.es\/ca\/#website"},"datePublished":"2025-01-09T18:22:43+00:00","dateModified":"2025-07-30T09:37:29+00:00","breadcrumb":{"@id":"https:\/\/booking.bodegasbordoy.es\/ca\/mares\/#breadcrumb"},"inLanguage":"ca","potentialAction":[{"@type":"ReadAction","target":["https:\/\/booking.bodegasbordoy.es\/ca\/mares\/"]}]},{"@type":"BreadcrumbList","@id":"https:\/\/booking.bodegasbordoy.es\/ca\/mares\/#breadcrumb","itemListElement":[{"@type":"ListItem","position":1,"name":"Home","item":"https:\/\/booking.bodegasbordoy.es\/ca\/?lang=ca"},{"@type":"ListItem","position":2,"name":"Mar\u00e9s"}]},{"@type":"WebSite","@id":"https:\/\/booking.bodegasbordoy.es\/ca\/#website","url":"https:\/\/booking.bodegasbordoy.es\/ca\/","name":"Bodegas Bordoy","description":"","potentialAction":[{"@type":"SearchAction","target":{"@type":"EntryPoint","urlTemplate":"https:\/\/booking.bodegasbordoy.es\/ca\/?s={search_term_string}"},"query-input":{"@type":"PropertyValueSpecification","valueRequired":true,"valueName":"search_term_string"}}],"inLanguage":"ca"}]}},"_links":{"self":[{"href":"https:\/\/booking.bodegasbordoy.es\/ca\/wp-json\/wp\/v2\/pages\/2484","targetHints":{"allow":["GET"]}}],"collection":[{"href":"https:\/\/booking.bodegasbordoy.es\/ca\/wp-json\/wp\/v2\/pages"}],"about":[{"href":"https:\/\/booking.bodegasbordoy.es\/ca\/wp-json\/wp\/v2\/types\/page"}],"author":[{"embeddable":true,"href":"https:\/\/booking.bodegasbordoy.es\/ca\/wp-json\/wp\/v2\/users\/1"}],"replies":[{"embeddable":true,"href":"https:\/\/booking.bodegasbordoy.es\/ca\/wp-json\/wp\/v2\/comments?post=2484"}],"version-history":[{"count":38,"href":"https:\/\/booking.bodegasbordoy.es\/ca\/wp-json\/wp\/v2\/pages\/2484\/revisions"}],"predecessor-version":[{"id":12172,"href":"https:\/\/booking.bodegasbordoy.es\/ca\/wp-json\/wp\/v2\/pages\/2484\/revisions\/12172"}],"wp:attachment":[{"href":"https:\/\/booking.bodegasbordoy.es\/ca\/wp-json\/wp\/v2\/media?parent=2484"}],"curies":[{"name":"wp","href":"https:\/\/api.w.org\/{rel}","templated":true}]}}