{"id":2540,"date":"2025-01-09T20:15:32","date_gmt":"2025-01-09T19:15:32","guid":{"rendered":"https:\/\/booking.bodegasbordoy.es\/?page_id=2540"},"modified":"2025-07-30T10:17:23","modified_gmt":"2025-07-30T09:17:23","slug":"terra-de-mares","status":"publish","type":"page","link":"https:\/\/booking.bodegasbordoy.es\/ca\/terra-de-mares\/","title":{"rendered":"Terra de Mar\u00e9s"},"content":{"rendered":"<p><img decoding=\"async\" src=\"\/wp-content\/uploads\/2025\/02\/terrademares-bodegas-bordoy-vinos-mallorca.png\" alt=\"\"><\/p>\n<h1>Terra de Mar\u00e8s<\/h1>\n<h1>\u00c9s un vi que nom\u00e9s s\u2019elabora en anyades excepcionals.<\/h1>\n<div>Neix d\u2019una selecci\u00f3 meticulosa, gra a gra, dels millors ra\u00efms, procedents de parcel\u00b7les escollides amb cura per la seva qualitat i singularitat.\n<\/div>\n<div>La seva producci\u00f3 limitada i elaboraci\u00f3 precisa el converteixen en la interpretaci\u00f3 m\u00e9s pura i elegant del nostre paisatge vitivin\u00edcola.<\/div>\n<p><img decoding=\"async\" src=\"\/wp-content\/uploads\/2025\/02\/TerradeMares-855129b3.webp\" alt=\"\"><br \/>\n<a href=\"\/?page_id=3074&#038;lang=ca\"><img decoding=\"async\" src=\"\/wp-content\/uploads\/2025\/01\/terrademares-bodegas-bordoy-vinos-mallorca-1.jpg\" alt=\"\"><\/a><\/p>\n<p><!--more--><br \/>\n<!-- {\"type\":\"layout\",\"children\":[{\"type\":\"section\",\"props\":{\"animation\":\"scale-up\",\"animation_delay\":\"230\",\"header_transparent\":true,\"height\":\"page\",\"image\":\"wp-content\\\/uploads\\\/2025\\\/03\\\/Unbenannt-4.jpg\",\"image_height\":\"720\",\"image_position\":\"top-center\",\"image_size\":\"cover\",\"image_width\":\"1280\",\"media_focal_point\":\"top-center\",\"media_overlay\":\"rgba(255, 255, 255, 0.93)\",\"padding\":\"xsmall\",\"padding_remove_top\":false,\"style\":\"default\",\"title_breakpoint\":\"xl\",\"title_position\":\"top-left\",\"title_rotation\":\"left\",\"vertical_align\":\"\",\"width\":\"default\"},\"children\":[{\"type\":\"row\",\"children\":[{\"type\":\"column\",\"props\":{\"image_position\":\"center-center\",\"position_sticky_breakpoint\":\"m\"}}]}]},{\"type\":\"section\",\"props\":{\"animation\":\"slide-bottom-medium\",\"image_position\":\"center-center\",\"padding\":\"xsmall\",\"style\":\"secondary\",\"title_breakpoint\":\"xl\",\"title_position\":\"top-left\",\"title_rotation\":\"left\",\"vertical_align\":\"middle\",\"width\":\"default\"},\"children\":[{\"type\":\"row\",\"children\":[{\"type\":\"column\",\"props\":{\"image_position\":\"center-center\",\"position_sticky_breakpoint\":\"m\"},\"children\":[{\"type\":\"image\",\"props\":{\"blend\":false,\"image\":\"wp-content\\\/uploads\\\/2025\\\/02\\\/terrademares-bodegas-bordoy-vinos-mallorca.png\",\"image_svg_color\":\"emphasis\",\"image_width\":\"320\",\"margin\":\"default\",\"text_align\":\"center\"}}]}]}]},{\"type\":\"section\",\"props\":{\"animation\":\"slide-top-medium\",\"animation_delay\":\"230\",\"image\":\"wp-content\\\/uploads\\\/2025\\\/03\\\/bg1.jpg\",\"image_effect\":\"fixed\",\"image_position\":\"center-center\",\"image_size\":\"cover\",\"media_overlay\":\"rgba(255, 255, 255, 0.59)\",\"style\":\"default\",\"title_breakpoint\":\"xl\",\"title_position\":\"top-left\",\"title_rotation\":\"left\",\"vertical_align\":\"\",\"width\":\"small\"},\"children\":[{\"type\":\"row\",\"props\":{\"divider\":false,\"layout\":\"1-2,1-2\"},\"children\":[{\"type\":\"column\",\"props\":{\"image_position\":\"center-center\",\"position_sticky_breakpoint\":\"m\",\"vertical_align\":\"middle\",\"width_medium\":\"1-2\"},\"children\":[{\"type\":\"headline\",\"props\":{\"content\":\"Terra de Mar\\u00e8s\",\"margin_remove_bottom\":true,\"title_color\":\"background\",\"title_element\":\"h1\",\"title_style\":\"h3\"}},{\"type\":\"headline\",\"props\":{\"content\":\"\\u00c9s un vi que nom\\u00e9s s\\u2019elabora en anyades excepcionals.\",\"margin_remove_top\":true,\"title_element\":\"h1\",\"title_style\":\"h4\"}},{\"type\":\"text\",\"props\":{\"column_breakpoint\":\"m\",\"content\":\"Neix d\\u2019una selecci\\u00f3 meticulosa, gra a gra, dels millors ra\\u00efms, procedents de parcel\\u00b7les escollides amb cura per la seva qualitat i singularitat.\\n\",\"margin\":\"default\",\"maxwidth\":\"large\"}},{\"type\":\"text\",\"props\":{\"column_breakpoint\":\"m\",\"content\":\"La seva producci\\u00f3 limitada i elaboraci\\u00f3 precisa el converteixen en la interpretaci\\u00f3 m\\u00e9s pura i elegant del nostre paisatge vitivin\\u00edcola.\",\"margin\":\"default\",\"maxwidth\":\"large\"}}]},{\"type\":\"column\",\"props\":{\"image_position\":\"center-center\",\"position_sticky_breakpoint\":\"m\",\"width_medium\":\"1-2\"},\"children\":[{\"type\":\"image\",\"props\":{\"image\":\"wp-content\\\/uploads\\\/2025\\\/02\\\/TerradeMares-855129b3.webp\",\"image_svg_color\":\"emphasis\",\"image_width\":147,\"margin\":\"default\",\"text_align\":\"center\"}}]}]}]},{\"type\":\"section\",\"props\":{\"animation\":\"scale-down\",\"image_position\":\"center-center\",\"style\":\"secondary\",\"title_breakpoint\":\"xl\",\"title_position\":\"top-left\",\"title_rotation\":\"left\",\"vertical_align\":\"middle\",\"width\":\"default\"},\"children\":[{\"type\":\"row\",\"children\":[{\"type\":\"column\",\"props\":{\"image_position\":\"center-center\",\"position_sticky_breakpoint\":\"m\"},\"children\":[{\"type\":\"image\",\"props\":{\"image\":\"wp-content\\\/uploads\\\/2025\\\/01\\\/terrademares-bodegas-bordoy-vinos-mallorca-1.jpg\",\"image_svg_color\":\"emphasis\",\"image_width\":230,\"link\":\"terrademaresnegro\\\/?lang=ca\",\"margin\":\"default\",\"text_align\":\"center\"}}]}]}]}],\"version\":\"4.5.21\"} --><\/p>\n","protected":false},"excerpt":{"rendered":"<p>Terra de Mar\u00e8s \u00c9s un vi que nom\u00e9s s\u2019elabora en anyades excepcionals. Neix d\u2019una selecci\u00f3 meticulosa, gra a gra, dels millors ra\u00efms, procedents de parcel\u00b7les escollides amb cura per la seva qualitat i singularitat. La seva producci\u00f3 limitada i elaboraci\u00f3 precisa el converteixen en la interpretaci\u00f3 m\u00e9s pura i elegant del nostre paisatge vitivin\u00edcola.<\/p>\n","protected":false},"author":1,"featured_media":0,"parent":0,"menu_order":0,"comment_status":"closed","ping_status":"closed","template":"","meta":{"footnotes":""},"class_list":["post-2540","page","type-page","status-publish","hentry"],"yoast_head":"<!-- This site is optimized with the Yoast SEO plugin v26.0 - https:\/\/yoast.com\/wordpress\/plugins\/seo\/ -->\n<title>Terra de Mar\u00e9s - Bodegas Bordoy<\/title>\n<meta name=\"robots\" content=\"index, follow, max-snippet:-1, max-image-preview:large, max-video-preview:-1\" \/>\n<link rel=\"canonical\" href=\"https:\/\/booking.bodegasbordoy.es\/ca\/terra-de-mares\/\" \/>\n<meta property=\"og:locale\" content=\"ca_ES\" \/>\n<meta property=\"og:type\" content=\"article\" \/>\n<meta property=\"og:title\" content=\"Terra de Mar\u00e9s - Bodegas Bordoy\" \/>\n<meta property=\"og:description\" content=\"Terra de Mar\u00e8s \u00c9s un vi que nom\u00e9s s\u2019elabora en anyades excepcionals. Neix d\u2019una selecci\u00f3 meticulosa, gra a gra, dels millors ra\u00efms, procedents de parcel\u00b7les escollides amb cura per la seva qualitat i singularitat. La seva producci\u00f3 limitada i elaboraci\u00f3 precisa el converteixen en la interpretaci\u00f3 m\u00e9s pura i elegant del nostre paisatge vitivin\u00edcola.\" \/>\n<meta property=\"og:url\" content=\"https:\/\/booking.bodegasbordoy.es\/ca\/terra-de-mares\/\" \/>\n<meta property=\"og:site_name\" content=\"Bodegas Bordoy\" \/>\n<meta property=\"article:modified_time\" content=\"2025-07-30T09:17:23+00:00\" \/>\n<meta property=\"og:image\" content=\"https:\/\/booking.bodegasbordoy.es\/wp-content\/uploads\/2025\/08\/Bodegas-Bordoy_37-2048x1365.jpg\" \/>\n\t<meta property=\"og:image:width\" content=\"2048\" \/>\n\t<meta property=\"og:image:height\" content=\"1365\" \/>\n<meta name=\"twitter:card\" content=\"summary_large_image\" \/>\n<script type=\"application\/ld+json\" class=\"yoast-schema-graph\">{\"@context\":\"https:\/\/schema.org\",\"@graph\":[{\"@type\":\"WebPage\",\"@id\":\"https:\/\/booking.bodegasbordoy.es\/ca\/terra-de-mares\/\",\"url\":\"https:\/\/booking.bodegasbordoy.es\/ca\/terra-de-mares\/\",\"name\":\"Terra de Mar\u00e9s - Bodegas Bordoy\",\"isPartOf\":{\"@id\":\"https:\/\/booking.bodegasbordoy.es\/ca\/#website\"},\"datePublished\":\"2025-01-09T19:15:32+00:00\",\"dateModified\":\"2025-07-30T09:17:23+00:00\",\"breadcrumb\":{\"@id\":\"https:\/\/booking.bodegasbordoy.es\/ca\/terra-de-mares\/#breadcrumb\"},\"inLanguage\":\"ca\",\"potentialAction\":[{\"@type\":\"ReadAction\",\"target\":[\"https:\/\/booking.bodegasbordoy.es\/ca\/terra-de-mares\/\"]}]},{\"@type\":\"BreadcrumbList\",\"@id\":\"https:\/\/booking.bodegasbordoy.es\/ca\/terra-de-mares\/#breadcrumb\",\"itemListElement\":[{\"@type\":\"ListItem\",\"position\":1,\"name\":\"Home\",\"item\":\"https:\/\/booking.bodegasbordoy.es\/ca\/?lang=ca\"},{\"@type\":\"ListItem\",\"position\":2,\"name\":\"Terra de Mar\u00e9s\"}]},{\"@type\":\"WebSite\",\"@id\":\"https:\/\/booking.bodegasbordoy.es\/ca\/#website\",\"url\":\"https:\/\/booking.bodegasbordoy.es\/ca\/\",\"name\":\"Bodegas Bordoy\",\"description\":\"\",\"potentialAction\":[{\"@type\":\"SearchAction\",\"target\":{\"@type\":\"EntryPoint\",\"urlTemplate\":\"https:\/\/booking.bodegasbordoy.es\/ca\/?s={search_term_string}\"},\"query-input\":{\"@type\":\"PropertyValueSpecification\",\"valueRequired\":true,\"valueName\":\"search_term_string\"}}],\"inLanguage\":\"ca\"}]}<\/script>\n<meta property=\"og:locale:alternate\" content=\"es_ES\" \/>\n\t<meta property=\"og:locale:alternate\" content=\"de_DE\" \/>\n\t<meta property=\"og:locale:alternate\" content=\"en_US\" \/>\n<!-- \/ Yoast SEO plugin. -->","yoast_head_json":{"title":"Terra de Mar\u00e9s - Bodegas Bordoy","robots":{"index":"index","follow":"follow","max-snippet":"max-snippet:-1","max-image-preview":"max-image-preview:large","max-video-preview":"max-video-preview:-1"},"canonical":"https:\/\/booking.bodegasbordoy.es\/ca\/terra-de-mares\/","og_locale":"ca_ES","og_type":"article","og_title":"Terra de Mar\u00e9s - Bodegas Bordoy","og_description":"Terra de Mar\u00e8s \u00c9s un vi que nom\u00e9s s\u2019elabora en anyades excepcionals. Neix d\u2019una selecci\u00f3 meticulosa, gra a gra, dels millors ra\u00efms, procedents de parcel\u00b7les escollides amb cura per la seva qualitat i singularitat. La seva producci\u00f3 limitada i elaboraci\u00f3 precisa el converteixen en la interpretaci\u00f3 m\u00e9s pura i elegant del nostre paisatge vitivin\u00edcola.","og_url":"https:\/\/booking.bodegasbordoy.es\/ca\/terra-de-mares\/","og_site_name":"Bodegas Bordoy","article_modified_time":"2025-07-30T09:17:23+00:00","og_image":[{"url":"https:\/\/booking.bodegasbordoy.es\/wp-content\/uploads\/2025\/08\/Bodegas-Bordoy_37-2048x1365.jpg","width":2048,"height":1365,"type":""}],"twitter_card":"summary_large_image","schema":{"@context":"https:\/\/schema.org","@graph":[{"@type":"WebPage","@id":"https:\/\/booking.bodegasbordoy.es\/ca\/terra-de-mares\/","url":"https:\/\/booking.bodegasbordoy.es\/ca\/terra-de-mares\/","name":"Terra de Mar\u00e9s - Bodegas Bordoy","isPartOf":{"@id":"https:\/\/booking.bodegasbordoy.es\/ca\/#website"},"datePublished":"2025-01-09T19:15:32+00:00","dateModified":"2025-07-30T09:17:23+00:00","breadcrumb":{"@id":"https:\/\/booking.bodegasbordoy.es\/ca\/terra-de-mares\/#breadcrumb"},"inLanguage":"ca","potentialAction":[{"@type":"ReadAction","target":["https:\/\/booking.bodegasbordoy.es\/ca\/terra-de-mares\/"]}]},{"@type":"BreadcrumbList","@id":"https:\/\/booking.bodegasbordoy.es\/ca\/terra-de-mares\/#breadcrumb","itemListElement":[{"@type":"ListItem","position":1,"name":"Home","item":"https:\/\/booking.bodegasbordoy.es\/ca\/?lang=ca"},{"@type":"ListItem","position":2,"name":"Terra de Mar\u00e9s"}]},{"@type":"WebSite","@id":"https:\/\/booking.bodegasbordoy.es\/ca\/#website","url":"https:\/\/booking.bodegasbordoy.es\/ca\/","name":"Bodegas Bordoy","description":"","potentialAction":[{"@type":"SearchAction","target":{"@type":"EntryPoint","urlTemplate":"https:\/\/booking.bodegasbordoy.es\/ca\/?s={search_term_string}"},"query-input":{"@type":"PropertyValueSpecification","valueRequired":true,"valueName":"search_term_string"}}],"inLanguage":"ca"}]}},"_links":{"self":[{"href":"https:\/\/booking.bodegasbordoy.es\/ca\/wp-json\/wp\/v2\/pages\/2540","targetHints":{"allow":["GET"]}}],"collection":[{"href":"https:\/\/booking.bodegasbordoy.es\/ca\/wp-json\/wp\/v2\/pages"}],"about":[{"href":"https:\/\/booking.bodegasbordoy.es\/ca\/wp-json\/wp\/v2\/types\/page"}],"author":[{"embeddable":true,"href":"https:\/\/booking.bodegasbordoy.es\/ca\/wp-json\/wp\/v2\/users\/1"}],"replies":[{"embeddable":true,"href":"https:\/\/booking.bodegasbordoy.es\/ca\/wp-json\/wp\/v2\/comments?post=2540"}],"version-history":[{"count":14,"href":"https:\/\/booking.bodegasbordoy.es\/ca\/wp-json\/wp\/v2\/pages\/2540\/revisions"}],"predecessor-version":[{"id":12158,"href":"https:\/\/booking.bodegasbordoy.es\/ca\/wp-json\/wp\/v2\/pages\/2540\/revisions\/12158"}],"wp:attachment":[{"href":"https:\/\/booking.bodegasbordoy.es\/ca\/wp-json\/wp\/v2\/media?parent=2540"}],"curies":[{"name":"wp","href":"https:\/\/api.w.org\/{rel}","templated":true}]}}