{"id":4917,"date":"2025-02-12T13:21:08","date_gmt":"2025-02-12T12:21:08","guid":{"rendered":"https:\/\/booking.bodegasbordoy.es\/?page_id=4917"},"modified":"2025-03-16T12:47:09","modified_gmt":"2025-03-16T11:47:09","slug":"winetasting-wine-tour-ca-en","status":"publish","type":"page","link":"https:\/\/booking.bodegasbordoy.es\/ca\/winetasting-wine-tour-ca-en\/","title":{"rendered":"Winetasting &amp; wine tour 1 \u00e9s a"},"content":{"rendered":"<div>Tast de vins i visita guiada<\/div>\n<p><img decoding=\"async\" src=\"\/wp-content\/uploads\/2025\/02\/uk-flag.png\" alt=\"\"><\/p>\n<h1>Sommer &#8211; M\u00e4rz bis Oktober  <\/h1>\n<h1>Zu den f\u00fcnf Weinen serviren wir: 1. Vegetari\u00e0 Tapes oder 2. Pa amb Oli, einfach bei der Buchung w\u00e4hlen. Jeder Erwachsene (+18) erh\u00e4lt eine Tapes Portion.   <\/h1>\n<hr>\n<div>\n<p>[bookly-form category_id=&#8221;1&#8243; service_id=&#8221;7&#8243; staff_member_id=&#8221;4&#8243; show_number_of_persons=&#8221;1&#8243; hide=&#8221;categories,staff_members,week_days,time_range&#8221;]<span><\/span><\/p>\n<ul class=\"uk-list uk-list-bullet\">\n<li>Sprache: Englisch<\/li>\n<li>10:00-11:30 Uhr<\/li>\n<li>Max. 30 pers. <\/li>\n<li>Kinder bis 5 Jahre: Gratis<\/li>\n<li>Kinder &amp; Jugendliche 6 &#8211; 17 Jahre: 50%<\/li>\n<li>Preis: 35,- \u20ac<\/li>\n<\/ul>\n<\/div>\n<hr>\n<div>Stornierungsbedingungen<br \/>\n Bis 72 Stunden vor der Aktivit\u00e4t: 100% Erstattung. 24 bis 72 Stunden vor der Aktivit\u00e4t: 50 % Erstattung. Weniger als 24 Stunden vor der Aktivit\u00e4t: Keine Erstattung.  <\/p>\n<p>Sollte die Aktivit\u00e4t aufgrund ung\u00fcnstiger Wetterbedingungen oder anderer unvorhersehbarer Umst\u00e4nde, die au\u00dferhalb der Kontrolle der Veranstalter legen, nicht durchgef\u00fchrt werden k\u00f6nnen, wird sie auf denselben Tag .<\/p>\n<p>Bei jeder Stornierungsanfrage wird vor der R\u00fcckerstattung gepr\u00fcft, ob eine Termin\u00e4nderung bevorzugt wird.<\/p><\/div>\n<ul>\n<li>\n<p>        <img decoding=\"async\" src=\"\/wp-content\/uploads\/2025\/02\/Bildschirmfoto-2025-02-08-um-18.11.39.png\" alt=\"\"><\/p>\n<p><img decoding=\"async\" src=\"\/wp-content\/uploads\/2025\/02\/Bildschirmfoto-2025-02-08-um-18.11.47.png\" alt=\"\"><\/p>\n<h3>1. Vegetari\u00e0 (mind. 2 Personen)<\/h3>\n<p>Perfekt f\u00fcr alle, die \u00e9s frisch und leicht m\u00f6gen.<\/p>\n<div>\n<ul class=\"uk-list uk-list-bullet\">\n<li>Mallorquinisches Brot<\/li>\n<li>Hummus, frisches Gem\u00fcse und Obst der Saison<\/li>\n<li>(Optional) mallorquinischer K\u00e4se<\/li>\n<li>Oliven, N\u00fcsse und typisch mallorquinische Kekse<\/li>\n<li>Aufpreis f\u00fcr die vegetarische Variant: +4 Euro<\/li>\n<\/ul>\n<\/div>\n<\/li>\n<li>\n<p>        <img decoding=\"async\" src=\"\/wp-content\/uploads\/2025\/02\/Bildschirmfoto-2025-02-08-um-18.11.47.png\" alt=\"\"><\/p>\n<p><img decoding=\"async\" src=\"\/wp-content\/uploads\/2025\/02\/Bildschirmfoto-2025-02-08-um-18.11.47.png\" alt=\"\"><\/p>\n<h3>2. Pa amb Oli<\/h3>\n<p>Wenn du Lust auf echte mallorquinische Tradition hast.<\/p>\n<div>\n<ul class=\"uk-list uk-list-bullet\">\n<li>Rustikalem Pan Moreno\n<\/li>\n<li>Serrano-Schinken, Xori\u00e7o, Llonganissa und Sobrassada\n<\/li>\n<li>Mallorquinischen K\u00e4sesorten\n<\/li>\n<li>Oliven und typisch mallorquinischen Keksen\n<\/li>\n<li>Frischem Obst der Saison\n<\/li>\n<\/ul>\n<\/div>\n<\/li>\n<\/ul>\n<hr>\n<p><!--more--><br \/>\n<!-- {\"type\":\"layout\",\"children\":[{\"type\":\"section\",\"props\":{\"animation\":\"scale-up\",\"animation_delay\":\"230\",\"header_transparent\":true,\"header_transparent_text_color\":\"light\",\"height\":\"page\",\"image_height\":\"720\",\"image_position\":\"top-center\",\"image_size\":\"cover\",\"image_width\":\"1280\",\"media_focal_point\":\"top-center\",\"media_overlay\":\"rgba(0, 0, 0, 0.63)\",\"padding_remove_top\":false,\"preserve_color\":false,\"style\":\"default\",\"text_color\":\"light\",\"title_breakpoint\":\"xl\",\"title_position\":\"top-left\",\"title_rotation\":\"left\",\"vertical_align\":\"\",\"video\":\"wp-content\\\/uploads\\\/2025\\\/01\\\/0111_854x480_MP4.mp4\",\"width\":\"large\"},\"children\":[{\"type\":\"row\",\"children\":[{\"type\":\"column\",\"props\":{\"image_position\":\"center-center\",\"position_sticky_breakpoint\":\"m\"},\"children\":[{\"type\":\"headline\",\"props\":{\"content\":\"Cata de vinos y visita guiada\",\"margin\":\"remove-vertical\",\"margin_remove_bottom\":true,\"margin_remove_top\":true,\"text_align\":\"center\",\"title_element\":\"div\",\"title_style\":\"h1\"}},{\"type\":\"image\",\"props\":{\"image\":\"wp-content\\\/uploads\\\/2025\\\/02\\\/uk-flag.png\",\"image_svg_color\":\"emphasis\",\"image_width\":74,\"margin\":\"default\",\"text_align\":\"center\"}}]}]}]},{\"type\":\"section\",\"props\":{\"animation\":\"slide-top-medium\",\"animation_delay\":\"230\",\"image_effect\":\"fixed\",\"image_position\":\"center-center\",\"image_size\":\"cover\",\"media_overlay\":\"rgb(255, 255, 255)\",\"padding\":\"small\",\"padding_remove_bottom\":true,\"padding_remove_top\":true,\"style\":\"muted\",\"title_breakpoint\":\"xl\",\"title_position\":\"top-left\",\"title_rotation\":\"left\",\"vertical_align\":\"\",\"video\":\"wp-content\\\/uploads\\\/2025\\\/01\\\/0111_854x480_MP4.mp4\",\"width\":\"large\"},\"children\":[{\"type\":\"row\",\"props\":{\"column_gap\":\"collapse\",\"divider\":false,\"layout\":\"1-2,1-2\",\"row_gap\":\"collapse\"},\"children\":[{\"type\":\"column\",\"props\":{\"image\":\"wp-content\\\/uploads\\\/2025\\\/02\\\/spanish-group-oli-bodegas-bordoy-weinprobe.jpg\",\"image_position\":\"center-center\",\"image_size\":\"cover\",\"media_overlay\":\"rgb(255, 255, 255)\",\"position_sticky_breakpoint\":\"m\",\"width_medium\":\"1-2\"},\"children\":[{\"type\":\"headline\",\"props\":{\"content\":\"Sommer - M\\u00e4rz bis Oktober \",\"margin_remove_bottom\":true,\"margin_remove_top\":true,\"title_element\":\"h1\",\"title_style\":\"h3\"}},{\"type\":\"headline\",\"props\":{\"content\":\"Zu den f\\u00fcnf Weinen servieren wir: 1. Vegetariano Tapas oder 2. Pa amb Oli, einfach bei der Buchung w\\u00e4hlen. Jeder Erwachsene (+18) erh\\u00e4lt eine Tapas Portion.\",\"margin\":\"small\",\"margin_remove_top\":false,\"maxwidth\":\"large\",\"title_element\":\"h1\",\"title_style\":\"h5\"}},{\"type\":\"divider\",\"props\":{\"divider_element\":\"hr\"}},{\"type\":\"text\",\"props\":{\"column_breakpoint\":\"m\",\"content\":\"\n\n<p>[bookly-form category_id=\\\"1\\\" service_id=\\\"7\\\" staff_member_id=\\\"4\\\" show_number_of_persons=\\\"1\\\" hide=\\\"categories,staff_members,week_days,time_range\\\"]<span><\\\/span><\\\/p>\\n\n\n<ul class=\\\"uk-list uk-list-bullet\\\">\\n\n\n<li>Sprache: Englisch<\\\/li>\\n\n\n<li>10:00 - 11:30 Uhr<\\\/li>\\n\n\n<li>Max. 30 pers.<\\\/li>\\n\n\n<li>Kinder bis 5 Jahre: Gratis<\\\/li>\\n\n\n<li>Kinder &amp; Jugendliche 6 - 17 Jahre: 50%<\\\/li>\\n\n\n<li>Preis: 35,- \\u20ac<\\\/li>\\n<\\\/ul>\\n\n\n<p><\\\/p>\",\"margin\":\"default\"}},{\"type\":\"divider\",\"props\":{\"divider_element\":\"hr\"}},{\"type\":\"text\",\"props\":{\"column_breakpoint\":\"m\",\"content\":\"Stornierungsbedingungen\\nBis 72 Stunden vor der Aktivit\\u00e4t: 100 % Erstattung. 24 bis 72 Stunden vor der Aktivit\\u00e4t: 50 % Erstattung. Weniger als 24 Stunden vor der Aktivit\\u00e4t: Keine Erstattung.\\n\\nSollte die Aktivit\\u00e4t aufgrund ung\\u00fcnstiger Wetterbedingungen oder anderer unvorhersehbarer Umst\\u00e4nde, die au\\u00dferhalb der Kontrolle der Veranstalter liegen, nicht durchgef\\u00fchrt werden k\\u00f6nnen, wird sie auf denselben Tag verschoben, jedoch nicht storniert.\\n\\nBei jeder Stornierungsanfrage wird vor der R\\u00fcckerstattung gepr\\u00fcft, ob eine Termin\\u00e4nderung bevorzugt wird.\",\"margin\":\"default\",\"text_style\":\"meta\"}}]},{\"type\":\"column\",\"props\":{\"image\":\"wp-content\\\/uploads\\\/2025\\\/02\\\/spanish-group-oli-bodegas-bordoy-weinprobe.jpg\",\"image_position\":\"center-center\",\"image_size\":\"cover\",\"media_overlay\":\"#FFFFFF\",\"position_sticky_breakpoint\":\"m\",\"width_medium\":\"1-2\"},\"children\":[{\"type\":\"grid\",\"props\":{\"content_column_breakpoint\":\"m\",\"filter_align\":\"left\",\"filter_all\":true,\"filter_grid_breakpoint\":\"m\",\"filter_grid_width\":\"auto\",\"filter_position\":\"top\",\"filter_style\":\"tab\",\"grid_default\":\"1\",\"grid_large\":\"2\",\"grid_medium\":\"2\",\"grid_small\":\"2\",\"grid_xlarge\":\"2\",\"icon_width\":80,\"image_align\":\"top\",\"image_grid_breakpoint\":\"m\",\"image_grid_width\":\"1-2\",\"image_svg_color\":\"emphasis\",\"item_animation\":true,\"lightbox_bg_close\":true,\"link_style\":\"default\",\"link_text\":\"Read more\",\"margin\":\"default\",\"meta_align\":\"below-title\",\"meta_element\":\"div\",\"meta_margin\":\"small\",\"meta_style\":\"text-meta\",\"show_content\":true,\"show_hover_image\":true,\"show_hover_video\":true,\"show_image\":true,\"show_link\":true,\"show_meta\":true,\"show_title\":true,\"show_video\":true,\"title_align\":\"top\",\"title_element\":\"h3\",\"title_grid_breakpoint\":\"m\",\"title_grid_width\":\"1-2\",\"title_hover_style\":\"reset\"},\"children\":[{\"type\":\"grid_item\",\"props\":{\"content\":\"\n\n<ul class=\\\"uk-list uk-list-bullet\\\">\\n\n\n<li>Mallorquinisches Brot<\\\/li>\\n\n\n<li>Hummus, frisches Gem\\u00fcse und Obst der Saison<\\\/li>\\n\n\n<li>(Optional) mallorquinischer K\\u00e4se<\\\/li>\\n\n\n<li>Oliven, N\\u00fcsse und typisch mallorquinische Kekse<\\\/li>\\n\n\n<li>Aufpreis f\\u00fcr die vegetarische Variante: +4 Euro<\\\/li>\\n\\n<\\\/ul>\\n\n\n<p><\\\/p>\",\"hover_image\":\"wp-content\\\/uploads\\\/2025\\\/02\\\/Bildschirmfoto-2025-02-08-um-18.11.47.png\",\"hover_video\":\"\",\"image\":\"wp-content\\\/uploads\\\/2025\\\/02\\\/Bildschirmfoto-2025-02-08-um-18.11.39.png\",\"meta\":\"Perfekt f\\u00fcr alle, die es frisch und leicht m\\u00f6gen.\",\"title\":\"1. Vegetariano (mind. 2 Personen)\"}},{\"type\":\"grid_item\",\"props\":{\"content\":\"\n\n<p>\n\n<ul class=\\\"uk-list uk-list-bullet\\\">\\n    \n\n<li>Rustikalem Pan Moreno\\n\\n<\\\/li>\\n    \n\n<li>Serrano-Schinken, Chorizo, Salchich\\u00f3n und Sobrasada\\n\\n<\\\/li>\\n    \n\n<li>Mallorquinischen K\\u00e4sesorten\\n\\n\\n<\\\/li>\\n     \n\n<li>Oliven und typisch mallorquinischen Keksen\\n\\n<\\\/li>\\n   \n\n<li>Frischem Obst der Saison\\n<\\\/li>\\n\\n<\\\/ul><\\\/p>\\n\n\n<p><\\\/p>\\n\",\"hover_image\":\"wp-content\\\/uploads\\\/2025\\\/02\\\/Bildschirmfoto-2025-02-08-um-18.11.47.png\",\"hover_video\":\"\",\"image\":\"wp-content\\\/uploads\\\/2025\\\/02\\\/Bildschirmfoto-2025-02-08-um-18.11.47.png\",\"meta\":\"Wenn du Lust auf echte mallorquinische Tradition hast.\",\"title\":\"2. Pa amb Oli\"}}]},{\"type\":\"divider\",\"props\":{\"divider_element\":\"hr\"}}]}]}]}],\"version\":\"4.5.0\"} --><\/p>\n","protected":false},"excerpt":{"rendered":"<p>Tast de vins i visita guiada Sommer &#8211; M\u00e4rz bis Oktober Zu den f\u00fcnf Weinen serviren wir: 1. Vegetari\u00e0 Tapes oder 2. Pa amb Oli, einfach bei der Buchung w\u00e4hlen. Jeder Erwachsene (+18) erh\u00e4lt eine Tapes Portion. [bookly-form category_id=&#8221;1&#8243; service_id=&#8221;7&#8243; staff_member_id=&#8221;4&#8243; show_number_of_persons=&#8221;1&#8243; hide=&#8221;categories,staff_members,week_days,time_range&#8221;] Sprache: Englisch 10:00-11:30 Uhr Max. 30 pers. Kinder bis 5 Jahre: Gratis [&hellip;]<\/p>\n","protected":false},"author":1,"featured_media":0,"parent":0,"menu_order":0,"comment_status":"closed","ping_status":"closed","template":"","meta":{"footnotes":""},"class_list":["post-4917","page","type-page","status-publish","hentry"],"yoast_head":"<!-- This site is optimized with the Yoast SEO plugin v26.0 - https:\/\/yoast.com\/wordpress\/plugins\/seo\/ -->\n<title>Winetasting &amp; wine tour 1 \u00e9s a - Bodegas Bordoy<\/title>\n<meta name=\"robots\" content=\"index, follow, max-snippet:-1, max-image-preview:large, max-video-preview:-1\" \/>\n<link rel=\"canonical\" href=\"https:\/\/booking.bodegasbordoy.es\/ca\/winetasting-wine-tour-ca-en\/\" \/>\n<meta property=\"og:locale\" content=\"ca_ES\" \/>\n<meta property=\"og:type\" content=\"article\" \/>\n<meta property=\"og:title\" content=\"Winetasting &amp; wine tour 1 \u00e9s a - Bodegas Bordoy\" \/>\n<meta property=\"og:description\" content=\"Tast de vins i visita guiada Sommer &#8211; M\u00e4rz bis Oktober Zu den f\u00fcnf Weinen serviren wir: 1. Vegetari\u00e0 Tapes oder 2. Pa amb Oli, einfach bei der Buchung w\u00e4hlen. Jeder Erwachsene (+18) erh\u00e4lt eine Tapes Portion. [bookly-form category_id=&#8221;1&#8243; service_id=&#8221;7&#8243; staff_member_id=&#8221;4&#8243; show_number_of_persons=&#8221;1&#8243; hide=&#8221;categories,staff_members,week_days,time_range&#8221;] Sprache: Englisch 10:00-11:30 Uhr Max. 30 pers. Kinder bis 5 Jahre: Gratis [&hellip;]\" \/>\n<meta property=\"og:url\" content=\"https:\/\/booking.bodegasbordoy.es\/ca\/winetasting-wine-tour-ca-en\/\" \/>\n<meta property=\"og:site_name\" content=\"Bodegas Bordoy\" \/>\n<meta property=\"article:modified_time\" content=\"2025-03-16T11:47:09+00:00\" \/>\n<meta property=\"og:image\" content=\"https:\/\/booking.bodegasbordoy.es\/wp-content\/uploads\/2025\/08\/Bodegas-Bordoy_37-2048x1365.jpg\" \/>\n\t<meta property=\"og:image:width\" content=\"2048\" \/>\n\t<meta property=\"og:image:height\" content=\"1365\" \/>\n<meta name=\"twitter:card\" content=\"summary_large_image\" \/>\n<script type=\"application\/ld+json\" class=\"yoast-schema-graph\">{\"@context\":\"https:\/\/schema.org\",\"@graph\":[{\"@type\":\"WebPage\",\"@id\":\"https:\/\/booking.bodegasbordoy.es\/ca\/winetasting-wine-tour-ca-en\/\",\"url\":\"https:\/\/booking.bodegasbordoy.es\/ca\/winetasting-wine-tour-ca-en\/\",\"name\":\"Winetasting &amp; wine tour 1 \u00e9s a - Bodegas Bordoy\",\"isPartOf\":{\"@id\":\"https:\/\/booking.bodegasbordoy.es\/ca\/#website\"},\"datePublished\":\"2025-02-12T12:21:08+00:00\",\"dateModified\":\"2025-03-16T11:47:09+00:00\",\"breadcrumb\":{\"@id\":\"https:\/\/booking.bodegasbordoy.es\/ca\/winetasting-wine-tour-ca-en\/#breadcrumb\"},\"inLanguage\":\"ca\",\"potentialAction\":[{\"@type\":\"ReadAction\",\"target\":[\"https:\/\/booking.bodegasbordoy.es\/ca\/winetasting-wine-tour-ca-en\/\"]}]},{\"@type\":\"BreadcrumbList\",\"@id\":\"https:\/\/booking.bodegasbordoy.es\/ca\/winetasting-wine-tour-ca-en\/#breadcrumb\",\"itemListElement\":[{\"@type\":\"ListItem\",\"position\":1,\"name\":\"Home\",\"item\":\"https:\/\/booking.bodegasbordoy.es\/ca\/?lang=ca\"},{\"@type\":\"ListItem\",\"position\":2,\"name\":\"Winetasting &amp; wine tour 1 \u00e9s a\"}]},{\"@type\":\"WebSite\",\"@id\":\"https:\/\/booking.bodegasbordoy.es\/ca\/#website\",\"url\":\"https:\/\/booking.bodegasbordoy.es\/ca\/\",\"name\":\"Bodegas Bordoy\",\"description\":\"\",\"potentialAction\":[{\"@type\":\"SearchAction\",\"target\":{\"@type\":\"EntryPoint\",\"urlTemplate\":\"https:\/\/booking.bodegasbordoy.es\/ca\/?s={search_term_string}\"},\"query-input\":{\"@type\":\"PropertyValueSpecification\",\"valueRequired\":true,\"valueName\":\"search_term_string\"}}],\"inLanguage\":\"ca\"}]}<\/script>\n<meta property=\"og:locale:alternate\" content=\"es_ES\" \/>\n\t<meta property=\"og:locale:alternate\" content=\"de_DE\" \/>\n\t<meta property=\"og:locale:alternate\" content=\"en_US\" \/>\n<!-- \/ Yoast SEO plugin. -->","yoast_head_json":{"title":"Winetasting &amp; wine tour 1 \u00e9s a - Bodegas Bordoy","robots":{"index":"index","follow":"follow","max-snippet":"max-snippet:-1","max-image-preview":"max-image-preview:large","max-video-preview":"max-video-preview:-1"},"canonical":"https:\/\/booking.bodegasbordoy.es\/ca\/winetasting-wine-tour-ca-en\/","og_locale":"ca_ES","og_type":"article","og_title":"Winetasting &amp; wine tour 1 \u00e9s a - Bodegas Bordoy","og_description":"Tast de vins i visita guiada Sommer &#8211; M\u00e4rz bis Oktober Zu den f\u00fcnf Weinen serviren wir: 1. Vegetari\u00e0 Tapes oder 2. Pa amb Oli, einfach bei der Buchung w\u00e4hlen. Jeder Erwachsene (+18) erh\u00e4lt eine Tapes Portion. [bookly-form category_id=&#8221;1&#8243; service_id=&#8221;7&#8243; staff_member_id=&#8221;4&#8243; show_number_of_persons=&#8221;1&#8243; hide=&#8221;categories,staff_members,week_days,time_range&#8221;] Sprache: Englisch 10:00-11:30 Uhr Max. 30 pers. Kinder bis 5 Jahre: Gratis [&hellip;]","og_url":"https:\/\/booking.bodegasbordoy.es\/ca\/winetasting-wine-tour-ca-en\/","og_site_name":"Bodegas Bordoy","article_modified_time":"2025-03-16T11:47:09+00:00","og_image":[{"url":"https:\/\/booking.bodegasbordoy.es\/wp-content\/uploads\/2025\/08\/Bodegas-Bordoy_37-2048x1365.jpg","width":2048,"height":1365,"type":""}],"twitter_card":"summary_large_image","schema":{"@context":"https:\/\/schema.org","@graph":[{"@type":"WebPage","@id":"https:\/\/booking.bodegasbordoy.es\/ca\/winetasting-wine-tour-ca-en\/","url":"https:\/\/booking.bodegasbordoy.es\/ca\/winetasting-wine-tour-ca-en\/","name":"Winetasting &amp; wine tour 1 \u00e9s a - Bodegas Bordoy","isPartOf":{"@id":"https:\/\/booking.bodegasbordoy.es\/ca\/#website"},"datePublished":"2025-02-12T12:21:08+00:00","dateModified":"2025-03-16T11:47:09+00:00","breadcrumb":{"@id":"https:\/\/booking.bodegasbordoy.es\/ca\/winetasting-wine-tour-ca-en\/#breadcrumb"},"inLanguage":"ca","potentialAction":[{"@type":"ReadAction","target":["https:\/\/booking.bodegasbordoy.es\/ca\/winetasting-wine-tour-ca-en\/"]}]},{"@type":"BreadcrumbList","@id":"https:\/\/booking.bodegasbordoy.es\/ca\/winetasting-wine-tour-ca-en\/#breadcrumb","itemListElement":[{"@type":"ListItem","position":1,"name":"Home","item":"https:\/\/booking.bodegasbordoy.es\/ca\/?lang=ca"},{"@type":"ListItem","position":2,"name":"Winetasting &amp; wine tour 1 \u00e9s a"}]},{"@type":"WebSite","@id":"https:\/\/booking.bodegasbordoy.es\/ca\/#website","url":"https:\/\/booking.bodegasbordoy.es\/ca\/","name":"Bodegas Bordoy","description":"","potentialAction":[{"@type":"SearchAction","target":{"@type":"EntryPoint","urlTemplate":"https:\/\/booking.bodegasbordoy.es\/ca\/?s={search_term_string}"},"query-input":{"@type":"PropertyValueSpecification","valueRequired":true,"valueName":"search_term_string"}}],"inLanguage":"ca"}]}},"_links":{"self":[{"href":"https:\/\/booking.bodegasbordoy.es\/ca\/wp-json\/wp\/v2\/pages\/4917","targetHints":{"allow":["GET"]}}],"collection":[{"href":"https:\/\/booking.bodegasbordoy.es\/ca\/wp-json\/wp\/v2\/pages"}],"about":[{"href":"https:\/\/booking.bodegasbordoy.es\/ca\/wp-json\/wp\/v2\/types\/page"}],"author":[{"embeddable":true,"href":"https:\/\/booking.bodegasbordoy.es\/ca\/wp-json\/wp\/v2\/users\/1"}],"replies":[{"embeddable":true,"href":"https:\/\/booking.bodegasbordoy.es\/ca\/wp-json\/wp\/v2\/comments?post=4917"}],"version-history":[{"count":6,"href":"https:\/\/booking.bodegasbordoy.es\/ca\/wp-json\/wp\/v2\/pages\/4917\/revisions"}],"predecessor-version":[{"id":9766,"href":"https:\/\/booking.bodegasbordoy.es\/ca\/wp-json\/wp\/v2\/pages\/4917\/revisions\/9766"}],"wp:attachment":[{"href":"https:\/\/booking.bodegasbordoy.es\/ca\/wp-json\/wp\/v2\/media?parent=4917"}],"curies":[{"name":"wp","href":"https:\/\/api.w.org\/{rel}","templated":true}]}}