{"id":4959,"date":"2025-02-12T14:13:24","date_gmt":"2025-02-12T13:13:24","guid":{"rendered":"https:\/\/booking.bodegasbordoy.es\/?page_id=4959"},"modified":"2025-03-16T12:47:10","modified_gmt":"2025-03-16T11:47:10","slug":"winetasting-wine-tour-3-winter-ca-es","status":"publish","type":"page","link":"https:\/\/booking.bodegasbordoy.es\/ca\/winetasting-wine-tour-3-winter-ca-es\/","title":{"rendered":"Winetasting &amp; wine tour 3 &#8211; winter &#8211; \u00e9s de"},"content":{"rendered":"<div>Tast de vins i visita guiada<\/div>\n<div>Descobriu, experimenteu i gaudiu.<\/div>\n<p><img decoding=\"async\" src=\"\/wp-content\/uploads\/2025\/02\/german-flag.png\" alt=\"\"><\/p>\n<h1>Winter &#8211; November bis Februar<\/h1>\n<h1>Zu den f\u00fcnf Weinen serviren wir: 1. Vegetari\u00e0 Tapes oder 2. Pa amb Oli, einfach bei der Buchung w\u00e4hlen. Jeder Erwachsene (+18) erh\u00e4lt eine Tapes Portion.   <\/h1>\n<hr>\n<div>[bookly-form category_id=&#8221;1&#8243; service_id=&#8221;10&#8243; staff_member_id=&#8221;6&#8243; show_number_of_persons=&#8221;1&#8243; hide=&#8221;categories,staff_members,week_days,time_range&#8221;]<\/p>\n<ul class=\"uk-list uk-list-bullet\">\n<li>Sprache: Deutsch<\/li>\n<li>12:00 &#8211; 13:30 Uhr<\/li>\n<li>Max. 15 pers. <\/li>\n<li>Kinder bis 5 Jahre: Gratis<\/li>\n<li>Kinder &amp; Jugendliche 6 &#8211; 17 Jahre: 50%<\/li>\n<li>Preis: 35,- \u20ac<\/li>\n<\/ul>\n<\/div>\n<hr>\n<div>Stornierungsbedingungen<br \/>\n Bis 72 Stunden vor der Aktivit\u00e4t: 100% Erstattung. 24 bis 72 Stunden vor der Aktivit\u00e4t: 50 % Erstattung. Weniger als 24 Stunden vor der Aktivit\u00e4t: Keine Erstattung.  <\/p>\n<p>Sollte die Aktivit\u00e4t aufgrund ung\u00fcnstiger Wetterbedingungen oder anderer unvorhersehbarer Umst\u00e4nde, die au\u00dferhalb der Kontrolle der Veranstalter legen, nicht durchgef\u00fchrt werden k\u00f6nnen, wird sie auf denselben Tag .<\/p>\n<p>Bei jeder Stornierungsanfrage wird vor der R\u00fcckerstattung gepr\u00fcft, ob eine Termin\u00e4nderung bevorzugt wird.<\/p><\/div>\n<ul>\n<li>\n<p>        <img decoding=\"async\" src=\"\/wp-content\/uploads\/2025\/02\/Bildschirmfoto-2025-02-08-um-18.11.39.png\" alt=\"\"><\/p>\n<p><img decoding=\"async\" src=\"\/wp-content\/uploads\/2025\/02\/Bildschirmfoto-2025-02-08-um-18.11.47.png\" alt=\"\"><\/p>\n<h3>1. Vegetari\u00e0 (mind. 2 Personen)<\/h3>\n<p>Perfekt f\u00fcr alle, die \u00e9s frisch und leicht m\u00f6gen.<\/p>\n<div>\n<ul class=\"uk-list uk-list-bullet\">\n<li>Mallorquinisches Brot<\/li>\n<li>Hummus, frisches Gem\u00fcse und Obst der Saison<\/li>\n<li>(Optional) mallorquinischer K\u00e4se<\/li>\n<li>Oliven, N\u00fcsse und typisch mallorquinische Kekse<\/li>\n<li>Aufpreis f\u00fcr die vegetarische Variant: +4 Euro<\/li>\n<\/ul>\n<\/div>\n<\/li>\n<li>\n<p>        <img decoding=\"async\" src=\"\/wp-content\/uploads\/2025\/02\/Bildschirmfoto-2025-02-08-um-18.11.47.png\" alt=\"\"><\/p>\n<p><img decoding=\"async\" src=\"\/wp-content\/uploads\/2025\/02\/Bildschirmfoto-2025-02-08-um-18.11.47.png\" alt=\"\"><\/p>\n<h3>2. Pa amb Oli<\/h3>\n<p>Wenn du Lust auf echte mallorquinische Tradition hast.<\/p>\n<div>\n<ul class=\"uk-list uk-list-bullet\">\n<li>Rustikalem Pan Moreno\n<\/li>\n<li>Serrano-Schinken, Xori\u00e7o, Llonganissa und Sobrassada\n<\/li>\n<li>Mallorquinischen K\u00e4sesorten\n<\/li>\n<li>Oliven und typisch mallorquinischen Keksen\n<\/li>\n<li>Frischem Obst der Saison\n<\/li>\n<\/ul>\n<\/div>\n<\/li>\n<\/ul>\n<hr>\n<ul>\n<li>\n<p>        <img decoding=\"async\" src=\"\/wp-content\/uploads\/2025\/02\/danimo74_icon_child_5_years_black_background_white_icon_modern_fc8dd8b9-8220-4247-a87a-fbf6991c77e7.png\" alt=\"\"><\/p>\n<div>Kinder: 0 &#8211; 5 Jahren<\/div>\n<p>Gratis<\/p>\n<\/li>\n<li>\n<p>        <img decoding=\"async\" src=\"\/wp-content\/uploads\/2025\/02\/youngster_17_years_black_background_white_icon_mo_d96a1343-34f2-4ca4-aae0-00c549a80a02.png\" alt=\"\"><\/p>\n<div>Kinder &amp; Jugendliche<\/div>\n<p>6 &#8211; 17 Jahre I 50%  <\/p>\n<\/li>\n<li>\n<p>        <img decoding=\"async\" src=\"\/wp-content\/uploads\/2025\/02\/danimo74_icon_adult_woman_49_years_black_background_white_icon__7a4d5e33-1517-42f3-b68f-705d1a3d61cb.png\" alt=\"\"><\/p>\n<div>Erwachsene + 18<\/div>\n<p>18+ Jahre I Tapes inklusive<\/p>\n<\/li>\n<li>\n<p>        <img decoding=\"async\" src=\"\/wp-content\/uploads\/2025\/02\/danimo74_icon_dog_cute_black_background_white_icon_modern_533770ec-0e49-43f4-9abb-b71f5446174e.png\" alt=\"\"><\/p>\n<div>Hundefreundlich<\/div>\n<p>Bringe gerne deinen Hund mit<\/p>\n<\/li>\n<\/ul>\n<p><!--more--><br \/>\n<!-- {\"type\":\"layout\",\"children\":[{\"type\":\"section\",\"props\":{\"animation\":\"scale-up\",\"animation_delay\":\"230\",\"header_transparent\":true,\"header_transparent_text_color\":\"light\",\"height\":\"page\",\"image_height\":\"720\",\"image_position\":\"top-center\",\"image_size\":\"cover\",\"image_width\":\"1280\",\"media_focal_point\":\"top-center\",\"media_overlay\":\"rgba(0, 0, 0, 0.63)\",\"padding_remove_top\":false,\"preserve_color\":false,\"style\":\"default\",\"text_color\":\"light\",\"title_breakpoint\":\"xl\",\"title_position\":\"top-left\",\"title_rotation\":\"left\",\"vertical_align\":\"\",\"video\":\"wp-content\\\/uploads\\\/2025\\\/01\\\/0111_854x480_MP4.mp4\",\"width\":\"large\"},\"children\":[{\"type\":\"row\",\"children\":[{\"type\":\"column\",\"props\":{\"image_position\":\"center-center\",\"position_sticky_breakpoint\":\"m\"},\"children\":[{\"type\":\"headline\",\"props\":{\"content\":\"Cata de vinos y visita guiada\",\"margin\":\"remove-vertical\",\"margin_remove_bottom\":true,\"margin_remove_top\":true,\"text_align\":\"center\",\"title_element\":\"div\",\"title_style\":\"h1\"}},{\"type\":\"headline\",\"props\":{\"content\":\"Descubra, experimente y disfrute.\",\"margin\":\"remove-vertical\",\"margin_remove_bottom\":true,\"margin_remove_top\":true,\"text_align\":\"center\",\"title_element\":\"div\",\"title_style\":\"h3\"},\"name\":\"erleben\"},{\"type\":\"image\",\"props\":{\"image\":\"wp-content\\\/uploads\\\/2025\\\/02\\\/german-flag.png\",\"image_svg_color\":\"emphasis\",\"image_width\":74,\"margin\":\"default\",\"text_align\":\"center\"}}]}]}]},{\"type\":\"section\",\"props\":{\"animation\":\"slide-top-medium\",\"animation_delay\":\"230\",\"image_effect\":\"fixed\",\"image_position\":\"center-center\",\"image_size\":\"cover\",\"media_overlay\":\"rgb(255, 255, 255)\",\"padding\":\"small\",\"padding_remove_bottom\":true,\"padding_remove_top\":true,\"style\":\"muted\",\"title_breakpoint\":\"xl\",\"title_position\":\"top-left\",\"title_rotation\":\"left\",\"vertical_align\":\"\",\"video\":\"wp-content\\\/uploads\\\/2025\\\/01\\\/0111_854x480_MP4.mp4\",\"width\":\"large\"},\"children\":[{\"type\":\"row\",\"props\":{\"column_gap\":\"collapse\",\"divider\":false,\"layout\":\"1-2,1-2\",\"row_gap\":\"collapse\"},\"children\":[{\"type\":\"column\",\"props\":{\"image\":\"wp-content\\\/uploads\\\/2025\\\/02\\\/spanish-group-oli-bodegas-bordoy-weinprobe.jpg\",\"image_position\":\"center-center\",\"image_size\":\"cover\",\"media_overlay\":\"rgb(255, 255, 255)\",\"position_sticky_breakpoint\":\"m\",\"width_medium\":\"1-2\"},\"children\":[{\"type\":\"headline\",\"props\":{\"content\":\"Winter - November bis Februar\",\"margin\":\"small\",\"margin_remove_bottom\":false,\"margin_remove_top\":false,\"title_element\":\"h1\",\"title_style\":\"h3\"}},{\"type\":\"headline\",\"props\":{\"content\":\"Zu den f\\u00fcnf Weinen servieren wir: 1. Vegetariano Tapas oder 2. Pa amb Oli, einfach bei der Buchung w\\u00e4hlen. Jeder Erwachsene (+18) erh\\u00e4lt eine Tapas Portion.\",\"margin\":\"small\",\"margin_remove_top\":false,\"maxwidth\":\"large\",\"title_element\":\"h1\",\"title_style\":\"h5\"}},{\"type\":\"divider\",\"props\":{\"divider_element\":\"hr\"}},{\"type\":\"text\",\"props\":{\"column_breakpoint\":\"m\",\"content\":\"[bookly-form category_id=\\\"1\\\" service_id=\\\"10\\\" staff_member_id=\\\"6\\\" show_number_of_persons=\\\"1\\\" hide=\\\"categories,staff_members,week_days,time_range\\\"]\\n\\n\n\n<ul class=\\\"uk-list uk-list-bullet\\\">\\n\n\n<li>Sprache: Deutsch<\\\/li>\\n\n\n<li>12:00 - 13:30 Uhr<\\\/li>\\n\n\n<li>Max. 15 pers.<\\\/li>\\n\n\n<li>Kinder bis 5 Jahre: Gratis<\\\/li>\\n\n\n<li>Kinder &amp; Jugendliche 6 - 17 Jahre: 50%<\\\/li>\\n\n\n<li>Preis: 35,- \\u20ac<\\\/li>\\n<\\\/ul>\",\"margin\":\"default\"}},{\"type\":\"divider\",\"props\":{\"divider_element\":\"hr\"}},{\"type\":\"text\",\"props\":{\"column_breakpoint\":\"m\",\"content\":\"Stornierungsbedingungen\\nBis 72 Stunden vor der Aktivit\\u00e4t: 100 % Erstattung. 24 bis 72 Stunden vor der Aktivit\\u00e4t: 50 % Erstattung. Weniger als 24 Stunden vor der Aktivit\\u00e4t: Keine Erstattung.\\n\\nSollte die Aktivit\\u00e4t aufgrund ung\\u00fcnstiger Wetterbedingungen oder anderer unvorhersehbarer Umst\\u00e4nde, die au\\u00dferhalb der Kontrolle der Veranstalter liegen, nicht durchgef\\u00fchrt werden k\\u00f6nnen, wird sie auf denselben Tag verschoben, jedoch nicht storniert.\\n\\nBei jeder Stornierungsanfrage wird vor der R\\u00fcckerstattung gepr\\u00fcft, ob eine Termin\\u00e4nderung bevorzugt wird.\",\"margin\":\"default\",\"text_style\":\"meta\"}}]},{\"type\":\"column\",\"props\":{\"image\":\"wp-content\\\/uploads\\\/2025\\\/02\\\/spanish-group-oli-bodegas-bordoy-weinprobe.jpg\",\"image_position\":\"center-center\",\"image_size\":\"cover\",\"media_overlay\":\"#FFFFFF\",\"position_sticky_breakpoint\":\"m\",\"width_medium\":\"1-2\"},\"children\":[{\"type\":\"grid\",\"props\":{\"content_column_breakpoint\":\"m\",\"filter_align\":\"left\",\"filter_all\":true,\"filter_grid_breakpoint\":\"m\",\"filter_grid_width\":\"auto\",\"filter_position\":\"top\",\"filter_style\":\"tab\",\"grid_default\":\"1\",\"grid_large\":\"2\",\"grid_medium\":\"2\",\"grid_small\":\"2\",\"grid_xlarge\":\"2\",\"icon_width\":80,\"image_align\":\"top\",\"image_grid_breakpoint\":\"m\",\"image_grid_width\":\"1-2\",\"image_svg_color\":\"emphasis\",\"item_animation\":true,\"lightbox_bg_close\":true,\"link_style\":\"default\",\"link_text\":\"Read more\",\"margin\":\"default\",\"meta_align\":\"below-title\",\"meta_element\":\"div\",\"meta_margin\":\"small\",\"meta_style\":\"text-meta\",\"show_content\":true,\"show_hover_image\":true,\"show_hover_video\":true,\"show_image\":true,\"show_link\":true,\"show_meta\":true,\"show_title\":true,\"show_video\":true,\"title_align\":\"top\",\"title_element\":\"h3\",\"title_grid_breakpoint\":\"m\",\"title_grid_width\":\"1-2\",\"title_hover_style\":\"reset\"},\"children\":[{\"type\":\"grid_item\",\"props\":{\"content\":\"\n\n<ul class=\\\"uk-list uk-list-bullet\\\">\\n\n\n<li>Mallorquinisches Brot<\\\/li>\\n\n\n<li>Hummus, frisches Gem\\u00fcse und Obst der Saison<\\\/li>\\n\n\n<li>(Optional) mallorquinischer K\\u00e4se<\\\/li>\\n\n\n<li>Oliven, N\\u00fcsse und typisch mallorquinische Kekse<\\\/li>\\n\n\n<li>Aufpreis f\\u00fcr die vegetarische Variante: +4 Euro<\\\/li>\\n\\n<\\\/ul>\\n\n\n<p><\\\/p>\",\"hover_image\":\"wp-content\\\/uploads\\\/2025\\\/02\\\/Bildschirmfoto-2025-02-08-um-18.11.47.png\",\"hover_video\":\"\",\"image\":\"wp-content\\\/uploads\\\/2025\\\/02\\\/Bildschirmfoto-2025-02-08-um-18.11.39.png\",\"meta\":\"Perfekt f\\u00fcr alle, die es frisch und leicht m\\u00f6gen.\",\"title\":\"1. Vegetariano (mind. 2 Personen)\"}},{\"type\":\"grid_item\",\"props\":{\"content\":\"\n\n<p>\n\n<ul class=\\\"uk-list uk-list-bullet\\\">\\n    \n\n<li>Rustikalem Pan Moreno\\n\\n<\\\/li>\\n    \n\n<li>Serrano-Schinken, Chorizo, Salchich\\u00f3n und Sobrasada\\n\\n<\\\/li>\\n    \n\n<li>Mallorquinischen K\\u00e4sesorten\\n\\n\\n<\\\/li>\\n     \n\n<li>Oliven und typisch mallorquinischen Keksen\\n\\n<\\\/li>\\n   \n\n<li>Frischem Obst der Saison\\n<\\\/li>\\n\\n<\\\/ul><\\\/p>\\n\n\n<p><\\\/p>\\n\",\"hover_image\":\"wp-content\\\/uploads\\\/2025\\\/02\\\/Bildschirmfoto-2025-02-08-um-18.11.47.png\",\"hover_video\":\"\",\"image\":\"wp-content\\\/uploads\\\/2025\\\/02\\\/Bildschirmfoto-2025-02-08-um-18.11.47.png\",\"meta\":\"Wenn du Lust auf echte mallorquinische Tradition hast.\",\"title\":\"2. Pa amb Oli\"}}]},{\"type\":\"divider\",\"props\":{\"divider_element\":\"hr\"}},{\"name\":\"Grid Center child jugendliche - 2\",\"type\":\"grid\",\"children\":[{\"type\":\"grid_item\",\"props\":{\"image\":\"wp-content\\\/uploads\\\/2025\\\/02\\\/danimo74_icon_child_5_years_black_background_white_icon_modern_fc8dd8b9-8220-4247-a87a-fbf6991c77e7.png\",\"meta\":\"Gratis\",\"title\":\"Kinder: 0 - 5 Jahren\"}},{\"type\":\"grid_item\",\"props\":{\"image\":\"wp-content\\\/uploads\\\/2025\\\/02\\\/youngster_17_years_black_background_white_icon_mo_d96a1343-34f2-4ca4-aae0-00c549a80a02.png\",\"meta\":\"6 - 17 Jahre I 50% \",\"title\":\"Kinder & Jugendliche\"}},{\"type\":\"grid_item\",\"props\":{\"image\":\"wp-content\\\/uploads\\\/2025\\\/02\\\/danimo74_icon_adult_woman_49_years_black_background_white_icon__7a4d5e33-1517-42f3-b68f-705d1a3d61cb.png\",\"meta\":\"18+ Jahre I Tapas inklusive\",\"title\":\"Erwachsene + 18\"}},{\"type\":\"grid_item\",\"props\":{\"image\":\"wp-content\\\/uploads\\\/2025\\\/02\\\/danimo74_icon_dog_cute_black_background_white_icon_modern_533770ec-0e49-43f4-9abb-b71f5446174e.png\",\"meta\":\"Bringe gerne deinen Hund mit\",\"title\":\"Hundefreundlich\"}}],\"props\":{\"block_align\":\"center\",\"content_column_breakpoint\":\"m\",\"filter_align\":\"left\",\"filter_all\":true,\"filter_grid_breakpoint\":\"m\",\"filter_grid_width\":\"auto\",\"filter_position\":\"top\",\"filter_style\":\"tab\",\"grid_column_align\":true,\"grid_column_gap\":\"small\",\"grid_default\":\"2\",\"grid_large\":\"4\",\"grid_medium\":\"4\",\"grid_row_gap\":\"small\",\"grid_small\":\"4\",\"grid_xlarge\":\"4\",\"icon_width\":80,\"image_align\":\"top\",\"image_border\":\"circle\",\"image_grid_breakpoint\":\"m\",\"image_grid_width\":\"1-2\",\"image_svg_color\":\"emphasis\",\"image_width\":\"350\",\"item_animation\":true,\"lightbox_bg_close\":true,\"link_style\":\"default\",\"link_text\":\"Read more\",\"margin\":\"\",\"meta_align\":\"below-title\",\"meta_color\":\"muted\",\"meta_element\":\"div\",\"meta_margin\":\"remove\",\"meta_style\":\"h5\",\"parallax_easing\":\"1\",\"show_content\":true,\"show_hover_image\":true,\"show_hover_video\":true,\"show_image\":true,\"show_link\":true,\"show_meta\":true,\"show_title\":true,\"show_video\":true,\"text_align\":\"center\",\"title_align\":\"top\",\"title_color\":\"muted\",\"title_element\":\"div\",\"title_grid_breakpoint\":\"m\",\"title_grid_width\":\"1-2\",\"title_hover_style\":\"reset\"}}]}]}]}],\"version\":\"4.5.0\"} --><\/p>\n","protected":false},"excerpt":{"rendered":"<p>Tast de vins i visita guiada Descobriu, experimenteu i gaudiu. Winter &#8211; November bis Februar Zu den f\u00fcnf Weinen serviren wir: 1. Vegetari\u00e0 Tapes oder 2. Pa amb Oli, einfach bei der Buchung w\u00e4hlen. Jeder Erwachsene (+18) erh\u00e4lt eine Tapes Portion. [bookly-form category_id=&#8221;1&#8243; service_id=&#8221;10&#8243; staff_member_id=&#8221;6&#8243; show_number_of_persons=&#8221;1&#8243; hide=&#8221;categories,staff_members,week_days,time_range&#8221;] Sprache: Deutsch 12:00 &#8211; 13:30 Uhr Max. 15 [&hellip;]<\/p>\n","protected":false},"author":1,"featured_media":0,"parent":0,"menu_order":0,"comment_status":"closed","ping_status":"closed","template":"","meta":{"footnotes":""},"class_list":["post-4959","page","type-page","status-publish","hentry"],"yoast_head":"<!-- This site is optimized with the Yoast SEO plugin v26.0 - https:\/\/yoast.com\/wordpress\/plugins\/seo\/ -->\n<title>Winetasting &amp; wine tour 3 - winter - \u00e9s de - Bodegas Bordoy<\/title>\n<meta name=\"robots\" content=\"index, follow, max-snippet:-1, max-image-preview:large, max-video-preview:-1\" \/>\n<link rel=\"canonical\" href=\"https:\/\/booking.bodegasbordoy.es\/ca\/winetasting-wine-tour-3-winter-ca-es\/\" \/>\n<meta property=\"og:locale\" content=\"ca_ES\" \/>\n<meta property=\"og:type\" content=\"article\" \/>\n<meta property=\"og:title\" content=\"Winetasting &amp; wine tour 3 - winter - \u00e9s de - Bodegas Bordoy\" \/>\n<meta property=\"og:description\" content=\"Tast de vins i visita guiada Descobriu, experimenteu i gaudiu. Winter &#8211; November bis Februar Zu den f\u00fcnf Weinen serviren wir: 1. Vegetari\u00e0 Tapes oder 2. Pa amb Oli, einfach bei der Buchung w\u00e4hlen. Jeder Erwachsene (+18) erh\u00e4lt eine Tapes Portion. [bookly-form category_id=&#8221;1&#8243; service_id=&#8221;10&#8243; staff_member_id=&#8221;6&#8243; show_number_of_persons=&#8221;1&#8243; hide=&#8221;categories,staff_members,week_days,time_range&#8221;] Sprache: Deutsch 12:00 &#8211; 13:30 Uhr Max. 15 [&hellip;]\" \/>\n<meta property=\"og:url\" content=\"https:\/\/booking.bodegasbordoy.es\/ca\/winetasting-wine-tour-3-winter-ca-es\/\" \/>\n<meta property=\"og:site_name\" content=\"Bodegas Bordoy\" \/>\n<meta property=\"article:modified_time\" content=\"2025-03-16T11:47:10+00:00\" \/>\n<meta property=\"og:image\" content=\"https:\/\/booking.bodegasbordoy.es\/wp-content\/uploads\/2025\/08\/Bodegas-Bordoy_37-2048x1365.jpg\" \/>\n\t<meta property=\"og:image:width\" content=\"2048\" \/>\n\t<meta property=\"og:image:height\" content=\"1365\" \/>\n<meta name=\"twitter:card\" content=\"summary_large_image\" \/>\n<script type=\"application\/ld+json\" class=\"yoast-schema-graph\">{\"@context\":\"https:\/\/schema.org\",\"@graph\":[{\"@type\":\"WebPage\",\"@id\":\"https:\/\/booking.bodegasbordoy.es\/ca\/winetasting-wine-tour-3-winter-ca-es\/\",\"url\":\"https:\/\/booking.bodegasbordoy.es\/ca\/winetasting-wine-tour-3-winter-ca-es\/\",\"name\":\"Winetasting &amp; wine tour 3 - winter - \u00e9s de - Bodegas Bordoy\",\"isPartOf\":{\"@id\":\"https:\/\/booking.bodegasbordoy.es\/ca\/#website\"},\"datePublished\":\"2025-02-12T13:13:24+00:00\",\"dateModified\":\"2025-03-16T11:47:10+00:00\",\"breadcrumb\":{\"@id\":\"https:\/\/booking.bodegasbordoy.es\/ca\/winetasting-wine-tour-3-winter-ca-es\/#breadcrumb\"},\"inLanguage\":\"ca\",\"potentialAction\":[{\"@type\":\"ReadAction\",\"target\":[\"https:\/\/booking.bodegasbordoy.es\/ca\/winetasting-wine-tour-3-winter-ca-es\/\"]}]},{\"@type\":\"BreadcrumbList\",\"@id\":\"https:\/\/booking.bodegasbordoy.es\/ca\/winetasting-wine-tour-3-winter-ca-es\/#breadcrumb\",\"itemListElement\":[{\"@type\":\"ListItem\",\"position\":1,\"name\":\"Home\",\"item\":\"https:\/\/booking.bodegasbordoy.es\/ca\/?lang=ca\"},{\"@type\":\"ListItem\",\"position\":2,\"name\":\"Winetasting &amp; wine tour 3 &#8211; winter &#8211; \u00e9s de\"}]},{\"@type\":\"WebSite\",\"@id\":\"https:\/\/booking.bodegasbordoy.es\/ca\/#website\",\"url\":\"https:\/\/booking.bodegasbordoy.es\/ca\/\",\"name\":\"Bodegas Bordoy\",\"description\":\"\",\"potentialAction\":[{\"@type\":\"SearchAction\",\"target\":{\"@type\":\"EntryPoint\",\"urlTemplate\":\"https:\/\/booking.bodegasbordoy.es\/ca\/?s={search_term_string}\"},\"query-input\":{\"@type\":\"PropertyValueSpecification\",\"valueRequired\":true,\"valueName\":\"search_term_string\"}}],\"inLanguage\":\"ca\"}]}<\/script>\n<meta property=\"og:locale:alternate\" content=\"es_ES\" \/>\n\t<meta property=\"og:locale:alternate\" content=\"de_DE\" \/>\n\t<meta property=\"og:locale:alternate\" content=\"en_US\" \/>\n<!-- \/ Yoast SEO plugin. -->","yoast_head_json":{"title":"Winetasting &amp; wine tour 3 - winter - \u00e9s de - Bodegas Bordoy","robots":{"index":"index","follow":"follow","max-snippet":"max-snippet:-1","max-image-preview":"max-image-preview:large","max-video-preview":"max-video-preview:-1"},"canonical":"https:\/\/booking.bodegasbordoy.es\/ca\/winetasting-wine-tour-3-winter-ca-es\/","og_locale":"ca_ES","og_type":"article","og_title":"Winetasting &amp; wine tour 3 - winter - \u00e9s de - Bodegas Bordoy","og_description":"Tast de vins i visita guiada Descobriu, experimenteu i gaudiu. Winter &#8211; November bis Februar Zu den f\u00fcnf Weinen serviren wir: 1. Vegetari\u00e0 Tapes oder 2. Pa amb Oli, einfach bei der Buchung w\u00e4hlen. Jeder Erwachsene (+18) erh\u00e4lt eine Tapes Portion. [bookly-form category_id=&#8221;1&#8243; service_id=&#8221;10&#8243; staff_member_id=&#8221;6&#8243; show_number_of_persons=&#8221;1&#8243; hide=&#8221;categories,staff_members,week_days,time_range&#8221;] Sprache: Deutsch 12:00 &#8211; 13:30 Uhr Max. 15 [&hellip;]","og_url":"https:\/\/booking.bodegasbordoy.es\/ca\/winetasting-wine-tour-3-winter-ca-es\/","og_site_name":"Bodegas Bordoy","article_modified_time":"2025-03-16T11:47:10+00:00","og_image":[{"url":"https:\/\/booking.bodegasbordoy.es\/wp-content\/uploads\/2025\/08\/Bodegas-Bordoy_37-2048x1365.jpg","width":2048,"height":1365,"type":""}],"twitter_card":"summary_large_image","schema":{"@context":"https:\/\/schema.org","@graph":[{"@type":"WebPage","@id":"https:\/\/booking.bodegasbordoy.es\/ca\/winetasting-wine-tour-3-winter-ca-es\/","url":"https:\/\/booking.bodegasbordoy.es\/ca\/winetasting-wine-tour-3-winter-ca-es\/","name":"Winetasting &amp; wine tour 3 - winter - \u00e9s de - Bodegas Bordoy","isPartOf":{"@id":"https:\/\/booking.bodegasbordoy.es\/ca\/#website"},"datePublished":"2025-02-12T13:13:24+00:00","dateModified":"2025-03-16T11:47:10+00:00","breadcrumb":{"@id":"https:\/\/booking.bodegasbordoy.es\/ca\/winetasting-wine-tour-3-winter-ca-es\/#breadcrumb"},"inLanguage":"ca","potentialAction":[{"@type":"ReadAction","target":["https:\/\/booking.bodegasbordoy.es\/ca\/winetasting-wine-tour-3-winter-ca-es\/"]}]},{"@type":"BreadcrumbList","@id":"https:\/\/booking.bodegasbordoy.es\/ca\/winetasting-wine-tour-3-winter-ca-es\/#breadcrumb","itemListElement":[{"@type":"ListItem","position":1,"name":"Home","item":"https:\/\/booking.bodegasbordoy.es\/ca\/?lang=ca"},{"@type":"ListItem","position":2,"name":"Winetasting &amp; wine tour 3 &#8211; winter &#8211; \u00e9s de"}]},{"@type":"WebSite","@id":"https:\/\/booking.bodegasbordoy.es\/ca\/#website","url":"https:\/\/booking.bodegasbordoy.es\/ca\/","name":"Bodegas Bordoy","description":"","potentialAction":[{"@type":"SearchAction","target":{"@type":"EntryPoint","urlTemplate":"https:\/\/booking.bodegasbordoy.es\/ca\/?s={search_term_string}"},"query-input":{"@type":"PropertyValueSpecification","valueRequired":true,"valueName":"search_term_string"}}],"inLanguage":"ca"}]}},"_links":{"self":[{"href":"https:\/\/booking.bodegasbordoy.es\/ca\/wp-json\/wp\/v2\/pages\/4959","targetHints":{"allow":["GET"]}}],"collection":[{"href":"https:\/\/booking.bodegasbordoy.es\/ca\/wp-json\/wp\/v2\/pages"}],"about":[{"href":"https:\/\/booking.bodegasbordoy.es\/ca\/wp-json\/wp\/v2\/types\/page"}],"author":[{"embeddable":true,"href":"https:\/\/booking.bodegasbordoy.es\/ca\/wp-json\/wp\/v2\/users\/1"}],"replies":[{"embeddable":true,"href":"https:\/\/booking.bodegasbordoy.es\/ca\/wp-json\/wp\/v2\/comments?post=4959"}],"version-history":[{"count":5,"href":"https:\/\/booking.bodegasbordoy.es\/ca\/wp-json\/wp\/v2\/pages\/4959\/revisions"}],"predecessor-version":[{"id":9769,"href":"https:\/\/booking.bodegasbordoy.es\/ca\/wp-json\/wp\/v2\/pages\/4959\/revisions\/9769"}],"wp:attachment":[{"href":"https:\/\/booking.bodegasbordoy.es\/ca\/wp-json\/wp\/v2\/media?parent=4959"}],"curies":[{"name":"wp","href":"https:\/\/api.w.org\/{rel}","templated":true}]}}