{"id":7083,"date":"2025-02-25T16:57:59","date_gmt":"2025-02-25T15:57:59","guid":{"rendered":"https:\/\/booking.bodegasbordoy.es\/?page_id=7083"},"modified":"2025-03-17T12:36:22","modified_gmt":"2025-03-17T11:36:22","slug":"comprador-privat-de-vi","status":"publish","type":"page","link":"https:\/\/booking.bodegasbordoy.es\/ca\/comprador-privat-de-vi\/","title":{"rendered":"Privat"},"content":{"rendered":"<div>Venda  <\/div>\n<div>Privada<\/div>\n<div>Des del nostre celler familiar fins a casa teva, cada glop et convida a assaborir la veritable ess\u00e8ncia de Mallorca \u2013 una gota exquisida alhora.<\/div>\n<h1>Pels amants del vi  <\/h1>\n<h1>que desitgen gaudir de la qualitat de Cellers Bordoy a casa,  <\/h1>\n<div>oferim la compra directa des del nostre celler. Ja sigui per a una ocasi\u00f3 especial, un regal \u00fanic o simplement per al vostre gaudi personal, comptem amb col\u00b7leccions exclusives.\n<\/div>\n<div>\nExplora la nostra selecci\u00f3 i fes la teva comanda amb facilitat. A m\u00e9s, oferim visites i tasts al nostre celler, perqu\u00e8 puguis experimentar de primera m\u00e0 el nostre proc\u00e9s d&#8217;elaboraci\u00f3 i degustar els nostres vins al lloc d&#8217;origen.\n<\/div>\n<div>\nPer a m\u00e9s informaci\u00f3 o per fer una comanda, completa el seg\u00fcent formulari i t&#8217;hi assistirem.<\/p>\n<\/div>\n<div>\n<p><a class=\"uk-button uk-button-secondary uk-button-default\" href=\"#modal-container-gastronomie\" uk-toggle=\"\">  Formulari de sol\u00b7licitud<\/a><\/p>\n<p><!-- Modal f\u00fcr gastronomie --><\/p>\n<div id=\"modal-container-gastronomie\" class=\"uk-modal-container\" uk-modal=\"\">\n<div class=\"uk-modal-dialog uk-modal-body\"><button class=\"uk-modal-close-default\" type=\"button\" uk-close=\"\"><\/button><\/p>\n<h2 class=\"uk-modal-title\"><\/h2>\n<p>[wpforms id=&#8221;4425&#8243;]<\/p>\n<\/div>\n<\/div>\n<\/div>\n<div>\n<p>    <img decoding=\"async\" src=\"\/wp-content\/uploads\/2025\/03\/tapas-bodegas-bordoy-mallorca-1.jpg\" alt=\"\"><\/p>\n<\/div>\n<p><!--more--><br \/>\n<!-- {\"type\":\"layout\",\"children\":[{\"type\":\"section\",\"props\":{\"animation\":\"scale-up\",\"animation_delay\":\"230\",\"header_transparent\":true,\"image\":\"wp-content\\\/uploads\\\/2025\\\/03\\\/wintrauben-bodegas-bordoy.jpg\",\"image_effect\":\"fixed\",\"image_position\":\"bottom-center\",\"image_size\":\"cover\",\"media_focal_point\":\"bottom-center\",\"media_overlay\":\"rgba(255, 255, 255, 0.9)\",\"padding\":\"xsmall\",\"padding_remove_top\":true,\"style\":\"default\",\"title_breakpoint\":\"xl\",\"title_position\":\"top-left\",\"title_rotation\":\"left\",\"vertical_align\":\"\",\"width\":\"default\"},\"children\":[{\"type\":\"row\",\"children\":[{\"type\":\"column\",\"props\":{\"image_position\":\"center-center\",\"position_sticky_breakpoint\":\"m\"}}]}]},{\"type\":\"section\",\"props\":{\"animation\":\"slide-bottom-medium\",\"animation_delay\":\"230\",\"height\":\"page\",\"image\":\"wp-content\\\/uploads\\\/2025\\\/03\\\/bg3-scaled.jpg\",\"image_position\":\"center-center\",\"image_size\":\"cover\",\"media_background\":\"rgba(255, 255, 255, 0.83)\",\"media_overlay\":\"rgba(255, 255, 255, 0.34)\",\"padding\":\"small\",\"style\":\"default\",\"title_breakpoint\":\"xl\",\"title_position\":\"top-left\",\"title_rotation\":\"left\",\"vertical_align\":\"\",\"width\":\"large\"},\"children\":[{\"type\":\"row\",\"children\":[{\"type\":\"column\",\"props\":{\"image_position\":\"center-center\",\"image_size\":\"cover\",\"media_overlay\":\"rgba(255, 255, 255, 0.32)\",\"position_blend\":false,\"position_sticky\":\"section\",\"position_sticky_breakpoint\":\"m\"},\"children\":[{\"type\":\"headline\",\"props\":{\"content\":\"Venta \",\"margin_remove_bottom\":true,\"margin_remove_top\":false,\"text_align\":\"center\",\"title_color\":\"background\",\"title_element\":\"div\",\"title_style\":\"h4\"}},{\"type\":\"headline\",\"props\":{\"content\":\"Privada\",\"margin_remove_bottom\":false,\"margin_remove_top\":true,\"text_align\":\"center\",\"title_color\":\"background\",\"title_element\":\"div\",\"title_style\":\"h1\"}},{\"type\":\"headline\",\"props\":{\"block_align\":\"center\",\"content\":\"Desde nuestra bodega familiar hasta tu hogar, cada sorbo te invita a saborear la verdadera esencia de Mallorca \\u2013 una gota exquisita a la vez.\",\"margin\":\"remove-vertical\",\"margin_remove_bottom\":true,\"margin_remove_top\":true,\"maxwidth\":\"large\",\"text_align\":\"center\",\"title_element\":\"div\",\"title_style\":\"h4\"}}]}],\"props\":{\"alignment\":\"center\",\"divider\":false,\"row_gap\":\"large\"}}],\"name\":\"sale headline\"},{\"type\":\"section\",\"props\":{\"animation\":\"slide-top-medium\",\"animation_delay\":\"230\",\"image\":\"wp-content\\\/uploads\\\/2025\\\/03\\\/bg1.jpg\",\"image_position\":\"center-center\",\"image_size\":\"cover\",\"media_overlay\":\"rgba(255, 255, 255, 0.72)\",\"style\":\"default\",\"title_breakpoint\":\"xl\",\"title_position\":\"top-left\",\"title_rotation\":\"left\",\"vertical_align\":\"middle\",\"width\":\"large\"},\"children\":[{\"type\":\"row\",\"children\":[{\"type\":\"column\",\"props\":{\"image_position\":\"center-center\",\"position_sticky_breakpoint\":\"m\",\"width_medium\":\"1-2\"},\"children\":[{\"type\":\"headline\",\"props\":{\"content\":\"Para los amantes del vino \",\"margin_remove_bottom\":true,\"title_color\":\"background\",\"title_element\":\"h1\",\"title_style\":\"h3\"}},{\"type\":\"headline\",\"props\":{\"content\":\"que desean disfrutar de la calidad de Bodegas Bordoy en casa, \",\"margin_remove_top\":true,\"title_element\":\"h1\",\"title_style\":\"h4\"}},{\"type\":\"text\",\"props\":{\"column_breakpoint\":\"m\",\"content\":\"ofrecemos la compra directa desde nuestra bodega. Ya sea para una ocasi\\u00f3n especial, un regalo \\u00fanico o simplemente para tu disfrute personal, contamos con colecciones exclusivas.\\n\",\"margin\":\"default\",\"maxwidth\":\"large\"}},{\"type\":\"text\",\"props\":{\"column_breakpoint\":\"m\",\"content\":\"\\nExplora nuestra selecci\\u00f3n y realiza tu pedido con facilidad. Adem\\u00e1s, ofrecemos visitas y catas en nuestra bodega, para que puedas experimentar de primera mano nuestro proceso de elaboraci\\u00f3n y degustar nuestros vinos en su lugar de origen.\\n\",\"margin\":\"default\",\"maxwidth\":\"large\"}},{\"type\":\"text\",\"props\":{\"column_breakpoint\":\"m\",\"content\":\"\\nPara m\\u00e1s informaci\\u00f3n o para realizar un pedido, completa el siguiente formulario y te asistiremos.\\n\\n\",\"margin\":\"default\",\"maxwidth\":\"large\"}},{\"type\":\"text\",\"props\":{\"column_breakpoint\":\"m\",\"content\":\"\n\n<p><a class=\\\"uk-button uk-button-secondary uk-button-default\\\" href=\\\"#modal-container-gastronomie\\\" uk-toggle=\\\"\\\"> Formulario de solicitud<\\\/a><\\\/p>\\n<!-- Modal f\\u00fcr gastronomie -->\\n<\/p>\n<div id=\\\"modal-container-gastronomie\\\" class=\\\"uk-modal-container\\\" uk-modal=\\\"\\\"> \\n<\/p>\n<div class=\\\"uk-modal-dialog uk-modal-body\\\"><button class=\\\"uk-modal-close-default\\\" type=\\\"button\\\" uk-close=\\\"\\\"><\\\/button>\\n<\/p>\n<h2 class=\\\"uk-modal-title\\\"><\\\/h2>\\n<\/p>\n<p>[wpforms id=&#8221;\\&#8221;]<\\\/p>\\n<\\\/div> \\n<\\\/div> &#8220;,&#8221;margin&#8221;:&#8221;default&#8221;,&#8221;maxwidth&#8221;:&#8221;large&#8221;}}]},{&#8220;type&#8221;:&#8221;column&#8221;,&#8221;props&#8221;:{&#8220;image_position&#8221;:&#8221;center-center&#8221;,&#8221;position_sticky_breakpoint&#8221;:&#8221;m&#8221;,&#8221;width_medium&#8221;:&#8221;1-2&#8243;},&#8221;xildren&#8221;: &#8220;:&#8221;default&#8221;,&#8221;link_text&#8221;:&#8221;Read more&#8221;,&#8221;margin&#8221;:&#8221;default&#8221;,&#8221;meta_align&#8221;:&#8221;below-title&#8221;,&#8221;meta_element&#8221;:&#8221;div&#8221;,&#8221;meta_style&#8221;:&#8221;text-meta&#8221;,&#8221;nav&#8221;:&#8221;dotnav&#8221;,&#8221;nav_align&#8221;:&#8221;cent&#8221;,&#8221;nav_breakpoint&#8221;,&#8221;s margin&#8221;:&#8221;medium&#8221;,&#8221;overlay_animation&#8221;:&#8221;parallax&#8221;,&#8221;overlay_position&#8221;:&#8221;center-left&#8221;,&#8221;show_content&#8221;:true,&#8221;show_link&#8221;:true,&#8221;show_meta&#8221;:true,&#8221;show_thumbnail&#8221;:true,&#8221;show_title&#8221;: :&#8221;s&#8221;,&#8221;sli denav_margin&#8221;:&#8221;medium&#8221;,&#8221;slidenav_outside_breakpoint&#8221;:&#8221;xl&#8221;,&#8221;slideshow_autoplay_pause&#8221;:true,&#8221;slideshow_min_height&#8221;:300,&#8221;thumbnav_height&#8221;:&#8221;75&#8243;,&#8221;thumbnav_svg_color&#8221;:&#8221;emp le_element&#8221;:&#8221;h3&#8243;,&#8221;title_hover_style&#8221;:&#8221;reset&#8221;},&#8221;children&#8221;:[{&#8220;type&#8221;:&#8221;slideshow_item&#8221;,&#8221;props&#8221;:{&#8220;image&#8221;:&#8221;wp-content\\\/uploads\\\/2025\\\/03\\\/tapes-cellers-bord-y-mallorca&#8221; :&#8221;1-2,1-2&#8243;}}]}],&#8221;version&#8221;:&#8221;4.5.5&#8243;} &#8211;&gt;<\/p>\n","protected":false},"excerpt":{"rendered":"<p>Venda Privada Des del nostre celler familiar fins a casa teva, cada glop et convida a assaborir la veritable ess\u00e8ncia de Mallorca \u2013 una gota exquisida alhora. Pels amants del vi que desitgen gaudir de la qualitat de Cellers Bordoy a casa, oferim la compra directa des del nostre celler. Ja sigui per a una [&hellip;]<\/p>\n","protected":false},"author":1,"featured_media":0,"parent":0,"menu_order":0,"comment_status":"closed","ping_status":"closed","template":"","meta":{"footnotes":""},"class_list":["post-7083","page","type-page","status-publish","hentry"],"yoast_head":"<!-- This site is optimized with the Yoast SEO plugin v26.0 - https:\/\/yoast.com\/wordpress\/plugins\/seo\/ -->\n<title>Privat - Bodegas Bordoy<\/title>\n<meta name=\"robots\" content=\"index, follow, max-snippet:-1, max-image-preview:large, max-video-preview:-1\" \/>\n<link rel=\"canonical\" href=\"https:\/\/booking.bodegasbordoy.es\/ca\/comprador-privat-de-vi\/\" \/>\n<meta property=\"og:locale\" content=\"ca_ES\" \/>\n<meta property=\"og:type\" content=\"article\" \/>\n<meta property=\"og:title\" content=\"Privat - Bodegas Bordoy\" \/>\n<meta property=\"og:description\" content=\"Venda Privada Des del nostre celler familiar fins a casa teva, cada glop et convida a assaborir la veritable ess\u00e8ncia de Mallorca \u2013 una gota exquisida alhora. Pels amants del vi que desitgen gaudir de la qualitat de Cellers Bordoy a casa, oferim la compra directa des del nostre celler. Ja sigui per a una [&hellip;]\" \/>\n<meta property=\"og:url\" content=\"https:\/\/booking.bodegasbordoy.es\/ca\/comprador-privat-de-vi\/\" \/>\n<meta property=\"og:site_name\" content=\"Bodegas Bordoy\" \/>\n<meta property=\"article:modified_time\" content=\"2025-03-17T11:36:22+00:00\" \/>\n<meta property=\"og:image\" content=\"https:\/\/booking.bodegasbordoy.es\/wp-content\/uploads\/2025\/08\/Bodegas-Bordoy_37-2048x1365.jpg\" \/>\n\t<meta property=\"og:image:width\" content=\"2048\" \/>\n\t<meta property=\"og:image:height\" content=\"1365\" \/>\n<meta name=\"twitter:card\" content=\"summary_large_image\" \/>\n<meta name=\"twitter:label1\" content=\"Est. reading time\" \/>\n\t<meta name=\"twitter:data1\" content=\"1 minute\" \/>\n<script type=\"application\/ld+json\" class=\"yoast-schema-graph\">{\"@context\":\"https:\/\/schema.org\",\"@graph\":[{\"@type\":\"WebPage\",\"@id\":\"https:\/\/booking.bodegasbordoy.es\/ca\/comprador-privat-de-vi\/\",\"url\":\"https:\/\/booking.bodegasbordoy.es\/ca\/comprador-privat-de-vi\/\",\"name\":\"Privat - Bodegas Bordoy\",\"isPartOf\":{\"@id\":\"https:\/\/booking.bodegasbordoy.es\/ca\/#website\"},\"datePublished\":\"2025-02-25T15:57:59+00:00\",\"dateModified\":\"2025-03-17T11:36:22+00:00\",\"breadcrumb\":{\"@id\":\"https:\/\/booking.bodegasbordoy.es\/ca\/comprador-privat-de-vi\/#breadcrumb\"},\"inLanguage\":\"ca\",\"potentialAction\":[{\"@type\":\"ReadAction\",\"target\":[\"https:\/\/booking.bodegasbordoy.es\/ca\/comprador-privat-de-vi\/\"]}]},{\"@type\":\"BreadcrumbList\",\"@id\":\"https:\/\/booking.bodegasbordoy.es\/ca\/comprador-privat-de-vi\/#breadcrumb\",\"itemListElement\":[{\"@type\":\"ListItem\",\"position\":1,\"name\":\"Home\",\"item\":\"https:\/\/booking.bodegasbordoy.es\/ca\/?lang=ca\"},{\"@type\":\"ListItem\",\"position\":2,\"name\":\"Privat\"}]},{\"@type\":\"WebSite\",\"@id\":\"https:\/\/booking.bodegasbordoy.es\/ca\/#website\",\"url\":\"https:\/\/booking.bodegasbordoy.es\/ca\/\",\"name\":\"Bodegas Bordoy\",\"description\":\"\",\"potentialAction\":[{\"@type\":\"SearchAction\",\"target\":{\"@type\":\"EntryPoint\",\"urlTemplate\":\"https:\/\/booking.bodegasbordoy.es\/ca\/?s={search_term_string}\"},\"query-input\":{\"@type\":\"PropertyValueSpecification\",\"valueRequired\":true,\"valueName\":\"search_term_string\"}}],\"inLanguage\":\"ca\"}]}<\/script>\n<meta property=\"og:locale:alternate\" content=\"es_ES\" \/>\n\t<meta property=\"og:locale:alternate\" content=\"de_DE\" \/>\n\t<meta property=\"og:locale:alternate\" content=\"en_US\" \/>\n<!-- \/ Yoast SEO plugin. -->","yoast_head_json":{"title":"Privat - Bodegas Bordoy","robots":{"index":"index","follow":"follow","max-snippet":"max-snippet:-1","max-image-preview":"max-image-preview:large","max-video-preview":"max-video-preview:-1"},"canonical":"https:\/\/booking.bodegasbordoy.es\/ca\/comprador-privat-de-vi\/","og_locale":"ca_ES","og_type":"article","og_title":"Privat - Bodegas Bordoy","og_description":"Venda Privada Des del nostre celler familiar fins a casa teva, cada glop et convida a assaborir la veritable ess\u00e8ncia de Mallorca \u2013 una gota exquisida alhora. Pels amants del vi que desitgen gaudir de la qualitat de Cellers Bordoy a casa, oferim la compra directa des del nostre celler. Ja sigui per a una [&hellip;]","og_url":"https:\/\/booking.bodegasbordoy.es\/ca\/comprador-privat-de-vi\/","og_site_name":"Bodegas Bordoy","article_modified_time":"2025-03-17T11:36:22+00:00","og_image":[{"url":"https:\/\/booking.bodegasbordoy.es\/wp-content\/uploads\/2025\/08\/Bodegas-Bordoy_37-2048x1365.jpg","width":2048,"height":1365,"type":""}],"twitter_card":"summary_large_image","twitter_misc":{"Est. reading time":"1 minute"},"schema":{"@context":"https:\/\/schema.org","@graph":[{"@type":"WebPage","@id":"https:\/\/booking.bodegasbordoy.es\/ca\/comprador-privat-de-vi\/","url":"https:\/\/booking.bodegasbordoy.es\/ca\/comprador-privat-de-vi\/","name":"Privat - Bodegas Bordoy","isPartOf":{"@id":"https:\/\/booking.bodegasbordoy.es\/ca\/#website"},"datePublished":"2025-02-25T15:57:59+00:00","dateModified":"2025-03-17T11:36:22+00:00","breadcrumb":{"@id":"https:\/\/booking.bodegasbordoy.es\/ca\/comprador-privat-de-vi\/#breadcrumb"},"inLanguage":"ca","potentialAction":[{"@type":"ReadAction","target":["https:\/\/booking.bodegasbordoy.es\/ca\/comprador-privat-de-vi\/"]}]},{"@type":"BreadcrumbList","@id":"https:\/\/booking.bodegasbordoy.es\/ca\/comprador-privat-de-vi\/#breadcrumb","itemListElement":[{"@type":"ListItem","position":1,"name":"Home","item":"https:\/\/booking.bodegasbordoy.es\/ca\/?lang=ca"},{"@type":"ListItem","position":2,"name":"Privat"}]},{"@type":"WebSite","@id":"https:\/\/booking.bodegasbordoy.es\/ca\/#website","url":"https:\/\/booking.bodegasbordoy.es\/ca\/","name":"Bodegas Bordoy","description":"","potentialAction":[{"@type":"SearchAction","target":{"@type":"EntryPoint","urlTemplate":"https:\/\/booking.bodegasbordoy.es\/ca\/?s={search_term_string}"},"query-input":{"@type":"PropertyValueSpecification","valueRequired":true,"valueName":"search_term_string"}}],"inLanguage":"ca"}]}},"_links":{"self":[{"href":"https:\/\/booking.bodegasbordoy.es\/ca\/wp-json\/wp\/v2\/pages\/7083","targetHints":{"allow":["GET"]}}],"collection":[{"href":"https:\/\/booking.bodegasbordoy.es\/ca\/wp-json\/wp\/v2\/pages"}],"about":[{"href":"https:\/\/booking.bodegasbordoy.es\/ca\/wp-json\/wp\/v2\/types\/page"}],"author":[{"embeddable":true,"href":"https:\/\/booking.bodegasbordoy.es\/ca\/wp-json\/wp\/v2\/users\/1"}],"replies":[{"embeddable":true,"href":"https:\/\/booking.bodegasbordoy.es\/ca\/wp-json\/wp\/v2\/comments?post=7083"}],"version-history":[{"count":13,"href":"https:\/\/booking.bodegasbordoy.es\/ca\/wp-json\/wp\/v2\/pages\/7083\/revisions"}],"predecessor-version":[{"id":9771,"href":"https:\/\/booking.bodegasbordoy.es\/ca\/wp-json\/wp\/v2\/pages\/7083\/revisions\/9771"}],"wp:attachment":[{"href":"https:\/\/booking.bodegasbordoy.es\/ca\/wp-json\/wp\/v2\/media?parent=7083"}],"curies":[{"name":"wp","href":"https:\/\/api.w.org\/{rel}","templated":true}]}}