{"id":8632,"date":"2025-03-10T15:01:49","date_gmt":"2025-03-10T14:01:49","guid":{"rendered":"https:\/\/booking.bodegasbordoy.es\/aceites\/"},"modified":"2026-03-03T14:01:47","modified_gmt":"2026-03-03T13:01:47","slug":"oli-doliva","status":"publish","type":"page","link":"https:\/\/booking.bodegasbordoy.es\/ca\/oli-doliva\/","title":{"rendered":"oli d&#8217;oliva"},"content":{"rendered":"<div>Oli d\u2019oliva<\/div>\n<div>A Bodegas Bordoy tamb\u00e9 cuidam amb afecte els nostres oliverars, cultivant la varietat mallorquina \u201cempeltre\u201d amb el mateix carinyo i dedicaci\u00f3 que posam en els nostres vins.<\/div>\n<h1>El resultat: <\/h1>\n<h1>un AOVE aut\u00e8ntic, ple de sabor i amb tota l\u2019ess\u00e8ncia de l\u2019illa.<\/h1>\n<div>que pertany a Bodegas Bordoy, ens dediquem al cultiu d\u2019oliveres destinades a produir oli verge extra de primera qualitat. Actualment comptem amb al voltant de mil exemplars d\u2019olivera, especialment de les varietats locals mallorquines com Empeltre, aix\u00ed com Picual i Arbequina. Totes aquestes oliveres estan registrades sota la Denominaci\u00f3 d&#8217;Origen Protegida Oli de Mallorca.<\/div>\n<h1>Oli d\u2019oliva verge extra amb segell mallorqu\u00ed<\/h1>\n<div>A Bodegas Bordoy tamb\u00e9 cultivam oliveres per elaborar un AOVE de primera qualitat.<br \/>\nComptam amb prop d\u2019un miler d\u2019oliveres, principalment de varietats locals com l\u2019Empeltre, a m\u00e9s de Picual i Arbequina, sota la Denominaci\u00f3 d\u2019Origen Protegida Oli de Mallorca.\n<\/div>\n<div>\nEl clima, el terreny i la tradici\u00f3 de l\u2019illa fan que el nostre oli tengui un sabor \u00fanic.<br \/>\nSegons el moment de la collita, obtenim olis m\u00e9s suaus i dol\u00e7os o m\u00e9s intensos, afruitats i amb un toc picant.<\/p>\n<\/div>\n<ul>\n<li>\n<p>        <img decoding=\"async\" src=\"\/wp-content\/uploads\/2026\/03\/aceitunas-neu.jpg\" alt=\"\"><\/p>\n<\/li>\n<li>\n<p>        <img decoding=\"async\" src=\"\/wp-content\/uploads\/2025\/03\/aceite-de-oliva-bodegas-bordoy-3.jpg\" alt=\"\"><\/p>\n<\/li>\n<li>\n<p>        <img decoding=\"async\" src=\"\/wp-content\/uploads\/2025\/03\/aceite-de-oliva-bodegas-bordoy-2.jpg\" alt=\"\"><\/p>\n<\/li>\n<\/ul>\n<div>Aut\u00e8ntic, sabor\u00f3s i 100% Mallorca.<\/p>\n<\/div>\n<p><!--more--><br \/>\n<!-- {\"type\":\"layout\",\"children\":[{\"type\":\"section\",\"props\":{\"animation\":\"scale-up\",\"animation_delay\":\"230\",\"header_transparent\":true,\"image\":\"wp-content\/uploads\/2025\/03\/aceite-de-oliva-bodegas-bordoy-3.jpg\",\"image_effect\":\"fixed\",\"image_position\":\"center-center\",\"image_size\":\"cover\",\"media_overlay\":\"rgba(255, 255, 255, 0.89)\",\"padding\":\"xsmall\",\"padding_remove_top\":true,\"style\":\"default\",\"title_breakpoint\":\"xl\",\"title_position\":\"top-left\",\"title_rotation\":\"left\",\"vertical_align\":\"\",\"width\":\"default\",\"image_alt\":\"Olives verdes a les branques de l'olivar de Bodegas Bordoy\"},\"children\":[{\"type\":\"row\",\"children\":[{\"type\":\"column\",\"props\":{\"image_position\":\"center-center\",\"position_sticky_breakpoint\":\"m\"}}]}]},{\"type\":\"section\",\"props\":{\"animation\":\"slide-bottom-medium\",\"animation_delay\":\"230\",\"height\":\"page\",\"image\":\"wp-content\/uploads\/2025\/03\/bg3-scaled.jpg\",\"image_position\":\"center-center\",\"image_size\":\"cover\",\"media_background\":\"rgba(255, 255, 255, 0.83)\",\"media_overlay\":\"rgba(255, 255, 255, 0.34)\",\"padding\":\"small\",\"style\":\"default\",\"title_breakpoint\":\"xl\",\"title_position\":\"top-left\",\"title_rotation\":\"left\",\"vertical_align\":\"\",\"width\":\"large\"},\"children\":[{\"type\":\"row\",\"children\":[{\"type\":\"column\",\"props\":{\"image_position\":\"center-center\",\"image_size\":\"cover\",\"media_overlay\":\"rgba(255, 255, 255, 0.32)\",\"position_blend\":false,\"position_sticky\":\"section\",\"position_sticky_breakpoint\":\"m\"},\"children\":[{\"type\":\"headline\",\"props\":{\"content\":\"Oli d\u2019oliva\",\"margin_remove_bottom\":false,\"margin_remove_top\":true,\"text_align\":\"center\",\"title_color\":\"background\",\"title_element\":\"div\",\"title_style\":\"h1\"}},{\"type\":\"headline\",\"props\":{\"block_align\":\"center\",\"content\":\"A Bodegas Bordoy tamb\u00e9 cuidam amb afecte els nostres oliverars, cultivant la varietat mallorquina \u201cempeltre\u201d amb el mateix carinyo i dedicaci\u00f3 que posam en els nostres vins.\",\"margin\":\"remove-vertical\",\"margin_remove_bottom\":true,\"margin_remove_top\":true,\"maxwidth\":\"large\",\"text_align\":\"center\",\"title_element\":\"div\",\"title_style\":\"h4\"}}]}],\"props\":{\"alignment\":\"center\",\"divider\":false,\"row_gap\":\"large\"}}],\"name\":\"headline verkauf\"},{\"type\":\"section\",\"props\":{\"animation\":\"slide-top-medium\",\"animation_delay\":\"230\",\"image\":\"wp-content\/uploads\/2025\/03\/bg1.jpg\",\"image_position\":\"center-center\",\"image_size\":\"cover\",\"media_overlay\":\"rgba(255, 255, 255, 0.62)\",\"style\":\"muted\",\"title_breakpoint\":\"xl\",\"title_position\":\"top-left\",\"title_rotation\":\"left\",\"vertical_align\":\"middle\",\"width\":\"large\"},\"children\":[{\"type\":\"row\",\"children\":[{\"type\":\"column\",\"props\":{\"image_position\":\"center-center\",\"position_sticky_breakpoint\":\"m\",\"width_medium\":\"1-2\"},\"children\":[{\"type\":\"headline\",\"props\":{\"content\":\"El resultat: \",\"margin_remove_bottom\":true,\"title_color\":\"background\",\"title_element\":\"h1\",\"title_style\":\"h3\"}},{\"type\":\"headline\",\"props\":{\"content\":\"un AOVE aut\u00e8ntic, ple de sabor i amb tota l\u2019ess\u00e8ncia de l\u2019illa.\",\"margin_remove_top\":true,\"title_element\":\"h1\",\"title_style\":\"h4\"}},{\"type\":\"text\",\"props\":{\"column_breakpoint\":\"m\",\"content\":\"que pertany a Bodegas Bordoy, ens dediquem al cultiu d\u2019oliveres destinades a produir oli verge extra de primera qualitat. Actualment comptem amb al voltant de mil exemplars d\u2019olivera, especialment de les varietats locals mallorquines com Empeltre, aix\u00ed com Picual i Arbequina. Totes aquestes oliveres estan registrades sota la Denominaci\u00f3 d'Origen Protegida Oli de Mallorca.\",\"margin\":\"default\",\"maxwidth\":\"large\"}},{\"type\":\"headline\",\"props\":{\"content\":\"Oli d\u2019oliva verge extra amb segell mallorqu\u00ed\",\"margin_remove_bottom\":true,\"title_color\":\"background\",\"title_element\":\"h1\",\"title_style\":\"h3\"}},{\"type\":\"text\",\"props\":{\"column_breakpoint\":\"m\",\"content\":\"A Bodegas Bordoy tamb\u00e9 cultivam oliveres per elaborar un AOVE de primera qualitat.\\nComptam amb prop d\u2019un miler d\u2019oliveres, principalment de varietats locals com l\u2019Empeltre, a m\u00e9s de Picual i Arbequina, sota la Denominaci\u00f3 d\u2019Origen Protegida Oli de Mallorca.\\n\",\"margin\":\"default\",\"maxwidth\":\"large\"}},{\"type\":\"text\",\"props\":{\"column_breakpoint\":\"m\",\"content\":\"\\nEl clima, el terreny i la tradici\u00f3 de l\u2019illa fan que el nostre oli tengui un sabor \u00fanic.\\nSegons el moment de la collita, obtenim olis m\u00e9s suaus i dol\u00e7os o m\u00e9s intensos, afruitats i amb un toc picant.\\n\\n\",\"margin\":\"default\",\"maxwidth\":\"large\"}}]},{\"type\":\"column\",\"props\":{\"image_position\":\"center-center\",\"padding\":\"none\",\"position_sticky_breakpoint\":\"m\",\"width_medium\":\"1-2\"},\"children\":[{\"type\":\"slideshow\",\"props\":{\"link_style\":\"default\",\"link_text\":\"Read more\",\"margin\":\"default\",\"meta_align\":\"below-title\",\"meta_element\":\"div\",\"meta_style\":\"text-meta\",\"nav\":\"dotnav\",\"nav_align\":\"center\",\"nav_below\":true,\"nav_breakpoint\":\"s\",\"nav_position\":\"bottom-center\",\"nav_position_margin\":\"medium\",\"overlay_animation\":\"parallax\",\"overlay_position\":\"center-left\",\"show_content\":true,\"show_link\":true,\"show_meta\":true,\"show_thumbnail\":true,\"show_title\":true,\"slidenav\":\"default\",\"slidenav_breakpoint\":\"s\",\"slidenav_hover\":true,\"slidenav_margin\":\"medium\",\"slidenav_outside_breakpoint\":\"xl\",\"slideshow_animation\":\"fade\",\"slideshow_autoplay\":true,\"slideshow_autoplay_interval\":\"8\",\"slideshow_autoplay_pause\":true,\"slideshow_kenburns\":\"alternate\",\"slideshow_min_height\":300,\"thumbnav_height\":\"75\",\"thumbnav_svg_color\":\"emphasis\",\"thumbnav_width\":\"100\",\"title_element\":\"h3\",\"title_hover_style\":\"reset\"},\"children\":[{\"type\":\"slideshow_item\",\"props\":{\"image\":\"wp-content\/uploads\/2026\/03\/aceitunas-neu.jpg\",\"image_alt\":\"Olives acabades de collir de l'olivar de Bodegas Bordoy a Mallorca\"}},{\"type\":\"slideshow_item\",\"props\":{\"image\":\"wp-content\/uploads\/2025\/03\/aceite-de-oliva-bodegas-bordoy.jpg\",\"image_alt\":\"Olivar de Bodegas Bordoy sobre terra vermella al sud de Mallorca\"}},{\"type\":\"slideshow_item\",\"props\":{\"image\":\"wp-content\/uploads\/2025\/03\/aceite-de-oliva-bodegas-bordoy-3.jpg\",\"image_alt\":\"Olives verdes a les branques de l'olivar de Bodegas Bordoy\"}},{\"type\":\"slideshow_item\",\"props\":{\"image\":\"wp-content\/uploads\/2025\/03\/aceite-de-oliva-bodegas-bordoy-2.jpg\",\"image_alt\":\"Olivar centenari amb oliveres aut\u00f2ctones a la finca de Bodegas Bordoy\"}}]},{\"type\":\"text\",\"props\":{\"block_align\":\"center\",\"column_breakpoint\":\"m\",\"content\":\"Aut\u00e8ntic, sabor\u00f3s i 100% Mallorca.\\n\\n\\n\\n\",\"margin\":\"default\",\"maxwidth\":\"xlarge\",\"text_align\":\"center\"}}]}],\"props\":{\"column_gap\":\"collapse\",\"layout\":\"1-2,1-2\",\"margin\":\"remove-vertical\",\"row_gap\":\"collapse\"}}]}],\"version\":\"4.5.21\"} --><\/p>\n","protected":false},"excerpt":{"rendered":"<p>Oli d\u2019oliva A Bodegas Bordoy tamb\u00e9 cuidam amb afecte els nostres oliverars, cultivant la varietat mallorquina \u201cempeltre\u201d amb el mateix carinyo i dedicaci\u00f3 que posam en els nostres vins. El resultat: un AOVE aut\u00e8ntic, ple de sabor i amb tota l\u2019ess\u00e8ncia de l\u2019illa. que pertany a Bodegas Bordoy, ens dediquem al cultiu d\u2019oliveres destinades a [&hellip;]<\/p>\n","protected":false},"author":1,"featured_media":0,"parent":0,"menu_order":0,"comment_status":"closed","ping_status":"closed","template":"","meta":{"footnotes":""},"class_list":["post-8632","page","type-page","status-publish","hentry"],"yoast_head":"<!-- This site is optimized with the Yoast SEO plugin v26.0 - https:\/\/yoast.com\/wordpress\/plugins\/seo\/ -->\n<title>Oli d&#039;Oliva de Mallorca - Bodegas Bordoy<\/title>\n<meta name=\"description\" content=\"Oli d&#039;oliva verge extra de Bodegas Bordoy. Olivars centenaris amb oliveres aut\u00f2ctones a la finca de Llucmajor, sud de Mallorca.\" \/>\n<meta name=\"robots\" content=\"index, follow, max-snippet:-1, max-image-preview:large, max-video-preview:-1\" \/>\n<link rel=\"canonical\" href=\"https:\/\/booking.bodegasbordoy.es\/ca\/oli-doliva\/\" \/>\n<meta property=\"og:locale\" content=\"ca_ES\" \/>\n<meta property=\"og:type\" content=\"article\" \/>\n<meta property=\"og:title\" content=\"Oli d&#039;Oliva de Mallorca - Bodegas Bordoy\" \/>\n<meta property=\"og:description\" content=\"Oli d&#039;oliva verge extra de Bodegas Bordoy. Olivars centenaris amb oliveres aut\u00f2ctones a la finca de Llucmajor, sud de Mallorca.\" \/>\n<meta property=\"og:url\" content=\"https:\/\/booking.bodegasbordoy.es\/ca\/oli-doliva\/\" \/>\n<meta property=\"og:site_name\" content=\"Bodegas Bordoy\" \/>\n<meta property=\"article:modified_time\" content=\"2026-03-03T13:01:47+00:00\" \/>\n<meta property=\"og:image\" content=\"https:\/\/booking.bodegasbordoy.es\/wp-content\/uploads\/2025\/08\/Bodegas-Bordoy_37-2048x1365.jpg\" \/>\n\t<meta property=\"og:image:width\" content=\"2048\" \/>\n\t<meta property=\"og:image:height\" content=\"1365\" \/>\n<meta name=\"twitter:card\" content=\"summary_large_image\" \/>\n<meta name=\"twitter:label1\" content=\"Est. reading time\" \/>\n\t<meta name=\"twitter:data1\" content=\"1 minute\" \/>\n<script type=\"application\/ld+json\" class=\"yoast-schema-graph\">{\"@context\":\"https:\/\/schema.org\",\"@graph\":[{\"@type\":\"WebPage\",\"@id\":\"https:\/\/booking.bodegasbordoy.es\/ca\/oli-doliva\/\",\"url\":\"https:\/\/booking.bodegasbordoy.es\/ca\/oli-doliva\/\",\"name\":\"Oli d'Oliva de Mallorca - Bodegas Bordoy\",\"isPartOf\":{\"@id\":\"https:\/\/booking.bodegasbordoy.es\/ca\/#website\"},\"datePublished\":\"2025-03-10T14:01:49+00:00\",\"dateModified\":\"2026-03-03T13:01:47+00:00\",\"description\":\"Oli d'oliva verge extra de Bodegas Bordoy. Olivars centenaris amb oliveres aut\u00f2ctones a la finca de Llucmajor, sud de Mallorca.\",\"breadcrumb\":{\"@id\":\"https:\/\/booking.bodegasbordoy.es\/ca\/oli-doliva\/#breadcrumb\"},\"inLanguage\":\"ca\",\"potentialAction\":[{\"@type\":\"ReadAction\",\"target\":[\"https:\/\/booking.bodegasbordoy.es\/ca\/oli-doliva\/\"]}]},{\"@type\":\"BreadcrumbList\",\"@id\":\"https:\/\/booking.bodegasbordoy.es\/ca\/oli-doliva\/#breadcrumb\",\"itemListElement\":[{\"@type\":\"ListItem\",\"position\":1,\"name\":\"Home\",\"item\":\"https:\/\/booking.bodegasbordoy.es\/ca\/?lang=ca\"},{\"@type\":\"ListItem\",\"position\":2,\"name\":\"oli d&#8217;oliva\"}]},{\"@type\":\"WebSite\",\"@id\":\"https:\/\/booking.bodegasbordoy.es\/ca\/#website\",\"url\":\"https:\/\/booking.bodegasbordoy.es\/ca\/\",\"name\":\"Bodegas Bordoy\",\"description\":\"\",\"potentialAction\":[{\"@type\":\"SearchAction\",\"target\":{\"@type\":\"EntryPoint\",\"urlTemplate\":\"https:\/\/booking.bodegasbordoy.es\/ca\/?s={search_term_string}\"},\"query-input\":{\"@type\":\"PropertyValueSpecification\",\"valueRequired\":true,\"valueName\":\"search_term_string\"}}],\"inLanguage\":\"ca\"}]}<\/script>\n<meta property=\"og:locale:alternate\" content=\"es_ES\" \/>\n\t<meta property=\"og:locale:alternate\" content=\"de_DE\" \/>\n\t<meta property=\"og:locale:alternate\" content=\"en_US\" \/>\n<!-- \/ Yoast SEO plugin. -->","yoast_head_json":{"title":"Oli d'Oliva de Mallorca - Bodegas Bordoy","description":"Oli d'oliva verge extra de Bodegas Bordoy. Olivars centenaris amb oliveres aut\u00f2ctones a la finca de Llucmajor, sud de Mallorca.","robots":{"index":"index","follow":"follow","max-snippet":"max-snippet:-1","max-image-preview":"max-image-preview:large","max-video-preview":"max-video-preview:-1"},"canonical":"https:\/\/booking.bodegasbordoy.es\/ca\/oli-doliva\/","og_locale":"ca_ES","og_type":"article","og_title":"Oli d'Oliva de Mallorca - Bodegas Bordoy","og_description":"Oli d'oliva verge extra de Bodegas Bordoy. Olivars centenaris amb oliveres aut\u00f2ctones a la finca de Llucmajor, sud de Mallorca.","og_url":"https:\/\/booking.bodegasbordoy.es\/ca\/oli-doliva\/","og_site_name":"Bodegas Bordoy","article_modified_time":"2026-03-03T13:01:47+00:00","og_image":[{"url":"https:\/\/booking.bodegasbordoy.es\/wp-content\/uploads\/2025\/08\/Bodegas-Bordoy_37-2048x1365.jpg","width":2048,"height":1365,"type":""}],"twitter_card":"summary_large_image","twitter_misc":{"Est. reading time":"1 minute"},"schema":{"@context":"https:\/\/schema.org","@graph":[{"@type":"WebPage","@id":"https:\/\/booking.bodegasbordoy.es\/ca\/oli-doliva\/","url":"https:\/\/booking.bodegasbordoy.es\/ca\/oli-doliva\/","name":"Oli d'Oliva de Mallorca - Bodegas Bordoy","isPartOf":{"@id":"https:\/\/booking.bodegasbordoy.es\/ca\/#website"},"datePublished":"2025-03-10T14:01:49+00:00","dateModified":"2026-03-03T13:01:47+00:00","description":"Oli d'oliva verge extra de Bodegas Bordoy. Olivars centenaris amb oliveres aut\u00f2ctones a la finca de Llucmajor, sud de Mallorca.","breadcrumb":{"@id":"https:\/\/booking.bodegasbordoy.es\/ca\/oli-doliva\/#breadcrumb"},"inLanguage":"ca","potentialAction":[{"@type":"ReadAction","target":["https:\/\/booking.bodegasbordoy.es\/ca\/oli-doliva\/"]}]},{"@type":"BreadcrumbList","@id":"https:\/\/booking.bodegasbordoy.es\/ca\/oli-doliva\/#breadcrumb","itemListElement":[{"@type":"ListItem","position":1,"name":"Home","item":"https:\/\/booking.bodegasbordoy.es\/ca\/?lang=ca"},{"@type":"ListItem","position":2,"name":"oli d&#8217;oliva"}]},{"@type":"WebSite","@id":"https:\/\/booking.bodegasbordoy.es\/ca\/#website","url":"https:\/\/booking.bodegasbordoy.es\/ca\/","name":"Bodegas Bordoy","description":"","potentialAction":[{"@type":"SearchAction","target":{"@type":"EntryPoint","urlTemplate":"https:\/\/booking.bodegasbordoy.es\/ca\/?s={search_term_string}"},"query-input":{"@type":"PropertyValueSpecification","valueRequired":true,"valueName":"search_term_string"}}],"inLanguage":"ca"}]}},"_links":{"self":[{"href":"https:\/\/booking.bodegasbordoy.es\/ca\/wp-json\/wp\/v2\/pages\/8632","targetHints":{"allow":["GET"]}}],"collection":[{"href":"https:\/\/booking.bodegasbordoy.es\/ca\/wp-json\/wp\/v2\/pages"}],"about":[{"href":"https:\/\/booking.bodegasbordoy.es\/ca\/wp-json\/wp\/v2\/types\/page"}],"author":[{"embeddable":true,"href":"https:\/\/booking.bodegasbordoy.es\/ca\/wp-json\/wp\/v2\/users\/1"}],"replies":[{"embeddable":true,"href":"https:\/\/booking.bodegasbordoy.es\/ca\/wp-json\/wp\/v2\/comments?post=8632"}],"version-history":[{"count":9,"href":"https:\/\/booking.bodegasbordoy.es\/ca\/wp-json\/wp\/v2\/pages\/8632\/revisions"}],"predecessor-version":[{"id":12718,"href":"https:\/\/booking.bodegasbordoy.es\/ca\/wp-json\/wp\/v2\/pages\/8632\/revisions\/12718"}],"wp:attachment":[{"href":"https:\/\/booking.bodegasbordoy.es\/ca\/wp-json\/wp\/v2\/media?parent=8632"}],"curies":[{"name":"wp","href":"https:\/\/api.w.org\/{rel}","templated":true}]}}