{"id":1225,"date":"2024-08-05T15:46:06","date_gmt":"2024-08-05T15:46:06","guid":{"rendered":"https:\/\/booking.bodegasbordoy.es\/?page_id=1225"},"modified":"2026-03-03T14:01:25","modified_gmt":"2026-03-03T13:01:25","slug":"events-auf-mallorca","status":"publish","type":"page","link":"https:\/\/booking.bodegasbordoy.es\/de\/events-auf-mallorca\/","title":{"rendered":"Events"},"content":{"rendered":"<div>Events<\/div>\n<div>Unvergessliche Momente mit unseren Weinen<\/div>\n<ul>\n<li>\n<p>        <img decoding=\"async\" src=\"\/wp-content\/uploads\/2026\/03\/eventos-privados.jpg\" alt=\"\"><\/p>\n<h3>Private Veranstaltungen<\/h3>\n<div>Erlebe deine sch\u00f6nsten Momente in unserer Bodega \u2013 wo Wein, Landschaft und gute Gesellschaft jeden Anlass zu einem unvergesslichen Erlebnis machen.<\/p>\n<\/div>\n<p><a href=\"\/?page_id=7073&#038;lang=de\"> Mehr Informationen<\/a><\/p>\n<\/li>\n<li>\n<p>        <img decoding=\"async\" src=\"\/wp-content\/uploads\/2026\/03\/evento-empresarial-1.jpg\" alt=\"\"><\/p>\n<h3>Gesch\u00e4ftsveranstaltungen<\/h3>\n<div>Treffe dein Team in unserer Bodega auf Mallorca und genie\u00dfe einen besonderen Tag zwischen den Weinbergen. Unsere R\u00e4umlichkeiten sind ideal f\u00fcr Meetings, Teambuilding-Aktivit\u00e4ten und gemeinsame Erlebnisse, begleitet von gutem Wein und Natur.\n<\/div>\n<p><a href=\"\/?page_id=7075&#038;lang=de\">Mehr Informationen<\/a><\/p>\n<\/li>\n<\/ul>\n<p><!--more--><br \/>\n<!-- {\"type\":\"layout\",\"children\":[{\"type\":\"section\",\"props\":{\"animation\":\"scale-up\",\"animation_delay\":\"230\",\"header_transparent\":true,\"image_height\":\"720\",\"image_position\":\"top-center\",\"image_size\":\"cover\",\"image_width\":\"1280\",\"media_focal_point\":\"top-center\",\"media_overlay\":\"rgba(255, 255, 255, 0.83)\",\"padding\":\"none\",\"padding_remove_top\":false,\"style\":\"default\",\"title_breakpoint\":\"xl\",\"title_position\":\"top-left\",\"title_rotation\":\"left\",\"vertical_align\":\"\",\"width\":\"default\"},\"children\":[{\"type\":\"row\",\"children\":[{\"type\":\"column\",\"props\":{\"image_position\":\"center-center\",\"position_sticky_breakpoint\":\"m\"}}]}]},{\"type\":\"section\",\"props\":{\"animation\":\"slide-bottom-medium\",\"animation_delay\":\"230\",\"height\":\"page\",\"image\":\"wp-content\/uploads\/2025\/03\/bg3-scaled.jpg\",\"image_position\":\"center-center\",\"image_size\":\"cover\",\"media_background\":\"rgba(255, 255, 255, 0.83)\",\"media_overlay\":\"rgba(255, 255, 255, 0.34)\",\"padding\":\"small\",\"style\":\"default\",\"title_breakpoint\":\"xl\",\"title_position\":\"top-left\",\"title_rotation\":\"left\",\"vertical_align\":\"\",\"width\":\"large\"},\"children\":[{\"type\":\"row\",\"children\":[{\"type\":\"column\",\"props\":{\"image_position\":\"center-center\",\"image_size\":\"cover\",\"media_overlay\":\"rgba(255, 255, 255, 0.32)\",\"position_blend\":false,\"position_sticky\":\"section\",\"position_sticky_breakpoint\":\"m\"},\"children\":[{\"type\":\"headline\",\"props\":{\"content\":\"Events\",\"margin_remove_bottom\":false,\"margin_remove_top\":true,\"text_align\":\"center\",\"title_color\":\"background\",\"title_element\":\"div\",\"title_style\":\"h1\"}},{\"type\":\"headline\",\"props\":{\"block_align\":\"center\",\"content\":\"Unvergessliche Momente mit unseren Weinen\",\"margin\":\"remove-vertical\",\"margin_remove_bottom\":true,\"margin_remove_top\":true,\"maxwidth\":\"large\",\"text_align\":\"center\",\"title_element\":\"div\",\"title_style\":\"h4\"}}]}],\"props\":{\"alignment\":\"center\",\"divider\":false,\"row_gap\":\"large\"}}],\"name\":\"events headline\"},{\"type\":\"section\",\"props\":{\"animation\":\"scale-up\",\"animation_delay\":\"230\",\"image_position\":\"center-center\",\"style\":\"default\",\"title_breakpoint\":\"xl\",\"title_position\":\"top-left\",\"title_rotation\":\"left\",\"vertical_align\":\"\",\"width\":\"small\"},\"children\":[{\"type\":\"row\",\"children\":[{\"type\":\"column\",\"props\":{\"image_position\":\"center-center\",\"position_sticky_breakpoint\":\"m\"},\"children\":[{\"type\":\"panel-slider\",\"props\":{\"content_column_breakpoint\":\"m\",\"icon_width\":80,\"image_align\":\"top\",\"image_grid_breakpoint\":\"m\",\"image_grid_width\":\"1-2\",\"image_svg_color\":\"emphasis\",\"link_fullwidth\":true,\"link_style\":\"secondary\",\"link_text\":\"m\u00e1s informaci\u00f3n\",\"margin\":\"default\",\"meta_align\":\"below-title\",\"meta_element\":\"div\",\"meta_style\":\"text-meta\",\"nav\":\"dotnav\",\"nav_align\":\"center\",\"nav_breakpoint\":\"s\",\"panel_match\":true,\"show_content\":true,\"show_hover_image\":true,\"show_hover_video\":true,\"show_image\":true,\"show_link\":true,\"show_meta\":true,\"show_title\":true,\"show_video\":true,\"slidenav\":\"outside\",\"slidenav_breakpoint\":\"xl\",\"slidenav_margin\":\"medium\",\"slidenav_outside_breakpoint\":\"xl\",\"slider_autoplay_pause\":true,\"slider_gap\":\"default\",\"slider_width\":\"fixed\",\"slider_width_default\":\"1-1\",\"slider_width_medium\":\"1-2\",\"slider_width_small\":\"1-2\",\"text_align\":\"center\",\"title_align\":\"top\",\"title_color\":\"background\",\"title_element\":\"h3\",\"title_grid_breakpoint\":\"m\",\"title_grid_width\":\"1-2\",\"title_hover_style\":\"reset\"},\"children\":[{\"type\":\"panel-slider_item\",\"props\":{\"content\":\"Erlebe deine sch\u00f6nsten Momente in unserer Bodega \u2013 wo Wein, Landschaft und gute Gesellschaft jeden Anlass zu einem unvergesslichen Erlebnis machen.\\n\\n\\n\",\"image\":\"wp-content\/uploads\/2026\/03\/eventos-privados.jpg\",\"link\":\"private-veranstaltungen\/?lang=de\",\"link_text\":\" Mehr Informationen\",\"meta\":\"\",\"title\":\"Private Veranstaltungen\",\"image_alt\":\"Tapas-Platte und Mar\u00e9s-Wein f\u00fcr private Events bei Bodegas Bordoy\"}},{\"type\":\"panel-slider_item\",\"props\":{\"content\":\"Treffe dein Team in unserer Bodega auf Mallorca und genie\u00dfe einen besonderen Tag zwischen den Weinbergen. Unsere R\u00e4umlichkeiten sind ideal f\u00fcr Meetings, Teambuilding-Aktivit\u00e4ten und gemeinsame Erlebnisse, begleitet von gutem Wein und Natur.\\n\",\"image\":\"wp-content\/uploads\/2026\/03\/evento-empresarial-1.jpg\",\"link\":\"geschaeftliche-veranstaltungen\/?lang=de\",\"link_text\":\"Mehr Informationen\",\"title\":\"Gesch\u00e4ftsveranstaltungen\",\"image_alt\":\"Tisch zwischen Weinbergen f\u00fcr Firmenveranstaltungen bei Bodegas Bordoy\"}}]}]}]}]}],\"version\":\"4.5.21\"} --><\/p>\n","protected":false},"excerpt":{"rendered":"<p>Events Unvergessliche Momente mit unseren Weinen Private Veranstaltungen Erlebe deine sch\u00f6nsten Momente in unserer Bodega \u2013 wo Wein, Landschaft und gute Gesellschaft jeden Anlass zu einem unvergesslichen Erlebnis machen. Mehr Informationen Gesch\u00e4ftsveranstaltungen Treffe dein Team in unserer Bodega auf Mallorca und genie\u00dfe einen besonderen Tag zwischen den Weinbergen. Unsere R\u00e4umlichkeiten sind ideal f\u00fcr Meetings, Teambuilding-Aktivit\u00e4ten [&hellip;]<\/p>\n","protected":false},"author":1,"featured_media":0,"parent":0,"menu_order":0,"comment_status":"closed","ping_status":"closed","template":"","meta":{"footnotes":""},"class_list":["post-1225","page","type-page","status-publish","hentry"],"yoast_head":"<!-- This site is optimized with the Yoast SEO plugin v26.0 - https:\/\/yoast.com\/wordpress\/plugins\/seo\/ -->\n<title>Events im Weingut - Bodegas Bordoy<\/title>\n<meta name=\"description\" content=\"Feiern Sie Ihr Event bei Bodegas Bordoy in Llucmajor. Private Feiern und Firmen-Events zwischen Weinbergen mit Wein und Tapas auf Mallorca.\" \/>\n<meta name=\"robots\" content=\"index, follow, max-snippet:-1, max-image-preview:large, max-video-preview:-1\" \/>\n<link rel=\"canonical\" href=\"https:\/\/booking.bodegasbordoy.es\/de\/events-auf-mallorca\/\" \/>\n<meta property=\"og:locale\" content=\"de_DE\" \/>\n<meta property=\"og:type\" content=\"article\" \/>\n<meta property=\"og:title\" content=\"Events im Weingut - Bodegas Bordoy\" \/>\n<meta property=\"og:description\" content=\"Feiern Sie Ihr Event bei Bodegas Bordoy in Llucmajor. Private Feiern und Firmen-Events zwischen Weinbergen mit Wein und Tapas auf Mallorca.\" \/>\n<meta property=\"og:url\" content=\"https:\/\/booking.bodegasbordoy.es\/de\/events-auf-mallorca\/\" \/>\n<meta property=\"og:site_name\" content=\"Bodegas Bordoy\" \/>\n<meta property=\"article:modified_time\" content=\"2026-03-03T13:01:25+00:00\" \/>\n<meta property=\"og:image\" content=\"https:\/\/booking.bodegasbordoy.es\/wp-content\/uploads\/2025\/08\/Bodegas-Bordoy_37-2048x1365.jpg\" \/>\n\t<meta property=\"og:image:width\" content=\"2048\" \/>\n\t<meta property=\"og:image:height\" content=\"1365\" \/>\n<meta name=\"twitter:card\" content=\"summary_large_image\" \/>\n<script type=\"application\/ld+json\" class=\"yoast-schema-graph\">{\"@context\":\"https:\/\/schema.org\",\"@graph\":[{\"@type\":\"WebPage\",\"@id\":\"https:\/\/booking.bodegasbordoy.es\/de\/events-auf-mallorca\/\",\"url\":\"https:\/\/booking.bodegasbordoy.es\/de\/events-auf-mallorca\/\",\"name\":\"Events im Weingut - Bodegas Bordoy\",\"isPartOf\":{\"@id\":\"https:\/\/booking.bodegasbordoy.es\/de\/#website\"},\"datePublished\":\"2024-08-05T15:46:06+00:00\",\"dateModified\":\"2026-03-03T13:01:25+00:00\",\"description\":\"Feiern Sie Ihr Event bei Bodegas Bordoy in Llucmajor. Private Feiern und Firmen-Events zwischen Weinbergen mit Wein und Tapas auf Mallorca.\",\"breadcrumb\":{\"@id\":\"https:\/\/booking.bodegasbordoy.es\/de\/events-auf-mallorca\/#breadcrumb\"},\"inLanguage\":\"de-DE\",\"potentialAction\":[{\"@type\":\"ReadAction\",\"target\":[\"https:\/\/booking.bodegasbordoy.es\/de\/events-auf-mallorca\/\"]}]},{\"@type\":\"BreadcrumbList\",\"@id\":\"https:\/\/booking.bodegasbordoy.es\/de\/events-auf-mallorca\/#breadcrumb\",\"itemListElement\":[{\"@type\":\"ListItem\",\"position\":1,\"name\":\"Home\",\"item\":\"https:\/\/booking.bodegasbordoy.es\/de\/\"},{\"@type\":\"ListItem\",\"position\":2,\"name\":\"Events\"}]},{\"@type\":\"WebSite\",\"@id\":\"https:\/\/booking.bodegasbordoy.es\/de\/#website\",\"url\":\"https:\/\/booking.bodegasbordoy.es\/de\/\",\"name\":\"Bodegas Bordoy\",\"description\":\"\",\"potentialAction\":[{\"@type\":\"SearchAction\",\"target\":{\"@type\":\"EntryPoint\",\"urlTemplate\":\"https:\/\/booking.bodegasbordoy.es\/de\/?s={search_term_string}\"},\"query-input\":{\"@type\":\"PropertyValueSpecification\",\"valueRequired\":true,\"valueName\":\"search_term_string\"}}],\"inLanguage\":\"de-DE\"}]}<\/script>\n<meta property=\"og:locale:alternate\" content=\"es_ES\" \/>\n\t<meta property=\"og:locale:alternate\" content=\"en_US\" \/>\n\t<meta property=\"og:locale:alternate\" content=\"ca_ES\" \/>\n<!-- \/ Yoast SEO plugin. -->","yoast_head_json":{"title":"Events im Weingut - Bodegas Bordoy","description":"Feiern Sie Ihr Event bei Bodegas Bordoy in Llucmajor. Private Feiern und Firmen-Events zwischen Weinbergen mit Wein und Tapas auf Mallorca.","robots":{"index":"index","follow":"follow","max-snippet":"max-snippet:-1","max-image-preview":"max-image-preview:large","max-video-preview":"max-video-preview:-1"},"canonical":"https:\/\/booking.bodegasbordoy.es\/de\/events-auf-mallorca\/","og_locale":"de_DE","og_type":"article","og_title":"Events im Weingut - Bodegas Bordoy","og_description":"Feiern Sie Ihr Event bei Bodegas Bordoy in Llucmajor. Private Feiern und Firmen-Events zwischen Weinbergen mit Wein und Tapas auf Mallorca.","og_url":"https:\/\/booking.bodegasbordoy.es\/de\/events-auf-mallorca\/","og_site_name":"Bodegas Bordoy","article_modified_time":"2026-03-03T13:01:25+00:00","og_image":[{"url":"https:\/\/booking.bodegasbordoy.es\/wp-content\/uploads\/2025\/08\/Bodegas-Bordoy_37-2048x1365.jpg","width":2048,"height":1365,"type":""}],"twitter_card":"summary_large_image","schema":{"@context":"https:\/\/schema.org","@graph":[{"@type":"WebPage","@id":"https:\/\/booking.bodegasbordoy.es\/de\/events-auf-mallorca\/","url":"https:\/\/booking.bodegasbordoy.es\/de\/events-auf-mallorca\/","name":"Events im Weingut - Bodegas Bordoy","isPartOf":{"@id":"https:\/\/booking.bodegasbordoy.es\/de\/#website"},"datePublished":"2024-08-05T15:46:06+00:00","dateModified":"2026-03-03T13:01:25+00:00","description":"Feiern Sie Ihr Event bei Bodegas Bordoy in Llucmajor. Private Feiern und Firmen-Events zwischen Weinbergen mit Wein und Tapas auf Mallorca.","breadcrumb":{"@id":"https:\/\/booking.bodegasbordoy.es\/de\/events-auf-mallorca\/#breadcrumb"},"inLanguage":"de-DE","potentialAction":[{"@type":"ReadAction","target":["https:\/\/booking.bodegasbordoy.es\/de\/events-auf-mallorca\/"]}]},{"@type":"BreadcrumbList","@id":"https:\/\/booking.bodegasbordoy.es\/de\/events-auf-mallorca\/#breadcrumb","itemListElement":[{"@type":"ListItem","position":1,"name":"Home","item":"https:\/\/booking.bodegasbordoy.es\/de\/"},{"@type":"ListItem","position":2,"name":"Events"}]},{"@type":"WebSite","@id":"https:\/\/booking.bodegasbordoy.es\/de\/#website","url":"https:\/\/booking.bodegasbordoy.es\/de\/","name":"Bodegas Bordoy","description":"","potentialAction":[{"@type":"SearchAction","target":{"@type":"EntryPoint","urlTemplate":"https:\/\/booking.bodegasbordoy.es\/de\/?s={search_term_string}"},"query-input":{"@type":"PropertyValueSpecification","valueRequired":true,"valueName":"search_term_string"}}],"inLanguage":"de-DE"}]}},"_links":{"self":[{"href":"https:\/\/booking.bodegasbordoy.es\/de\/wp-json\/wp\/v2\/pages\/1225","targetHints":{"allow":["GET"]}}],"collection":[{"href":"https:\/\/booking.bodegasbordoy.es\/de\/wp-json\/wp\/v2\/pages"}],"about":[{"href":"https:\/\/booking.bodegasbordoy.es\/de\/wp-json\/wp\/v2\/types\/page"}],"author":[{"embeddable":true,"href":"https:\/\/booking.bodegasbordoy.es\/de\/wp-json\/wp\/v2\/users\/1"}],"replies":[{"embeddable":true,"href":"https:\/\/booking.bodegasbordoy.es\/de\/wp-json\/wp\/v2\/comments?post=1225"}],"version-history":[{"count":165,"href":"https:\/\/booking.bodegasbordoy.es\/de\/wp-json\/wp\/v2\/pages\/1225\/revisions"}],"predecessor-version":[{"id":12706,"href":"https:\/\/booking.bodegasbordoy.es\/de\/wp-json\/wp\/v2\/pages\/1225\/revisions\/12706"}],"wp:attachment":[{"href":"https:\/\/booking.bodegasbordoy.es\/de\/wp-json\/wp\/v2\/media?parent=1225"}],"curies":[{"name":"wp","href":"https:\/\/api.w.org\/{rel}","templated":true}]}}