{"id":21,"date":"2019-09-05T09:37:25","date_gmt":"2019-09-05T09:37:25","guid":{"rendered":"https:\/\/booking.bodegasbordoy.es\/?p=21"},"modified":"2026-03-03T14:01:24","modified_gmt":"2026-03-03T13:01:24","slug":"support","status":"publish","type":"page","link":"https:\/\/booking.bodegasbordoy.es\/de\/support\/","title":{"rendered":"Verkauf"},"content":{"rendered":"<div>Verkauf\n <\/div>\n<div>Finde den perfekten Wein f\u00fcr jeden Anlass.<\/div>\n<div>Ob f\u00fcr ein besonderes Abendessen, einen Toast mit Freunden oder einfach nur so \u2013 wir haben den idealen Wein f\u00fcr jeden Moment.<br \/>\nUnsere Weine tragen viel Pers\u00f6nlichkeit, gepr\u00e4gt von Meeresbrise und Mar\u00e8s-B\u00f6den.<\/div>\n<ul>\n<li>\n<p>        <img decoding=\"async\" src=\"\/wp-content\/uploads\/2026\/03\/venta-tienda-bodegas-bordoy.jpg\" alt=\"\"><\/p>\n<h3>Shop<\/h3>\n<p>Auf dem Weingut<\/p>\n<div>Wenn du Wein genauso liebst wie wir, hast du Gl\u00fcck:<br \/>\nDu kannst direkt bei uns kaufen und unsere Weinsch\u00e4tze bequem von zu Hause aus genie\u00dfen.<br \/>\nEntdecke unsere exklusiven Kollektionen und finde deinen Favoriten.<\/p>\n<\/div>\n<p><a href=\"\/?page_id=7067&#038;lang=de\"> Mehr Informationen<\/a><\/p>\n<\/li>\n<li>\n<p>        <img decoding=\"async\" src=\"\/wp-content\/uploads\/2026\/03\/venta-dis-bodegas-bordoy.jpg\" alt=\"\"><\/p>\n<h3>Weinh\u00e4ndler<\/h3>\n<p>Vertrieb<\/p>\n<div>Jede Flasche von Bodegas Bordoy tr\u00e4gt die Seele der Insel: Sonne, Meer und viel Charakter.<br \/>\nWenn du deinen Kunden authentische mallorquinische Weine mit Pers\u00f6nlichkeit anbieten m\u00f6chtest \u2013 lass uns reden!<\/div>\n<p><a href=\"\/?page_id=7069&#038;lang=de\"> Mehr Informationen<\/a><\/p>\n<\/li>\n<\/ul>\n<p><!--more--><br \/>\n<!-- {\"type\":\"layout\",\"children\":[{\"type\":\"section\",\"props\":{\"animation\":\"scale-up\",\"animation_delay\":\"230\",\"header_transparent\":true,\"height_viewport\":500,\"image_height\":\"720\",\"image_position\":\"top-center\",\"image_size\":\"cover\",\"image_width\":\"1280\",\"media_focal_point\":\"top-center\",\"media_overlay\":\"rgba(255, 255, 255, 0.9)\",\"padding\":\"none\",\"padding_remove_top\":false,\"style\":\"default\",\"title_breakpoint\":\"xl\",\"title_position\":\"top-left\",\"title_rotation\":\"left\",\"vertical_align\":\"\",\"video\":\"wp-content\/uploads\/2025\/02\/02231.mp4\",\"width\":\"default\"},\"children\":[{\"type\":\"row\",\"children\":[{\"type\":\"column\",\"props\":{\"image_position\":\"center-center\",\"position_sticky_breakpoint\":\"m\"}}]}]},{\"type\":\"section\",\"props\":{\"animation\":\"slide-bottom-medium\",\"animation_delay\":\"230\",\"height\":\"page\",\"image\":\"wp-content\/uploads\/2025\/03\/bg3-scaled.jpg\",\"image_position\":\"center-center\",\"image_size\":\"cover\",\"media_background\":\"rgba(255, 255, 255, 0.83)\",\"media_overlay\":\"rgba(255, 255, 255, 0.34)\",\"padding\":\"small\",\"style\":\"default\",\"title_breakpoint\":\"xl\",\"title_position\":\"top-left\",\"title_rotation\":\"left\",\"vertical_align\":\"\",\"width\":\"large\"},\"children\":[{\"type\":\"row\",\"children\":[{\"type\":\"column\",\"props\":{\"image_position\":\"center-center\",\"image_size\":\"cover\",\"media_overlay\":\"rgba(255, 255, 255, 0.32)\",\"position_blend\":false,\"position_sticky\":\"section\",\"position_sticky_breakpoint\":\"m\"},\"children\":[{\"type\":\"headline\",\"props\":{\"content\":\"Verkauf\\n \",\"margin_remove_bottom\":false,\"margin_remove_top\":true,\"text_align\":\"center\",\"title_color\":\"background\",\"title_element\":\"div\",\"title_style\":\"h1\"}},{\"type\":\"headline\",\"props\":{\"block_align\":\"center\",\"content\":\"Finde den perfekten Wein f\u00fcr jeden Anlass.\",\"margin\":\"remove-vertical\",\"margin_remove_bottom\":true,\"margin_remove_top\":true,\"maxwidth\":\"large\",\"text_align\":\"center\",\"title_element\":\"div\",\"title_style\":\"h4\"}}]}],\"props\":{\"alignment\":\"center\",\"divider\":false,\"row_gap\":\"large\"}}],\"name\":\"headline verkauf\"},{\"type\":\"section\",\"props\":{\"animation\":\"slide-top-medium\",\"animation_delay\":\"230\",\"image_position\":\"center-center\",\"style\":\"default\",\"title_breakpoint\":\"xl\",\"title_position\":\"top-left\",\"title_rotation\":\"left\",\"vertical_align\":\"middle\",\"width\":\"default\"},\"children\":[{\"type\":\"row\",\"children\":[{\"type\":\"column\",\"props\":{\"image_position\":\"center-center\",\"position_sticky_breakpoint\":\"m\"},\"children\":[{\"type\":\"text\",\"props\":{\"block_align\":\"center\",\"column_breakpoint\":\"m\",\"content\":\"Ob f\u00fcr ein besonderes Abendessen, einen Toast mit Freunden oder einfach nur so \u2013 wir haben den idealen Wein f\u00fcr jeden Moment.\\nUnsere Weine tragen viel Pers\u00f6nlichkeit, gepr\u00e4gt von Meeresbrise und Mar\u00e8s-B\u00f6den.\",\"margin\":\"default\",\"maxwidth\":\"large\",\"text_align\":\"center\"}}]}]}]},{\"type\":\"section\",\"props\":{\"animation\":\"scale-up\",\"animation_delay\":\"230\",\"image_position\":\"center-center\",\"style\":\"default\",\"title_breakpoint\":\"xl\",\"title_position\":\"top-left\",\"title_rotation\":\"left\",\"vertical_align\":\"\",\"width\":\"default\"},\"children\":[{\"type\":\"row\",\"children\":[{\"type\":\"column\",\"props\":{\"image_position\":\"center-center\",\"position_sticky_breakpoint\":\"m\"},\"children\":[{\"type\":\"panel-slider\",\"props\":{\"content_column_breakpoint\":\"m\",\"icon_width\":80,\"image_align\":\"top\",\"image_grid_breakpoint\":\"m\",\"image_grid_width\":\"1-2\",\"image_svg_color\":\"emphasis\",\"link_fullwidth\":true,\"link_style\":\"secondary\",\"link_text\":\"M\u00e1s informaci\u00f3n\",\"margin\":\"default\",\"meta_align\":\"below-title\",\"meta_element\":\"div\",\"meta_margin\":\"remove\",\"meta_style\":\"h4\",\"nav\":\"dotnav\",\"nav_align\":\"center\",\"nav_breakpoint\":\"s\",\"panel_match\":true,\"show_content\":true,\"show_hover_image\":true,\"show_hover_video\":true,\"show_image\":true,\"show_link\":true,\"show_meta\":true,\"show_title\":true,\"show_video\":true,\"slidenav\":\"outside\",\"slidenav_breakpoint\":\"xl\",\"slidenav_margin\":\"medium\",\"slidenav_outside_breakpoint\":\"xl\",\"slider_autoplay_pause\":true,\"slider_gap\":\"default\",\"slider_width\":\"fixed\",\"slider_width_default\":\"1-1\",\"slider_width_medium\":\"1-2\",\"text_align\":\"center\",\"title_align\":\"top\",\"title_color\":\"background\",\"title_element\":\"h3\",\"title_grid_breakpoint\":\"m\",\"title_grid_width\":\"1-2\",\"title_hover_style\":\"reset\",\"title_style\":\"h3\"},\"children\":[{\"type\":\"panel-slider_item\",\"props\":{\"content\":\"Wenn du Wein genauso liebst wie wir, hast du Gl\u00fcck:\\nDu kannst direkt bei uns kaufen und unsere Weinsch\u00e4tze bequem von zu Hause aus genie\u00dfen.\\nEntdecke unsere exklusiven Kollektionen und finde deinen Favoriten.\\n\\n\",\"image\":\"wp-content\/uploads\/2026\/03\/venta-tienda-bodegas-bordoy.jpg\",\"link\":\"shop-2\/?lang=de\",\"link_text\":\" Mehr Informationen\",\"meta\":\"Auf dem Weingut\",\"title\":\"Shop\",\"image_alt\":\"Weinterrasse und Weinladen von Bodegas Bordoy mit Blick auf die Weinberge\"}},{\"type\":\"panel-slider_item\",\"props\":{\"content\":\"Jede Flasche von Bodegas Bordoy tr\u00e4gt die Seele der Insel: Sonne, Meer und viel Charakter.\\nWenn du deinen Kunden authentische mallorquinische Weine mit Pers\u00f6nlichkeit anbieten m\u00f6chtest \u2013 lass uns reden!\",\"image\":\"wp-content\/uploads\/2026\/03\/venta-dis-bodegas-bordoy.jpg\",\"link\":\"weinhaendler\/?lang=de\",\"link_text\":\" Mehr Informationen\",\"meta\":\"Vertrieb\",\"title\":\"Weinh\u00e4ndler\",\"image_alt\":\"Weinflaschen Mar\u00e9s von Bodegas Bordoy \u2014 Ros\u00e9, Wei\u00df und Rot\"}}]}]}]}]}],\"version\":\"4.5.21\"} --><\/p>\n","protected":false},"excerpt":{"rendered":"<p>Verkauf Finde den perfekten Wein f\u00fcr jeden Anlass. Ob f\u00fcr ein besonderes Abendessen, einen Toast mit Freunden oder einfach nur so \u2013 wir haben den idealen Wein f\u00fcr jeden Moment. Unsere Weine tragen viel Pers\u00f6nlichkeit, gepr\u00e4gt von Meeresbrise und Mar\u00e8s-B\u00f6den. Shop Auf dem Weingut Wenn du Wein genauso liebst wie wir, hast du Gl\u00fcck: Du [&hellip;]<\/p>\n","protected":false},"author":1,"featured_media":0,"parent":0,"menu_order":4,"comment_status":"open","ping_status":"closed","template":"","meta":{"footnotes":""},"class_list":["post-21","page","type-page","status-publish","hentry"],"yoast_head":"<!-- This site is optimized with the Yoast SEO plugin v26.0 - https:\/\/yoast.com\/wordpress\/plugins\/seo\/ -->\n<title>Wein kaufen aus Mallorca - Bodegas Bordoy<\/title>\n<meta name=\"description\" content=\"Kaufen Sie Weine von Bodegas Bordoy: Mar\u00e9s, Ferman\u00e7a, Terra de Mar\u00e9s und Colecci\u00f3n. Direktverkauf, Weinh\u00e4ndler und Privatverkauf auf Mallorca.\" \/>\n<meta name=\"robots\" content=\"index, follow, max-snippet:-1, max-image-preview:large, max-video-preview:-1\" \/>\n<link rel=\"canonical\" href=\"https:\/\/booking.bodegasbordoy.es\/de\/support\/\" \/>\n<meta property=\"og:locale\" content=\"de_DE\" \/>\n<meta property=\"og:type\" content=\"article\" \/>\n<meta property=\"og:title\" content=\"Wein kaufen aus Mallorca - Bodegas Bordoy\" \/>\n<meta property=\"og:description\" content=\"Kaufen Sie Weine von Bodegas Bordoy: Mar\u00e9s, Ferman\u00e7a, Terra de Mar\u00e9s und Colecci\u00f3n. Direktverkauf, Weinh\u00e4ndler und Privatverkauf auf Mallorca.\" \/>\n<meta property=\"og:url\" content=\"https:\/\/booking.bodegasbordoy.es\/de\/support\/\" \/>\n<meta property=\"og:site_name\" content=\"Bodegas Bordoy\" \/>\n<meta property=\"article:modified_time\" content=\"2026-03-03T13:01:24+00:00\" \/>\n<meta property=\"og:image\" content=\"https:\/\/booking.bodegasbordoy.es\/wp-content\/uploads\/2025\/08\/Bodegas-Bordoy_37-2048x1365.jpg\" \/>\n\t<meta property=\"og:image:width\" content=\"2048\" \/>\n\t<meta property=\"og:image:height\" content=\"1365\" \/>\n<meta name=\"twitter:card\" content=\"summary_large_image\" \/>\n<meta name=\"twitter:label1\" content=\"Est. reading time\" \/>\n\t<meta name=\"twitter:data1\" content=\"1 minute\" \/>\n<script type=\"application\/ld+json\" class=\"yoast-schema-graph\">{\"@context\":\"https:\/\/schema.org\",\"@graph\":[{\"@type\":\"WebPage\",\"@id\":\"https:\/\/booking.bodegasbordoy.es\/de\/support\/\",\"url\":\"https:\/\/booking.bodegasbordoy.es\/de\/support\/\",\"name\":\"Wein kaufen aus Mallorca - Bodegas Bordoy\",\"isPartOf\":{\"@id\":\"https:\/\/booking.bodegasbordoy.es\/de\/#website\"},\"datePublished\":\"2019-09-05T09:37:25+00:00\",\"dateModified\":\"2026-03-03T13:01:24+00:00\",\"description\":\"Kaufen Sie Weine von Bodegas Bordoy: Mar\u00e9s, Ferman\u00e7a, Terra de Mar\u00e9s und Colecci\u00f3n. Direktverkauf, Weinh\u00e4ndler und Privatverkauf auf Mallorca.\",\"breadcrumb\":{\"@id\":\"https:\/\/booking.bodegasbordoy.es\/de\/support\/#breadcrumb\"},\"inLanguage\":\"de-DE\",\"potentialAction\":[{\"@type\":\"ReadAction\",\"target\":[\"https:\/\/booking.bodegasbordoy.es\/de\/support\/\"]}]},{\"@type\":\"BreadcrumbList\",\"@id\":\"https:\/\/booking.bodegasbordoy.es\/de\/support\/#breadcrumb\",\"itemListElement\":[{\"@type\":\"ListItem\",\"position\":1,\"name\":\"Home\",\"item\":\"https:\/\/booking.bodegasbordoy.es\/de\/\"},{\"@type\":\"ListItem\",\"position\":2,\"name\":\"Verkauf\"}]},{\"@type\":\"WebSite\",\"@id\":\"https:\/\/booking.bodegasbordoy.es\/de\/#website\",\"url\":\"https:\/\/booking.bodegasbordoy.es\/de\/\",\"name\":\"Bodegas Bordoy\",\"description\":\"\",\"potentialAction\":[{\"@type\":\"SearchAction\",\"target\":{\"@type\":\"EntryPoint\",\"urlTemplate\":\"https:\/\/booking.bodegasbordoy.es\/de\/?s={search_term_string}\"},\"query-input\":{\"@type\":\"PropertyValueSpecification\",\"valueRequired\":true,\"valueName\":\"search_term_string\"}}],\"inLanguage\":\"de-DE\"}]}<\/script>\n<meta property=\"og:locale:alternate\" content=\"es_ES\" \/>\n\t<meta property=\"og:locale:alternate\" content=\"en_US\" \/>\n\t<meta property=\"og:locale:alternate\" content=\"ca_ES\" \/>\n<!-- \/ Yoast SEO plugin. -->","yoast_head_json":{"title":"Wein kaufen aus Mallorca - Bodegas Bordoy","description":"Kaufen Sie Weine von Bodegas Bordoy: Mar\u00e9s, Ferman\u00e7a, Terra de Mar\u00e9s und Colecci\u00f3n. Direktverkauf, Weinh\u00e4ndler und Privatverkauf auf Mallorca.","robots":{"index":"index","follow":"follow","max-snippet":"max-snippet:-1","max-image-preview":"max-image-preview:large","max-video-preview":"max-video-preview:-1"},"canonical":"https:\/\/booking.bodegasbordoy.es\/de\/support\/","og_locale":"de_DE","og_type":"article","og_title":"Wein kaufen aus Mallorca - Bodegas Bordoy","og_description":"Kaufen Sie Weine von Bodegas Bordoy: Mar\u00e9s, Ferman\u00e7a, Terra de Mar\u00e9s und Colecci\u00f3n. Direktverkauf, Weinh\u00e4ndler und Privatverkauf auf Mallorca.","og_url":"https:\/\/booking.bodegasbordoy.es\/de\/support\/","og_site_name":"Bodegas Bordoy","article_modified_time":"2026-03-03T13:01:24+00:00","og_image":[{"url":"https:\/\/booking.bodegasbordoy.es\/wp-content\/uploads\/2025\/08\/Bodegas-Bordoy_37-2048x1365.jpg","width":2048,"height":1365,"type":""}],"twitter_card":"summary_large_image","twitter_misc":{"Est. reading time":"1 minute"},"schema":{"@context":"https:\/\/schema.org","@graph":[{"@type":"WebPage","@id":"https:\/\/booking.bodegasbordoy.es\/de\/support\/","url":"https:\/\/booking.bodegasbordoy.es\/de\/support\/","name":"Wein kaufen aus Mallorca - Bodegas Bordoy","isPartOf":{"@id":"https:\/\/booking.bodegasbordoy.es\/de\/#website"},"datePublished":"2019-09-05T09:37:25+00:00","dateModified":"2026-03-03T13:01:24+00:00","description":"Kaufen Sie Weine von Bodegas Bordoy: Mar\u00e9s, Ferman\u00e7a, Terra de Mar\u00e9s und Colecci\u00f3n. Direktverkauf, Weinh\u00e4ndler und Privatverkauf auf Mallorca.","breadcrumb":{"@id":"https:\/\/booking.bodegasbordoy.es\/de\/support\/#breadcrumb"},"inLanguage":"de-DE","potentialAction":[{"@type":"ReadAction","target":["https:\/\/booking.bodegasbordoy.es\/de\/support\/"]}]},{"@type":"BreadcrumbList","@id":"https:\/\/booking.bodegasbordoy.es\/de\/support\/#breadcrumb","itemListElement":[{"@type":"ListItem","position":1,"name":"Home","item":"https:\/\/booking.bodegasbordoy.es\/de\/"},{"@type":"ListItem","position":2,"name":"Verkauf"}]},{"@type":"WebSite","@id":"https:\/\/booking.bodegasbordoy.es\/de\/#website","url":"https:\/\/booking.bodegasbordoy.es\/de\/","name":"Bodegas Bordoy","description":"","potentialAction":[{"@type":"SearchAction","target":{"@type":"EntryPoint","urlTemplate":"https:\/\/booking.bodegasbordoy.es\/de\/?s={search_term_string}"},"query-input":{"@type":"PropertyValueSpecification","valueRequired":true,"valueName":"search_term_string"}}],"inLanguage":"de-DE"}]}},"_links":{"self":[{"href":"https:\/\/booking.bodegasbordoy.es\/de\/wp-json\/wp\/v2\/pages\/21","targetHints":{"allow":["GET"]}}],"collection":[{"href":"https:\/\/booking.bodegasbordoy.es\/de\/wp-json\/wp\/v2\/pages"}],"about":[{"href":"https:\/\/booking.bodegasbordoy.es\/de\/wp-json\/wp\/v2\/types\/page"}],"author":[{"embeddable":true,"href":"https:\/\/booking.bodegasbordoy.es\/de\/wp-json\/wp\/v2\/users\/1"}],"replies":[{"embeddable":true,"href":"https:\/\/booking.bodegasbordoy.es\/de\/wp-json\/wp\/v2\/comments?post=21"}],"version-history":[{"count":68,"href":"https:\/\/booking.bodegasbordoy.es\/de\/wp-json\/wp\/v2\/pages\/21\/revisions"}],"predecessor-version":[{"id":12705,"href":"https:\/\/booking.bodegasbordoy.es\/de\/wp-json\/wp\/v2\/pages\/21\/revisions\/12705"}],"wp:attachment":[{"href":"https:\/\/booking.bodegasbordoy.es\/de\/wp-json\/wp\/v2\/media?parent=21"}],"curies":[{"name":"wp","href":"https:\/\/api.w.org\/{rel}","templated":true}]}}