{"id":22,"date":"2019-09-05T09:37:25","date_gmt":"2019-09-05T09:37:25","guid":{"rendered":"https:\/\/booking.bodegasbordoy.es\/?p=22"},"modified":"2026-03-04T10:52:40","modified_gmt":"2026-03-04T09:52:40","slug":"weine","status":"publish","type":"page","link":"https:\/\/booking.bodegasbordoy.es\/de\/weine\/","title":{"rendered":"Weine"},"content":{"rendered":"<div> Weine<\/div>\n<div> Bei Bodegas Bordoy keltern wir Weine mit Respekt vor den autochthonen Sorten und ihrem Potenzial <\/div>\n<div>Kombiniert mit ausgesuchten klassischen Rebsorten. So entsteht in jedem Wein eine Balance, die den Charakter unserer Weinberge und den Reichtum der mediterranen Umwelt authentisch widerspiegelt.\n<\/div>\n<h1>Mallorca in jeder Flasche: Wo Meer, Erde und Sonne zusammenkommen<\/h1>\n<h1>Ursprung in Sa Marina de Llucmajor<\/h1>\n<div> Unsere Weinberge liegen nur wenige Meter vom Meer entfernt \u2013 dort, wo Mares-Gestein, mediterrane Sonne und die Meeresbrise S\u2019Embat aufeinandertreffen. Dieses Zusammenspiel verleiht unseren Trauben Frische, Balance und eine unverkennbare maritime Identit\u00e4t. Das Ergebnis sind Weine mit Charakter, Ausdruck und einer starken Verbindung zu ihrem Ursprung.<\/div>\n<div>Wir kultivieren autochthone Sorten wie Gir\u00f3 Ros, Premsal Blanc, Callet, Mantonegro, Gargollassa sowie Klassiker wie Ull de Llebre, Merlot, Syrah, Cabernet Sauvignon, Viognier, Chardonnay.<\/div>\n<p><img decoding=\"async\" src=\"\/wp-content\/uploads\/2026\/03\/bodegas-bordoy-vino-tinto-mares.jpg\" alt=\"\"><br \/>\n<img decoding=\"async\" src=\"\/wp-content\/uploads\/2026\/03\/vinos-bodegas-bordoy.jpg\" alt=\"\"><\/p>\n<h1>Exklusive Produktion<\/h1>\n<div> Jede Ernte ist einzigartig \u2013 wir produzieren eine begrenzte Menge, ausschlie\u00dflich aus den Trauben unserer eigenen Weinberge. Vom Handlese bis zur Reifung in franz\u00f6sischer Eiche begleiten wir jeden Schritt mit gr\u00f6\u00dfter Sorgfalt.<\/div>\n<h1>Weinlinien<\/h1>\n<ul>\n<li>\n<h3>  Mar\u00e8s: Die Mar\u00e8s-Linie betont den urspr\u00fcnglichen Charakter der Trauben \u2013 fruchtig, frisch und mediterran.\u2028 <\/h3>\n<\/li>\n<li>\n<h3> Terra de Mar\u00e8s: Ein Wein, der nur in Ausnahmejahren entsteht, aus einer sorgf\u00e4ltigen Traubenselektion \u2013 die reinste und eleganteste Interpretation unserer Landschaft.\u2028 <\/h3>\n<\/li>\n<li>\n<h3>Ferman\u00e7a: Haupts\u00e4chlich aus autochthonen mallorquinischen Sorten, weniger als 1.000 Flaschen pro Jahrgang \u2013 ein authentischer, einzigartiger Ausdruck unserer Landschaft.\u2028<\/h3>\n<div>\n<\/div>\n<\/li>\n<li>\n<h3>Exklusive Kollektion: Limitierte, pers\u00f6nliche  Editionen unserer \u00d6nologin \u2013 jede Flasche ist  Ausdruck Ihrer Vision und Pers\u00f6nlichkeit.<\/h3>\n<\/li>\n<\/ul>\n<ul>\n<li>\n<p>        <img decoding=\"async\" src=\"\/wp-content\/uploads\/2025\/01\/terrademares-bodegas-bordoy-vinos-mallorca.jpg\" alt=\"\"><\/p>\n<p>        <video src=\"\/wp-content\/uploads\/2025\/02\/logo-terrademarres-ani.mp4\"><\/video><\/p>\n<h3>Terra de Mares<\/h3>\n<div>Imag\u00ednese disfrutar de una cata de vinos con vistas a interminables hileras de vi\u00f1as, mientras una suave brisa le trae el aroma de la tierra fresca y las uvas maduras.<\/div>\n<p><a href=\"\/terra-de-mares\/?lang=de\"><\/a><\/p>\n<\/li>\n<li>\n<p>        <img decoding=\"async\" src=\"\/wp-content\/uploads\/2025\/01\/mares-bodegas-bordoy-vinos-mallorca.jpg\" alt=\"\"><\/p>\n<p>        <video src=\"\/wp-content\/uploads\/2025\/02\/logo-mares-hover-1.mp4\"><\/video><\/p>\n<h3>Mar\u00e9s<\/h3>\n<div>Imag\u00ednese disfrutar de una cata de vinos con vistas a interminables hileras de vi\u00f1as, mientras una suave brisa le trae el aroma de la tierra fresca y las uvas maduras.<\/div>\n<p><a href=\"\/mares\/?lang=de\"><\/a><\/p>\n<\/li>\n<li>\n<p>        <img decoding=\"async\" src=\"\/wp-content\/uploads\/2025\/01\/fermanca-bodegas-bordoy-vinos-mallorca.jpg\" alt=\"\"><\/p>\n<p>        <video src=\"\/wp-content\/uploads\/2025\/02\/logo-fermanca-hover.mp4\"><\/video><\/p>\n<h3>Fermanca<\/h3>\n<div>Imag\u00ednese disfrutar de una cata de vinos con vistas a interminables hileras de vi\u00f1as, mientras una suave brisa le trae el aroma de la tierra fresca y las uvas maduras.<\/div>\n<p><a href=\"\/fermanca\/?lang=de\"><\/a><\/p>\n<\/li>\n<li>\n<p>        <img decoding=\"async\" src=\"\/wp-content\/uploads\/2025\/02\/logo-coleccion.png\" alt=\"\"><\/p>\n<p>        <video src=\"\/wp-content\/uploads\/2025\/02\/logo-coleccion.mp4\"><\/video><\/p>\n<h3>Collecion<\/h3>\n<div>Imag\u00ednese disfrutar de una cata de vinos con vistas a interminables hileras de vi\u00f1as, mientras una suave brisa le trae el aroma de la tierra fresca y las uvas maduras.<\/div>\n<p><a href=\"\/coleccion\/?lang=de\"><\/a><\/p>\n<\/li>\n<\/ul>\n<div>Mallorca im Herzen. Leidenschaft im Glas.<\/div>\n<p><!--more--><br \/>\n<!-- {\"type\":\"layout\",\"children\":[{\"type\":\"section\",\"props\":{\"animation\":\"scale-up\",\"animation_delay\":\"230\",\"header_transparent\":true,\"image\":\"wp-content\\\/uploads\\\/2025\\\/03\\\/wintrauben-bodegas-bordoy.jpg\",\"image_height\":\"720\",\"image_position\":\"top-center\",\"image_size\":\"cover\",\"image_width\":\"1280\",\"media_overlay\":\"rgba(255, 255, 255, 0.92)\",\"padding\":\"none\",\"padding_remove_top\":false,\"style\":\"default\",\"title_breakpoint\":\"xl\",\"title_position\":\"top-left\",\"title_rotation\":\"left\",\"vertical_align\":\"\",\"width\":\"default\"},\"children\":[{\"type\":\"row\",\"children\":[{\"type\":\"column\",\"props\":{\"image_position\":\"center-center\",\"position_sticky_breakpoint\":\"m\"}}]}]},{\"type\":\"section\",\"props\":{\"animation\":\"slide-bottom-medium\",\"animation_delay\":\"230\",\"height\":\"page\",\"image\":\"wp-content\\\/uploads\\\/2025\\\/03\\\/bg3-scaled.jpg\",\"image_position\":\"center-center\",\"image_size\":\"cover\",\"media_background\":\"rgba(255, 255, 255, 0.83)\",\"media_overlay\":\"rgba(255, 255, 255, 0.34)\",\"padding\":\"small\",\"style\":\"default\",\"title_breakpoint\":\"xl\",\"title_position\":\"top-left\",\"title_rotation\":\"left\",\"vertical_align\":\"\",\"width\":\"large\"},\"children\":[{\"type\":\"row\",\"children\":[{\"type\":\"column\",\"props\":{\"image_position\":\"center-center\",\"image_size\":\"cover\",\"media_overlay\":\"rgba(255, 255, 255, 0.32)\",\"position_blend\":false,\"position_sticky\":\"section\",\"position_sticky_breakpoint\":\"m\"},\"children\":[{\"type\":\"headline\",\"props\":{\"content\":\" Weine\",\"margin_remove_bottom\":false,\"margin_remove_top\":true,\"text_align\":\"center\",\"title_color\":\"background\",\"title_element\":\"div\",\"title_style\":\"h1\"}},{\"type\":\"headline\",\"props\":{\"block_align\":\"center\",\"content\":\" Bei Bodegas Bordoy keltern wir Weine mit Respekt vor den autochthonen Sorten und ihrem Potenzial \",\"margin\":\"remove-vertical\",\"margin_remove_bottom\":true,\"margin_remove_top\":true,\"maxwidth\":\"large\",\"text_align\":\"center\",\"title_element\":\"div\",\"title_style\":\"h4\"}}]}],\"props\":{\"alignment\":\"center\",\"divider\":false,\"row_gap\":\"large\"}}],\"name\":\"wine headline\"},{\"type\":\"section\",\"props\":{\"animation\":\"slide-top-medium\",\"animation_delay\":\"230\",\"image\":\"wp-content\\\/uploads\\\/2025\\\/03\\\/bg1.jpg\",\"image_effect\":\"fixed\",\"image_position\":\"center-center\",\"image_size\":\"cover\",\"media_focal_point\":\"top-center\",\"media_overlay\":\"rgba(255, 255, 255, 0.59)\",\"style\":\"default\",\"title_breakpoint\":\"xl\",\"title_position\":\"top-left\",\"title_rotation\":\"left\",\"vertical_align\":\"\",\"video_width\":3000,\"width\":\"small\"},\"children\":[{\"type\":\"row\",\"props\":{\"divider\":false,\"layout\":\"1-2,1-2\"},\"children\":[{\"type\":\"column\",\"props\":{\"image_position\":\"center-center\",\"position_sticky_breakpoint\":\"m\",\"width_medium\":\"1-2\"},\"children\":[{\"type\":\"text\",\"props\":{\"column_breakpoint\":\"m\",\"content\":\"Kombiniert mit ausgesuchten klassischen Rebsorten. So entsteht in jedem Wein eine Balance, die den Charakter unserer Weinberge und den Reichtum der mediterranen Umwelt authentisch widerspiegelt.\\n\",\"margin\":\"default\",\"maxwidth\":\"large\"}},{\"type\":\"headline\",\"props\":{\"content\":\"Mallorca in jeder Flasche: Wo Meer, Erde und Sonne zusammenkommen\",\"margin_remove_bottom\":true,\"margin_remove_top\":false,\"title_color\":\"background\",\"title_element\":\"h1\",\"title_style\":\"h3\"}},{\"type\":\"headline\",\"props\":{\"content\":\"Ursprung in Sa Marina de Llucmajor\",\"margin_remove_bottom\":false,\"margin_remove_top\":true,\"title_element\":\"h1\",\"title_style\":\"h4\"}},{\"type\":\"text\",\"props\":{\"column_breakpoint\":\"m\",\"content\":\" Unsere Weinberge liegen nur wenige Meter vom Meer entfernt \\u2013 dort, wo Mares-Gestein, mediterrane Sonne und die Meeresbrise S\\u2019Embat aufeinandertreffen. Dieses Zusammenspiel verleiht unseren Trauben Frische, Balance und eine unverkennbare maritime Identit\\u00e4t. Das Ergebnis sind Weine mit Charakter, Ausdruck und einer starken Verbindung zu ihrem Ursprung.\",\"margin\":\"default\",\"maxwidth\":\"large\"}},{\"type\":\"text\",\"props\":{\"column_breakpoint\":\"m\",\"content\":\"Wir kultivieren autochthone Sorten wie Gir\\u00f3 Ros, Premsal Blanc, Callet, Mantonegro, Gargollassa sowie Klassiker wie Ull de Llebre, Merlot, Syrah, Cabernet Sauvignon, Viognier, Chardonnay.\",\"margin\":\"default\",\"maxwidth\":\"large\"}},{\"type\":\"image\",\"props\":{\"image\":\"wp-content\\\/uploads\\\/2026\\\/03\\\/bodegas-bordoy-vino-tinto-mares.jpg\",\"image_svg_color\":\"emphasis\",\"margin\":\"default\"},\"name\":\"vino\"}]},{\"type\":\"column\",\"props\":{\"image_position\":\"center-center\",\"position_sticky_breakpoint\":\"m\",\"width_medium\":\"1-2\"},\"children\":[{\"type\":\"image\",\"props\":{\"image\":\"wp-content\\\/uploads\\\/2026\\\/03\\\/vinos-bodegas-bordoy.jpg\",\"image_svg_color\":\"emphasis\",\"margin\":\"default\"},\"name\":\"vino\"},{\"type\":\"headline\",\"props\":{\"content\":\"Exklusive Produktion\",\"margin_remove_bottom\":false,\"margin_remove_top\":true,\"title_element\":\"h1\",\"title_style\":\"h4\"}},{\"type\":\"text\",\"props\":{\"column_breakpoint\":\"m\",\"content\":\" Jede Ernte ist einzigartig \\u2013 wir produzieren eine begrenzte Menge, ausschlie\\u00dflich aus den Trauben unserer eigenen Weinberge. Vom Handlese bis zur Reifung in franz\\u00f6sischer Eiche begleiten wir jeden Schritt mit gr\\u00f6\\u00dfter Sorgfalt.\",\"margin\":\"default\",\"maxwidth\":\"large\"}},{\"type\":\"headline\",\"props\":{\"content\":\"Weinlinien\",\"margin_remove_bottom\":false,\"margin_remove_top\":true,\"title_element\":\"h1\",\"title_style\":\"h4\"}},{\"type\":\"description_list\",\"props\":{\"column_breakpoint\":\"m\",\"layout\":\"grid-2\",\"list_element\":\"ul\",\"meta_align\":\"below-content\",\"meta_style\":\"text-meta\",\"show_content\":true,\"show_link\":true,\"show_meta\":true,\"show_title\":true,\"title_element\":\"div\",\"title_grid_column_gap\":\"small\",\"title_grid_row_gap\":\"small\",\"title_grid_width\":\"auto\"},\"children\":[{\"type\":\"description_list_item\",\"props\":{\"content\":\"\",\"title\":\"  Mar\\u00e8s: Die Mar\\u00e8s-Linie betont den urspr\\u00fcnglichen Charakter der Trauben \\u2013 fruchtig, frisch und mediterran.\\u2028 \"}},{\"type\":\"description_list_item\",\"props\":{\"content\":\"\",\"title\":\" Terra de Mar\\u00e8s: Ein Wein, der nur in Ausnahmejahren entsteht, aus einer sorgf\\u00e4ltigen Traubenselektion \\u2013 die reinste und eleganteste Interpretation unserer Landschaft.\\u2028 \"}},{\"type\":\"description_list_item\",\"props\":{\"content\":\"\\n\\n\",\"title\":\"Ferman\\u00e7a: Haupts\\u00e4chlich aus autochthonen mallorquinischen Sorten, weniger als 1.000 Flaschen pro Jahrgang \\u2013 ein authentischer, einzigartiger Ausdruck unserer Landschaft.\\u2028\"}},{\"type\":\"description_list_item\",\"props\":{\"content\":\"\",\"title\":\"Exklusive Kollektion: Limitierte, pers\\u00f6nliche  Editionen unserer \\u00d6nologin \\u2013 jede Flasche ist  Ausdruck Ihrer Vision und Pers\\u00f6nlichkeit.\"}}]}]}]}],\"name\":\"vinos text\"},{\"type\":\"section\",\"props\":{\"image_position\":\"center-center\",\"style\":\"default\",\"title_breakpoint\":\"xl\",\"title_position\":\"top-left\",\"title_rotation\":\"left\",\"vertical_align\":\"middle\",\"width\":\"default\"},\"children\":[{\"type\":\"row\",\"children\":[{\"type\":\"column\",\"props\":{\"image_position\":\"center-center\",\"position_sticky_breakpoint\":\"m\"},\"children\":[{\"type\":\"panel-slider\",\"props\":{\"content_column_breakpoint\":\"m\",\"icon_width\":80,\"image_align\":\"top\",\"image_grid_breakpoint\":\"m\",\"image_grid_width\":\"1-2\",\"image_svg_color\":\"emphasis\",\"link_style\":\"primary\",\"link_text\":\"\",\"margin\":\"default\",\"meta_align\":\"below-title\",\"meta_element\":\"div\",\"meta_style\":\"text-meta\",\"nav\":\"dotnav\",\"nav_align\":\"center\",\"nav_breakpoint\":\"s\",\"panel_link\":true,\"panel_match\":true,\"show_content\":false,\"show_hover_image\":true,\"show_hover_video\":true,\"show_image\":true,\"show_link\":true,\"show_meta\":true,\"show_title\":false,\"show_video\":true,\"slidenav\":\"outside\",\"slidenav_breakpoint\":\"xl\",\"slidenav_margin\":\"medium\",\"slidenav_outside_breakpoint\":\"xl\",\"slider_autoplay_pause\":true,\"slider_gap\":\"default\",\"slider_width\":\"fixed\",\"slider_width_default\":\"1-1\",\"slider_width_large\":\"1-4\",\"slider_width_medium\":\"1-4\",\"slider_width_small\":\"1-2\",\"slider_width_xlarge\":\"1-4\",\"text_align\":\"center\",\"title_align\":\"top\",\"title_element\":\"h3\",\"title_grid_breakpoint\":\"m\",\"title_grid_width\":\"1-2\",\"title_hover_style\":\"reset\"},\"children\":[{\"type\":\"panel-slider_item\",\"props\":{\"content\":\"Imag\\u00ednese disfrutar de una cata de vinos con vistas a interminables hileras de vi\\u00f1as, mientras una suave brisa le trae el aroma de la tierra fresca y las uvas maduras.\",\"hover_video\":\"wp-content\\\/uploads\\\/2025\\\/02\\\/logo-terrademarres-ani.mp4\",\"image\":\"wp-content\\\/uploads\\\/2025\\\/01\\\/terrademares-bodegas-bordoy-vinos-mallorca.jpg\",\"link\":\"terra-de-mares\\\/?lang=de\",\"title\":\"Terra de Mares\"}},{\"type\":\"panel-slider_item\",\"props\":{\"content\":\"Imag\\u00ednese disfrutar de una cata de vinos con vistas a interminables hileras de vi\\u00f1as, mientras una suave brisa le trae el aroma de la tierra fresca y las uvas maduras.\",\"hover_video\":\"wp-content\\\/uploads\\\/2025\\\/02\\\/logo-mares-hover-1.mp4\",\"image\":\"wp-content\\\/uploads\\\/2025\\\/01\\\/mares-bodegas-bordoy-vinos-mallorca.jpg\",\"link\":\"mares\\\/?lang=de\",\"title\":\"Mar\\u00e9s\"}},{\"type\":\"panel-slider_item\",\"props\":{\"content\":\"Imag\\u00ednese disfrutar de una cata de vinos con vistas a interminables hileras de vi\\u00f1as, mientras una suave brisa le trae el aroma de la tierra fresca y las uvas maduras.\",\"hover_video\":\"wp-content\\\/uploads\\\/2025\\\/02\\\/logo-fermanca-hover.mp4\",\"image\":\"wp-content\\\/uploads\\\/2025\\\/01\\\/fermanca-bodegas-bordoy-vinos-mallorca.jpg\",\"link\":\"fermanca\\\/?lang=de\",\"title\":\"Fermanca\"}},{\"type\":\"panel-slider_item\",\"props\":{\"content\":\"Imag\\u00ednese disfrutar de una cata de vinos con vistas a interminables hileras de vi\\u00f1as, mientras una suave brisa le trae el aroma de la tierra fresca y las uvas maduras.\",\"hover_video\":\"wp-content\\\/uploads\\\/2025\\\/02\\\/logo-coleccion.mp4\",\"image\":\"wp-content\\\/uploads\\\/2025\\\/02\\\/logo-coleccion.png\",\"link\":\"coleccion\\\/?lang=de\",\"title\":\"Collecion\"}}],\"name\":\"weine marken\"}]}]}]},{\"type\":\"section\",\"props\":{\"image_position\":\"center-center\",\"style\":\"default\",\"title_breakpoint\":\"xl\",\"title_position\":\"top-left\",\"title_rotation\":\"left\",\"vertical_align\":\"middle\",\"width\":\"default\"},\"children\":[{\"type\":\"row\",\"children\":[{\"type\":\"column\",\"props\":{\"image_position\":\"center-center\",\"position_sticky_breakpoint\":\"m\"},\"children\":[{\"type\":\"text\",\"props\":{\"block_align\":\"center\",\"column_breakpoint\":\"m\",\"content\":\"Mallorca im Herzen. Leidenschaft im Glas.\",\"margin\":\"default\",\"maxwidth\":\"large\",\"text_align\":\"center\"}}]}]}]}],\"version\":\"4.5.32\"} --><\/p>\n","protected":false},"excerpt":{"rendered":"<p>Weine Bei Bodegas Bordoy keltern wir Weine mit Respekt vor den autochthonen Sorten und ihrem Potenzial Kombiniert mit ausgesuchten klassischen Rebsorten. So entsteht in jedem Wein eine Balance, die den Charakter unserer Weinberge und den Reichtum der mediterranen Umwelt authentisch widerspiegelt. Mallorca in jeder Flasche: Wo Meer, Erde und Sonne zusammenkommen Ursprung in Sa Marina [&hellip;]<\/p>\n","protected":false},"author":1,"featured_media":0,"parent":0,"menu_order":3,"comment_status":"open","ping_status":"closed","template":"","meta":{"footnotes":""},"class_list":["post-22","page","type-page","status-publish","hentry"],"yoast_head":"<!-- This site is optimized with the Yoast SEO plugin v26.0 - https:\/\/yoast.com\/wordpress\/plugins\/seo\/ -->\n<title>Weine - Bodegas Bordoy<\/title>\n<meta name=\"robots\" content=\"index, follow, max-snippet:-1, max-image-preview:large, max-video-preview:-1\" \/>\n<link rel=\"canonical\" href=\"https:\/\/booking.bodegasbordoy.es\/de\/weine\/\" \/>\n<meta property=\"og:locale\" content=\"de_DE\" \/>\n<meta property=\"og:type\" content=\"article\" \/>\n<meta property=\"og:title\" content=\"Weine - Bodegas Bordoy\" \/>\n<meta property=\"og:description\" content=\"Weine Bei Bodegas Bordoy keltern wir Weine mit Respekt vor den autochthonen Sorten und ihrem Potenzial Kombiniert mit ausgesuchten klassischen Rebsorten. So entsteht in jedem Wein eine Balance, die den Charakter unserer Weinberge und den Reichtum der mediterranen Umwelt authentisch widerspiegelt. Mallorca in jeder Flasche: Wo Meer, Erde und Sonne zusammenkommen Ursprung in Sa Marina [&hellip;]\" \/>\n<meta property=\"og:url\" content=\"https:\/\/booking.bodegasbordoy.es\/de\/weine\/\" \/>\n<meta property=\"og:site_name\" content=\"Bodegas Bordoy\" \/>\n<meta property=\"article:modified_time\" content=\"2026-03-04T09:52:40+00:00\" \/>\n<meta property=\"og:image\" content=\"https:\/\/booking.bodegasbordoy.es\/wp-content\/uploads\/2025\/08\/Bodegas-Bordoy_37-2048x1365.jpg\" \/>\n\t<meta property=\"og:image:width\" content=\"2048\" \/>\n\t<meta property=\"og:image:height\" content=\"1365\" \/>\n<meta name=\"twitter:card\" content=\"summary_large_image\" \/>\n<meta name=\"twitter:label1\" content=\"Est. reading time\" \/>\n\t<meta name=\"twitter:data1\" content=\"2 minutes\" \/>\n<script type=\"application\/ld+json\" class=\"yoast-schema-graph\">{\"@context\":\"https:\/\/schema.org\",\"@graph\":[{\"@type\":\"WebPage\",\"@id\":\"https:\/\/booking.bodegasbordoy.es\/de\/weine\/\",\"url\":\"https:\/\/booking.bodegasbordoy.es\/de\/weine\/\",\"name\":\"Weine - Bodegas Bordoy\",\"isPartOf\":{\"@id\":\"https:\/\/booking.bodegasbordoy.es\/de\/#website\"},\"datePublished\":\"2019-09-05T09:37:25+00:00\",\"dateModified\":\"2026-03-04T09:52:40+00:00\",\"breadcrumb\":{\"@id\":\"https:\/\/booking.bodegasbordoy.es\/de\/weine\/#breadcrumb\"},\"inLanguage\":\"de-DE\",\"potentialAction\":[{\"@type\":\"ReadAction\",\"target\":[\"https:\/\/booking.bodegasbordoy.es\/de\/weine\/\"]}]},{\"@type\":\"BreadcrumbList\",\"@id\":\"https:\/\/booking.bodegasbordoy.es\/de\/weine\/#breadcrumb\",\"itemListElement\":[{\"@type\":\"ListItem\",\"position\":1,\"name\":\"Home\",\"item\":\"https:\/\/booking.bodegasbordoy.es\/de\/\"},{\"@type\":\"ListItem\",\"position\":2,\"name\":\"Weine\"}]},{\"@type\":\"WebSite\",\"@id\":\"https:\/\/booking.bodegasbordoy.es\/de\/#website\",\"url\":\"https:\/\/booking.bodegasbordoy.es\/de\/\",\"name\":\"Bodegas Bordoy\",\"description\":\"\",\"potentialAction\":[{\"@type\":\"SearchAction\",\"target\":{\"@type\":\"EntryPoint\",\"urlTemplate\":\"https:\/\/booking.bodegasbordoy.es\/de\/?s={search_term_string}\"},\"query-input\":{\"@type\":\"PropertyValueSpecification\",\"valueRequired\":true,\"valueName\":\"search_term_string\"}}],\"inLanguage\":\"de-DE\"}]}<\/script>\n<meta property=\"og:locale:alternate\" content=\"es_ES\" \/>\n\t<meta property=\"og:locale:alternate\" content=\"en_US\" \/>\n\t<meta property=\"og:locale:alternate\" content=\"ca_ES\" \/>\n<!-- \/ Yoast SEO plugin. -->","yoast_head_json":{"title":"Weine - Bodegas Bordoy","robots":{"index":"index","follow":"follow","max-snippet":"max-snippet:-1","max-image-preview":"max-image-preview:large","max-video-preview":"max-video-preview:-1"},"canonical":"https:\/\/booking.bodegasbordoy.es\/de\/weine\/","og_locale":"de_DE","og_type":"article","og_title":"Weine - Bodegas Bordoy","og_description":"Weine Bei Bodegas Bordoy keltern wir Weine mit Respekt vor den autochthonen Sorten und ihrem Potenzial Kombiniert mit ausgesuchten klassischen Rebsorten. So entsteht in jedem Wein eine Balance, die den Charakter unserer Weinberge und den Reichtum der mediterranen Umwelt authentisch widerspiegelt. Mallorca in jeder Flasche: Wo Meer, Erde und Sonne zusammenkommen Ursprung in Sa Marina [&hellip;]","og_url":"https:\/\/booking.bodegasbordoy.es\/de\/weine\/","og_site_name":"Bodegas Bordoy","article_modified_time":"2026-03-04T09:52:40+00:00","og_image":[{"url":"https:\/\/booking.bodegasbordoy.es\/wp-content\/uploads\/2025\/08\/Bodegas-Bordoy_37-2048x1365.jpg","width":2048,"height":1365,"type":""}],"twitter_card":"summary_large_image","twitter_misc":{"Est. reading time":"2 minutes"},"schema":{"@context":"https:\/\/schema.org","@graph":[{"@type":"WebPage","@id":"https:\/\/booking.bodegasbordoy.es\/de\/weine\/","url":"https:\/\/booking.bodegasbordoy.es\/de\/weine\/","name":"Weine - Bodegas Bordoy","isPartOf":{"@id":"https:\/\/booking.bodegasbordoy.es\/de\/#website"},"datePublished":"2019-09-05T09:37:25+00:00","dateModified":"2026-03-04T09:52:40+00:00","breadcrumb":{"@id":"https:\/\/booking.bodegasbordoy.es\/de\/weine\/#breadcrumb"},"inLanguage":"de-DE","potentialAction":[{"@type":"ReadAction","target":["https:\/\/booking.bodegasbordoy.es\/de\/weine\/"]}]},{"@type":"BreadcrumbList","@id":"https:\/\/booking.bodegasbordoy.es\/de\/weine\/#breadcrumb","itemListElement":[{"@type":"ListItem","position":1,"name":"Home","item":"https:\/\/booking.bodegasbordoy.es\/de\/"},{"@type":"ListItem","position":2,"name":"Weine"}]},{"@type":"WebSite","@id":"https:\/\/booking.bodegasbordoy.es\/de\/#website","url":"https:\/\/booking.bodegasbordoy.es\/de\/","name":"Bodegas Bordoy","description":"","potentialAction":[{"@type":"SearchAction","target":{"@type":"EntryPoint","urlTemplate":"https:\/\/booking.bodegasbordoy.es\/de\/?s={search_term_string}"},"query-input":{"@type":"PropertyValueSpecification","valueRequired":true,"valueName":"search_term_string"}}],"inLanguage":"de-DE"}]}},"_links":{"self":[{"href":"https:\/\/booking.bodegasbordoy.es\/de\/wp-json\/wp\/v2\/pages\/22","targetHints":{"allow":["GET"]}}],"collection":[{"href":"https:\/\/booking.bodegasbordoy.es\/de\/wp-json\/wp\/v2\/pages"}],"about":[{"href":"https:\/\/booking.bodegasbordoy.es\/de\/wp-json\/wp\/v2\/types\/page"}],"author":[{"embeddable":true,"href":"https:\/\/booking.bodegasbordoy.es\/de\/wp-json\/wp\/v2\/users\/1"}],"replies":[{"embeddable":true,"href":"https:\/\/booking.bodegasbordoy.es\/de\/wp-json\/wp\/v2\/comments?post=22"}],"version-history":[{"count":68,"href":"https:\/\/booking.bodegasbordoy.es\/de\/wp-json\/wp\/v2\/pages\/22\/revisions"}],"predecessor-version":[{"id":12729,"href":"https:\/\/booking.bodegasbordoy.es\/de\/wp-json\/wp\/v2\/pages\/22\/revisions\/12729"}],"wp:attachment":[{"href":"https:\/\/booking.bodegasbordoy.es\/de\/wp-json\/wp\/v2\/media?parent=22"}],"curies":[{"name":"wp","href":"https:\/\/api.w.org\/{rel}","templated":true}]}}