{"id":2482,"date":"2025-01-09T19:22:43","date_gmt":"2025-01-09T19:22:43","guid":{"rendered":"https:\/\/booking.bodegasbordoy.es\/?page_id=2482"},"modified":"2025-07-29T09:45:43","modified_gmt":"2025-07-29T08:45:43","slug":"mares","status":"publish","type":"page","link":"https:\/\/booking.bodegasbordoy.es\/de\/mares\/","title":{"rendered":"Mar\u00e9s"},"content":{"rendered":"<p><img decoding=\"async\" src=\"\/wp-content\/uploads\/2025\/02\/mares-bodegas-bordoy-vinos-mallorca.png\" alt=\"\"><\/p>\n<div>Die Linie Mar\u00e8s verk\u00f6rpert die reinste und hellste Essenz Mallorcas. Inspiriert von Meeresbrise, Sonnenw\u00e4rme und der Kraft unserer B\u00f6den spiegelt diese Weinlinie den urspr\u00fcnglichen Charakter unserer Trauben klar wider.\u2028 Mar\u00e8s-Weine zeichnen sich durch ihre intensive Fruchtigkeit, ihre nat\u00fcrliche Frische und einen offenen, lebendigen, zutiefst mediterranen Charakter aus. Ehrliche, elegante Weine, die die Insel erz\u00e4hlen.<\/div>\n<div>Das Sortiment umfasst:<\/div>\n<ul>\n<li>\n<h3> Mar\u00e8s Blanco <\/h3>\n<div>frisch, aromatisch, f\u00fcr alle, die einen charaktervollen, ausgewogenen Wei\u00dfwein suchen.\u2028 <\/div>\n<\/li>\n<li>\n<h3>Mar\u00e8s Rosado  <\/h3>\n<div>ausdrucksstark und zart, mit Noten frischer roter Fr\u00fcchte und lebendiger S\u00e4ure.\u2028 <\/div>\n<\/li>\n<li>\n<h3>Mar\u00e8s Joven <\/h3>\n<div>fruchtig in reinsten Form zu genie\u00dfen.<\/div>\n<\/li>\n<li>\n<h3>Mar\u00e8s Crianza <\/h3>\n<div>vereint reife Frucht, W\u00fcrze und Struktur nach 12 Monaten Reifung in franz\u00f6sischer Eiche \u2013 ideal f\u00fcr besondere Momente.<\/div>\n<\/li>\n<li>\n<h3>Mar\u00e8s Reserva <\/h3>\n<div>die tiefste und eleganteste Version, mit mindestens 2 Jahren Reife in franz\u00f6sischen Eichenf\u00e4ssern, die Komplexit\u00e4t verleiht, ohne die Frische zu verlieren.<\/div>\n<\/li>\n<\/ul>\n<p><img decoding=\"async\" src=\"\/wp-content\/uploads\/2025\/01\/botella-mares-crianza-vino-bodegas-bordoy-mallorca.png\" alt=\"\"><\/p>\n<h1>Unsere Weine stammen aus sorgf\u00e4ltig ausgew\u00e4hlten Rebsorten und werden auf unseren Weinbergen im S\u00fcden Mallorcas angebaut.<\/h1>\n<ul>\n<li>\n<p>        <img decoding=\"async\" src=\"\/wp-content\/uploads\/2025\/01\/mares-blanco-joven-bodegas-bordoy-vinos-mallorca.jpg\" alt=\"\"><\/p>\n<h3>Mares Blanco Joven<\/h3>\n<div>Imag\u00ednese disfrutar de una cata de vinos con vistas a interminables hileras de vi\u00f1as, mientras una suave brisa le trae el aroma de la tierra fresca y las uvas maduras.<\/div>\n<p><a href=\"\/?page_id=2745&#038;lang=de\"><\/a><\/p>\n<\/li>\n<li>\n<p>        <img decoding=\"async\" src=\"\/wp-content\/uploads\/2025\/01\/mares-rosado-joven-bodegas-bordoy-vinos-mallorca.jpg\" alt=\"\"><\/p>\n<h3>Mares Rosado Joven<\/h3>\n<div>Imag\u00ednese disfrutar de una cata de vinos con vistas a interminables hileras de vi\u00f1as, mientras una suave brisa le trae el aroma de la tierra fresca y las uvas maduras.<\/div>\n<p><a href=\"\/?page_id=2928&#038;lang=de\"><\/a><\/p>\n<\/li>\n<li>\n<p>        <img decoding=\"async\" src=\"\/wp-content\/uploads\/2025\/01\/mares-tinto-crianza-bodegas-bordoy-vinos-mallorca.jpg\" alt=\"\"><\/p>\n<h3>Mares Tinto Crianza<\/h3>\n<div>Imag\u00ednese disfrutar de una cata de vinos con vistas a interminables hileras de vi\u00f1as, mientras una suave brisa le trae el aroma de la tierra fresca y las uvas maduras.<\/div>\n<p><a href=\"\/?page_id=2924&#038;lang=de\"><\/a><\/p>\n<\/li>\n<li>\n<p>        <img decoding=\"async\" src=\"\/wp-content\/uploads\/2025\/01\/mares-tinto-joven-bodegas-bordoy-vinos-mallorca.jpg\" alt=\"\"><\/p>\n<h3>Mares Tinto Joven<\/h3>\n<div>Imag\u00ednese disfrutar de una cata de vinos con vistas a interminables hileras de vi\u00f1as, mientras una suave brisa le trae el aroma de la tierra fresca y las uvas maduras.<\/div>\n<p><a href=\"\/?page_id=2926&#038;lang=de\"><\/a><\/p>\n<\/li>\n<li>\n<p>        <img decoding=\"async\" src=\"\/wp-content\/uploads\/2025\/01\/mares-tinto-reserva-bodegas-bordoy-vinos-mallorca.jpg\" alt=\"\"><\/p>\n<h3>Mares Tinto Reserva<\/h3>\n<div>Imag\u00ednese disfrutar de una cata de vinos con vistas a interminables hileras de vi\u00f1as, mientras una suave brisa le trae el aroma de la tierra fresca y las uvas maduras.<\/div>\n<p><a href=\"\/?page_id=2930&#038;lang=de\"><\/a><\/p>\n<\/li>\n<\/ul>\n<p><img decoding=\"async\" src=\"\/wp-content\/uploads\/2025\/03\/tapas-mares-bodegas-bordoy-mallorca-14.jpg\" alt=\"\"><\/p>\n<p><!--more--><br \/>\n<!-- {\"type\":\"layout\",\"children\":[{\"type\":\"section\",\"props\":{\"animation\":\"scale-up\",\"animation_delay\":\"230\",\"header_transparent\":true,\"height\":\"page\",\"image\":\"wp-content\\\/uploads\\\/2025\\\/03\\\/Unbenannt-4.jpg\",\"image_height\":\"720\",\"image_position\":\"top-center\",\"image_size\":\"cover\",\"image_width\":\"1280\",\"media_focal_point\":\"top-center\",\"media_overlay\":\"rgba(255, 255, 255, 0.95)\",\"padding\":\"xsmall\",\"padding_remove_top\":false,\"style\":\"default\",\"title_breakpoint\":\"xl\",\"title_position\":\"top-left\",\"title_rotation\":\"left\",\"vertical_align\":\"\",\"width\":\"default\"},\"children\":[{\"type\":\"row\",\"children\":[{\"type\":\"column\",\"props\":{\"image_position\":\"center-center\",\"position_sticky_breakpoint\":\"m\"}}]}]},{\"type\":\"section\",\"props\":{\"animation\":\"slide-bottom-medium\",\"image_position\":\"center-center\",\"padding\":\"none\",\"padding_remove_bottom\":true,\"padding_remove_top\":true,\"style\":\"secondary\",\"title_breakpoint\":\"xl\",\"title_position\":\"top-left\",\"title_rotation\":\"left\",\"vertical_align\":\"middle\",\"width\":\"default\"},\"children\":[{\"type\":\"row\",\"children\":[{\"type\":\"column\",\"props\":{\"image_position\":\"center-center\",\"position_sticky_breakpoint\":\"m\"},\"children\":[{\"type\":\"image\",\"props\":{\"blend\":false,\"image\":\"wp-content\\\/uploads\\\/2025\\\/02\\\/mares-bodegas-bordoy-vinos-mallorca.png\",\"image_svg_color\":\"emphasis\",\"image_width\":320,\"margin\":\"medium\",\"text_align\":\"center\"}}]}]}]},{\"type\":\"section\",\"props\":{\"animation\":\"slide-top-medium\",\"animation_delay\":\"230\",\"image_effect\":\"fixed\",\"image_position\":\"center-center\",\"image_size\":\"cover\",\"media_overlay\":\"rgba(0, 0, 0, 0.77)\",\"style\":\"default\",\"title_breakpoint\":\"xl\",\"title_position\":\"top-left\",\"title_rotation\":\"left\",\"vertical_align\":\"\",\"width\":\"small\"},\"children\":[{\"type\":\"row\",\"props\":{\"divider\":false,\"layout\":\"1-2,1-2\"},\"children\":[{\"type\":\"column\",\"props\":{\"image_position\":\"center-center\",\"position_sticky_breakpoint\":\"m\",\"vertical_align\":\"middle\",\"width_medium\":\"1-2\"},\"children\":[{\"type\":\"text\",\"props\":{\"column_breakpoint\":\"m\",\"content\":\"Die Linie Mar\\u00e8s verk\\u00f6rpert die reinste und hellste Essenz Mallorcas. Inspiriert von Meeresbrise, Sonnenw\\u00e4rme und der Kraft unserer B\\u00f6den spiegelt diese Weinlinie den urspr\\u00fcnglichen Charakter unserer Trauben klar wider.\\u2028 Mar\\u00e8s-Weine zeichnen sich durch ihre intensive Fruchtigkeit, ihre nat\\u00fcrliche Frische und einen offenen, lebendigen, zutiefst mediterranen Charakter aus. Ehrliche, elegante Weine, die die Insel erz\\u00e4hlen.\",\"margin\":\"default\",\"maxwidth\":\"large\"}},{\"type\":\"text\",\"props\":{\"column_breakpoint\":\"m\",\"content\":\"Das Sortiment umfasst:\",\"margin\":\"default\",\"maxwidth\":\"large\"}},{\"type\":\"description_list\",\"props\":{\"column_breakpoint\":\"m\",\"layout\":\"grid-2-m\",\"list_element\":\"ul\",\"meta_align\":\"below-content\",\"meta_style\":\"text-meta\",\"show_content\":true,\"show_link\":true,\"show_meta\":true,\"show_title\":true,\"title_element\":\"div\",\"title_grid_column_gap\":\"small\",\"title_grid_row_gap\":\"small\",\"title_grid_width\":\"auto\",\"title_style\":\"text-bold\"},\"children\":[{\"type\":\"description_list_item\",\"props\":{\"content\":\"frisch, aromatisch, f\\u00fcr alle, die einen charaktervollen, ausgewogenen Wei\\u00dfwein suchen.\\u2028 \",\"title\":\" Mar\\u00e8s Blanco \"}},{\"type\":\"description_list_item\",\"props\":{\"content\":\"ausdrucksstark und zart, mit Noten frischer roter Fr\\u00fcchte und lebendiger S\\u00e4ure.\\u2028 \",\"title\":\"Mar\\u00e8s Rosado  \"}},{\"type\":\"description_list_item\",\"props\":{\"content\":\"fruchtig in reinsten Form zu genie\\u00dfen.\",\"title\":\"Mar\\u00e8s Joven \"}},{\"type\":\"description_list_item\",\"props\":{\"content\":\"vereint reife Frucht, W\\u00fcrze und Struktur nach 12 Monaten Reifung in franz\\u00f6sischer Eiche \\u2013 ideal f\\u00fcr besondere Momente.\",\"title\":\"Mar\\u00e8s Crianza \"}},{\"type\":\"description_list_item\",\"props\":{\"content\":\"die tiefste und eleganteste Version, mit mindestens 2 Jahren Reife in franz\\u00f6sischen Eichenf\\u00e4ssern, die Komplexit\\u00e4t verleiht, ohne die Frische zu verlieren.\",\"title\":\"Mar\\u00e8s Reserva \"}}]}]},{\"type\":\"column\",\"props\":{\"image_position\":\"center-center\",\"position_sticky_breakpoint\":\"m\",\"width_medium\":\"1-2\"},\"children\":[{\"type\":\"image\",\"props\":{\"image\":\"wp-content\\\/uploads\\\/2025\\\/01\\\/botella-mares-crianza-vino-bodegas-bordoy-mallorca.png\",\"image_svg_color\":\"emphasis\",\"image_width\":120,\"margin\":\"default\",\"text_align\":\"center\"}}]}]}]},{\"type\":\"section\",\"props\":{\"image_position\":\"center-center\",\"style\":\"default\",\"title_breakpoint\":\"xl\",\"title_position\":\"top-left\",\"title_rotation\":\"left\",\"vertical_align\":\"middle\",\"width\":\"default\"},\"children\":[{\"type\":\"row\",\"children\":[{\"type\":\"column\",\"props\":{\"image_position\":\"center-center\",\"position_sticky_breakpoint\":\"m\"},\"children\":[{\"type\":\"headline\",\"props\":{\"block_align\":\"center\",\"content\":\"Unsere Weine stammen aus sorgf\\u00e4ltig ausgew\\u00e4hlten Rebsorten und werden auf unseren Weinbergen im S\\u00fcden Mallorcas angebaut.\",\"maxwidth\":\"large\",\"text_align\":\"center\",\"title_element\":\"h1\",\"title_style\":\"h4\"}}]}]}]},{\"type\":\"section\",\"props\":{\"animation\":\"scale-up\",\"animation_delay\":\"230\",\"image_position\":\"center-center\",\"style\":\"secondary\",\"title_breakpoint\":\"xl\",\"title_position\":\"top-left\",\"title_rotation\":\"left\",\"vertical_align\":\"\",\"width\":\"default\"},\"children\":[{\"type\":\"row\",\"children\":[{\"type\":\"column\",\"props\":{\"image_position\":\"center-center\",\"position_sticky_breakpoint\":\"m\"},\"children\":[{\"type\":\"panel-slider\",\"props\":{\"content_column_breakpoint\":\"m\",\"icon_width\":80,\"image_align\":\"top\",\"image_grid_breakpoint\":\"m\",\"image_grid_width\":\"1-2\",\"image_svg_color\":\"emphasis\",\"link_size\":\"small\",\"link_style\":\"primary\",\"link_text\":\"\",\"margin\":\"default\",\"meta_align\":\"below-title\",\"meta_element\":\"div\",\"meta_style\":\"text-meta\",\"nav\":\"dotnav\",\"nav_align\":\"center\",\"nav_breakpoint\":\"s\",\"panel_link\":true,\"panel_match\":true,\"show_content\":false,\"show_hover_image\":true,\"show_hover_video\":true,\"show_image\":true,\"show_link\":true,\"show_meta\":true,\"show_title\":false,\"show_video\":true,\"slidenav\":\"outside\",\"slidenav_breakpoint\":\"xl\",\"slidenav_margin\":\"medium\",\"slidenav_outside_breakpoint\":\"xl\",\"slider_autoplay_pause\":true,\"slider_gap\":\"default\",\"slider_width\":\"fixed\",\"slider_width_default\":\"1-1\",\"slider_width_medium\":\"1-4\",\"text_align\":\"center\",\"title_align\":\"top\",\"title_element\":\"h3\",\"title_grid_breakpoint\":\"m\",\"title_grid_width\":\"1-2\",\"title_hover_style\":\"reset\"},\"children\":[{\"type\":\"panel-slider_item\",\"props\":{\"content\":\"Imag\\u00ednese disfrutar de una cata de vinos con vistas a interminables hileras de vi\\u00f1as, mientras una suave brisa le trae el aroma de la tierra fresca y las uvas maduras.\",\"image\":\"wp-content\\\/uploads\\\/2025\\\/01\\\/mares-blanco-joven-bodegas-bordoy-vinos-mallorca.jpg\",\"link\":\"mares-blanco\\\/?lang=de\",\"title\":\"Mares Blanco Joven\"}},{\"type\":\"panel-slider_item\",\"props\":{\"content\":\"Imag\\u00ednese disfrutar de una cata de vinos con vistas a interminables hileras de vi\\u00f1as, mientras una suave brisa le trae el aroma de la tierra fresca y las uvas maduras.\",\"image\":\"wp-content\\\/uploads\\\/2025\\\/01\\\/mares-rosado-joven-bodegas-bordoy-vinos-mallorca.jpg\",\"link\":\"mares-rosado-joven\\\/?lang=de\",\"title\":\"Mares Rosado Joven\"}},{\"type\":\"panel-slider_item\",\"props\":{\"content\":\"Imag\\u00ednese disfrutar de una cata de vinos con vistas a interminables hileras de vi\\u00f1as, mientras una suave brisa le trae el aroma de la tierra fresca y las uvas maduras.\",\"image\":\"wp-content\\\/uploads\\\/2025\\\/01\\\/mares-tinto-crianza-bodegas-bordoy-vinos-mallorca.jpg\",\"link\":\"mares-tinto-crianza\\\/?lang=de\",\"title\":\"Mares Tinto Crianza\"}},{\"type\":\"panel-slider_item\",\"props\":{\"content\":\"Imag\\u00ednese disfrutar de una cata de vinos con vistas a interminables hileras de vi\\u00f1as, mientras una suave brisa le trae el aroma de la tierra fresca y las uvas maduras.\",\"image\":\"wp-content\\\/uploads\\\/2025\\\/01\\\/mares-tinto-joven-bodegas-bordoy-vinos-mallorca.jpg\",\"link\":\"mares-tinto-joven\\\/?lang=de\",\"title\":\"Mares Tinto Joven\"}},{\"type\":\"panel-slider_item\",\"props\":{\"content\":\"Imag\\u00ednese disfrutar de una cata de vinos con vistas a interminables hileras de vi\\u00f1as, mientras una suave brisa le trae el aroma de la tierra fresca y las uvas maduras.\",\"image\":\"wp-content\\\/uploads\\\/2025\\\/01\\\/mares-tinto-reserva-bodegas-bordoy-vinos-mallorca.jpg\",\"link\":\"mares-tinto-reserva\\\/?lang=de\",\"title\":\"Mares Tinto Reserva\"}}]}]}]}]},{\"type\":\"section\",\"props\":{\"image_position\":\"center-center\",\"padding\":\"none\",\"style\":\"default\",\"title_breakpoint\":\"xl\",\"title_position\":\"top-left\",\"title_rotation\":\"left\",\"vertical_align\":\"middle\",\"width\":\"\"},\"children\":[{\"type\":\"row\",\"children\":[{\"type\":\"column\",\"props\":{\"image_position\":\"center-center\",\"position_sticky_breakpoint\":\"m\"},\"children\":[{\"type\":\"image\",\"props\":{\"image\":\"wp-content\\\/uploads\\\/2025\\\/03\\\/tapas-mares-bodegas-bordoy-mallorca-14.jpg\",\"image_svg_color\":\"emphasis\",\"margin\":\"default\"}}]}]}]}],\"version\":\"4.5.21\"} --><\/p>\n","protected":false},"excerpt":{"rendered":"<p>Die Linie Mar\u00e8s verk\u00f6rpert die reinste und hellste Essenz Mallorcas. Inspiriert von Meeresbrise, Sonnenw\u00e4rme und der Kraft unserer B\u00f6den spiegelt diese Weinlinie den urspr\u00fcnglichen Charakter unserer Trauben klar wider.\u2028 Mar\u00e8s-Weine zeichnen sich durch ihre intensive Fruchtigkeit, ihre nat\u00fcrliche Frische und einen offenen, lebendigen, zutiefst mediterranen Charakter aus. Ehrliche, elegante Weine, die die Insel erz\u00e4hlen. Das [&hellip;]<\/p>\n","protected":false},"author":1,"featured_media":0,"parent":0,"menu_order":0,"comment_status":"closed","ping_status":"closed","template":"","meta":{"footnotes":""},"class_list":["post-2482","page","type-page","status-publish","hentry"],"yoast_head":"<!-- This site is optimized with the Yoast SEO plugin v26.0 - https:\/\/yoast.com\/wordpress\/plugins\/seo\/ -->\n<title>Mar\u00e9s - Bodegas Bordoy<\/title>\n<meta name=\"robots\" content=\"index, follow, max-snippet:-1, max-image-preview:large, max-video-preview:-1\" \/>\n<link rel=\"canonical\" href=\"https:\/\/booking.bodegasbordoy.es\/de\/mares\/\" \/>\n<meta property=\"og:locale\" content=\"de_DE\" \/>\n<meta property=\"og:type\" content=\"article\" \/>\n<meta property=\"og:title\" content=\"Mar\u00e9s - Bodegas Bordoy\" \/>\n<meta property=\"og:description\" content=\"Die Linie Mar\u00e8s verk\u00f6rpert die reinste und hellste Essenz Mallorcas. Inspiriert von Meeresbrise, Sonnenw\u00e4rme und der Kraft unserer B\u00f6den spiegelt diese Weinlinie den urspr\u00fcnglichen Charakter unserer Trauben klar wider.\u2028 Mar\u00e8s-Weine zeichnen sich durch ihre intensive Fruchtigkeit, ihre nat\u00fcrliche Frische und einen offenen, lebendigen, zutiefst mediterranen Charakter aus. Ehrliche, elegante Weine, die die Insel erz\u00e4hlen. Das [&hellip;]\" \/>\n<meta property=\"og:url\" content=\"https:\/\/booking.bodegasbordoy.es\/de\/mares\/\" \/>\n<meta property=\"og:site_name\" content=\"Bodegas Bordoy\" \/>\n<meta property=\"article:modified_time\" content=\"2025-07-29T08:45:43+00:00\" \/>\n<meta property=\"og:image\" content=\"https:\/\/booking.bodegasbordoy.es\/wp-content\/uploads\/2025\/08\/Bodegas-Bordoy_37-2048x1365.jpg\" \/>\n\t<meta property=\"og:image:width\" content=\"2048\" \/>\n\t<meta property=\"og:image:height\" content=\"1365\" \/>\n<meta name=\"twitter:card\" content=\"summary_large_image\" \/>\n<meta name=\"twitter:label1\" content=\"Est. reading time\" \/>\n\t<meta name=\"twitter:data1\" content=\"2 minutes\" \/>\n<script type=\"application\/ld+json\" class=\"yoast-schema-graph\">{\"@context\":\"https:\/\/schema.org\",\"@graph\":[{\"@type\":\"WebPage\",\"@id\":\"https:\/\/booking.bodegasbordoy.es\/de\/mares\/\",\"url\":\"https:\/\/booking.bodegasbordoy.es\/de\/mares\/\",\"name\":\"Mar\u00e9s - Bodegas Bordoy\",\"isPartOf\":{\"@id\":\"https:\/\/booking.bodegasbordoy.es\/de\/#website\"},\"datePublished\":\"2025-01-09T19:22:43+00:00\",\"dateModified\":\"2025-07-29T08:45:43+00:00\",\"breadcrumb\":{\"@id\":\"https:\/\/booking.bodegasbordoy.es\/de\/mares\/#breadcrumb\"},\"inLanguage\":\"de-DE\",\"potentialAction\":[{\"@type\":\"ReadAction\",\"target\":[\"https:\/\/booking.bodegasbordoy.es\/de\/mares\/\"]}]},{\"@type\":\"BreadcrumbList\",\"@id\":\"https:\/\/booking.bodegasbordoy.es\/de\/mares\/#breadcrumb\",\"itemListElement\":[{\"@type\":\"ListItem\",\"position\":1,\"name\":\"Home\",\"item\":\"https:\/\/booking.bodegasbordoy.es\/de\/\"},{\"@type\":\"ListItem\",\"position\":2,\"name\":\"Mar\u00e9s\"}]},{\"@type\":\"WebSite\",\"@id\":\"https:\/\/booking.bodegasbordoy.es\/de\/#website\",\"url\":\"https:\/\/booking.bodegasbordoy.es\/de\/\",\"name\":\"Bodegas Bordoy\",\"description\":\"\",\"potentialAction\":[{\"@type\":\"SearchAction\",\"target\":{\"@type\":\"EntryPoint\",\"urlTemplate\":\"https:\/\/booking.bodegasbordoy.es\/de\/?s={search_term_string}\"},\"query-input\":{\"@type\":\"PropertyValueSpecification\",\"valueRequired\":true,\"valueName\":\"search_term_string\"}}],\"inLanguage\":\"de-DE\"}]}<\/script>\n<meta property=\"og:locale:alternate\" content=\"es_ES\" \/>\n\t<meta property=\"og:locale:alternate\" content=\"en_US\" \/>\n\t<meta property=\"og:locale:alternate\" content=\"ca_ES\" \/>\n<!-- \/ Yoast SEO plugin. -->","yoast_head_json":{"title":"Mar\u00e9s - Bodegas Bordoy","robots":{"index":"index","follow":"follow","max-snippet":"max-snippet:-1","max-image-preview":"max-image-preview:large","max-video-preview":"max-video-preview:-1"},"canonical":"https:\/\/booking.bodegasbordoy.es\/de\/mares\/","og_locale":"de_DE","og_type":"article","og_title":"Mar\u00e9s - Bodegas Bordoy","og_description":"Die Linie Mar\u00e8s verk\u00f6rpert die reinste und hellste Essenz Mallorcas. Inspiriert von Meeresbrise, Sonnenw\u00e4rme und der Kraft unserer B\u00f6den spiegelt diese Weinlinie den urspr\u00fcnglichen Charakter unserer Trauben klar wider.\u2028 Mar\u00e8s-Weine zeichnen sich durch ihre intensive Fruchtigkeit, ihre nat\u00fcrliche Frische und einen offenen, lebendigen, zutiefst mediterranen Charakter aus. Ehrliche, elegante Weine, die die Insel erz\u00e4hlen. Das [&hellip;]","og_url":"https:\/\/booking.bodegasbordoy.es\/de\/mares\/","og_site_name":"Bodegas Bordoy","article_modified_time":"2025-07-29T08:45:43+00:00","og_image":[{"url":"https:\/\/booking.bodegasbordoy.es\/wp-content\/uploads\/2025\/08\/Bodegas-Bordoy_37-2048x1365.jpg","width":2048,"height":1365,"type":""}],"twitter_card":"summary_large_image","twitter_misc":{"Est. reading time":"2 minutes"},"schema":{"@context":"https:\/\/schema.org","@graph":[{"@type":"WebPage","@id":"https:\/\/booking.bodegasbordoy.es\/de\/mares\/","url":"https:\/\/booking.bodegasbordoy.es\/de\/mares\/","name":"Mar\u00e9s - Bodegas Bordoy","isPartOf":{"@id":"https:\/\/booking.bodegasbordoy.es\/de\/#website"},"datePublished":"2025-01-09T19:22:43+00:00","dateModified":"2025-07-29T08:45:43+00:00","breadcrumb":{"@id":"https:\/\/booking.bodegasbordoy.es\/de\/mares\/#breadcrumb"},"inLanguage":"de-DE","potentialAction":[{"@type":"ReadAction","target":["https:\/\/booking.bodegasbordoy.es\/de\/mares\/"]}]},{"@type":"BreadcrumbList","@id":"https:\/\/booking.bodegasbordoy.es\/de\/mares\/#breadcrumb","itemListElement":[{"@type":"ListItem","position":1,"name":"Home","item":"https:\/\/booking.bodegasbordoy.es\/de\/"},{"@type":"ListItem","position":2,"name":"Mar\u00e9s"}]},{"@type":"WebSite","@id":"https:\/\/booking.bodegasbordoy.es\/de\/#website","url":"https:\/\/booking.bodegasbordoy.es\/de\/","name":"Bodegas Bordoy","description":"","potentialAction":[{"@type":"SearchAction","target":{"@type":"EntryPoint","urlTemplate":"https:\/\/booking.bodegasbordoy.es\/de\/?s={search_term_string}"},"query-input":{"@type":"PropertyValueSpecification","valueRequired":true,"valueName":"search_term_string"}}],"inLanguage":"de-DE"}]}},"_links":{"self":[{"href":"https:\/\/booking.bodegasbordoy.es\/de\/wp-json\/wp\/v2\/pages\/2482","targetHints":{"allow":["GET"]}}],"collection":[{"href":"https:\/\/booking.bodegasbordoy.es\/de\/wp-json\/wp\/v2\/pages"}],"about":[{"href":"https:\/\/booking.bodegasbordoy.es\/de\/wp-json\/wp\/v2\/types\/page"}],"author":[{"embeddable":true,"href":"https:\/\/booking.bodegasbordoy.es\/de\/wp-json\/wp\/v2\/users\/1"}],"replies":[{"embeddable":true,"href":"https:\/\/booking.bodegasbordoy.es\/de\/wp-json\/wp\/v2\/comments?post=2482"}],"version-history":[{"count":73,"href":"https:\/\/booking.bodegasbordoy.es\/de\/wp-json\/wp\/v2\/pages\/2482\/revisions"}],"predecessor-version":[{"id":11971,"href":"https:\/\/booking.bodegasbordoy.es\/de\/wp-json\/wp\/v2\/pages\/2482\/revisions\/11971"}],"wp:attachment":[{"href":"https:\/\/booking.bodegasbordoy.es\/de\/wp-json\/wp\/v2\/media?parent=2482"}],"curies":[{"name":"wp","href":"https:\/\/api.w.org\/{rel}","templated":true}]}}