{"id":2546,"date":"2025-01-09T20:16:56","date_gmt":"2025-01-09T19:16:56","guid":{"rendered":"https:\/\/booking.bodegasbordoy.es\/?page_id=2546"},"modified":"2025-07-29T10:35:05","modified_gmt":"2025-07-29T09:35:05","slug":"fermanca","status":"publish","type":"page","link":"https:\/\/booking.bodegasbordoy.es\/de\/fermanca\/","title":{"rendered":"Ferman\u00e7a"},"content":{"rendered":"<p><img decoding=\"async\" src=\"\/wp-content\/uploads\/2025\/02\/fermanca-bodegas-bordoy-vinos-mallorca.png\" alt=\"\"><\/p>\n<h1>Ferman\u00e7a<\/h1>\n<div>Im Herzen von Llucmajor, wo die Erde Geschichte atmet und die Wurzeln seit Jahrhunderten in Tradition verankert sind, entsteht Ferman\u00e7a, unsere emotionalste Weinlinie. Sein Name ist kein Zufall: Er ist eine Hommage und ein Ausdruck der Dankbarkeit gegen\u00fcber dem Dorf, das uns zwischen Reben und Stille hat aufwachsen sehen.<\/div>\n<div>Das Wort ferman\u00e7a, tief verwurzelt in der Kultur Llucmajors, erinnert an jene Objekte, die w\u00e4hrend der alten Jahrm\u00e4rkte als Symbol des Versprechens, der Zuneigung und der Hoffnung \u00fcberreicht wurden. Es war ein Pfand, eine Erinnerung, eine stille Geste, die sagte: \u201eHier bin ich\u201c \u2013 ganz ohne Worte. Heute greifen wir bei Bodegas Bordoy dieses Erbe auf und f\u00fcllen es mit Respekt und Emotion in jede Flasche.<\/p>\n<\/div>\n<div>\n<p>    <img decoding=\"async\" src=\"\/wp-content\/uploads\/2025\/03\/tapas-bodegas-bordoy-mallorca-8.jpg\" alt=\"\"><\/p>\n<\/div>\n<div>Jede Flasche Ferman\u00e7a ist unsere Art, dem Dorf etwas zur\u00fcckzugeben \u2013 seiner gro\u00dfz\u00fcgigen Erde, seinen flei\u00dfigen Menschen, seiner lebendigen Geschichte. Es ist ein Wein, der nicht nur von Weinbergen und Rebsorten erz\u00e4hlt, sondern auch von Erinnerung, Identit\u00e4t und Dankbarkeit.<\/p>\n<\/div>\n<div>Denn Llucmajor ist nicht nur der Ort, an dem unsere Weine entstehen.<br \/>\nEs ist ihre Seele.<\/p>\n<\/div>\n<ul>\n<li>\n<p>        <img decoding=\"async\" src=\"\/wp-content\/uploads\/2025\/01\/fermanca-blanco-bodegas-bordoy-vinos-mallorca.jpg\" alt=\"\"><\/p>\n<h3>Fermanca Blanco Joven<\/h3>\n<div>Imag\u00ednese disfrutar de una cata de vinos con vistas a interminables hileras de vi\u00f1as, mientras una suave brisa le trae el aroma de la tierra fresca y las uvas maduras.<\/div>\n<p><a href=\"\/?page_id=2987&#038;lang=de\"><\/a><\/p>\n<\/li>\n<li>\n<p>        <img decoding=\"async\" src=\"\/wp-content\/uploads\/2025\/01\/fermanca-rosado-bodegas-bordoy-vinos-mallorca.jpg\" alt=\"\"><\/p>\n<h3>Fermanca Rosado Joven<\/h3>\n<div>Imag\u00ednese disfrutar de una cata de vinos con vistas a interminables hileras de vi\u00f1as, mientras una suave brisa le trae el aroma de la tierra fresca y las uvas maduras.<\/div>\n<p><a href=\"\/?page_id=2985&#038;lang=de\"><\/a><\/p>\n<\/li>\n<li>\n<p>        <img decoding=\"async\" src=\"\/wp-content\/uploads\/2025\/01\/fermanca-tinto-bodegas-bordoy-vinos-mallorca.jpg\" alt=\"\"><\/p>\n<h3>Fermanca Tinto Crianza<\/h3>\n<div>Imag\u00ednese disfrutar de una cata de vinos con vistas a interminables hileras de vi\u00f1as, mientras una suave brisa le trae el aroma de la tierra fresca y las uvas maduras.<\/div>\n<p><a href=\"\/?page_id=2983&#038;lang=de\"><\/a><\/p>\n<\/li>\n<\/ul>\n<p><!--more--><br \/>\n<!-- {\"type\":\"layout\",\"children\":[{\"type\":\"section\",\"props\":{\"animation\":\"scale-up\",\"animation_delay\":\"230\",\"header_transparent\":true,\"image_height\":\"720\",\"image_position\":\"top-center\",\"image_size\":\"cover\",\"image_width\":\"1280\",\"media_blend_mode\":\"darken\",\"media_focal_point\":\"top-center\",\"media_overlay\":\"rgba(255, 255, 255, 0.91)\",\"padding\":\"none\",\"padding_remove_top\":false,\"style\":\"default\",\"title_breakpoint\":\"xl\",\"title_position\":\"top-left\",\"title_rotation\":\"left\",\"vertical_align\":\"\",\"video\":\"wp-content\\\/uploads\\\/2025\\\/02\\\/01094_854x480_MP4.mp4\",\"width\":\"default\"},\"children\":[{\"type\":\"row\",\"children\":[{\"type\":\"column\",\"props\":{\"image_position\":\"center-center\",\"position_sticky_breakpoint\":\"m\"}}]}]},{\"type\":\"section\",\"props\":{\"animation\":\"slide-bottom-medium\",\"image_position\":\"center-center\",\"padding\":\"none\",\"style\":\"secondary\",\"title_breakpoint\":\"xl\",\"title_position\":\"top-left\",\"title_rotation\":\"left\",\"vertical_align\":\"middle\",\"width\":\"default\"},\"children\":[{\"type\":\"row\",\"children\":[{\"type\":\"column\",\"props\":{\"image_position\":\"center-center\",\"position_sticky_breakpoint\":\"m\"},\"children\":[{\"type\":\"image\",\"props\":{\"blend\":false,\"image\":\"wp-content\\\/uploads\\\/2025\\\/02\\\/fermanca-bodegas-bordoy-vinos-mallorca.png\",\"image_svg_color\":\"emphasis\",\"image_width\":400,\"margin\":\"default\",\"text_align\":\"center\"}}]}]}]},{\"type\":\"section\",\"props\":{\"animation\":\"slide-top-medium\",\"animation_delay\":\"230\",\"image_effect\":\"fixed\",\"image_position\":\"center-center\",\"image_size\":\"cover\",\"media_overlay\":\"rgba(0, 0, 0, 0.77)\",\"style\":\"default\",\"title_breakpoint\":\"xl\",\"title_position\":\"top-left\",\"title_rotation\":\"left\",\"vertical_align\":\"\",\"width\":\"default\"},\"children\":[{\"type\":\"row\",\"props\":{\"divider\":false,\"layout\":\"1-2,1-2\"},\"children\":[{\"type\":\"column\",\"props\":{\"image_position\":\"center-center\",\"position_sticky_breakpoint\":\"m\",\"vertical_align\":\"middle\",\"width_medium\":\"1-2\"},\"children\":[{\"type\":\"headline\",\"props\":{\"content\":\"Ferman\\u00e7a\",\"title_color\":\"background\",\"title_element\":\"h1\",\"title_style\":\"h3\"}},{\"type\":\"text\",\"props\":{\"column_breakpoint\":\"m\",\"content\":\"Im Herzen von Llucmajor, wo die Erde Geschichte atmet und die Wurzeln seit Jahrhunderten in Tradition verankert sind, entsteht Ferman\\u00e7a, unsere emotionalste Weinlinie. Sein Name ist kein Zufall: Er ist eine Hommage und ein Ausdruck der Dankbarkeit gegen\\u00fcber dem Dorf, das uns zwischen Reben und Stille hat aufwachsen sehen.\",\"margin\":\"default\",\"maxwidth\":\"large\"}},{\"type\":\"text\",\"props\":{\"column_breakpoint\":\"m\",\"content\":\"Das Wort ferman\\u00e7a, tief verwurzelt in der Kultur Llucmajors, erinnert an jene Objekte, die w\\u00e4hrend der alten Jahrm\\u00e4rkte als Symbol des Versprechens, der Zuneigung und der Hoffnung \\u00fcberreicht wurden. Es war ein Pfand, eine Erinnerung, eine stille Geste, die sagte: \\u201eHier bin ich\\u201c \\u2013 ganz ohne Worte. Heute greifen wir bei Bodegas Bordoy dieses Erbe auf und f\\u00fcllen es mit Respekt und Emotion in jede Flasche.\\n\\n\",\"margin\":\"default\",\"maxwidth\":\"large\"}}]},{\"type\":\"column\",\"props\":{\"image_position\":\"center-center\",\"position_sticky_breakpoint\":\"m\",\"width_medium\":\"1-2\"},\"children\":[{\"type\":\"slideshow\",\"props\":{\"link_style\":\"default\",\"link_text\":\"Read more\",\"margin\":\"default\",\"meta_align\":\"below-title\",\"meta_element\":\"div\",\"meta_style\":\"text-meta\",\"nav\":\"dotnav\",\"nav_align\":\"center\",\"nav_breakpoint\":\"s\",\"nav_position\":\"bottom-center\",\"nav_position_margin\":\"medium\",\"overlay_animation\":\"parallax\",\"overlay_position\":\"center-left\",\"show_content\":true,\"show_link\":true,\"show_meta\":true,\"show_thumbnail\":true,\"show_title\":true,\"slidenav\":\"default\",\"slidenav_breakpoint\":\"s\",\"slidenav_margin\":\"medium\",\"slidenav_outside_breakpoint\":\"xl\",\"slideshow_autoplay_pause\":true,\"slideshow_min_height\":300,\"thumbnav_height\":\"75\",\"thumbnav_svg_color\":\"emphasis\",\"thumbnav_width\":\"100\",\"title_element\":\"h3\",\"title_hover_style\":\"reset\"},\"children\":[{\"type\":\"slideshow_item\",\"props\":{\"image\":\"wp-content\\\/uploads\\\/2025\\\/03\\\/tapas-bodegas-bordoy-mallorca-8.jpg\"}}]},{\"type\":\"text\",\"props\":{\"column_breakpoint\":\"m\",\"content\":\"Jede Flasche Ferman\\u00e7a ist unsere Art, dem Dorf etwas zur\\u00fcckzugeben \\u2013 seiner gro\\u00dfz\\u00fcgigen Erde, seinen flei\\u00dfigen Menschen, seiner lebendigen Geschichte. Es ist ein Wein, der nicht nur von Weinbergen und Rebsorten erz\\u00e4hlt, sondern auch von Erinnerung, Identit\\u00e4t und Dankbarkeit.\\n\\n\",\"margin\":\"default\",\"maxwidth\":\"large\"}},{\"type\":\"text\",\"props\":{\"column_breakpoint\":\"m\",\"content\":\"Denn Llucmajor ist nicht nur der Ort, an dem unsere Weine entstehen.\\nEs ist ihre Seele.\\n\\n\",\"margin\":\"default\",\"maxwidth\":\"large\"}}]}]}]},{\"type\":\"section\",\"props\":{\"animation\":\"scale-down\",\"animation_delay\":\"230\",\"image_position\":\"center-center\",\"style\":\"secondary\",\"title_breakpoint\":\"xl\",\"title_position\":\"top-left\",\"title_rotation\":\"left\",\"vertical_align\":\"\",\"width\":\"large\"},\"children\":[{\"type\":\"row\",\"children\":[{\"type\":\"column\",\"props\":{\"image_position\":\"center-center\",\"position_sticky_breakpoint\":\"m\",\"width_medium\":\"1-6\",\"width_small\":\"1-5\"}},{\"type\":\"column\",\"props\":{\"image_position\":\"center-center\",\"position_sticky_breakpoint\":\"m\",\"width_medium\":\"5-6\",\"width_small\":\"4-5\"},\"children\":[{\"type\":\"panel-slider\",\"props\":{\"block_align\":\"center\",\"content_column_breakpoint\":\"m\",\"icon_width\":80,\"image_align\":\"top\",\"image_grid_breakpoint\":\"m\",\"image_grid_width\":\"1-2\",\"image_svg_color\":\"emphasis\",\"link_size\":\"small\",\"link_style\":\"primary\",\"link_text\":\"\",\"margin\":\"default\",\"meta_align\":\"below-title\",\"meta_element\":\"div\",\"meta_style\":\"text-meta\",\"nav\":\"dotnav\",\"nav_align\":\"center\",\"nav_breakpoint\":\"s\",\"panel_link\":true,\"panel_match\":true,\"show_content\":false,\"show_hover_image\":true,\"show_hover_video\":true,\"show_image\":true,\"show_link\":true,\"show_meta\":true,\"show_title\":false,\"show_video\":true,\"slidenav\":\"outside\",\"slidenav_breakpoint\":\"xl\",\"slidenav_margin\":\"medium\",\"slidenav_outside_breakpoint\":\"xl\",\"slider_autoplay\":true,\"slider_autoplay_pause\":true,\"slider_center\":false,\"slider_gap\":\"default\",\"slider_sets\":false,\"slider_width\":\"fixed\",\"slider_width_default\":\"1-1\",\"slider_width_medium\":\"1-4\",\"text_align\":\"center\",\"title_align\":\"top\",\"title_element\":\"h3\",\"title_grid_breakpoint\":\"m\",\"title_grid_width\":\"1-2\",\"title_hover_style\":\"reset\"},\"children\":[{\"type\":\"panel-slider_item\",\"props\":{\"content\":\"Imag\\u00ednese disfrutar de una cata de vinos con vistas a interminables hileras de vi\\u00f1as, mientras una suave brisa le trae el aroma de la tierra fresca y las uvas maduras.\",\"image\":\"wp-content\\\/uploads\\\/2025\\\/01\\\/fermanca-blanco-bodegas-bordoy-vinos-mallorca.jpg\",\"link\":\"fermanca-blanco-joven\\\/?lang=de\",\"title\":\"Fermanca Blanco Joven\"}},{\"type\":\"panel-slider_item\",\"props\":{\"content\":\"Imag\\u00ednese disfrutar de una cata de vinos con vistas a interminables hileras de vi\\u00f1as, mientras una suave brisa le trae el aroma de la tierra fresca y las uvas maduras.\",\"image\":\"wp-content\\\/uploads\\\/2025\\\/01\\\/fermanca-rosado-bodegas-bordoy-vinos-mallorca.jpg\",\"link\":\"fermanca-rosado-joven\\\/?lang=de\",\"title\":\"Fermanca Rosado Joven\"}},{\"type\":\"panel-slider_item\",\"props\":{\"content\":\"Imag\\u00ednese disfrutar de una cata de vinos con vistas a interminables hileras de vi\\u00f1as, mientras una suave brisa le trae el aroma de la tierra fresca y las uvas maduras.\",\"image\":\"wp-content\\\/uploads\\\/2025\\\/01\\\/fermanca-tinto-bodegas-bordoy-vinos-mallorca.jpg\",\"link\":\"fermanca-tinto-crianza\\\/?lang=de\",\"title\":\"Fermanca Tinto Crianza\"}}]}]}],\"props\":{\"layout\":\"1-6,5-6|1-5,4-5\"}}]}],\"version\":\"4.5.21\"} --><\/p>\n","protected":false},"excerpt":{"rendered":"<p>Ferman\u00e7a Im Herzen von Llucmajor, wo die Erde Geschichte atmet und die Wurzeln seit Jahrhunderten in Tradition verankert sind, entsteht Ferman\u00e7a, unsere emotionalste Weinlinie. Sein Name ist kein Zufall: Er ist eine Hommage und ein Ausdruck der Dankbarkeit gegen\u00fcber dem Dorf, das uns zwischen Reben und Stille hat aufwachsen sehen. Das Wort ferman\u00e7a, tief verwurzelt [&hellip;]<\/p>\n","protected":false},"author":1,"featured_media":0,"parent":0,"menu_order":0,"comment_status":"closed","ping_status":"closed","template":"","meta":{"footnotes":""},"class_list":["post-2546","page","type-page","status-publish","hentry"],"yoast_head":"<!-- This site is optimized with the Yoast SEO plugin v26.0 - https:\/\/yoast.com\/wordpress\/plugins\/seo\/ -->\n<title>Ferman\u00e7a - Bodegas Bordoy<\/title>\n<meta name=\"robots\" content=\"index, follow, max-snippet:-1, max-image-preview:large, max-video-preview:-1\" \/>\n<link rel=\"canonical\" href=\"https:\/\/booking.bodegasbordoy.es\/de\/fermanca\/\" \/>\n<meta property=\"og:locale\" content=\"de_DE\" \/>\n<meta property=\"og:type\" content=\"article\" \/>\n<meta property=\"og:title\" content=\"Ferman\u00e7a - Bodegas Bordoy\" \/>\n<meta property=\"og:description\" content=\"Ferman\u00e7a Im Herzen von Llucmajor, wo die Erde Geschichte atmet und die Wurzeln seit Jahrhunderten in Tradition verankert sind, entsteht Ferman\u00e7a, unsere emotionalste Weinlinie. Sein Name ist kein Zufall: Er ist eine Hommage und ein Ausdruck der Dankbarkeit gegen\u00fcber dem Dorf, das uns zwischen Reben und Stille hat aufwachsen sehen. Das Wort ferman\u00e7a, tief verwurzelt [&hellip;]\" \/>\n<meta property=\"og:url\" content=\"https:\/\/booking.bodegasbordoy.es\/de\/fermanca\/\" \/>\n<meta property=\"og:site_name\" content=\"Bodegas Bordoy\" \/>\n<meta property=\"article:modified_time\" content=\"2025-07-29T09:35:05+00:00\" \/>\n<meta property=\"og:image\" content=\"https:\/\/booking.bodegasbordoy.es\/wp-content\/uploads\/2025\/08\/Bodegas-Bordoy_37-2048x1365.jpg\" \/>\n\t<meta property=\"og:image:width\" content=\"2048\" \/>\n\t<meta property=\"og:image:height\" content=\"1365\" \/>\n<meta name=\"twitter:card\" content=\"summary_large_image\" \/>\n<meta name=\"twitter:label1\" content=\"Est. reading time\" \/>\n\t<meta name=\"twitter:data1\" content=\"1 minute\" \/>\n<script type=\"application\/ld+json\" class=\"yoast-schema-graph\">{\"@context\":\"https:\/\/schema.org\",\"@graph\":[{\"@type\":\"WebPage\",\"@id\":\"https:\/\/booking.bodegasbordoy.es\/de\/fermanca\/\",\"url\":\"https:\/\/booking.bodegasbordoy.es\/de\/fermanca\/\",\"name\":\"Ferman\u00e7a - Bodegas Bordoy\",\"isPartOf\":{\"@id\":\"https:\/\/booking.bodegasbordoy.es\/de\/#website\"},\"datePublished\":\"2025-01-09T19:16:56+00:00\",\"dateModified\":\"2025-07-29T09:35:05+00:00\",\"breadcrumb\":{\"@id\":\"https:\/\/booking.bodegasbordoy.es\/de\/fermanca\/#breadcrumb\"},\"inLanguage\":\"de-DE\",\"potentialAction\":[{\"@type\":\"ReadAction\",\"target\":[\"https:\/\/booking.bodegasbordoy.es\/de\/fermanca\/\"]}]},{\"@type\":\"BreadcrumbList\",\"@id\":\"https:\/\/booking.bodegasbordoy.es\/de\/fermanca\/#breadcrumb\",\"itemListElement\":[{\"@type\":\"ListItem\",\"position\":1,\"name\":\"Home\",\"item\":\"https:\/\/booking.bodegasbordoy.es\/de\/\"},{\"@type\":\"ListItem\",\"position\":2,\"name\":\"Ferman\u00e7a\"}]},{\"@type\":\"WebSite\",\"@id\":\"https:\/\/booking.bodegasbordoy.es\/de\/#website\",\"url\":\"https:\/\/booking.bodegasbordoy.es\/de\/\",\"name\":\"Bodegas Bordoy\",\"description\":\"\",\"potentialAction\":[{\"@type\":\"SearchAction\",\"target\":{\"@type\":\"EntryPoint\",\"urlTemplate\":\"https:\/\/booking.bodegasbordoy.es\/de\/?s={search_term_string}\"},\"query-input\":{\"@type\":\"PropertyValueSpecification\",\"valueRequired\":true,\"valueName\":\"search_term_string\"}}],\"inLanguage\":\"de-DE\"}]}<\/script>\n<meta property=\"og:locale:alternate\" content=\"es_ES\" \/>\n\t<meta property=\"og:locale:alternate\" content=\"en_US\" \/>\n\t<meta property=\"og:locale:alternate\" content=\"ca_ES\" \/>\n<!-- \/ Yoast SEO plugin. -->","yoast_head_json":{"title":"Ferman\u00e7a - Bodegas Bordoy","robots":{"index":"index","follow":"follow","max-snippet":"max-snippet:-1","max-image-preview":"max-image-preview:large","max-video-preview":"max-video-preview:-1"},"canonical":"https:\/\/booking.bodegasbordoy.es\/de\/fermanca\/","og_locale":"de_DE","og_type":"article","og_title":"Ferman\u00e7a - Bodegas Bordoy","og_description":"Ferman\u00e7a Im Herzen von Llucmajor, wo die Erde Geschichte atmet und die Wurzeln seit Jahrhunderten in Tradition verankert sind, entsteht Ferman\u00e7a, unsere emotionalste Weinlinie. Sein Name ist kein Zufall: Er ist eine Hommage und ein Ausdruck der Dankbarkeit gegen\u00fcber dem Dorf, das uns zwischen Reben und Stille hat aufwachsen sehen. Das Wort ferman\u00e7a, tief verwurzelt [&hellip;]","og_url":"https:\/\/booking.bodegasbordoy.es\/de\/fermanca\/","og_site_name":"Bodegas Bordoy","article_modified_time":"2025-07-29T09:35:05+00:00","og_image":[{"url":"https:\/\/booking.bodegasbordoy.es\/wp-content\/uploads\/2025\/08\/Bodegas-Bordoy_37-2048x1365.jpg","width":2048,"height":1365,"type":""}],"twitter_card":"summary_large_image","twitter_misc":{"Est. reading time":"1 minute"},"schema":{"@context":"https:\/\/schema.org","@graph":[{"@type":"WebPage","@id":"https:\/\/booking.bodegasbordoy.es\/de\/fermanca\/","url":"https:\/\/booking.bodegasbordoy.es\/de\/fermanca\/","name":"Ferman\u00e7a - Bodegas Bordoy","isPartOf":{"@id":"https:\/\/booking.bodegasbordoy.es\/de\/#website"},"datePublished":"2025-01-09T19:16:56+00:00","dateModified":"2025-07-29T09:35:05+00:00","breadcrumb":{"@id":"https:\/\/booking.bodegasbordoy.es\/de\/fermanca\/#breadcrumb"},"inLanguage":"de-DE","potentialAction":[{"@type":"ReadAction","target":["https:\/\/booking.bodegasbordoy.es\/de\/fermanca\/"]}]},{"@type":"BreadcrumbList","@id":"https:\/\/booking.bodegasbordoy.es\/de\/fermanca\/#breadcrumb","itemListElement":[{"@type":"ListItem","position":1,"name":"Home","item":"https:\/\/booking.bodegasbordoy.es\/de\/"},{"@type":"ListItem","position":2,"name":"Ferman\u00e7a"}]},{"@type":"WebSite","@id":"https:\/\/booking.bodegasbordoy.es\/de\/#website","url":"https:\/\/booking.bodegasbordoy.es\/de\/","name":"Bodegas Bordoy","description":"","potentialAction":[{"@type":"SearchAction","target":{"@type":"EntryPoint","urlTemplate":"https:\/\/booking.bodegasbordoy.es\/de\/?s={search_term_string}"},"query-input":{"@type":"PropertyValueSpecification","valueRequired":true,"valueName":"search_term_string"}}],"inLanguage":"de-DE"}]}},"_links":{"self":[{"href":"https:\/\/booking.bodegasbordoy.es\/de\/wp-json\/wp\/v2\/pages\/2546","targetHints":{"allow":["GET"]}}],"collection":[{"href":"https:\/\/booking.bodegasbordoy.es\/de\/wp-json\/wp\/v2\/pages"}],"about":[{"href":"https:\/\/booking.bodegasbordoy.es\/de\/wp-json\/wp\/v2\/types\/page"}],"author":[{"embeddable":true,"href":"https:\/\/booking.bodegasbordoy.es\/de\/wp-json\/wp\/v2\/users\/1"}],"replies":[{"embeddable":true,"href":"https:\/\/booking.bodegasbordoy.es\/de\/wp-json\/wp\/v2\/comments?post=2546"}],"version-history":[{"count":63,"href":"https:\/\/booking.bodegasbordoy.es\/de\/wp-json\/wp\/v2\/pages\/2546\/revisions"}],"predecessor-version":[{"id":12022,"href":"https:\/\/booking.bodegasbordoy.es\/de\/wp-json\/wp\/v2\/pages\/2546\/revisions\/12022"}],"wp:attachment":[{"href":"https:\/\/booking.bodegasbordoy.es\/de\/wp-json\/wp\/v2\/media?parent=2546"}],"curies":[{"name":"wp","href":"https:\/\/api.w.org\/{rel}","templated":true}]}}