{"id":2551,"date":"2025-01-09T20:18:20","date_gmt":"2025-01-09T19:18:20","guid":{"rendered":"https:\/\/booking.bodegasbordoy.es\/?page_id=2551"},"modified":"2025-07-29T11:14:12","modified_gmt":"2025-07-29T10:14:12","slug":"coleccion","status":"publish","type":"page","link":"https:\/\/booking.bodegasbordoy.es\/de\/coleccion\/","title":{"rendered":"Colecci\u00f3n"},"content":{"rendered":"<p><img decoding=\"async\" src=\"\/wp-content\/uploads\/2025\/02\/coleccion-bodegas-bordoy-vinos-mallorca.png\" alt=\"\"><\/p>\n<h1>Colecci\u00f3n<\/h1>\n<div>\nDie Linie \u201eColecci\u00f3n\u201c von Bodegas Bordoy repr\u00e4sentiert die pers\u00f6nlichste und kreativste Seite der Bodega. Es handelt sich um Weine in limitierten Auflagen, die als kleine pers\u00f6nliche Werke entstehen, in denen die \u00d6nologin ihrer freisten und emotionalsten Vision des Weins Ausdruck verleiht. Jede Flasche entspringt einer Idee, einer konkreten Inspiration und wird mit Hingabe und ohne Eile hergestellt \u2013 mit dem Ziel, die Essenz einer Rebsorte, einer Parzelle oder eines besonderen Moments einzufangen.<\/p>\n<\/div>\n<div>Mehr als nur eine Produktlinie ist \u201eColecci\u00f3n\u201c ein Raum f\u00fcr Erforschung und Ausdruck, in dem Charakter, Authentizit\u00e4t und Sensibilit\u00e4t zu einzigartigen Weinen mit eigener Seele verschmelzen. Es sind Weine, die das Konventionelle herausfordern, Mallorca aus einer zeitgen\u00f6ssischen Perspektive erz\u00e4hlen und dazu einladen, das Terroir \u00fcber die Emotionen zu entdecken.<\/div>\n<p><img decoding=\"async\" src=\"\/wp-content\/uploads\/2025\/03\/vinoscoleccion.jpg\" alt=\"\"><\/p>\n<ul>\n<li>\n<p>        <img decoding=\"async\" src=\"\/wp-content\/uploads\/2025\/01\/coleccion-espuput-bodegas-bordoy-vinos-mallorca.jpg\" alt=\"\"><\/p>\n<h3>Blanco &#8211; Es Puput<\/h3>\n<div>Imag\u00ednese disfrutar de una cata de vinos con vistas <\/div>\n<p><a href=\"\/?page_id=3031&#038;lang=de\"><\/a><\/p>\n<\/li>\n<li>\n<p>        <img decoding=\"async\" src=\"\/wp-content\/uploads\/2025\/01\/coleccion-sa-libel-bodegas-bordoy-vinos-mallorca.jpg\" alt=\"\"><\/p>\n<h3>Tinto &#8211; Sa Lib\u00e9l Lula<\/h3>\n<div>Imag\u00ednese disfrutar de una cata de vinos con vistas a interminables hileras <\/div>\n<p><a href=\"\/?page_id=3033&#038;lang=de\"><\/a><\/p>\n<\/li>\n<li>\n<p>        <img decoding=\"async\" src=\"\/wp-content\/uploads\/2025\/01\/coleccion-1-bodegas-bordoy-vinos-mallorca.jpg\" alt=\"\"><\/p>\n<h3>Tinto &#8211; Sa Mel Lera<\/h3>\n<div>Imag\u00ednese disfrutar de una cata de vinos con vistas a interminables hileras <\/div>\n<p><a href=\"\/?page_id=3035&#038;lang=de\"><\/a><\/p>\n<\/li>\n<\/ul>\n<p><!--more--><br \/>\n<!-- {\"type\":\"layout\",\"children\":[{\"type\":\"section\",\"props\":{\"animation\":\"scale-up\",\"animation_delay\":\"230\",\"header_transparent\":true,\"image\":\"wp-content\/uploads\/2025\/03\/sa-mel-lera-vino-coleccion-bodegas-bordoy.jpg\",\"image_height\":\"720\",\"image_position\":\"top-center\",\"image_size\":\"cover\",\"image_width\":\"1280\",\"media_focal_point\":\"top-center\",\"media_overlay\":\"rgba(255, 255, 255, 0.94)\",\"padding\":\"none\",\"padding_remove_top\":false,\"style\":\"default\",\"title_breakpoint\":\"xl\",\"title_position\":\"top-left\",\"title_rotation\":\"left\",\"vertical_align\":\"\",\"width\":\"default\",\"image_alt\":\"Sonnenuntergang in den Weinbergen von Bodegas Bordoy \u2014 Kollektion Sa Mel Lera\"},\"children\":[{\"type\":\"row\",\"children\":[{\"type\":\"column\",\"props\":{\"image_position\":\"center-center\",\"position_sticky_breakpoint\":\"m\"}}]}]},{\"type\":\"section\",\"props\":{\"animation\":\"slide-bottom-medium\",\"image_position\":\"center-center\",\"padding\":\"none\",\"style\":\"secondary\",\"title_breakpoint\":\"xl\",\"title_position\":\"top-left\",\"title_rotation\":\"left\",\"vertical_align\":\"middle\",\"width\":\"default\"},\"children\":[{\"type\":\"row\",\"children\":[{\"type\":\"column\",\"props\":{\"image_position\":\"center-center\",\"position_sticky_breakpoint\":\"m\"},\"children\":[{\"type\":\"image\",\"props\":{\"blend\":false,\"image\":\"wp-content\/uploads\/2025\/02\/coleccion-bodegas-bordoy-vinos-mallorca.png\",\"image_svg_color\":\"emphasis\",\"image_width\":400,\"margin\":\"default\",\"text_align\":\"center\",\"image_alt\":\"Logo Colecci\u00f3n von Bodegas Bordoy, Weine aus Mallorca\"}}]}]}]},{\"type\":\"section\",\"props\":{\"animation\":\"slide-top-medium\",\"animation_delay\":\"230\",\"image_effect\":\"fixed\",\"image_position\":\"center-center\",\"image_size\":\"cover\",\"media_overlay\":\"rgba(0, 0, 0, 0.77)\",\"style\":\"default\",\"title_breakpoint\":\"xl\",\"title_position\":\"top-left\",\"title_rotation\":\"left\",\"vertical_align\":\"\",\"width\":\"default\"},\"children\":[{\"type\":\"row\",\"props\":{\"divider\":false,\"layout\":\"1-2,1-2\"},\"children\":[{\"type\":\"column\",\"props\":{\"image_position\":\"center-center\",\"position_sticky_breakpoint\":\"m\",\"vertical_align\":\"middle\",\"width_medium\":\"1-2\"},\"children\":[{\"type\":\"headline\",\"props\":{\"content\":\"Colecci\u00f3n\",\"title_color\":\"background\",\"title_element\":\"h1\",\"title_style\":\"h3\"}},{\"type\":\"text\",\"props\":{\"column_breakpoint\":\"m\",\"content\":\"\\nDie Linie \u201eColecci\u00f3n\u201c von Bodegas Bordoy repr\u00e4sentiert die pers\u00f6nlichste und kreativste Seite der Bodega. Es handelt sich um Weine in limitierten Auflagen, die als kleine pers\u00f6nliche Werke entstehen, in denen die \u00d6nologin ihrer freisten und emotionalsten Vision des Weins Ausdruck verleiht. Jede Flasche entspringt einer Idee, einer konkreten Inspiration und wird mit Hingabe und ohne Eile hergestellt \u2013 mit dem Ziel, die Essenz einer Rebsorte, einer Parzelle oder eines besonderen Moments einzufangen.\\n\\n\",\"margin\":\"default\",\"maxwidth\":\"large\"}},{\"type\":\"text\",\"props\":{\"column_breakpoint\":\"m\",\"content\":\"Mehr als nur eine Produktlinie ist \u201eColecci\u00f3n\u201c ein Raum f\u00fcr Erforschung und Ausdruck, in dem Charakter, Authentizit\u00e4t und Sensibilit\u00e4t zu einzigartigen Weinen mit eigener Seele verschmelzen. Es sind Weine, die das Konventionelle herausfordern, Mallorca aus einer zeitgen\u00f6ssischen Perspektive erz\u00e4hlen und dazu einladen, das Terroir \u00fcber die Emotionen zu entdecken.\",\"margin\":\"default\",\"maxwidth\":\"large\"}}]},{\"type\":\"column\",\"props\":{\"image_position\":\"center-center\",\"position_sticky_breakpoint\":\"m\",\"width_medium\":\"1-2\"},\"children\":[{\"type\":\"image\",\"props\":{\"image\":\"wp-content\/uploads\/2025\/03\/vinoscoleccion.jpg\",\"image_svg_color\":\"emphasis\",\"margin\":\"default\",\"image_alt\":\"Flaschen der Kollektion Bodegas Bordoy zwischen mallorquinischen Blumen\"}}]}]}]},{\"type\":\"section\",\"props\":{\"animation\":\"scale-up\",\"animation_delay\":\"230\",\"image_position\":\"center-center\",\"style\":\"secondary\",\"title_breakpoint\":\"xl\",\"title_position\":\"top-left\",\"title_rotation\":\"left\",\"vertical_align\":\"\",\"width\":\"small\"},\"children\":[{\"type\":\"row\",\"children\":[{\"type\":\"column\",\"props\":{\"image_position\":\"center-center\",\"position_sticky_breakpoint\":\"m\"},\"children\":[{\"type\":\"panel-slider\",\"props\":{\"content_column_breakpoint\":\"m\",\"icon_width\":80,\"image_align\":\"top\",\"image_grid_breakpoint\":\"m\",\"image_grid_width\":\"1-2\",\"image_svg_color\":\"emphasis\",\"link_size\":\"small\",\"link_style\":\"primary\",\"link_text\":\"\",\"margin\":\"default\",\"meta_align\":\"below-title\",\"meta_element\":\"div\",\"meta_style\":\"text-meta\",\"nav\":\"dotnav\",\"nav_align\":\"center\",\"nav_breakpoint\":\"s\",\"panel_link\":true,\"panel_match\":true,\"show_content\":false,\"show_hover_image\":true,\"show_hover_video\":true,\"show_image\":true,\"show_link\":true,\"show_meta\":true,\"show_title\":false,\"show_video\":true,\"slidenav\":\"outside\",\"slidenav_breakpoint\":\"xl\",\"slidenav_margin\":\"medium\",\"slidenav_outside_breakpoint\":\"xl\",\"slider_autoplay_pause\":true,\"slider_gap\":\"default\",\"slider_width\":\"fixed\",\"slider_width_default\":\"1-1\",\"slider_width_medium\":\"1-3\",\"text_align\":\"center\",\"title_align\":\"top\",\"title_element\":\"h3\",\"title_grid_breakpoint\":\"m\",\"title_grid_width\":\"1-2\",\"title_hover_style\":\"reset\"},\"children\":[{\"type\":\"panel-slider_item\",\"props\":{\"content\":\"Imag\u00ednese disfrutar de una cata de vinos con vistas \",\"image\":\"wp-content\/uploads\/2025\/01\/coleccion-espuput-bodegas-bordoy-vinos-mallorca.jpg\",\"link\":\"blanco-es-puput\/?lang=de\",\"title\":\"Blanco - Es Puput\",\"image_alt\":\"Etikett Colecci\u00f3n Blanco Es Puput \u2014 Wei\u00dfwein von Bodegas Bordoy\"}},{\"type\":\"panel-slider_item\",\"props\":{\"content\":\"Imag\u00ednese disfrutar de una cata de vinos con vistas a interminables hileras \",\"image\":\"wp-content\/uploads\/2025\/01\/coleccion-sa-libel-bodegas-bordoy-vinos-mallorca.jpg\",\"link\":\"tinto-sa-libel-lula\/?lang=de\",\"title\":\"Tinto - Sa Lib\u00e9l Lula\",\"image_alt\":\"Etikett Colecci\u00f3n Tinto Sa Lib\u00e9l Lula \u2014 Rotwein von Bodegas Bordoy\"}},{\"type\":\"panel-slider_item\",\"props\":{\"content\":\"Imag\u00ednese disfrutar de una cata de vinos con vistas a interminables hileras \",\"image\":\"wp-content\/uploads\/2025\/01\/coleccion-1-bodegas-bordoy-vinos-mallorca.jpg\",\"link\":\"tinto-sa-mel-lera\/?lang=de\",\"title\":\"Tinto - Sa Mel Lera\",\"image_alt\":\"Etikett Colecci\u00f3n Tinto Sa Mel Lera \u2014 Rotwein Reserva von Bodegas Bordoy\"}}],\"name\":\"panel - collecion\"}]}]}]}],\"version\":\"4.5.21\"} --><\/p>\n","protected":false},"excerpt":{"rendered":"<p>Colecci\u00f3n Die Linie \u201eColecci\u00f3n\u201c von Bodegas Bordoy repr\u00e4sentiert die pers\u00f6nlichste und kreativste Seite der Bodega. Es handelt sich um Weine in limitierten Auflagen, die als kleine pers\u00f6nliche Werke entstehen, in denen die \u00d6nologin ihrer freisten und emotionalsten Vision des Weins Ausdruck verleiht. Jede Flasche entspringt einer Idee, einer konkreten Inspiration und wird mit Hingabe und [&hellip;]<\/p>\n","protected":false},"author":1,"featured_media":0,"parent":0,"menu_order":0,"comment_status":"closed","ping_status":"closed","template":"","meta":{"footnotes":""},"class_list":["post-2551","page","type-page","status-publish","hentry"],"yoast_head":"<!-- This site is optimized with the Yoast SEO plugin v26.0 - https:\/\/yoast.com\/wordpress\/plugins\/seo\/ -->\n<title>Colecci\u00f3n - Premiumweine von Bodegas Bordoy<\/title>\n<meta name=\"description\" content=\"Entdecken Sie die Colecci\u00f3n von Bodegas Bordoy: Es Puput, Sa Lib\u00e9l Lula und Sa Mel Lera. Premiumweine aus Mallorca aus autochthonen Rebsorten.\" \/>\n<meta name=\"robots\" content=\"index, follow, max-snippet:-1, max-image-preview:large, max-video-preview:-1\" \/>\n<link rel=\"canonical\" href=\"https:\/\/booking.bodegasbordoy.es\/de\/coleccion\/\" \/>\n<meta property=\"og:locale\" content=\"de_DE\" \/>\n<meta property=\"og:type\" content=\"article\" \/>\n<meta property=\"og:title\" content=\"Colecci\u00f3n - Premiumweine von Bodegas Bordoy\" \/>\n<meta property=\"og:description\" content=\"Entdecken Sie die Colecci\u00f3n von Bodegas Bordoy: Es Puput, Sa Lib\u00e9l Lula und Sa Mel Lera. Premiumweine aus Mallorca aus autochthonen Rebsorten.\" \/>\n<meta property=\"og:url\" content=\"https:\/\/booking.bodegasbordoy.es\/de\/coleccion\/\" \/>\n<meta property=\"og:site_name\" content=\"Bodegas Bordoy\" \/>\n<meta property=\"article:modified_time\" content=\"2025-07-29T10:14:12+00:00\" \/>\n<meta property=\"og:image\" content=\"https:\/\/booking.bodegasbordoy.es\/wp-content\/uploads\/2025\/08\/Bodegas-Bordoy_37-2048x1365.jpg\" \/>\n\t<meta property=\"og:image:width\" content=\"2048\" \/>\n\t<meta property=\"og:image:height\" content=\"1365\" \/>\n<meta name=\"twitter:card\" content=\"summary_large_image\" \/>\n<meta name=\"twitter:label1\" content=\"Est. reading time\" \/>\n\t<meta name=\"twitter:data1\" content=\"1 minute\" \/>\n<script type=\"application\/ld+json\" class=\"yoast-schema-graph\">{\"@context\":\"https:\/\/schema.org\",\"@graph\":[{\"@type\":\"WebPage\",\"@id\":\"https:\/\/booking.bodegasbordoy.es\/de\/coleccion\/\",\"url\":\"https:\/\/booking.bodegasbordoy.es\/de\/coleccion\/\",\"name\":\"Colecci\u00f3n - Premiumweine von Bodegas Bordoy\",\"isPartOf\":{\"@id\":\"https:\/\/booking.bodegasbordoy.es\/de\/#website\"},\"datePublished\":\"2025-01-09T19:18:20+00:00\",\"dateModified\":\"2025-07-29T10:14:12+00:00\",\"description\":\"Entdecken Sie die Colecci\u00f3n von Bodegas Bordoy: Es Puput, Sa Lib\u00e9l Lula und Sa Mel Lera. Premiumweine aus Mallorca aus autochthonen Rebsorten.\",\"breadcrumb\":{\"@id\":\"https:\/\/booking.bodegasbordoy.es\/de\/coleccion\/#breadcrumb\"},\"inLanguage\":\"de-DE\",\"potentialAction\":[{\"@type\":\"ReadAction\",\"target\":[\"https:\/\/booking.bodegasbordoy.es\/de\/coleccion\/\"]}]},{\"@type\":\"BreadcrumbList\",\"@id\":\"https:\/\/booking.bodegasbordoy.es\/de\/coleccion\/#breadcrumb\",\"itemListElement\":[{\"@type\":\"ListItem\",\"position\":1,\"name\":\"Home\",\"item\":\"https:\/\/booking.bodegasbordoy.es\/de\/\"},{\"@type\":\"ListItem\",\"position\":2,\"name\":\"Colecci\u00f3n\"}]},{\"@type\":\"WebSite\",\"@id\":\"https:\/\/booking.bodegasbordoy.es\/de\/#website\",\"url\":\"https:\/\/booking.bodegasbordoy.es\/de\/\",\"name\":\"Bodegas Bordoy\",\"description\":\"\",\"potentialAction\":[{\"@type\":\"SearchAction\",\"target\":{\"@type\":\"EntryPoint\",\"urlTemplate\":\"https:\/\/booking.bodegasbordoy.es\/de\/?s={search_term_string}\"},\"query-input\":{\"@type\":\"PropertyValueSpecification\",\"valueRequired\":true,\"valueName\":\"search_term_string\"}}],\"inLanguage\":\"de-DE\"}]}<\/script>\n<meta property=\"og:locale:alternate\" content=\"es_ES\" \/>\n\t<meta property=\"og:locale:alternate\" content=\"en_US\" \/>\n\t<meta property=\"og:locale:alternate\" content=\"ca_ES\" \/>\n<!-- \/ Yoast SEO plugin. -->","yoast_head_json":{"title":"Colecci\u00f3n - Premiumweine von Bodegas Bordoy","description":"Entdecken Sie die Colecci\u00f3n von Bodegas Bordoy: Es Puput, Sa Lib\u00e9l Lula und Sa Mel Lera. Premiumweine aus Mallorca aus autochthonen Rebsorten.","robots":{"index":"index","follow":"follow","max-snippet":"max-snippet:-1","max-image-preview":"max-image-preview:large","max-video-preview":"max-video-preview:-1"},"canonical":"https:\/\/booking.bodegasbordoy.es\/de\/coleccion\/","og_locale":"de_DE","og_type":"article","og_title":"Colecci\u00f3n - Premiumweine von Bodegas Bordoy","og_description":"Entdecken Sie die Colecci\u00f3n von Bodegas Bordoy: Es Puput, Sa Lib\u00e9l Lula und Sa Mel Lera. Premiumweine aus Mallorca aus autochthonen Rebsorten.","og_url":"https:\/\/booking.bodegasbordoy.es\/de\/coleccion\/","og_site_name":"Bodegas Bordoy","article_modified_time":"2025-07-29T10:14:12+00:00","og_image":[{"url":"https:\/\/booking.bodegasbordoy.es\/wp-content\/uploads\/2025\/08\/Bodegas-Bordoy_37-2048x1365.jpg","width":2048,"height":1365,"type":""}],"twitter_card":"summary_large_image","twitter_misc":{"Est. reading time":"1 minute"},"schema":{"@context":"https:\/\/schema.org","@graph":[{"@type":"WebPage","@id":"https:\/\/booking.bodegasbordoy.es\/de\/coleccion\/","url":"https:\/\/booking.bodegasbordoy.es\/de\/coleccion\/","name":"Colecci\u00f3n - Premiumweine von Bodegas Bordoy","isPartOf":{"@id":"https:\/\/booking.bodegasbordoy.es\/de\/#website"},"datePublished":"2025-01-09T19:18:20+00:00","dateModified":"2025-07-29T10:14:12+00:00","description":"Entdecken Sie die Colecci\u00f3n von Bodegas Bordoy: Es Puput, Sa Lib\u00e9l Lula und Sa Mel Lera. Premiumweine aus Mallorca aus autochthonen Rebsorten.","breadcrumb":{"@id":"https:\/\/booking.bodegasbordoy.es\/de\/coleccion\/#breadcrumb"},"inLanguage":"de-DE","potentialAction":[{"@type":"ReadAction","target":["https:\/\/booking.bodegasbordoy.es\/de\/coleccion\/"]}]},{"@type":"BreadcrumbList","@id":"https:\/\/booking.bodegasbordoy.es\/de\/coleccion\/#breadcrumb","itemListElement":[{"@type":"ListItem","position":1,"name":"Home","item":"https:\/\/booking.bodegasbordoy.es\/de\/"},{"@type":"ListItem","position":2,"name":"Colecci\u00f3n"}]},{"@type":"WebSite","@id":"https:\/\/booking.bodegasbordoy.es\/de\/#website","url":"https:\/\/booking.bodegasbordoy.es\/de\/","name":"Bodegas Bordoy","description":"","potentialAction":[{"@type":"SearchAction","target":{"@type":"EntryPoint","urlTemplate":"https:\/\/booking.bodegasbordoy.es\/de\/?s={search_term_string}"},"query-input":{"@type":"PropertyValueSpecification","valueRequired":true,"valueName":"search_term_string"}}],"inLanguage":"de-DE"}]}},"_links":{"self":[{"href":"https:\/\/booking.bodegasbordoy.es\/de\/wp-json\/wp\/v2\/pages\/2551","targetHints":{"allow":["GET"]}}],"collection":[{"href":"https:\/\/booking.bodegasbordoy.es\/de\/wp-json\/wp\/v2\/pages"}],"about":[{"href":"https:\/\/booking.bodegasbordoy.es\/de\/wp-json\/wp\/v2\/types\/page"}],"author":[{"embeddable":true,"href":"https:\/\/booking.bodegasbordoy.es\/de\/wp-json\/wp\/v2\/users\/1"}],"replies":[{"embeddable":true,"href":"https:\/\/booking.bodegasbordoy.es\/de\/wp-json\/wp\/v2\/comments?post=2551"}],"version-history":[{"count":37,"href":"https:\/\/booking.bodegasbordoy.es\/de\/wp-json\/wp\/v2\/pages\/2551\/revisions"}],"predecessor-version":[{"id":12051,"href":"https:\/\/booking.bodegasbordoy.es\/de\/wp-json\/wp\/v2\/pages\/2551\/revisions\/12051"}],"wp:attachment":[{"href":"https:\/\/booking.bodegasbordoy.es\/de\/wp-json\/wp\/v2\/media?parent=2551"}],"curies":[{"name":"wp","href":"https:\/\/api.w.org\/{rel}","templated":true}]}}