{"id":7067,"date":"2025-02-25T16:54:34","date_gmt":"2025-02-25T15:54:34","guid":{"rendered":"https:\/\/booking.bodegasbordoy.es\/?page_id=7067"},"modified":"2025-07-29T11:56:45","modified_gmt":"2025-07-29T10:56:45","slug":"shop-2","status":"publish","type":"page","link":"https:\/\/booking.bodegasbordoy.es\/de\/shop-2\/","title":{"rendered":"Shop"},"content":{"rendered":"<div>Verkauf<\/div>\n<div>Shop<\/div>\n<div>Von unserer Bodega direkt zu dir nach Hause: Der authentische Geschmack Mallorcas in jedem Glas.<\/p>\n<\/div>\n<h1>Liebst du Wein?<br \/>\n<\/h1>\n<h1>Bei Bodegas Bordoy <\/h1>\n<div>kannst du unsere exklusiven Kollektionen direkt kaufen und zu Hause die Qualit\u00e4t genie\u00dfen, die uns auszeichnet.<\/div>\n<div>Perfekt zum Verschenken, Feiern oder einfach zum Genie\u00dfen.<\/p>\n<\/div>\n<div>Und wenn du das volle Erlebnis m\u00f6chtest:<br \/>\nBesuche uns in der Bodega, erfahre, wie wir unsere Weine herstellen, spaziere durch die Weinberge und genie\u00dfe eine Weinprobe am Ort des Ursprungs.<\/div>\n<p><p>\n        <a href=\"\/?page_id=20&#038;lang=de\">Kontakt<\/a>\n    <\/p>\n<\/p>\n<div>\n<p>    <img decoding=\"async\" src=\"\/wp-content\/uploads\/2025\/03\/tapas-mares-bodegas-bordoy-mallorca-12.jpg\" alt=\"\"><\/p>\n<\/div>\n<div>F\u00fcr weitere Informationen oder Bestellungen besuche unseren Shop in der Bodega.<\/div>\n<p><!--more--><br \/>\n<!-- {\"type\":\"layout\",\"children\":[{\"type\":\"section\",\"props\":{\"animation\":\"scale-up\",\"animation_delay\":\"230\",\"header_transparent\":true,\"image\":\"wp-content\\\/uploads\\\/2025\\\/02\\\/mares-ambiente-gastronomie-bodegas-bordoy.jpg\",\"image_effect\":\"fixed\",\"image_position\":\"center-center\",\"image_size\":\"cover\",\"media_overlay\":\"rgba(255, 255, 255, 0.8)\",\"padding\":\"none\",\"padding_remove_top\":false,\"style\":\"default\",\"title_breakpoint\":\"xl\",\"title_position\":\"top-left\",\"title_rotation\":\"left\",\"vertical_align\":\"\",\"width\":\"default\"},\"children\":[{\"type\":\"row\",\"children\":[{\"type\":\"column\",\"props\":{\"image_position\":\"center-center\",\"position_sticky_breakpoint\":\"m\"}}]}]},{\"type\":\"section\",\"props\":{\"animation\":\"slide-bottom-medium\",\"animation_delay\":\"230\",\"height\":\"page\",\"image\":\"wp-content\\\/uploads\\\/2025\\\/03\\\/bg3-scaled.jpg\",\"image_position\":\"center-center\",\"image_size\":\"cover\",\"media_background\":\"rgba(255, 255, 255, 0.83)\",\"media_overlay\":\"rgba(255, 255, 255, 0.34)\",\"padding\":\"small\",\"style\":\"default\",\"title_breakpoint\":\"xl\",\"title_position\":\"top-left\",\"title_rotation\":\"left\",\"vertical_align\":\"\",\"width\":\"large\"},\"children\":[{\"type\":\"row\",\"children\":[{\"type\":\"column\",\"props\":{\"image_position\":\"center-center\",\"image_size\":\"cover\",\"media_overlay\":\"rgba(255, 255, 255, 0.32)\",\"position_blend\":false,\"position_sticky\":\"section\",\"position_sticky_breakpoint\":\"m\"},\"children\":[{\"type\":\"headline\",\"props\":{\"content\":\"Verkauf\",\"margin_remove_bottom\":true,\"margin_remove_top\":false,\"text_align\":\"center\",\"title_color\":\"background\",\"title_element\":\"div\",\"title_style\":\"h4\"}},{\"type\":\"headline\",\"props\":{\"content\":\"Shop\",\"margin_remove_bottom\":false,\"margin_remove_top\":true,\"text_align\":\"center\",\"title_color\":\"background\",\"title_element\":\"div\",\"title_style\":\"h1\"}},{\"type\":\"headline\",\"props\":{\"block_align\":\"center\",\"content\":\"Von unserer Bodega direkt zu dir nach Hause: Der authentische Geschmack Mallorcas in jedem Glas.\\n\\n\",\"margin\":\"remove-vertical\",\"margin_remove_bottom\":true,\"margin_remove_top\":true,\"maxwidth\":\"large\",\"text_align\":\"center\",\"title_element\":\"div\",\"title_style\":\"h4\"}}]}],\"props\":{\"alignment\":\"center\",\"divider\":false,\"row_gap\":\"large\"}}],\"name\":\"headline verkauf\"},{\"type\":\"section\",\"props\":{\"animation\":\"slide-top-medium\",\"animation_delay\":\"230\",\"image\":\"wp-content\\\/uploads\\\/2025\\\/03\\\/bg1.jpg\",\"image_position\":\"center-center\",\"image_size\":\"cover\",\"media_overlay\":\"rgba(255, 255, 255, 0.62)\",\"style\":\"muted\",\"title_breakpoint\":\"xl\",\"title_position\":\"top-left\",\"title_rotation\":\"left\",\"vertical_align\":\"middle\",\"width\":\"large\"},\"children\":[{\"type\":\"row\",\"children\":[{\"type\":\"column\",\"props\":{\"image_position\":\"center-center\",\"position_sticky_breakpoint\":\"m\",\"width_medium\":\"1-2\"},\"children\":[{\"type\":\"headline\",\"props\":{\"content\":\"Liebst du Wein?\\n\",\"margin_remove_bottom\":true,\"title_color\":\"background\",\"title_element\":\"h1\",\"title_style\":\"h3\"}},{\"type\":\"headline\",\"props\":{\"content\":\"Bei Bodegas Bordoy \",\"margin_remove_top\":true,\"title_element\":\"h1\",\"title_style\":\"h4\"}},{\"type\":\"text\",\"props\":{\"column_breakpoint\":\"m\",\"content\":\"kannst du unsere exklusiven Kollektionen direkt kaufen und zu Hause die Qualit\\u00e4t genie\\u00dfen, die uns auszeichnet.\",\"margin\":\"default\",\"maxwidth\":\"large\"}},{\"type\":\"text\",\"props\":{\"column_breakpoint\":\"m\",\"content\":\"Perfekt zum Verschenken, Feiern oder einfach zum Genie\\u00dfen.\\n\\n\",\"margin\":\"default\",\"maxwidth\":\"large\"}},{\"type\":\"text\",\"props\":{\"column_breakpoint\":\"m\",\"content\":\"Und wenn du das volle Erlebnis m\\u00f6chtest:\\nBesuche uns in der Bodega, erfahre, wie wir unsere Weine herstellen, spaziere durch die Weinberge und genie\\u00dfe eine Weinprobe am Ort des Ursprungs.\",\"margin\":\"default\",\"maxwidth\":\"large\"}},{\"type\":\"button\",\"props\":{\"grid_column_gap\":\"small\",\"grid_row_gap\":\"small\",\"margin\":\"default\"},\"children\":[{\"type\":\"button_item\",\"props\":{\"button_style\":\"secondary\",\"content\":\"Kontakt\",\"dialog_layout\":\"modal\",\"dialog_offcanvas_flip\":true,\"icon\":\"users\",\"icon_align\":\"left\",\"link\":\"kontakt\\\/?lang=de\",\"link_title\":\"Kontakt\"}}],\"name\":\"Anfrage button\"}]},{\"type\":\"column\",\"props\":{\"image_position\":\"center-center\",\"padding\":\"none\",\"position_sticky_breakpoint\":\"m\",\"width_medium\":\"1-2\"},\"children\":[{\"type\":\"slideshow\",\"props\":{\"link_style\":\"default\",\"link_text\":\"Read more\",\"margin\":\"default\",\"meta_align\":\"below-title\",\"meta_element\":\"div\",\"meta_style\":\"text-meta\",\"nav\":\"dotnav\",\"nav_align\":\"center\",\"nav_breakpoint\":\"s\",\"nav_position\":\"bottom-center\",\"nav_position_margin\":\"medium\",\"overlay_animation\":\"parallax\",\"overlay_position\":\"center-left\",\"show_content\":true,\"show_link\":true,\"show_meta\":true,\"show_thumbnail\":true,\"show_title\":true,\"slidenav\":\"default\",\"slidenav_breakpoint\":\"s\",\"slidenav_margin\":\"medium\",\"slidenav_outside_breakpoint\":\"xl\",\"slideshow_autoplay_pause\":true,\"slideshow_min_height\":300,\"thumbnav_height\":\"75\",\"thumbnav_svg_color\":\"emphasis\",\"thumbnav_width\":\"100\",\"title_element\":\"h3\",\"title_hover_style\":\"reset\"},\"children\":[{\"type\":\"slideshow_item\",\"props\":{\"image\":\"wp-content\\\/uploads\\\/2025\\\/03\\\/tapas-mares-bodegas-bordoy-mallorca-12.jpg\"}}]},{\"type\":\"text\",\"props\":{\"block_align\":\"center\",\"column_breakpoint\":\"m\",\"content\":\"F\\u00fcr weitere Informationen oder Bestellungen besuche unseren Shop in der Bodega.\",\"margin\":\"default\",\"maxwidth\":\"xlarge\",\"text_align\":\"center\"}},{\"type\":\"text\",\"props\":{\"column_breakpoint\":\"m\",\"content\":\"\n\n<p><a class=\\\"uk-button uk-button-secondary uk-button-default\\\" href=\\\"#modal-container-gastronomie\\\" uk-toggle=\\\"\\\"> ANFRAGEFORMULAR<\\\/a><\\\/p>\\n<!-- Modal f\\u00fcr gastronomie -->\\n<\/p>\n<div id=\\\"modal-container-gastronomie\\\" class=\\\"uk-modal-container\\\" uk-modal=\\\"\\\">\\n<\/p>\n<div class=\\\"uk-modal-dialog uk-modal-body\\\"><button class=\\\"uk-modal-close-default\\\" type=\\\"button\\\" uk-close=\\\"\\\"><\\\/button>\\n<\/p>\n<h2 class=\\\"uk-modal-title\\\"><\\\/h2>\\n<\/p>\n<p>[wpforms id=\\&#8221;4412\\&#8221;]<\\\/p>\\n<\\\/div>\\n<\\\/div>\\n&#8221;,&#8221;margin&#8221;:&#8221;default&#8221;,&#8221;status&#8221;:&#8221;disabled&#8221;,&#8221;text_align&#8221;:&#8221;center&#8221;}}]}],&#8221;props&#8221;:{&#8220;column_gap&#8221;:&#8221;collapse&#8221;,&#8221;layout&#8221;:&#8221;1-2,1-2&#8243;,&#8221;margin&#8221;:&#8221;remove-vertical&#8221;,&#8221;row_gap&#8221;:&#8221;collapse&#8221;}}]}],&#8221;version&#8221;:&#8221;4.5.21&#8243;} &#8211;><\/p>\n","protected":false},"excerpt":{"rendered":"<p>Verkauf Shop Von unserer Bodega direkt zu dir nach Hause: Der authentische Geschmack Mallorcas in jedem Glas. Liebst du Wein? Bei Bodegas Bordoy kannst du unsere exklusiven Kollektionen direkt kaufen und zu Hause die Qualit\u00e4t genie\u00dfen, die uns auszeichnet. Perfekt zum Verschenken, Feiern oder einfach zum Genie\u00dfen. Und wenn du das volle Erlebnis m\u00f6chtest: Besuche [&hellip;]<\/p>\n","protected":false},"author":1,"featured_media":0,"parent":0,"menu_order":0,"comment_status":"closed","ping_status":"closed","template":"","meta":{"footnotes":""},"class_list":["post-7067","page","type-page","status-publish","hentry"],"yoast_head":"<!-- This site is optimized with the Yoast SEO plugin v26.0 - https:\/\/yoast.com\/wordpress\/plugins\/seo\/ -->\n<title>Shop - Bodegas Bordoy<\/title>\n<meta name=\"robots\" content=\"index, follow, max-snippet:-1, max-image-preview:large, max-video-preview:-1\" \/>\n<link rel=\"canonical\" href=\"https:\/\/booking.bodegasbordoy.es\/de\/shop-2\/\" \/>\n<meta property=\"og:locale\" content=\"de_DE\" \/>\n<meta property=\"og:type\" content=\"article\" \/>\n<meta property=\"og:title\" content=\"Shop - Bodegas Bordoy\" \/>\n<meta property=\"og:description\" content=\"Verkauf Shop Von unserer Bodega direkt zu dir nach Hause: Der authentische Geschmack Mallorcas in jedem Glas. Liebst du Wein? Bei Bodegas Bordoy kannst du unsere exklusiven Kollektionen direkt kaufen und zu Hause die Qualit\u00e4t genie\u00dfen, die uns auszeichnet. Perfekt zum Verschenken, Feiern oder einfach zum Genie\u00dfen. Und wenn du das volle Erlebnis m\u00f6chtest: Besuche [&hellip;]\" \/>\n<meta property=\"og:url\" content=\"https:\/\/booking.bodegasbordoy.es\/de\/shop-2\/\" \/>\n<meta property=\"og:site_name\" content=\"Bodegas Bordoy\" \/>\n<meta property=\"article:modified_time\" content=\"2025-07-29T10:56:45+00:00\" \/>\n<meta property=\"og:image\" content=\"https:\/\/booking.bodegasbordoy.es\/wp-content\/uploads\/2025\/08\/Bodegas-Bordoy_37-2048x1365.jpg\" \/>\n\t<meta property=\"og:image:width\" content=\"2048\" \/>\n\t<meta property=\"og:image:height\" content=\"1365\" \/>\n<meta name=\"twitter:card\" content=\"summary_large_image\" \/>\n<meta name=\"twitter:label1\" content=\"Est. reading time\" \/>\n\t<meta name=\"twitter:data1\" content=\"1 minute\" \/>\n<script type=\"application\/ld+json\" class=\"yoast-schema-graph\">{\"@context\":\"https:\/\/schema.org\",\"@graph\":[{\"@type\":\"WebPage\",\"@id\":\"https:\/\/booking.bodegasbordoy.es\/de\/shop-2\/\",\"url\":\"https:\/\/booking.bodegasbordoy.es\/de\/shop-2\/\",\"name\":\"Shop - Bodegas Bordoy\",\"isPartOf\":{\"@id\":\"https:\/\/booking.bodegasbordoy.es\/de\/#website\"},\"datePublished\":\"2025-02-25T15:54:34+00:00\",\"dateModified\":\"2025-07-29T10:56:45+00:00\",\"breadcrumb\":{\"@id\":\"https:\/\/booking.bodegasbordoy.es\/de\/shop-2\/#breadcrumb\"},\"inLanguage\":\"de-DE\",\"potentialAction\":[{\"@type\":\"ReadAction\",\"target\":[\"https:\/\/booking.bodegasbordoy.es\/de\/shop-2\/\"]}]},{\"@type\":\"BreadcrumbList\",\"@id\":\"https:\/\/booking.bodegasbordoy.es\/de\/shop-2\/#breadcrumb\",\"itemListElement\":[{\"@type\":\"ListItem\",\"position\":1,\"name\":\"Home\",\"item\":\"https:\/\/booking.bodegasbordoy.es\/de\/\"},{\"@type\":\"ListItem\",\"position\":2,\"name\":\"Shop\"}]},{\"@type\":\"WebSite\",\"@id\":\"https:\/\/booking.bodegasbordoy.es\/de\/#website\",\"url\":\"https:\/\/booking.bodegasbordoy.es\/de\/\",\"name\":\"Bodegas Bordoy\",\"description\":\"\",\"potentialAction\":[{\"@type\":\"SearchAction\",\"target\":{\"@type\":\"EntryPoint\",\"urlTemplate\":\"https:\/\/booking.bodegasbordoy.es\/de\/?s={search_term_string}\"},\"query-input\":{\"@type\":\"PropertyValueSpecification\",\"valueRequired\":true,\"valueName\":\"search_term_string\"}}],\"inLanguage\":\"de-DE\"}]}<\/script>\n<meta property=\"og:locale:alternate\" content=\"es_ES\" \/>\n\t<meta property=\"og:locale:alternate\" content=\"en_US\" \/>\n\t<meta property=\"og:locale:alternate\" content=\"ca_ES\" \/>\n<!-- \/ Yoast SEO plugin. -->","yoast_head_json":{"title":"Shop - Bodegas Bordoy","robots":{"index":"index","follow":"follow","max-snippet":"max-snippet:-1","max-image-preview":"max-image-preview:large","max-video-preview":"max-video-preview:-1"},"canonical":"https:\/\/booking.bodegasbordoy.es\/de\/shop-2\/","og_locale":"de_DE","og_type":"article","og_title":"Shop - Bodegas Bordoy","og_description":"Verkauf Shop Von unserer Bodega direkt zu dir nach Hause: Der authentische Geschmack Mallorcas in jedem Glas. Liebst du Wein? Bei Bodegas Bordoy kannst du unsere exklusiven Kollektionen direkt kaufen und zu Hause die Qualit\u00e4t genie\u00dfen, die uns auszeichnet. Perfekt zum Verschenken, Feiern oder einfach zum Genie\u00dfen. Und wenn du das volle Erlebnis m\u00f6chtest: Besuche [&hellip;]","og_url":"https:\/\/booking.bodegasbordoy.es\/de\/shop-2\/","og_site_name":"Bodegas Bordoy","article_modified_time":"2025-07-29T10:56:45+00:00","og_image":[{"url":"https:\/\/booking.bodegasbordoy.es\/wp-content\/uploads\/2025\/08\/Bodegas-Bordoy_37-2048x1365.jpg","width":2048,"height":1365,"type":""}],"twitter_card":"summary_large_image","twitter_misc":{"Est. reading time":"1 minute"},"schema":{"@context":"https:\/\/schema.org","@graph":[{"@type":"WebPage","@id":"https:\/\/booking.bodegasbordoy.es\/de\/shop-2\/","url":"https:\/\/booking.bodegasbordoy.es\/de\/shop-2\/","name":"Shop - Bodegas Bordoy","isPartOf":{"@id":"https:\/\/booking.bodegasbordoy.es\/de\/#website"},"datePublished":"2025-02-25T15:54:34+00:00","dateModified":"2025-07-29T10:56:45+00:00","breadcrumb":{"@id":"https:\/\/booking.bodegasbordoy.es\/de\/shop-2\/#breadcrumb"},"inLanguage":"de-DE","potentialAction":[{"@type":"ReadAction","target":["https:\/\/booking.bodegasbordoy.es\/de\/shop-2\/"]}]},{"@type":"BreadcrumbList","@id":"https:\/\/booking.bodegasbordoy.es\/de\/shop-2\/#breadcrumb","itemListElement":[{"@type":"ListItem","position":1,"name":"Home","item":"https:\/\/booking.bodegasbordoy.es\/de\/"},{"@type":"ListItem","position":2,"name":"Shop"}]},{"@type":"WebSite","@id":"https:\/\/booking.bodegasbordoy.es\/de\/#website","url":"https:\/\/booking.bodegasbordoy.es\/de\/","name":"Bodegas Bordoy","description":"","potentialAction":[{"@type":"SearchAction","target":{"@type":"EntryPoint","urlTemplate":"https:\/\/booking.bodegasbordoy.es\/de\/?s={search_term_string}"},"query-input":{"@type":"PropertyValueSpecification","valueRequired":true,"valueName":"search_term_string"}}],"inLanguage":"de-DE"}]}},"_links":{"self":[{"href":"https:\/\/booking.bodegasbordoy.es\/de\/wp-json\/wp\/v2\/pages\/7067","targetHints":{"allow":["GET"]}}],"collection":[{"href":"https:\/\/booking.bodegasbordoy.es\/de\/wp-json\/wp\/v2\/pages"}],"about":[{"href":"https:\/\/booking.bodegasbordoy.es\/de\/wp-json\/wp\/v2\/types\/page"}],"author":[{"embeddable":true,"href":"https:\/\/booking.bodegasbordoy.es\/de\/wp-json\/wp\/v2\/users\/1"}],"replies":[{"embeddable":true,"href":"https:\/\/booking.bodegasbordoy.es\/de\/wp-json\/wp\/v2\/comments?post=7067"}],"version-history":[{"count":77,"href":"https:\/\/booking.bodegasbordoy.es\/de\/wp-json\/wp\/v2\/pages\/7067\/revisions"}],"predecessor-version":[{"id":12086,"href":"https:\/\/booking.bodegasbordoy.es\/de\/wp-json\/wp\/v2\/pages\/7067\/revisions\/12086"}],"wp:attachment":[{"href":"https:\/\/booking.bodegasbordoy.es\/de\/wp-json\/wp\/v2\/media?parent=7067"}],"curies":[{"name":"wp","href":"https:\/\/api.w.org\/{rel}","templated":true}]}}