{"id":7073,"date":"2025-02-25T16:58:48","date_gmt":"2025-02-25T15:58:48","guid":{"rendered":"https:\/\/booking.bodegasbordoy.es\/?page_id=7073"},"modified":"2026-03-03T14:01:36","modified_gmt":"2026-03-03T13:01:36","slug":"private-veranstaltungen","status":"publish","type":"page","link":"https:\/\/booking.bodegasbordoy.es\/de\/private-veranstaltungen\/","title":{"rendered":"Privat"},"content":{"rendered":"<div>Veranstaltungen<\/div>\n<div>Privat<\/div>\n<div>Feiere dein besonderes Ereignis exklusiv bei Bodegas Bordoy<\/div>\n<h1>Hast du etwas Besonderes zu feiern?<br \/>\n<\/h1>\n<h1>Mach es unvergesslich \u2013 zwischen Weinbergen, gutem Wein und mediterranem Charme.<\/h1>\n<div>Wir gestalten dein ma\u00dfgeschneidertes Event: private Weinproben, k\u00f6stliche lokale K\u00fcche und eine Umgebung, die begeistert.<br \/>\nSto\u00dfe mit uns an \u2013 an einem einzigartigen Ort!<\/div>\n<p><p>\n        <a href=\"\/?page_id=20&#038;lang=de\">Jetzt anfragen<\/a>\n    <\/p>\n<\/p>\n<ul>\n<li>\n<p>        <img decoding=\"async\" src=\"\/wp-content\/uploads\/2026\/03\/eventos-privados.jpg\" alt=\"\"><\/p>\n<\/li>\n<li>\n<p>        <img decoding=\"async\" src=\"\/wp-content\/uploads\/2025\/03\/tapas-surtido-bodegas-bordoy-mallorca-13.jpg\" alt=\"\"><\/p>\n<\/li>\n<\/ul>\n<p><!--more--><br \/>\n<!-- {\"type\":\"layout\",\"children\":[{\"type\":\"section\",\"props\":{\"animation\":\"scale-up\",\"animation_delay\":\"230\",\"header_transparent\":true,\"image\":\"wp-content\/uploads\/2025\/03\/bodegas-bordoy-geburtstag.jpg\",\"image_position\":\"top-center\",\"image_size\":\"cover\",\"media_focal_point\":\"top-center\",\"media_overlay\":\"rgba(255, 255, 255, 0.94)\",\"padding\":\"none\",\"padding_remove_top\":false,\"style\":\"default\",\"title_breakpoint\":\"xl\",\"title_position\":\"top-left\",\"title_rotation\":\"left\",\"vertical_align\":\"\",\"width\":\"default\",\"image_alt\":\"Private Feier mit Rotwein auf der Terrasse von Bodegas Bordoy\"},\"children\":[{\"type\":\"row\",\"children\":[{\"type\":\"column\",\"props\":{\"image_position\":\"center-center\",\"position_sticky_breakpoint\":\"m\"}}]}]},{\"type\":\"section\",\"props\":{\"animation\":\"slide-bottom-medium\",\"animation_delay\":\"230\",\"image\":\"wp-content\/uploads\/2025\/03\/bg3-scaled.jpg\",\"image_position\":\"center-center\",\"image_size\":\"cover\",\"media_background\":\"rgba(255, 255, 255, 0.83)\",\"media_overlay\":\"rgba(255, 255, 255, 0.34)\",\"padding\":\"small\",\"style\":\"default\",\"title_breakpoint\":\"xl\",\"title_position\":\"top-left\",\"title_rotation\":\"left\",\"vertical_align\":\"\",\"width\":\"large\"},\"children\":[{\"type\":\"row\",\"children\":[{\"type\":\"column\",\"props\":{\"image_position\":\"center-center\",\"image_size\":\"cover\",\"media_overlay\":\"rgba(255, 255, 255, 0.32)\",\"position_blend\":false,\"position_sticky\":\"section\",\"position_sticky_breakpoint\":\"m\"},\"children\":[{\"type\":\"headline\",\"props\":{\"content\":\"Veranstaltungen\",\"margin_remove_bottom\":true,\"margin_remove_top\":false,\"text_align\":\"center\",\"title_color\":\"background\",\"title_element\":\"div\",\"title_style\":\"h4\"}},{\"type\":\"headline\",\"props\":{\"content\":\"Privat\",\"margin_remove_bottom\":false,\"margin_remove_top\":true,\"text_align\":\"center\",\"title_color\":\"background\",\"title_element\":\"div\",\"title_style\":\"h1\"}},{\"type\":\"headline\",\"props\":{\"block_align\":\"center\",\"content\":\"Feiere dein besonderes Ereignis exklusiv bei Bodegas Bordoy\",\"margin\":\"remove-vertical\",\"margin_remove_bottom\":true,\"margin_remove_top\":true,\"maxwidth\":\"large\",\"text_align\":\"center\",\"title_element\":\"div\",\"title_style\":\"h4\"}}]}],\"props\":{\"alignment\":\"center\",\"divider\":false,\"row_gap\":\"large\"}}],\"name\":\"events headline\"},{\"type\":\"section\",\"props\":{\"animation\":\"slide-top-medium\",\"animation_delay\":\"230\",\"image\":\"wp-content\/uploads\/2025\/03\/bg1.jpg\",\"image_position\":\"center-center\",\"image_size\":\"cover\",\"media_overlay\":\"rgba(255, 255, 255, 0.63)\",\"style\":\"default\",\"title_breakpoint\":\"xl\",\"title_position\":\"top-left\",\"title_rotation\":\"left\",\"vertical_align\":\"middle\",\"width\":\"large\"},\"children\":[{\"type\":\"row\",\"children\":[{\"type\":\"column\",\"props\":{\"image_position\":\"center-center\",\"position_sticky_breakpoint\":\"m\",\"width_medium\":\"1-2\"},\"children\":[{\"type\":\"headline\",\"props\":{\"content\":\"Hast du etwas Besonderes zu feiern?\\n\",\"margin_remove_bottom\":true,\"title_color\":\"background\",\"title_element\":\"h1\",\"title_style\":\"h3\"}},{\"type\":\"headline\",\"props\":{\"content\":\"Mach es unvergesslich \u2013 zwischen Weinbergen, gutem Wein und mediterranem Charme.\",\"margin_remove_top\":true,\"title_element\":\"h1\",\"title_style\":\"h4\"}},{\"type\":\"text\",\"props\":{\"column_breakpoint\":\"m\",\"content\":\"Wir gestalten dein ma\u00dfgeschneidertes Event: private Weinproben, k\u00f6stliche lokale K\u00fcche und eine Umgebung, die begeistert.\\nSto\u00dfe mit uns an \u2013 an einem einzigartigen Ort!\",\"margin\":\"default\",\"maxwidth\":\"large\"}},{\"type\":\"button\",\"props\":{\"grid_column_gap\":\"small\",\"grid_row_gap\":\"small\",\"margin\":\"default\"},\"children\":[{\"type\":\"button_item\",\"props\":{\"button_style\":\"secondary\",\"content\":\"Jetzt anfragen\",\"dialog_layout\":\"modal\",\"dialog_offcanvas_flip\":true,\"icon\":\"users\",\"icon_align\":\"left\",\"link\":\"kontakt\/?lang=de\",\"link_title\":\"Kontakt\"}}]},{\"type\":\"text\",\"props\":{\"column_breakpoint\":\"m\",\"content\":\"\n\n<p><a class=\\\"uk-button uk-button-secondary uk-button-default\\\" href=\\\"#modal-container-gastronomie\\\" uk-toggle=\\\"\\\">\\nAnfrage Formular<\/a><\/p>\n\n\\n<!-- Modal f\u00fcr gastronomie -->\\n<\/p>\n<div id=\\\"modal-container-gastronomie\\\" class=\\\"uk-modal-container\\\" uk-modal=\\\"\\\">\\n<\/p>\n<div class=\\\"uk-modal-dialog uk-modal-body\\\"><button class=\\\"uk-modal-close-default\\\" type=\\\"button\\\" uk-close=\\\"\\\"><\/button>\\n<\/p>\n<h2 class=\\\"uk-modal-title\\\"><\/h2>\n<p>\\n<\/p>\n<p>[wpforms id=\\&#8221;8101\\&#8221; title=\\&#8221;false\\&#8221;]<\/p>\n<p>\\n<\/p><\/div>\n<p>\\n<\/p><\/div>\n<p>\\n&#8221;,&#8221;margin&#8221;:&#8221;default&#8221;,&#8221;maxwidth&#8221;:&#8221;large&#8221;,&#8221;status&#8221;:&#8221;disabled&#8221;}}]},{&#8220;type&#8221;:&#8221;column&#8221;,&#8221;props&#8221;:{&#8220;image_position&#8221;:&#8221;center-center&#8221;,&#8221;position_sticky_breakpoint&#8221;:&#8221;m&#8221;,&#8221;width_medium&#8221;:&#8221;1-2&#8243;},&#8221;children&#8221;:[{&#8220;type&#8221;:&#8221;slideshow&#8221;,&#8221;props&#8221;:{&#8220;link_style&#8221;:&#8221;default&#8221;,&#8221;link_text&#8221;:&#8221;Read more&#8221;,&#8221;margin&#8221;:&#8221;default&#8221;,&#8221;meta_align&#8221;:&#8221;below-title&#8221;,&#8221;meta_element&#8221;:&#8221;div&#8221;,&#8221;meta_style&#8221;:&#8221;text-meta&#8221;,&#8221;nav&#8221;:&#8221;dotnav&#8221;,&#8221;nav_align&#8221;:&#8221;center&#8221;,&#8221;nav_breakpoint&#8221;:&#8221;s&#8221;,&#8221;nav_position&#8221;:&#8221;bottom-center&#8221;,&#8221;nav_position_margin&#8221;:&#8221;medium&#8221;,&#8221;overlay_animation&#8221;:&#8221;parallax&#8221;,&#8221;overlay_position&#8221;:&#8221;center-left&#8221;,&#8221;show_content&#8221;:true,&#8221;show_link&#8221;:true,&#8221;show_meta&#8221;:true,&#8221;show_thumbnail&#8221;:true,&#8221;show_title&#8221;:true,&#8221;slidenav&#8221;:&#8221;default&#8221;,&#8221;slidenav_breakpoint&#8221;:&#8221;s&#8221;,&#8221;slidenav_margin&#8221;:&#8221;medium&#8221;,&#8221;slidenav_outside_breakpoint&#8221;:&#8221;xl&#8221;,&#8221;slideshow_autoplay_pause&#8221;:true,&#8221;slideshow_min_height&#8221;:300,&#8221;thumbnav_height&#8221;:&#8221;75&#8243;,&#8221;thumbnav_svg_color&#8221;:&#8221;emphasis&#8221;,&#8221;thumbnav_width&#8221;:&#8221;100&#8243;,&#8221;title_element&#8221;:&#8221;h3&#8243;,&#8221;title_hover_style&#8221;:&#8221;reset&#8221;},&#8221;children&#8221;:[{&#8220;type&#8221;:&#8221;slideshow_item&#8221;,&#8221;props&#8221;:{&#8220;image&#8221;:&#8221;wp-content\/uploads\/2026\/03\/eventos-privados.jpg&#8221;,&#8221;image_alt&#8221;:&#8221;Tapas-Platte und Mar\u00e9s-Wein f\u00fcr private Events bei Bodegas Bordoy&#8221;}}]}]}],&#8221;props&#8221;:{&#8220;layout&#8221;:&#8221;1-2,1-2&#8243;}}]}],&#8221;version&#8221;:&#8221;4.5.21&#8243;} &#8211;><\/p>\n","protected":false},"excerpt":{"rendered":"<p>Veranstaltungen Privat Feiere dein besonderes Ereignis exklusiv bei Bodegas Bordoy Hast du etwas Besonderes zu feiern? Mach es unvergesslich \u2013 zwischen Weinbergen, gutem Wein und mediterranem Charme. Wir gestalten dein ma\u00dfgeschneidertes Event: private Weinproben, k\u00f6stliche lokale K\u00fcche und eine Umgebung, die begeistert. Sto\u00dfe mit uns an \u2013 an einem einzigartigen Ort! Jetzt anfragen<\/p>\n","protected":false},"author":1,"featured_media":0,"parent":0,"menu_order":0,"comment_status":"closed","ping_status":"closed","template":"","meta":{"footnotes":""},"class_list":["post-7073","page","type-page","status-publish","hentry"],"yoast_head":"<!-- This site is optimized with the Yoast SEO plugin v26.0 - https:\/\/yoast.com\/wordpress\/plugins\/seo\/ -->\n<title>Private Feiern im Weingut - Bodegas Bordoy<\/title>\n<meta name=\"description\" content=\"Feiern Sie Geburtstage, Jubil\u00e4en und private Feste bei Bodegas Bordoy. Wein, Tapas und Weinbergblick in Llucmajor, Mallorca.\" \/>\n<meta name=\"robots\" content=\"index, follow, max-snippet:-1, max-image-preview:large, max-video-preview:-1\" \/>\n<link rel=\"canonical\" href=\"https:\/\/booking.bodegasbordoy.es\/de\/private-veranstaltungen\/\" \/>\n<meta property=\"og:locale\" content=\"de_DE\" \/>\n<meta property=\"og:type\" content=\"article\" \/>\n<meta property=\"og:title\" content=\"Private Feiern im Weingut - Bodegas Bordoy\" \/>\n<meta property=\"og:description\" content=\"Feiern Sie Geburtstage, Jubil\u00e4en und private Feste bei Bodegas Bordoy. Wein, Tapas und Weinbergblick in Llucmajor, Mallorca.\" \/>\n<meta property=\"og:url\" content=\"https:\/\/booking.bodegasbordoy.es\/de\/private-veranstaltungen\/\" \/>\n<meta property=\"og:site_name\" content=\"Bodegas Bordoy\" \/>\n<meta property=\"article:modified_time\" content=\"2026-03-03T13:01:36+00:00\" \/>\n<meta property=\"og:image\" content=\"https:\/\/booking.bodegasbordoy.es\/wp-content\/uploads\/2025\/08\/Bodegas-Bordoy_37-2048x1365.jpg\" \/>\n\t<meta property=\"og:image:width\" content=\"2048\" \/>\n\t<meta property=\"og:image:height\" content=\"1365\" \/>\n<meta name=\"twitter:card\" content=\"summary_large_image\" \/>\n<meta name=\"twitter:label1\" content=\"Est. reading time\" \/>\n\t<meta name=\"twitter:data1\" content=\"1 minute\" \/>\n<script type=\"application\/ld+json\" class=\"yoast-schema-graph\">{\"@context\":\"https:\/\/schema.org\",\"@graph\":[{\"@type\":\"WebPage\",\"@id\":\"https:\/\/booking.bodegasbordoy.es\/de\/private-veranstaltungen\/\",\"url\":\"https:\/\/booking.bodegasbordoy.es\/de\/private-veranstaltungen\/\",\"name\":\"Private Feiern im Weingut - Bodegas Bordoy\",\"isPartOf\":{\"@id\":\"https:\/\/booking.bodegasbordoy.es\/de\/#website\"},\"datePublished\":\"2025-02-25T15:58:48+00:00\",\"dateModified\":\"2026-03-03T13:01:36+00:00\",\"description\":\"Feiern Sie Geburtstage, Jubil\u00e4en und private Feste bei Bodegas Bordoy. Wein, Tapas und Weinbergblick in Llucmajor, Mallorca.\",\"breadcrumb\":{\"@id\":\"https:\/\/booking.bodegasbordoy.es\/de\/private-veranstaltungen\/#breadcrumb\"},\"inLanguage\":\"de-DE\",\"potentialAction\":[{\"@type\":\"ReadAction\",\"target\":[\"https:\/\/booking.bodegasbordoy.es\/de\/private-veranstaltungen\/\"]}]},{\"@type\":\"BreadcrumbList\",\"@id\":\"https:\/\/booking.bodegasbordoy.es\/de\/private-veranstaltungen\/#breadcrumb\",\"itemListElement\":[{\"@type\":\"ListItem\",\"position\":1,\"name\":\"Home\",\"item\":\"https:\/\/booking.bodegasbordoy.es\/de\/\"},{\"@type\":\"ListItem\",\"position\":2,\"name\":\"Privat\"}]},{\"@type\":\"WebSite\",\"@id\":\"https:\/\/booking.bodegasbordoy.es\/de\/#website\",\"url\":\"https:\/\/booking.bodegasbordoy.es\/de\/\",\"name\":\"Bodegas Bordoy\",\"description\":\"\",\"potentialAction\":[{\"@type\":\"SearchAction\",\"target\":{\"@type\":\"EntryPoint\",\"urlTemplate\":\"https:\/\/booking.bodegasbordoy.es\/de\/?s={search_term_string}\"},\"query-input\":{\"@type\":\"PropertyValueSpecification\",\"valueRequired\":true,\"valueName\":\"search_term_string\"}}],\"inLanguage\":\"de-DE\"}]}<\/script>\n<meta property=\"og:locale:alternate\" content=\"es_ES\" \/>\n\t<meta property=\"og:locale:alternate\" content=\"en_US\" \/>\n\t<meta property=\"og:locale:alternate\" content=\"ca_ES\" \/>\n<!-- \/ Yoast SEO plugin. -->","yoast_head_json":{"title":"Private Feiern im Weingut - Bodegas Bordoy","description":"Feiern Sie Geburtstage, Jubil\u00e4en und private Feste bei Bodegas Bordoy. Wein, Tapas und Weinbergblick in Llucmajor, Mallorca.","robots":{"index":"index","follow":"follow","max-snippet":"max-snippet:-1","max-image-preview":"max-image-preview:large","max-video-preview":"max-video-preview:-1"},"canonical":"https:\/\/booking.bodegasbordoy.es\/de\/private-veranstaltungen\/","og_locale":"de_DE","og_type":"article","og_title":"Private Feiern im Weingut - Bodegas Bordoy","og_description":"Feiern Sie Geburtstage, Jubil\u00e4en und private Feste bei Bodegas Bordoy. Wein, Tapas und Weinbergblick in Llucmajor, Mallorca.","og_url":"https:\/\/booking.bodegasbordoy.es\/de\/private-veranstaltungen\/","og_site_name":"Bodegas Bordoy","article_modified_time":"2026-03-03T13:01:36+00:00","og_image":[{"url":"https:\/\/booking.bodegasbordoy.es\/wp-content\/uploads\/2025\/08\/Bodegas-Bordoy_37-2048x1365.jpg","width":2048,"height":1365,"type":""}],"twitter_card":"summary_large_image","twitter_misc":{"Est. reading time":"1 minute"},"schema":{"@context":"https:\/\/schema.org","@graph":[{"@type":"WebPage","@id":"https:\/\/booking.bodegasbordoy.es\/de\/private-veranstaltungen\/","url":"https:\/\/booking.bodegasbordoy.es\/de\/private-veranstaltungen\/","name":"Private Feiern im Weingut - Bodegas Bordoy","isPartOf":{"@id":"https:\/\/booking.bodegasbordoy.es\/de\/#website"},"datePublished":"2025-02-25T15:58:48+00:00","dateModified":"2026-03-03T13:01:36+00:00","description":"Feiern Sie Geburtstage, Jubil\u00e4en und private Feste bei Bodegas Bordoy. Wein, Tapas und Weinbergblick in Llucmajor, Mallorca.","breadcrumb":{"@id":"https:\/\/booking.bodegasbordoy.es\/de\/private-veranstaltungen\/#breadcrumb"},"inLanguage":"de-DE","potentialAction":[{"@type":"ReadAction","target":["https:\/\/booking.bodegasbordoy.es\/de\/private-veranstaltungen\/"]}]},{"@type":"BreadcrumbList","@id":"https:\/\/booking.bodegasbordoy.es\/de\/private-veranstaltungen\/#breadcrumb","itemListElement":[{"@type":"ListItem","position":1,"name":"Home","item":"https:\/\/booking.bodegasbordoy.es\/de\/"},{"@type":"ListItem","position":2,"name":"Privat"}]},{"@type":"WebSite","@id":"https:\/\/booking.bodegasbordoy.es\/de\/#website","url":"https:\/\/booking.bodegasbordoy.es\/de\/","name":"Bodegas Bordoy","description":"","potentialAction":[{"@type":"SearchAction","target":{"@type":"EntryPoint","urlTemplate":"https:\/\/booking.bodegasbordoy.es\/de\/?s={search_term_string}"},"query-input":{"@type":"PropertyValueSpecification","valueRequired":true,"valueName":"search_term_string"}}],"inLanguage":"de-DE"}]}},"_links":{"self":[{"href":"https:\/\/booking.bodegasbordoy.es\/de\/wp-json\/wp\/v2\/pages\/7073","targetHints":{"allow":["GET"]}}],"collection":[{"href":"https:\/\/booking.bodegasbordoy.es\/de\/wp-json\/wp\/v2\/pages"}],"about":[{"href":"https:\/\/booking.bodegasbordoy.es\/de\/wp-json\/wp\/v2\/types\/page"}],"author":[{"embeddable":true,"href":"https:\/\/booking.bodegasbordoy.es\/de\/wp-json\/wp\/v2\/users\/1"}],"replies":[{"embeddable":true,"href":"https:\/\/booking.bodegasbordoy.es\/de\/wp-json\/wp\/v2\/comments?post=7073"}],"version-history":[{"count":21,"href":"https:\/\/booking.bodegasbordoy.es\/de\/wp-json\/wp\/v2\/pages\/7073\/revisions"}],"predecessor-version":[{"id":12712,"href":"https:\/\/booking.bodegasbordoy.es\/de\/wp-json\/wp\/v2\/pages\/7073\/revisions\/12712"}],"wp:attachment":[{"href":"https:\/\/booking.bodegasbordoy.es\/de\/wp-json\/wp\/v2\/media?parent=7073"}],"curies":[{"name":"wp","href":"https:\/\/api.w.org\/{rel}","templated":true}]}}