{"id":8634,"date":"2025-03-10T15:01:49","date_gmt":"2025-03-10T14:01:49","guid":{"rendered":"https:\/\/booking.bodegasbordoy.es\/aceites\/"},"modified":"2026-03-03T14:01:50","modified_gmt":"2026-03-03T13:01:50","slug":"olivenoel","status":"publish","type":"page","link":"https:\/\/booking.bodegasbordoy.es\/de\/olivenoel\/","title":{"rendered":"Oliven\u00f6l"},"content":{"rendered":"<div>Oliven\u00f6l<\/div>\n<div>Bei Bodegas Bordoy widmen wir unseren Olivenb\u00e4umen die gleiche Sorgfalt wie unseren Reben. Wir kultivieren vor allem die mallorquinische Sorte \u201eEmpeltre\u201c, mit derselben Hingabe, die wir in unsere Weine legen.<\/div>\n<h1>Das Ergebnis: <\/h1>\n<h1>ein authentisches, aromatisches Oliven\u00f6l extra vergine (AOVE), voller Geschmack und mit der ganzen Essenz Mallorcas<\/h1>\n<div>Oliven\u00f6l Extra Vergine \u2013 mit mallorquinischem Charakter<\/div>\n<div>Wir besitzen rund 1.000 Olivenb\u00e4ume, haupts\u00e4chlich lokale Sorten wie Empeltre, erg\u00e4nzt durch Picual und Arbequina, unter der gesch\u00fctzten Ursprungsbezeichnung D.O.P. \u201eOli de Mallorca\u201c.<\/p>\n<\/div>\n<div>Klima, Boden und Tradition der Insel verleihen unserem \u00d6l einen einzigartigen Geschmack.<br \/>\nJe nach Erntezeitpunkt entstehen mildere, s\u00fc\u00dfere \u00d6le oder intensivere, fruchtige Varianten mit einer leicht pikanten Note.<\/p>\n<\/div>\n<div>Authentisch, geschmackvoll und 100\u202f% Mallorca.\n<\/div>\n<ul>\n<li>\n<p>        <img decoding=\"async\" src=\"\/wp-content\/uploads\/2026\/03\/aceitunas-neu.jpg\" alt=\"\"><\/p>\n<\/li>\n<li>\n<p>        <img decoding=\"async\" src=\"\/wp-content\/uploads\/2025\/03\/aceite-de-oliva-bodegas-bordoy-3.jpg\" alt=\"\"><\/p>\n<\/li>\n<li>\n<p>        <img decoding=\"async\" src=\"\/wp-content\/uploads\/2025\/03\/aceite-de-oliva-bodegas-bordoy-2.jpg\" alt=\"\"><\/p>\n<\/li>\n<\/ul>\n<p><!--more--><br \/>\n<!-- {\"type\":\"layout\",\"children\":[{\"type\":\"section\",\"props\":{\"animation\":\"scale-up\",\"animation_delay\":\"230\",\"header_transparent\":true,\"image\":\"wp-content\/uploads\/2025\/03\/aceite-de-oliva-bodegas-bordoy-3.jpg\",\"image_effect\":\"fixed\",\"image_position\":\"center-center\",\"image_size\":\"cover\",\"media_overlay\":\"rgba(255, 255, 255, 0.89)\",\"padding\":\"xsmall\",\"padding_remove_top\":true,\"style\":\"default\",\"title_breakpoint\":\"xl\",\"title_position\":\"top-left\",\"title_rotation\":\"left\",\"vertical_align\":\"\",\"width\":\"default\",\"image_alt\":\"Gr\u00fcne Oliven an den Zweigen des Olivenhains von Bodegas Bordoy\"},\"children\":[{\"type\":\"row\",\"children\":[{\"type\":\"column\",\"props\":{\"image_position\":\"center-center\",\"position_sticky_breakpoint\":\"m\"}}]}]},{\"type\":\"section\",\"props\":{\"animation\":\"slide-bottom-medium\",\"animation_delay\":\"230\",\"height\":\"page\",\"image\":\"wp-content\/uploads\/2025\/03\/bg3-scaled.jpg\",\"image_position\":\"center-center\",\"image_size\":\"cover\",\"media_background\":\"rgba(255, 255, 255, 0.83)\",\"media_overlay\":\"rgba(255, 255, 255, 0.34)\",\"padding\":\"small\",\"style\":\"default\",\"title_breakpoint\":\"xl\",\"title_position\":\"top-left\",\"title_rotation\":\"left\",\"vertical_align\":\"\",\"width\":\"large\"},\"children\":[{\"type\":\"row\",\"children\":[{\"type\":\"column\",\"props\":{\"image_position\":\"center-center\",\"image_size\":\"cover\",\"media_overlay\":\"rgba(255, 255, 255, 0.32)\",\"position_blend\":false,\"position_sticky\":\"section\",\"position_sticky_breakpoint\":\"m\"},\"children\":[{\"type\":\"headline\",\"props\":{\"content\":\"Oliven\u00f6l\",\"margin_remove_bottom\":false,\"margin_remove_top\":true,\"text_align\":\"center\",\"title_color\":\"background\",\"title_element\":\"div\",\"title_style\":\"h1\"}},{\"type\":\"headline\",\"props\":{\"block_align\":\"center\",\"content\":\"Bei Bodegas Bordoy widmen wir unseren Olivenb\u00e4umen die gleiche Sorgfalt wie unseren Reben. Wir kultivieren vor allem die mallorquinische Sorte \u201eEmpeltre\u201c, mit derselben Hingabe, die wir in unsere Weine legen.\",\"margin\":\"remove-vertical\",\"margin_remove_bottom\":true,\"margin_remove_top\":true,\"maxwidth\":\"large\",\"text_align\":\"center\",\"title_element\":\"div\",\"title_style\":\"h4\"}}]}],\"props\":{\"alignment\":\"center\",\"divider\":false,\"row_gap\":\"large\"}}],\"name\":\"headline verkauf\"},{\"type\":\"section\",\"props\":{\"animation\":\"slide-top-medium\",\"animation_delay\":\"230\",\"image\":\"wp-content\/uploads\/2025\/03\/bg1.jpg\",\"image_position\":\"center-center\",\"image_size\":\"cover\",\"media_overlay\":\"rgba(255, 255, 255, 0.62)\",\"style\":\"muted\",\"title_breakpoint\":\"xl\",\"title_position\":\"top-left\",\"title_rotation\":\"left\",\"vertical_align\":\"middle\",\"width\":\"large\"},\"children\":[{\"type\":\"row\",\"children\":[{\"type\":\"column\",\"props\":{\"image_position\":\"center-center\",\"position_sticky_breakpoint\":\"m\",\"width_medium\":\"1-2\"},\"children\":[{\"type\":\"headline\",\"props\":{\"content\":\"Das Ergebnis: \",\"margin_remove_bottom\":true,\"title_color\":\"background\",\"title_element\":\"h1\",\"title_style\":\"h3\"}},{\"type\":\"headline\",\"props\":{\"content\":\"ein authentisches, aromatisches Oliven\u00f6l extra vergine (AOVE), voller Geschmack und mit der ganzen Essenz Mallorcas\",\"margin_remove_top\":true,\"title_element\":\"h1\",\"title_style\":\"h4\"}},{\"type\":\"text\",\"props\":{\"column_breakpoint\":\"m\",\"content\":\"Oliven\u00f6l Extra Vergine \u2013 mit mallorquinischem Charakter\",\"margin\":\"default\",\"maxwidth\":\"large\"}},{\"type\":\"text\",\"props\":{\"column_breakpoint\":\"m\",\"content\":\"Wir besitzen rund 1.000 Olivenb\u00e4ume, haupts\u00e4chlich lokale Sorten wie Empeltre, erg\u00e4nzt durch Picual und Arbequina, unter der gesch\u00fctzten Ursprungsbezeichnung D.O.P. \u201eOli de Mallorca\u201c.\\n\\n\\n\",\"margin\":\"default\",\"maxwidth\":\"large\"}},{\"type\":\"text\",\"props\":{\"column_breakpoint\":\"m\",\"content\":\"Klima, Boden und Tradition der Insel verleihen unserem \u00d6l einen einzigartigen Geschmack.\\nJe nach Erntezeitpunkt entstehen mildere, s\u00fc\u00dfere \u00d6le oder intensivere, fruchtige Varianten mit einer leicht pikanten Note.\\n\\n\",\"margin\":\"default\",\"maxwidth\":\"large\"}},{\"type\":\"text\",\"props\":{\"column_breakpoint\":\"m\",\"content\":\"Authentisch, geschmackvoll und 100\u202f% Mallorca.\\n\",\"margin\":\"default\"}}]},{\"type\":\"column\",\"props\":{\"image_position\":\"center-center\",\"padding\":\"none\",\"position_sticky_breakpoint\":\"m\",\"width_medium\":\"1-2\"},\"children\":[{\"type\":\"slideshow\",\"props\":{\"link_style\":\"default\",\"link_text\":\"Read more\",\"margin\":\"default\",\"meta_align\":\"below-title\",\"meta_element\":\"div\",\"meta_style\":\"text-meta\",\"nav\":\"dotnav\",\"nav_align\":\"center\",\"nav_below\":true,\"nav_breakpoint\":\"s\",\"nav_position\":\"bottom-center\",\"nav_position_margin\":\"medium\",\"overlay_animation\":\"parallax\",\"overlay_position\":\"center-left\",\"show_content\":true,\"show_link\":true,\"show_meta\":true,\"show_thumbnail\":true,\"show_title\":true,\"slidenav\":\"default\",\"slidenav_breakpoint\":\"s\",\"slidenav_hover\":true,\"slidenav_margin\":\"medium\",\"slidenav_outside_breakpoint\":\"xl\",\"slideshow_animation\":\"fade\",\"slideshow_autoplay\":true,\"slideshow_autoplay_interval\":\"8\",\"slideshow_autoplay_pause\":true,\"slideshow_kenburns\":\"alternate\",\"slideshow_min_height\":300,\"thumbnav_height\":\"75\",\"thumbnav_svg_color\":\"emphasis\",\"thumbnav_width\":\"100\",\"title_element\":\"h3\",\"title_hover_style\":\"reset\"},\"children\":[{\"type\":\"slideshow_item\",\"props\":{\"image\":\"wp-content\/uploads\/2026\/03\/aceitunas-neu.jpg\",\"image_alt\":\"Frisch geerntete Oliven aus dem Olivenhain von Bodegas Bordoy auf Mallorca\"}},{\"type\":\"slideshow_item\",\"props\":{\"image\":\"wp-content\/uploads\/2025\/03\/aceite-de-oliva-bodegas-bordoy.jpg\",\"image_alt\":\"Olivenhain von Bodegas Bordoy auf roter Erde im S\u00fcden Mallorcas\"}},{\"type\":\"slideshow_item\",\"props\":{\"image\":\"wp-content\/uploads\/2025\/03\/aceite-de-oliva-bodegas-bordoy-3.jpg\",\"image_alt\":\"Gr\u00fcne Oliven an den Zweigen des Olivenhains von Bodegas Bordoy\"}},{\"type\":\"slideshow_item\",\"props\":{\"image\":\"wp-content\/uploads\/2025\/03\/aceite-de-oliva-bodegas-bordoy-2.jpg\",\"image_alt\":\"Historischer Olivenhain mit heimischen Olivenb\u00e4umen auf der Finca von Bodegas Bordoy\"}}]}]}],\"props\":{\"column_gap\":\"collapse\",\"layout\":\"1-2,1-2\",\"margin\":\"remove-vertical\",\"row_gap\":\"collapse\"}}]}],\"version\":\"4.5.21\"} --><\/p>\n","protected":false},"excerpt":{"rendered":"<p>Oliven\u00f6l Bei Bodegas Bordoy widmen wir unseren Olivenb\u00e4umen die gleiche Sorgfalt wie unseren Reben. Wir kultivieren vor allem die mallorquinische Sorte \u201eEmpeltre\u201c, mit derselben Hingabe, die wir in unsere Weine legen. Das Ergebnis: ein authentisches, aromatisches Oliven\u00f6l extra vergine (AOVE), voller Geschmack und mit der ganzen Essenz Mallorcas Oliven\u00f6l Extra Vergine \u2013 mit mallorquinischem Charakter [&hellip;]<\/p>\n","protected":false},"author":1,"featured_media":0,"parent":0,"menu_order":0,"comment_status":"closed","ping_status":"closed","template":"","meta":{"footnotes":""},"class_list":["post-8634","page","type-page","status-publish","hentry"],"yoast_head":"<!-- This site is optimized with the Yoast SEO plugin v26.0 - https:\/\/yoast.com\/wordpress\/plugins\/seo\/ -->\n<title>Oliven\u00f6l aus Mallorca - Bodegas Bordoy<\/title>\n<meta name=\"description\" content=\"Natives Oliven\u00f6l extra von Bodegas Bordoy. Historische Olivenhaine mit heimischen Olivenb\u00e4umen auf der Finca in Llucmajor, Mallorca.\" \/>\n<meta name=\"robots\" content=\"index, follow, max-snippet:-1, max-image-preview:large, max-video-preview:-1\" \/>\n<link rel=\"canonical\" href=\"https:\/\/booking.bodegasbordoy.es\/de\/olivenoel\/\" \/>\n<meta property=\"og:locale\" content=\"de_DE\" \/>\n<meta property=\"og:type\" content=\"article\" \/>\n<meta property=\"og:title\" content=\"Oliven\u00f6l aus Mallorca - Bodegas Bordoy\" \/>\n<meta property=\"og:description\" content=\"Natives Oliven\u00f6l extra von Bodegas Bordoy. Historische Olivenhaine mit heimischen Olivenb\u00e4umen auf der Finca in Llucmajor, Mallorca.\" \/>\n<meta property=\"og:url\" content=\"https:\/\/booking.bodegasbordoy.es\/de\/olivenoel\/\" \/>\n<meta property=\"og:site_name\" content=\"Bodegas Bordoy\" \/>\n<meta property=\"article:modified_time\" content=\"2026-03-03T13:01:50+00:00\" \/>\n<meta property=\"og:image\" content=\"https:\/\/booking.bodegasbordoy.es\/wp-content\/uploads\/2025\/08\/Bodegas-Bordoy_37-2048x1365.jpg\" \/>\n\t<meta property=\"og:image:width\" content=\"2048\" \/>\n\t<meta property=\"og:image:height\" content=\"1365\" \/>\n<meta name=\"twitter:card\" content=\"summary_large_image\" \/>\n<meta name=\"twitter:label1\" content=\"Est. reading time\" \/>\n\t<meta name=\"twitter:data1\" content=\"1 minute\" \/>\n<script type=\"application\/ld+json\" class=\"yoast-schema-graph\">{\"@context\":\"https:\/\/schema.org\",\"@graph\":[{\"@type\":\"WebPage\",\"@id\":\"https:\/\/booking.bodegasbordoy.es\/de\/olivenoel\/\",\"url\":\"https:\/\/booking.bodegasbordoy.es\/de\/olivenoel\/\",\"name\":\"Oliven\u00f6l aus Mallorca - Bodegas Bordoy\",\"isPartOf\":{\"@id\":\"https:\/\/booking.bodegasbordoy.es\/de\/#website\"},\"datePublished\":\"2025-03-10T14:01:49+00:00\",\"dateModified\":\"2026-03-03T13:01:50+00:00\",\"description\":\"Natives Oliven\u00f6l extra von Bodegas Bordoy. Historische Olivenhaine mit heimischen Olivenb\u00e4umen auf der Finca in Llucmajor, Mallorca.\",\"breadcrumb\":{\"@id\":\"https:\/\/booking.bodegasbordoy.es\/de\/olivenoel\/#breadcrumb\"},\"inLanguage\":\"de-DE\",\"potentialAction\":[{\"@type\":\"ReadAction\",\"target\":[\"https:\/\/booking.bodegasbordoy.es\/de\/olivenoel\/\"]}]},{\"@type\":\"BreadcrumbList\",\"@id\":\"https:\/\/booking.bodegasbordoy.es\/de\/olivenoel\/#breadcrumb\",\"itemListElement\":[{\"@type\":\"ListItem\",\"position\":1,\"name\":\"Home\",\"item\":\"https:\/\/booking.bodegasbordoy.es\/de\/\"},{\"@type\":\"ListItem\",\"position\":2,\"name\":\"Oliven\u00f6l\"}]},{\"@type\":\"WebSite\",\"@id\":\"https:\/\/booking.bodegasbordoy.es\/de\/#website\",\"url\":\"https:\/\/booking.bodegasbordoy.es\/de\/\",\"name\":\"Bodegas Bordoy\",\"description\":\"\",\"potentialAction\":[{\"@type\":\"SearchAction\",\"target\":{\"@type\":\"EntryPoint\",\"urlTemplate\":\"https:\/\/booking.bodegasbordoy.es\/de\/?s={search_term_string}\"},\"query-input\":{\"@type\":\"PropertyValueSpecification\",\"valueRequired\":true,\"valueName\":\"search_term_string\"}}],\"inLanguage\":\"de-DE\"}]}<\/script>\n<meta property=\"og:locale:alternate\" content=\"es_ES\" \/>\n\t<meta property=\"og:locale:alternate\" content=\"en_US\" \/>\n\t<meta property=\"og:locale:alternate\" content=\"ca_ES\" \/>\n<!-- \/ Yoast SEO plugin. -->","yoast_head_json":{"title":"Oliven\u00f6l aus Mallorca - Bodegas Bordoy","description":"Natives Oliven\u00f6l extra von Bodegas Bordoy. Historische Olivenhaine mit heimischen Olivenb\u00e4umen auf der Finca in Llucmajor, Mallorca.","robots":{"index":"index","follow":"follow","max-snippet":"max-snippet:-1","max-image-preview":"max-image-preview:large","max-video-preview":"max-video-preview:-1"},"canonical":"https:\/\/booking.bodegasbordoy.es\/de\/olivenoel\/","og_locale":"de_DE","og_type":"article","og_title":"Oliven\u00f6l aus Mallorca - Bodegas Bordoy","og_description":"Natives Oliven\u00f6l extra von Bodegas Bordoy. Historische Olivenhaine mit heimischen Olivenb\u00e4umen auf der Finca in Llucmajor, Mallorca.","og_url":"https:\/\/booking.bodegasbordoy.es\/de\/olivenoel\/","og_site_name":"Bodegas Bordoy","article_modified_time":"2026-03-03T13:01:50+00:00","og_image":[{"url":"https:\/\/booking.bodegasbordoy.es\/wp-content\/uploads\/2025\/08\/Bodegas-Bordoy_37-2048x1365.jpg","width":2048,"height":1365,"type":""}],"twitter_card":"summary_large_image","twitter_misc":{"Est. reading time":"1 minute"},"schema":{"@context":"https:\/\/schema.org","@graph":[{"@type":"WebPage","@id":"https:\/\/booking.bodegasbordoy.es\/de\/olivenoel\/","url":"https:\/\/booking.bodegasbordoy.es\/de\/olivenoel\/","name":"Oliven\u00f6l aus Mallorca - Bodegas Bordoy","isPartOf":{"@id":"https:\/\/booking.bodegasbordoy.es\/de\/#website"},"datePublished":"2025-03-10T14:01:49+00:00","dateModified":"2026-03-03T13:01:50+00:00","description":"Natives Oliven\u00f6l extra von Bodegas Bordoy. Historische Olivenhaine mit heimischen Olivenb\u00e4umen auf der Finca in Llucmajor, Mallorca.","breadcrumb":{"@id":"https:\/\/booking.bodegasbordoy.es\/de\/olivenoel\/#breadcrumb"},"inLanguage":"de-DE","potentialAction":[{"@type":"ReadAction","target":["https:\/\/booking.bodegasbordoy.es\/de\/olivenoel\/"]}]},{"@type":"BreadcrumbList","@id":"https:\/\/booking.bodegasbordoy.es\/de\/olivenoel\/#breadcrumb","itemListElement":[{"@type":"ListItem","position":1,"name":"Home","item":"https:\/\/booking.bodegasbordoy.es\/de\/"},{"@type":"ListItem","position":2,"name":"Oliven\u00f6l"}]},{"@type":"WebSite","@id":"https:\/\/booking.bodegasbordoy.es\/de\/#website","url":"https:\/\/booking.bodegasbordoy.es\/de\/","name":"Bodegas Bordoy","description":"","potentialAction":[{"@type":"SearchAction","target":{"@type":"EntryPoint","urlTemplate":"https:\/\/booking.bodegasbordoy.es\/de\/?s={search_term_string}"},"query-input":{"@type":"PropertyValueSpecification","valueRequired":true,"valueName":"search_term_string"}}],"inLanguage":"de-DE"}]}},"_links":{"self":[{"href":"https:\/\/booking.bodegasbordoy.es\/de\/wp-json\/wp\/v2\/pages\/8634","targetHints":{"allow":["GET"]}}],"collection":[{"href":"https:\/\/booking.bodegasbordoy.es\/de\/wp-json\/wp\/v2\/pages"}],"about":[{"href":"https:\/\/booking.bodegasbordoy.es\/de\/wp-json\/wp\/v2\/types\/page"}],"author":[{"embeddable":true,"href":"https:\/\/booking.bodegasbordoy.es\/de\/wp-json\/wp\/v2\/users\/1"}],"replies":[{"embeddable":true,"href":"https:\/\/booking.bodegasbordoy.es\/de\/wp-json\/wp\/v2\/comments?post=8634"}],"version-history":[{"count":12,"href":"https:\/\/booking.bodegasbordoy.es\/de\/wp-json\/wp\/v2\/pages\/8634\/revisions"}],"predecessor-version":[{"id":12720,"href":"https:\/\/booking.bodegasbordoy.es\/de\/wp-json\/wp\/v2\/pages\/8634\/revisions\/12720"}],"wp:attachment":[{"href":"https:\/\/booking.bodegasbordoy.es\/de\/wp-json\/wp\/v2\/media?parent=8634"}],"curies":[{"name":"wp","href":"https:\/\/api.w.org\/{rel}","templated":true}]}}