{"id":1246,"date":"2019-09-05T09:37:25","date_gmt":"2019-09-05T07:37:25","guid":{"rendered":"https:\/\/booking.bodegasbordoy.es\/?page_id=1246"},"modified":"2025-07-31T18:47:21","modified_gmt":"2025-07-31T17:47:21","slug":"support","status":"publish","type":"page","link":"https:\/\/booking.bodegasbordoy.es\/en\/support\/","title":{"rendered":"Sale"},"content":{"rendered":"<div>Sale<\/div>\n<div>Find the Perfect Wine for Every Occasion<\/div>\n<div>Whether it\u2019s for a special dinner, a toast with friends, or simply just because \u2014 we have the ideal wine for every moment.<br \/>\nOur wines are full of personality, shaped by the sea breeze and the island\u2019s unique mar\u00e8s soils.<\/p>\n<\/div>\n<ul>\n<li>\n<p>        <img decoding=\"async\" src=\"\/wp-content\/uploads\/2025\/03\/tapas-mares-bodegas-bordoy-mallorca-12.jpg\" alt=\"\"><\/p>\n<h3>Store<\/h3>\n<p> At the winery<\/p>\n<div>If you love wine as much as we do, you\u2019re in luck!<br \/>\nYou can order directly from our winery and enjoy our wine treasures without leaving your sofa.<br \/>\nDiscover our exclusive collections and find your new favourite.<\/div>\n<p><a href=\"\/?page_id=7102&#038;lang=en\">learn more<\/a><\/p>\n<\/li>\n<li>\n<p>        <img decoding=\"async\" src=\"\/wp-content\/uploads\/2025\/03\/gastronomy-sale-bodegas-bordoy.jpg\" alt=\"\"><\/p>\n<h3>Wine merchants<\/h3>\n<p>Distribution<\/p>\n<div>Every bottle from Bodegas Bordoy carries the soul of the island \u2014 sun, sea, and plenty of character.<br \/>\nIf you want to offer your customers authentic Mallorcan wines full of personality, let\u2019s talk!<\/div>\n<p><a href=\"\/?page_id=7109&#038;lang=en\">learn more<\/a><\/p>\n<\/li>\n<\/ul>\n<p><!--more--><br \/>\n<!-- {\"type\":\"layout\",\"children\":[{\"type\":\"section\",\"props\":{\"animation\":\"scale-up\",\"animation_delay\":\"230\",\"header_transparent\":true,\"height_viewport\":500,\"image_height\":\"720\",\"image_position\":\"top-center\",\"image_size\":\"cover\",\"image_width\":\"1280\",\"media_focal_point\":\"top-center\",\"media_overlay\":\"rgba(255, 255, 255, 0.9)\",\"padding\":\"none\",\"padding_remove_top\":false,\"style\":\"default\",\"title_breakpoint\":\"xl\",\"title_position\":\"top-left\",\"title_rotation\":\"left\",\"vertical_align\":\"\",\"video\":\"wp-content\/uploads\/2025\/02\/02231.mp4\",\"width\":\"default\"},\"children\":[{\"type\":\"row\",\"children\":[{\"type\":\"column\",\"props\":{\"image_position\":\"center-center\",\"position_sticky_breakpoint\":\"m\"}}]}]},{\"type\":\"section\",\"props\":{\"animation\":\"slide-bottom-medium\",\"animation_delay\":\"230\",\"height\":\"page\",\"image\":\"wp-content\/uploads\/2025\/03\/bg3-scaled.jpg\",\"image_position\":\"center-center\",\"image_size\":\"cover\",\"media_background\":\"rgba(255, 255, 255, 0.83)\",\"media_overlay\":\"rgba(255, 255, 255, 0.34)\",\"padding\":\"small\",\"style\":\"default\",\"title_breakpoint\":\"xl\",\"title_position\":\"top-left\",\"title_rotation\":\"left\",\"vertical_align\":\"\",\"width\":\"large\"},\"children\":[{\"type\":\"row\",\"children\":[{\"type\":\"column\",\"props\":{\"image_position\":\"center-center\",\"image_size\":\"cover\",\"media_overlay\":\"rgba(255, 255, 255, 0.32)\",\"position_blend\":false,\"position_sticky\":\"section\",\"position_sticky_breakpoint\":\"m\"},\"children\":[{\"type\":\"headline\",\"props\":{\"content\":\"Sale\",\"margin_remove_bottom\":false,\"margin_remove_top\":true,\"text_align\":\"center\",\"title_color\":\"background\",\"title_element\":\"div\",\"title_style\":\"h1\"}},{\"type\":\"headline\",\"props\":{\"block_align\":\"center\",\"content\":\"Find the Perfect Wine for Every Occasion\",\"margin\":\"remove-vertical\",\"margin_remove_bottom\":true,\"margin_remove_top\":true,\"maxwidth\":\"large\",\"text_align\":\"center\",\"title_element\":\"div\",\"title_style\":\"h4\"}}]}],\"props\":{\"alignment\":\"center\",\"divider\":false,\"row_gap\":\"large\"}}],\"name\":\"headline verkauf\"},{\"type\":\"section\",\"props\":{\"animation\":\"slide-top-medium\",\"animation_delay\":\"230\",\"image_position\":\"center-center\",\"style\":\"default\",\"title_breakpoint\":\"xl\",\"title_position\":\"top-left\",\"title_rotation\":\"left\",\"vertical_align\":\"middle\",\"width\":\"default\"},\"children\":[{\"type\":\"row\",\"children\":[{\"type\":\"column\",\"props\":{\"image_position\":\"center-center\",\"position_sticky_breakpoint\":\"m\"},\"children\":[{\"type\":\"text\",\"props\":{\"block_align\":\"center\",\"column_breakpoint\":\"m\",\"content\":\"Whether it\u2019s for a special dinner, a toast with friends, or simply just because \u2014 we have the ideal wine for every moment.\\nOur wines are full of personality, shaped by the sea breeze and the island\u2019s unique mar\u00e8s soils.\\n\\n\",\"margin\":\"default\",\"maxwidth\":\"large\",\"text_align\":\"center\"}}]}]}]},{\"type\":\"section\",\"props\":{\"animation\":\"scale-up\",\"animation_delay\":\"230\",\"image_position\":\"center-center\",\"style\":\"default\",\"title_breakpoint\":\"xl\",\"title_position\":\"top-left\",\"title_rotation\":\"left\",\"vertical_align\":\"\",\"width\":\"default\"},\"children\":[{\"type\":\"row\",\"children\":[{\"type\":\"column\",\"props\":{\"image_position\":\"center-center\",\"position_sticky_breakpoint\":\"m\"},\"children\":[{\"type\":\"panel-slider\",\"props\":{\"content_column_breakpoint\":\"m\",\"icon_width\":80,\"image_align\":\"top\",\"image_grid_breakpoint\":\"m\",\"image_grid_width\":\"1-2\",\"image_svg_color\":\"emphasis\",\"link_fullwidth\":true,\"link_style\":\"secondary\",\"link_text\":\"learn more\",\"margin\":\"default\",\"meta_align\":\"below-title\",\"meta_element\":\"div\",\"meta_margin\":\"remove\",\"meta_style\":\"h4\",\"nav\":\"dotnav\",\"nav_align\":\"center\",\"nav_breakpoint\":\"s\",\"panel_match\":true,\"show_content\":true,\"show_hover_image\":true,\"show_hover_video\":true,\"show_image\":true,\"show_link\":true,\"show_meta\":true,\"show_title\":true,\"show_video\":true,\"slidenav\":\"outside\",\"slidenav_breakpoint\":\"xl\",\"slidenav_margin\":\"medium\",\"slidenav_outside_breakpoint\":\"xl\",\"slider_autoplay_pause\":true,\"slider_gap\":\"default\",\"slider_width\":\"fixed\",\"slider_width_default\":\"1-1\",\"slider_width_medium\":\"1-2\",\"text_align\":\"center\",\"title_align\":\"top\",\"title_color\":\"background\",\"title_element\":\"h3\",\"title_grid_breakpoint\":\"m\",\"title_grid_width\":\"1-2\",\"title_hover_style\":\"reset\",\"title_style\":\"h3\"},\"children\":[{\"type\":\"panel-slider_item\",\"props\":{\"content\":\"If you love wine as much as we do, you\u2019re in luck!\\nYou can order directly from our winery and enjoy our wine treasures without leaving your sofa.\\nDiscover our exclusive collections and find your new favourite.\",\"image\":\"wp-content\/uploads\/2026\/03\/venta-tienda-bodegas-bordoy.jpg\",\"link\":\"store\/?lang=en\",\"meta\":\" At the winery\",\"title\":\"Store\",\"image_alt\":\"Wine terrace and shop at Bodegas Bordoy overlooking the vineyards\"}},{\"type\":\"panel-slider_item\",\"props\":{\"content\":\"Every bottle from Bodegas Bordoy carries the soul of the island \u2014 sun, sea, and plenty of character.\\nIf you want to offer your customers authentic Mallorcan wines full of personality, let\u2019s talk!\",\"image\":\"wp-content\/uploads\/2026\/03\/venta-dis-bodegas-bordoy.jpg\",\"link\":\"distributors\/?lang=en\",\"meta\":\"Distribution\",\"title\":\"Wine merchants\",\"image_alt\":\"Mar\u00e9s wine bottles by Bodegas Bordoy \u2014 ros\u00e9, white and red\"}}]}]}]}]}],\"version\":\"4.5.21\"} --><\/p>\n","protected":false},"excerpt":{"rendered":"<p>Sale Find the Perfect Wine for Every Occasion Whether it\u2019s for a special dinner, a toast with friends, or simply just because \u2014 we have the ideal wine for every moment. Our wines are full of personality, shaped by the sea breeze and the island\u2019s unique mar\u00e8s soils. Store At the winery If you love [&hellip;]<\/p>\n","protected":false},"author":1,"featured_media":0,"parent":0,"menu_order":4,"comment_status":"open","ping_status":"closed","template":"","meta":{"footnotes":""},"class_list":["post-1246","page","type-page","status-publish","hentry"],"yoast_head":"<!-- This site is optimized with the Yoast SEO plugin v26.0 - https:\/\/yoast.com\/wordpress\/plugins\/seo\/ -->\n<title>Buy Wine from Mallorca - Bodegas Bordoy<\/title>\n<meta name=\"description\" content=\"Buy Bodegas Bordoy wines: Mar\u00e9s, Ferman\u00e7a, Terra de Mar\u00e9s and Colecci\u00f3n. Shop, distributors and private sales in Llucmajor, Mallorca.\" \/>\n<meta name=\"robots\" content=\"index, follow, max-snippet:-1, max-image-preview:large, max-video-preview:-1\" \/>\n<link rel=\"canonical\" href=\"https:\/\/booking.bodegasbordoy.es\/en\/support\/\" \/>\n<meta property=\"og:locale\" content=\"en_US\" \/>\n<meta property=\"og:type\" content=\"article\" \/>\n<meta property=\"og:title\" content=\"Buy Wine from Mallorca - Bodegas Bordoy\" \/>\n<meta property=\"og:description\" content=\"Buy Bodegas Bordoy wines: Mar\u00e9s, Ferman\u00e7a, Terra de Mar\u00e9s and Colecci\u00f3n. Shop, distributors and private sales in Llucmajor, Mallorca.\" \/>\n<meta property=\"og:url\" content=\"https:\/\/booking.bodegasbordoy.es\/en\/support\/\" \/>\n<meta property=\"og:site_name\" content=\"Bodegas Bordoy\" \/>\n<meta property=\"article:modified_time\" content=\"2025-07-31T17:47:21+00:00\" \/>\n<meta property=\"og:image\" content=\"https:\/\/booking.bodegasbordoy.es\/wp-content\/uploads\/2025\/08\/Bodegas-Bordoy_37-2048x1365.jpg\" \/>\n\t<meta property=\"og:image:width\" content=\"2048\" \/>\n\t<meta property=\"og:image:height\" content=\"1365\" \/>\n<meta name=\"twitter:card\" content=\"summary_large_image\" \/>\n<meta name=\"twitter:label1\" content=\"Est. reading time\" \/>\n\t<meta name=\"twitter:data1\" content=\"1 minute\" \/>\n<script type=\"application\/ld+json\" class=\"yoast-schema-graph\">{\"@context\":\"https:\/\/schema.org\",\"@graph\":[{\"@type\":\"WebPage\",\"@id\":\"https:\/\/booking.bodegasbordoy.es\/en\/support\/\",\"url\":\"https:\/\/booking.bodegasbordoy.es\/en\/support\/\",\"name\":\"Buy Wine from Mallorca - Bodegas Bordoy\",\"isPartOf\":{\"@id\":\"https:\/\/booking.bodegasbordoy.es\/en\/#website\"},\"datePublished\":\"2019-09-05T07:37:25+00:00\",\"dateModified\":\"2025-07-31T17:47:21+00:00\",\"description\":\"Buy Bodegas Bordoy wines: Mar\u00e9s, Ferman\u00e7a, Terra de Mar\u00e9s and Colecci\u00f3n. Shop, distributors and private sales in Llucmajor, Mallorca.\",\"breadcrumb\":{\"@id\":\"https:\/\/booking.bodegasbordoy.es\/en\/support\/#breadcrumb\"},\"inLanguage\":\"en-US\",\"potentialAction\":[{\"@type\":\"ReadAction\",\"target\":[\"https:\/\/booking.bodegasbordoy.es\/en\/support\/\"]}]},{\"@type\":\"BreadcrumbList\",\"@id\":\"https:\/\/booking.bodegasbordoy.es\/en\/support\/#breadcrumb\",\"itemListElement\":[{\"@type\":\"ListItem\",\"position\":1,\"name\":\"Home\",\"item\":\"https:\/\/booking.bodegasbordoy.es\/en\/\"},{\"@type\":\"ListItem\",\"position\":2,\"name\":\"Sale\"}]},{\"@type\":\"WebSite\",\"@id\":\"https:\/\/booking.bodegasbordoy.es\/en\/#website\",\"url\":\"https:\/\/booking.bodegasbordoy.es\/en\/\",\"name\":\"Bodegas Bordoy\",\"description\":\"\",\"potentialAction\":[{\"@type\":\"SearchAction\",\"target\":{\"@type\":\"EntryPoint\",\"urlTemplate\":\"https:\/\/booking.bodegasbordoy.es\/en\/?s={search_term_string}\"},\"query-input\":{\"@type\":\"PropertyValueSpecification\",\"valueRequired\":true,\"valueName\":\"search_term_string\"}}],\"inLanguage\":\"en-US\"}]}<\/script>\n<meta property=\"og:locale:alternate\" content=\"es_ES\" \/>\n\t<meta property=\"og:locale:alternate\" content=\"de_DE\" \/>\n\t<meta property=\"og:locale:alternate\" content=\"ca_ES\" \/>\n<!-- \/ Yoast SEO plugin. -->","yoast_head_json":{"title":"Buy Wine from Mallorca - Bodegas Bordoy","description":"Buy Bodegas Bordoy wines: Mar\u00e9s, Ferman\u00e7a, Terra de Mar\u00e9s and Colecci\u00f3n. Shop, distributors and private sales in Llucmajor, Mallorca.","robots":{"index":"index","follow":"follow","max-snippet":"max-snippet:-1","max-image-preview":"max-image-preview:large","max-video-preview":"max-video-preview:-1"},"canonical":"https:\/\/booking.bodegasbordoy.es\/en\/support\/","og_locale":"en_US","og_type":"article","og_title":"Buy Wine from Mallorca - Bodegas Bordoy","og_description":"Buy Bodegas Bordoy wines: Mar\u00e9s, Ferman\u00e7a, Terra de Mar\u00e9s and Colecci\u00f3n. Shop, distributors and private sales in Llucmajor, Mallorca.","og_url":"https:\/\/booking.bodegasbordoy.es\/en\/support\/","og_site_name":"Bodegas Bordoy","article_modified_time":"2025-07-31T17:47:21+00:00","og_image":[{"url":"https:\/\/booking.bodegasbordoy.es\/wp-content\/uploads\/2025\/08\/Bodegas-Bordoy_37-2048x1365.jpg","width":2048,"height":1365,"type":""}],"twitter_card":"summary_large_image","twitter_misc":{"Est. reading time":"1 minute"},"schema":{"@context":"https:\/\/schema.org","@graph":[{"@type":"WebPage","@id":"https:\/\/booking.bodegasbordoy.es\/en\/support\/","url":"https:\/\/booking.bodegasbordoy.es\/en\/support\/","name":"Buy Wine from Mallorca - Bodegas Bordoy","isPartOf":{"@id":"https:\/\/booking.bodegasbordoy.es\/en\/#website"},"datePublished":"2019-09-05T07:37:25+00:00","dateModified":"2025-07-31T17:47:21+00:00","description":"Buy Bodegas Bordoy wines: Mar\u00e9s, Ferman\u00e7a, Terra de Mar\u00e9s and Colecci\u00f3n. Shop, distributors and private sales in Llucmajor, Mallorca.","breadcrumb":{"@id":"https:\/\/booking.bodegasbordoy.es\/en\/support\/#breadcrumb"},"inLanguage":"en-US","potentialAction":[{"@type":"ReadAction","target":["https:\/\/booking.bodegasbordoy.es\/en\/support\/"]}]},{"@type":"BreadcrumbList","@id":"https:\/\/booking.bodegasbordoy.es\/en\/support\/#breadcrumb","itemListElement":[{"@type":"ListItem","position":1,"name":"Home","item":"https:\/\/booking.bodegasbordoy.es\/en\/"},{"@type":"ListItem","position":2,"name":"Sale"}]},{"@type":"WebSite","@id":"https:\/\/booking.bodegasbordoy.es\/en\/#website","url":"https:\/\/booking.bodegasbordoy.es\/en\/","name":"Bodegas Bordoy","description":"","potentialAction":[{"@type":"SearchAction","target":{"@type":"EntryPoint","urlTemplate":"https:\/\/booking.bodegasbordoy.es\/en\/?s={search_term_string}"},"query-input":{"@type":"PropertyValueSpecification","valueRequired":true,"valueName":"search_term_string"}}],"inLanguage":"en-US"}]}},"_links":{"self":[{"href":"https:\/\/booking.bodegasbordoy.es\/en\/wp-json\/wp\/v2\/pages\/1246","targetHints":{"allow":["GET"]}}],"collection":[{"href":"https:\/\/booking.bodegasbordoy.es\/en\/wp-json\/wp\/v2\/pages"}],"about":[{"href":"https:\/\/booking.bodegasbordoy.es\/en\/wp-json\/wp\/v2\/types\/page"}],"author":[{"embeddable":true,"href":"https:\/\/booking.bodegasbordoy.es\/en\/wp-json\/wp\/v2\/users\/1"}],"replies":[{"embeddable":true,"href":"https:\/\/booking.bodegasbordoy.es\/en\/wp-json\/wp\/v2\/comments?post=1246"}],"version-history":[{"count":39,"href":"https:\/\/booking.bodegasbordoy.es\/en\/wp-json\/wp\/v2\/pages\/1246\/revisions"}],"predecessor-version":[{"id":12474,"href":"https:\/\/booking.bodegasbordoy.es\/en\/wp-json\/wp\/v2\/pages\/1246\/revisions\/12474"}],"wp:attachment":[{"href":"https:\/\/booking.bodegasbordoy.es\/en\/wp-json\/wp\/v2\/media?parent=1246"}],"curies":[{"name":"wp","href":"https:\/\/api.w.org\/{rel}","templated":true}]}}