{"id":2538,"date":"2025-01-09T20:15:32","date_gmt":"2025-01-09T20:15:32","guid":{"rendered":"https:\/\/booking.bodegasbordoy.es\/?page_id=2538"},"modified":"2025-07-30T12:56:31","modified_gmt":"2025-07-30T11:56:31","slug":"terra-de-mares","status":"publish","type":"page","link":"https:\/\/booking.bodegasbordoy.es\/en\/terra-de-mares\/","title":{"rendered":"Terra de Mar\u00e9s"},"content":{"rendered":"<p><img decoding=\"async\" src=\"\/wp-content\/uploads\/2025\/02\/terrademares-bodegas-bordoy-vinos-mallorca.png\" alt=\"\"><\/p>\n<h1>Terra de Mar\u00e8s<\/h1>\n<h1>Crafted only in exceptional vintages, <\/h1>\n<div>Terra de Mar\u00e8s is the result of a meticulous berry-by-berry selection of the finest clusters, handpicked from vineyard plots chosen for their outstanding quality and unique character.<\/p>\n<\/div>\n<div>Its limited production and precise winemaking make it the purest and most elegant expression of our wine-growing landscape\u2014a true reflection of Mallorca\u2019s terroir at its very best.<\/div>\n<p><img decoding=\"async\" src=\"\/wp-content\/uploads\/2025\/02\/TerradeMares-855129b3.webp\" alt=\"\"><br \/>\n<a href=\"\/?page_id=3075&#038;lang=en\"><img decoding=\"async\" src=\"\/wp-content\/uploads\/2025\/01\/terrademares-bodegas-bordoy-vinos-mallorca-1.jpg\" alt=\"\"><\/a><\/p>\n<p><!--more--><br \/>\n<!-- {\"type\":\"layout\",\"children\":[{\"type\":\"section\",\"props\":{\"animation\":\"scale-up\",\"animation_delay\":\"230\",\"header_transparent\":true,\"height\":\"page\",\"image\":\"wp-content\\\/uploads\\\/2025\\\/03\\\/Unbenannt-4.jpg\",\"image_height\":\"720\",\"image_position\":\"top-center\",\"image_size\":\"cover\",\"image_width\":\"1280\",\"media_focal_point\":\"top-center\",\"media_overlay\":\"rgba(255, 255, 255, 0.93)\",\"padding\":\"xsmall\",\"padding_remove_top\":false,\"style\":\"default\",\"title_breakpoint\":\"xl\",\"title_position\":\"top-left\",\"title_rotation\":\"left\",\"vertical_align\":\"\",\"width\":\"default\"},\"children\":[{\"type\":\"row\",\"children\":[{\"type\":\"column\",\"props\":{\"image_position\":\"center-center\",\"position_sticky_breakpoint\":\"m\"}}]}]},{\"type\":\"section\",\"props\":{\"animation\":\"slide-bottom-medium\",\"image_position\":\"center-center\",\"padding\":\"xsmall\",\"style\":\"secondary\",\"title_breakpoint\":\"xl\",\"title_position\":\"top-left\",\"title_rotation\":\"left\",\"vertical_align\":\"middle\",\"width\":\"default\"},\"children\":[{\"type\":\"row\",\"children\":[{\"type\":\"column\",\"props\":{\"image_position\":\"center-center\",\"position_sticky_breakpoint\":\"m\"},\"children\":[{\"type\":\"image\",\"props\":{\"blend\":false,\"image\":\"wp-content\\\/uploads\\\/2025\\\/02\\\/terrademares-bodegas-bordoy-vinos-mallorca.png\",\"image_svg_color\":\"emphasis\",\"image_width\":\"320\",\"margin\":\"default\",\"text_align\":\"center\"}}]}]}]},{\"type\":\"section\",\"props\":{\"animation\":\"slide-top-medium\",\"animation_delay\":\"230\",\"image\":\"wp-content\\\/uploads\\\/2025\\\/03\\\/bg1.jpg\",\"image_effect\":\"fixed\",\"image_position\":\"center-center\",\"image_size\":\"cover\",\"media_overlay\":\"rgba(255, 255, 255, 0.59)\",\"style\":\"default\",\"title_breakpoint\":\"xl\",\"title_position\":\"top-left\",\"title_rotation\":\"left\",\"vertical_align\":\"\",\"width\":\"small\"},\"children\":[{\"type\":\"row\",\"props\":{\"divider\":false,\"layout\":\"1-2,1-2\"},\"children\":[{\"type\":\"column\",\"props\":{\"image_position\":\"center-center\",\"position_sticky_breakpoint\":\"m\",\"vertical_align\":\"middle\",\"width_medium\":\"1-2\"},\"children\":[{\"type\":\"headline\",\"props\":{\"content\":\"Terra de Mar\\u00e8s\",\"margin_remove_bottom\":true,\"title_color\":\"background\",\"title_element\":\"h1\",\"title_style\":\"h3\"}},{\"type\":\"headline\",\"props\":{\"content\":\"Crafted only in exceptional vintages, \",\"margin_remove_top\":true,\"title_element\":\"h1\",\"title_style\":\"h4\"}},{\"type\":\"text\",\"props\":{\"column_breakpoint\":\"m\",\"content\":\"Terra de Mar\\u00e8s is the result of a meticulous berry-by-berry selection of the finest clusters, handpicked from vineyard plots chosen for their outstanding quality and unique character.\\n\\n\",\"margin\":\"default\",\"maxwidth\":\"large\"}},{\"type\":\"text\",\"props\":{\"column_breakpoint\":\"m\",\"content\":\"Its limited production and precise winemaking make it the purest and most elegant expression of our wine-growing landscape\\u2014a true reflection of Mallorca\\u2019s terroir at its very best.\",\"margin\":\"default\",\"maxwidth\":\"large\"}}]},{\"type\":\"column\",\"props\":{\"image_position\":\"center-center\",\"position_sticky_breakpoint\":\"m\",\"width_medium\":\"1-2\"},\"children\":[{\"type\":\"image\",\"props\":{\"image\":\"wp-content\\\/uploads\\\/2025\\\/02\\\/TerradeMares-855129b3.webp\",\"image_svg_color\":\"emphasis\",\"image_width\":147,\"margin\":\"default\",\"text_align\":\"center\"}}]}]}]},{\"type\":\"section\",\"props\":{\"animation\":\"scale-down\",\"image_position\":\"center-center\",\"style\":\"secondary\",\"title_breakpoint\":\"xl\",\"title_position\":\"top-left\",\"title_rotation\":\"left\",\"vertical_align\":\"middle\",\"width\":\"default\"},\"children\":[{\"type\":\"row\",\"children\":[{\"type\":\"column\",\"props\":{\"image_position\":\"center-center\",\"position_sticky_breakpoint\":\"m\"},\"children\":[{\"type\":\"image\",\"props\":{\"image\":\"wp-content\\\/uploads\\\/2025\\\/01\\\/terrademares-bodegas-bordoy-vinos-mallorca-1.jpg\",\"image_svg_color\":\"emphasis\",\"image_width\":230,\"link\":\"terrademaresnegro\\\/?lang=en\",\"margin\":\"default\",\"text_align\":\"center\"}}]}]}]}],\"version\":\"4.5.21\"} --><\/p>\n","protected":false},"excerpt":{"rendered":"<p>Terra de Mar\u00e8s Crafted only in exceptional vintages, Terra de Mar\u00e8s is the result of a meticulous berry-by-berry selection of the finest clusters, handpicked from vineyard plots chosen for their outstanding quality and unique character. Its limited production and precise winemaking make it the purest and most elegant expression of our wine-growing landscape\u2014a true reflection [&hellip;]<\/p>\n","protected":false},"author":1,"featured_media":0,"parent":0,"menu_order":0,"comment_status":"closed","ping_status":"closed","template":"","meta":{"footnotes":""},"class_list":["post-2538","page","type-page","status-publish","hentry"],"yoast_head":"<!-- This site is optimized with the Yoast SEO plugin v26.0 - https:\/\/yoast.com\/wordpress\/plugins\/seo\/ -->\n<title>Terra de Mar\u00e9s - Bodegas Bordoy<\/title>\n<meta name=\"robots\" content=\"index, follow, max-snippet:-1, max-image-preview:large, max-video-preview:-1\" \/>\n<link rel=\"canonical\" href=\"https:\/\/booking.bodegasbordoy.es\/en\/terra-de-mares\/\" \/>\n<meta property=\"og:locale\" content=\"en_US\" \/>\n<meta property=\"og:type\" content=\"article\" \/>\n<meta property=\"og:title\" content=\"Terra de Mar\u00e9s - Bodegas Bordoy\" \/>\n<meta property=\"og:description\" content=\"Terra de Mar\u00e8s Crafted only in exceptional vintages, Terra de Mar\u00e8s is the result of a meticulous berry-by-berry selection of the finest clusters, handpicked from vineyard plots chosen for their outstanding quality and unique character. Its limited production and precise winemaking make it the purest and most elegant expression of our wine-growing landscape\u2014a true reflection [&hellip;]\" \/>\n<meta property=\"og:url\" content=\"https:\/\/booking.bodegasbordoy.es\/en\/terra-de-mares\/\" \/>\n<meta property=\"og:site_name\" content=\"Bodegas Bordoy\" \/>\n<meta property=\"article:modified_time\" content=\"2025-07-30T11:56:31+00:00\" \/>\n<meta property=\"og:image\" content=\"https:\/\/booking.bodegasbordoy.es\/wp-content\/uploads\/2025\/08\/Bodegas-Bordoy_37-2048x1365.jpg\" \/>\n\t<meta property=\"og:image:width\" content=\"2048\" \/>\n\t<meta property=\"og:image:height\" content=\"1365\" \/>\n<meta name=\"twitter:card\" content=\"summary_large_image\" \/>\n<script type=\"application\/ld+json\" class=\"yoast-schema-graph\">{\"@context\":\"https:\/\/schema.org\",\"@graph\":[{\"@type\":\"WebPage\",\"@id\":\"https:\/\/booking.bodegasbordoy.es\/en\/terra-de-mares\/\",\"url\":\"https:\/\/booking.bodegasbordoy.es\/en\/terra-de-mares\/\",\"name\":\"Terra de Mar\u00e9s - Bodegas Bordoy\",\"isPartOf\":{\"@id\":\"https:\/\/booking.bodegasbordoy.es\/en\/#website\"},\"datePublished\":\"2025-01-09T20:15:32+00:00\",\"dateModified\":\"2025-07-30T11:56:31+00:00\",\"breadcrumb\":{\"@id\":\"https:\/\/booking.bodegasbordoy.es\/en\/terra-de-mares\/#breadcrumb\"},\"inLanguage\":\"en-US\",\"potentialAction\":[{\"@type\":\"ReadAction\",\"target\":[\"https:\/\/booking.bodegasbordoy.es\/en\/terra-de-mares\/\"]}]},{\"@type\":\"BreadcrumbList\",\"@id\":\"https:\/\/booking.bodegasbordoy.es\/en\/terra-de-mares\/#breadcrumb\",\"itemListElement\":[{\"@type\":\"ListItem\",\"position\":1,\"name\":\"Home\",\"item\":\"https:\/\/booking.bodegasbordoy.es\/en\/\"},{\"@type\":\"ListItem\",\"position\":2,\"name\":\"Terra de Mar\u00e9s\"}]},{\"@type\":\"WebSite\",\"@id\":\"https:\/\/booking.bodegasbordoy.es\/en\/#website\",\"url\":\"https:\/\/booking.bodegasbordoy.es\/en\/\",\"name\":\"Bodegas Bordoy\",\"description\":\"\",\"potentialAction\":[{\"@type\":\"SearchAction\",\"target\":{\"@type\":\"EntryPoint\",\"urlTemplate\":\"https:\/\/booking.bodegasbordoy.es\/en\/?s={search_term_string}\"},\"query-input\":{\"@type\":\"PropertyValueSpecification\",\"valueRequired\":true,\"valueName\":\"search_term_string\"}}],\"inLanguage\":\"en-US\"}]}<\/script>\n<meta property=\"og:locale:alternate\" content=\"es_ES\" \/>\n\t<meta property=\"og:locale:alternate\" content=\"de_DE\" \/>\n\t<meta property=\"og:locale:alternate\" content=\"ca_ES\" \/>\n<!-- \/ Yoast SEO plugin. -->","yoast_head_json":{"title":"Terra de Mar\u00e9s - Bodegas Bordoy","robots":{"index":"index","follow":"follow","max-snippet":"max-snippet:-1","max-image-preview":"max-image-preview:large","max-video-preview":"max-video-preview:-1"},"canonical":"https:\/\/booking.bodegasbordoy.es\/en\/terra-de-mares\/","og_locale":"en_US","og_type":"article","og_title":"Terra de Mar\u00e9s - Bodegas Bordoy","og_description":"Terra de Mar\u00e8s Crafted only in exceptional vintages, Terra de Mar\u00e8s is the result of a meticulous berry-by-berry selection of the finest clusters, handpicked from vineyard plots chosen for their outstanding quality and unique character. Its limited production and precise winemaking make it the purest and most elegant expression of our wine-growing landscape\u2014a true reflection [&hellip;]","og_url":"https:\/\/booking.bodegasbordoy.es\/en\/terra-de-mares\/","og_site_name":"Bodegas Bordoy","article_modified_time":"2025-07-30T11:56:31+00:00","og_image":[{"url":"https:\/\/booking.bodegasbordoy.es\/wp-content\/uploads\/2025\/08\/Bodegas-Bordoy_37-2048x1365.jpg","width":2048,"height":1365,"type":""}],"twitter_card":"summary_large_image","schema":{"@context":"https:\/\/schema.org","@graph":[{"@type":"WebPage","@id":"https:\/\/booking.bodegasbordoy.es\/en\/terra-de-mares\/","url":"https:\/\/booking.bodegasbordoy.es\/en\/terra-de-mares\/","name":"Terra de Mar\u00e9s - Bodegas Bordoy","isPartOf":{"@id":"https:\/\/booking.bodegasbordoy.es\/en\/#website"},"datePublished":"2025-01-09T20:15:32+00:00","dateModified":"2025-07-30T11:56:31+00:00","breadcrumb":{"@id":"https:\/\/booking.bodegasbordoy.es\/en\/terra-de-mares\/#breadcrumb"},"inLanguage":"en-US","potentialAction":[{"@type":"ReadAction","target":["https:\/\/booking.bodegasbordoy.es\/en\/terra-de-mares\/"]}]},{"@type":"BreadcrumbList","@id":"https:\/\/booking.bodegasbordoy.es\/en\/terra-de-mares\/#breadcrumb","itemListElement":[{"@type":"ListItem","position":1,"name":"Home","item":"https:\/\/booking.bodegasbordoy.es\/en\/"},{"@type":"ListItem","position":2,"name":"Terra de Mar\u00e9s"}]},{"@type":"WebSite","@id":"https:\/\/booking.bodegasbordoy.es\/en\/#website","url":"https:\/\/booking.bodegasbordoy.es\/en\/","name":"Bodegas Bordoy","description":"","potentialAction":[{"@type":"SearchAction","target":{"@type":"EntryPoint","urlTemplate":"https:\/\/booking.bodegasbordoy.es\/en\/?s={search_term_string}"},"query-input":{"@type":"PropertyValueSpecification","valueRequired":true,"valueName":"search_term_string"}}],"inLanguage":"en-US"}]}},"_links":{"self":[{"href":"https:\/\/booking.bodegasbordoy.es\/en\/wp-json\/wp\/v2\/pages\/2538","targetHints":{"allow":["GET"]}}],"collection":[{"href":"https:\/\/booking.bodegasbordoy.es\/en\/wp-json\/wp\/v2\/pages"}],"about":[{"href":"https:\/\/booking.bodegasbordoy.es\/en\/wp-json\/wp\/v2\/types\/page"}],"author":[{"embeddable":true,"href":"https:\/\/booking.bodegasbordoy.es\/en\/wp-json\/wp\/v2\/users\/1"}],"replies":[{"embeddable":true,"href":"https:\/\/booking.bodegasbordoy.es\/en\/wp-json\/wp\/v2\/comments?post=2538"}],"version-history":[{"count":11,"href":"https:\/\/booking.bodegasbordoy.es\/en\/wp-json\/wp\/v2\/pages\/2538\/revisions"}],"predecessor-version":[{"id":12333,"href":"https:\/\/booking.bodegasbordoy.es\/en\/wp-json\/wp\/v2\/pages\/2538\/revisions\/12333"}],"wp:attachment":[{"href":"https:\/\/booking.bodegasbordoy.es\/en\/wp-json\/wp\/v2\/media?parent=2538"}],"curies":[{"name":"wp","href":"https:\/\/api.w.org\/{rel}","templated":true}]}}