{"id":2543,"date":"2025-01-09T20:16:56","date_gmt":"2025-01-09T20:16:56","guid":{"rendered":"https:\/\/booking.bodegasbordoy.es\/?page_id=2543"},"modified":"2025-07-31T17:49:06","modified_gmt":"2025-07-31T16:49:06","slug":"fermanca","status":"publish","type":"page","link":"https:\/\/booking.bodegasbordoy.es\/en\/fermanca\/","title":{"rendered":"Ferman\u00e7a"},"content":{"rendered":"<p><img decoding=\"async\" src=\"\/wp-content\/uploads\/2025\/02\/fermanca-bodegas-bordoy-vinos-mallorca.png\" alt=\"\"><\/p>\n<h1>Ferman\u00e7a<\/h1>\n<div>In the heart of Llucmajor, where the land breathes history and the roots sink deep into centuries of tradition, Ferman\u00e7a is born \u2014 our most heartfelt range of wines.\n<\/div>\n<div>\nIts name is no coincidence: it is a tribute and a gesture of gratitude to the town that has seen us grow among vines and quiet landscapes.\n<\/div>\n<div>\nThe word ferman\u00e7a, deeply rooted in Llucmajor\u2019s culture, evokes the tokens once exchanged at the old fairs \u2014 symbols of commitment, affection, and hope. They were keepsakes, pledges, a silent way of saying \u201cI am here\u201d.\n<\/div>\n<div>\nToday, at Bodegas Bordoy, we honour that legacy and bottle it with respect and emotion.\n<\/div>\n<div>\n<p>    <img decoding=\"async\" src=\"\/wp-content\/uploads\/2025\/03\/tapas-bodegas-bordoy-mallorca-8.jpg\" alt=\"\"><\/p>\n<\/div>\n<div>\nEach bottle of Ferman\u00e7a is our way of giving back to the town that has given us so much: its generous land, its hardworking people, its living history.\n<\/div>\n<div>\nThis is a wine that speaks not only of vineyards and grape varieties, but also of memory, identity, and gratitude.\n<\/div>\n<div>\nBecause Llucmajor is not just the place where our wines are born.<br \/>\nIt is their soul.<\/p>\n<\/div>\n<ul>\n<li>\n<p>        <img decoding=\"async\" src=\"\/wp-content\/uploads\/2025\/01\/fermanca-blanco-bodegas-bordoy-vinos-mallorca.jpg\" alt=\"\"><\/p>\n<h3>Fermanca Blanco Joven<\/h3>\n<div>Imag\u00ednese disfrutar de una cata de vinos con vistas a interminables hileras de vi\u00f1as, mientras una suave brisa le trae el aroma de la tierra fresca y las uvas maduras.<\/div>\n<p><a href=\"\/?page_id=2990&#038;lang=en\"><\/a><\/p>\n<\/li>\n<li>\n<p>        <img decoding=\"async\" src=\"\/wp-content\/uploads\/2025\/01\/fermanca-rosado-bodegas-bordoy-vinos-mallorca.jpg\" alt=\"\"><\/p>\n<h3>Fermanca Rosado Joven<\/h3>\n<div>Imag\u00ednese disfrutar de una cata de vinos con vistas a interminables hileras de vi\u00f1as, mientras una suave brisa le trae el aroma de la tierra fresca y las uvas maduras.<\/div>\n<p><a href=\"\/?page_id=2993&#038;lang=en\"><\/a><\/p>\n<\/li>\n<li>\n<p>        <img decoding=\"async\" src=\"\/wp-content\/uploads\/2025\/01\/fermanca-tinto-bodegas-bordoy-vinos-mallorca.jpg\" alt=\"\"><\/p>\n<h3>Fermanca Tinto Crianza<\/h3>\n<div>Imag\u00ednese disfrutar de una cata de vinos con vistas a interminables hileras de vi\u00f1as, mientras una suave brisa le trae el aroma de la tierra fresca y las uvas maduras.<\/div>\n<p><a href=\"\/?page_id=2996&#038;lang=en\"><\/a><\/p>\n<\/li>\n<\/ul>\n<p><!--more--><br \/>\n<!-- {\"type\":\"layout\",\"children\":[{\"type\":\"section\",\"props\":{\"animation\":\"scale-up\",\"animation_delay\":\"230\",\"header_transparent\":true,\"image_height\":\"720\",\"image_position\":\"top-center\",\"image_size\":\"cover\",\"image_width\":\"1280\",\"media_blend_mode\":\"darken\",\"media_focal_point\":\"top-center\",\"media_overlay\":\"rgba(255, 255, 255, 0.91)\",\"padding\":\"none\",\"padding_remove_top\":false,\"style\":\"default\",\"title_breakpoint\":\"xl\",\"title_position\":\"top-left\",\"title_rotation\":\"left\",\"vertical_align\":\"\",\"video\":\"wp-content\\\/uploads\\\/2025\\\/02\\\/01094_854x480_MP4.mp4\",\"width\":\"default\"},\"children\":[{\"type\":\"row\",\"children\":[{\"type\":\"column\",\"props\":{\"image_position\":\"center-center\",\"position_sticky_breakpoint\":\"m\"}}]}]},{\"type\":\"section\",\"props\":{\"animation\":\"slide-bottom-medium\",\"image_position\":\"center-center\",\"padding\":\"none\",\"style\":\"secondary\",\"title_breakpoint\":\"xl\",\"title_position\":\"top-left\",\"title_rotation\":\"left\",\"vertical_align\":\"middle\",\"width\":\"default\"},\"children\":[{\"type\":\"row\",\"children\":[{\"type\":\"column\",\"props\":{\"image_position\":\"center-center\",\"position_sticky_breakpoint\":\"m\"},\"children\":[{\"type\":\"image\",\"props\":{\"blend\":false,\"image\":\"wp-content\\\/uploads\\\/2025\\\/02\\\/fermanca-bodegas-bordoy-vinos-mallorca.png\",\"image_svg_color\":\"emphasis\",\"image_width\":400,\"margin\":\"default\",\"text_align\":\"center\"}}]}]}]},{\"type\":\"section\",\"props\":{\"animation\":\"slide-top-medium\",\"animation_delay\":\"230\",\"image_effect\":\"fixed\",\"image_position\":\"center-center\",\"image_size\":\"cover\",\"media_overlay\":\"rgba(0, 0, 0, 0.77)\",\"style\":\"default\",\"title_breakpoint\":\"xl\",\"title_position\":\"top-left\",\"title_rotation\":\"left\",\"vertical_align\":\"\",\"width\":\"default\"},\"children\":[{\"type\":\"row\",\"props\":{\"divider\":false,\"layout\":\"1-2,1-2\"},\"children\":[{\"type\":\"column\",\"props\":{\"image_position\":\"center-center\",\"position_sticky_breakpoint\":\"m\",\"vertical_align\":\"middle\",\"width_medium\":\"1-2\"},\"children\":[{\"type\":\"headline\",\"props\":{\"content\":\"Ferman\\u00e7a\",\"title_color\":\"background\",\"title_element\":\"h1\",\"title_style\":\"h3\"}},{\"type\":\"text\",\"props\":{\"column_breakpoint\":\"m\",\"content\":\"In the heart of Llucmajor, where the land breathes history and the roots sink deep into centuries of tradition, Ferman\\u00e7a is born \\u2014 our most heartfelt range of wines.\\n\",\"margin\":\"default\",\"maxwidth\":\"large\"}},{\"type\":\"text\",\"props\":{\"column_breakpoint\":\"m\",\"content\":\"\\nIts name is no coincidence: it is a tribute and a gesture of gratitude to the town that has seen us grow among vines and quiet landscapes.\\n\",\"margin\":\"default\",\"maxwidth\":\"large\"}},{\"type\":\"text\",\"props\":{\"column_breakpoint\":\"m\",\"content\":\"\\nThe word ferman\\u00e7a, deeply rooted in Llucmajor\\u2019s culture, evokes the tokens once exchanged at the old fairs \\u2014 symbols of commitment, affection, and hope. They were keepsakes, pledges, a silent way of saying \\u201cI am here\\u201d.\\n\",\"margin\":\"default\",\"maxwidth\":\"large\"}},{\"type\":\"text\",\"props\":{\"column_breakpoint\":\"m\",\"content\":\"\\nToday, at Bodegas Bordoy, we honour that legacy and bottle it with respect and emotion.\\n\",\"margin\":\"default\",\"maxwidth\":\"large\"}}]},{\"type\":\"column\",\"props\":{\"image_position\":\"center-center\",\"position_sticky_breakpoint\":\"m\",\"width_medium\":\"1-2\"},\"children\":[{\"type\":\"slideshow\",\"props\":{\"link_style\":\"default\",\"link_text\":\"Read more\",\"margin\":\"default\",\"meta_align\":\"below-title\",\"meta_element\":\"div\",\"meta_style\":\"text-meta\",\"nav\":\"dotnav\",\"nav_align\":\"center\",\"nav_breakpoint\":\"s\",\"nav_position\":\"bottom-center\",\"nav_position_margin\":\"medium\",\"overlay_animation\":\"parallax\",\"overlay_position\":\"center-left\",\"show_content\":true,\"show_link\":true,\"show_meta\":true,\"show_thumbnail\":true,\"show_title\":true,\"slidenav\":\"default\",\"slidenav_breakpoint\":\"s\",\"slidenav_margin\":\"medium\",\"slidenav_outside_breakpoint\":\"xl\",\"slideshow_autoplay_pause\":true,\"slideshow_min_height\":300,\"thumbnav_height\":\"75\",\"thumbnav_svg_color\":\"emphasis\",\"thumbnav_width\":\"100\",\"title_element\":\"h3\",\"title_hover_style\":\"reset\"},\"children\":[{\"type\":\"slideshow_item\",\"props\":{\"image\":\"wp-content\\\/uploads\\\/2025\\\/03\\\/tapas-bodegas-bordoy-mallorca-8.jpg\"}}]},{\"type\":\"text\",\"props\":{\"column_breakpoint\":\"m\",\"content\":\"\\nEach bottle of Ferman\\u00e7a is our way of giving back to the town that has given us so much: its generous land, its hardworking people, its living history.\\n\",\"margin\":\"default\",\"maxwidth\":\"large\"}},{\"type\":\"text\",\"props\":{\"column_breakpoint\":\"m\",\"content\":\"\\nThis is a wine that speaks not only of vineyards and grape varieties, but also of memory, identity, and gratitude.\\n\",\"margin\":\"default\",\"maxwidth\":\"large\"}},{\"type\":\"text\",\"props\":{\"column_breakpoint\":\"m\",\"content\":\"\\nBecause Llucmajor is not just the place where our wines are born.\\nIt is their soul.\\n\\n\\n\\n\\n\",\"margin\":\"default\",\"maxwidth\":\"large\"}}]}]}]},{\"type\":\"section\",\"props\":{\"animation\":\"scale-down\",\"animation_delay\":\"230\",\"image_position\":\"center-center\",\"style\":\"secondary\",\"title_breakpoint\":\"xl\",\"title_position\":\"top-left\",\"title_rotation\":\"left\",\"vertical_align\":\"\",\"width\":\"large\"},\"children\":[{\"type\":\"row\",\"children\":[{\"type\":\"column\",\"props\":{\"image_position\":\"center-center\",\"position_sticky_breakpoint\":\"m\",\"width_medium\":\"1-6\",\"width_small\":\"1-5\"}},{\"type\":\"column\",\"props\":{\"image_position\":\"center-center\",\"position_sticky_breakpoint\":\"m\",\"width_medium\":\"5-6\",\"width_small\":\"4-5\"},\"children\":[{\"type\":\"panel-slider\",\"props\":{\"block_align\":\"center\",\"content_column_breakpoint\":\"m\",\"icon_width\":80,\"image_align\":\"top\",\"image_grid_breakpoint\":\"m\",\"image_grid_width\":\"1-2\",\"image_svg_color\":\"emphasis\",\"link_size\":\"small\",\"link_style\":\"primary\",\"link_text\":\"\",\"margin\":\"default\",\"meta_align\":\"below-title\",\"meta_element\":\"div\",\"meta_style\":\"text-meta\",\"nav\":\"dotnav\",\"nav_align\":\"center\",\"nav_breakpoint\":\"s\",\"panel_link\":true,\"panel_match\":true,\"show_content\":false,\"show_hover_image\":true,\"show_hover_video\":true,\"show_image\":true,\"show_link\":true,\"show_meta\":true,\"show_title\":false,\"show_video\":true,\"slidenav\":\"outside\",\"slidenav_breakpoint\":\"xl\",\"slidenav_margin\":\"medium\",\"slidenav_outside_breakpoint\":\"xl\",\"slider_autoplay\":true,\"slider_autoplay_pause\":true,\"slider_center\":false,\"slider_gap\":\"default\",\"slider_sets\":false,\"slider_width\":\"fixed\",\"slider_width_default\":\"1-1\",\"slider_width_medium\":\"1-4\",\"text_align\":\"center\",\"title_align\":\"top\",\"title_element\":\"h3\",\"title_grid_breakpoint\":\"m\",\"title_grid_width\":\"1-2\",\"title_hover_style\":\"reset\"},\"children\":[{\"type\":\"panel-slider_item\",\"props\":{\"content\":\"Imag\\u00ednese disfrutar de una cata de vinos con vistas a interminables hileras de vi\\u00f1as, mientras una suave brisa le trae el aroma de la tierra fresca y las uvas maduras.\",\"image\":\"wp-content\\\/uploads\\\/2025\\\/01\\\/fermanca-blanco-bodegas-bordoy-vinos-mallorca.jpg\",\"link\":\"fermanca-blanco-joven\\\/?lang=en\",\"title\":\"Fermanca Blanco Joven\"}},{\"type\":\"panel-slider_item\",\"props\":{\"content\":\"Imag\\u00ednese disfrutar de una cata de vinos con vistas a interminables hileras de vi\\u00f1as, mientras una suave brisa le trae el aroma de la tierra fresca y las uvas maduras.\",\"image\":\"wp-content\\\/uploads\\\/2025\\\/01\\\/fermanca-rosado-bodegas-bordoy-vinos-mallorca.jpg\",\"link\":\"fermanca-rosado-joven\\\/?lang=en\",\"title\":\"Fermanca Rosado Joven\"}},{\"type\":\"panel-slider_item\",\"props\":{\"content\":\"Imag\\u00ednese disfrutar de una cata de vinos con vistas a interminables hileras de vi\\u00f1as, mientras una suave brisa le trae el aroma de la tierra fresca y las uvas maduras.\",\"image\":\"wp-content\\\/uploads\\\/2025\\\/01\\\/fermanca-tinto-bodegas-bordoy-vinos-mallorca.jpg\",\"link\":\"fermanca-tinto-crianza\\\/?lang=en\",\"title\":\"Fermanca Tinto Crianza\"}}]}]}],\"props\":{\"layout\":\"1-6,5-6|1-5,4-5\"}}]}],\"version\":\"4.5.21\"} --><\/p>\n","protected":false},"excerpt":{"rendered":"<p>Ferman\u00e7a In the heart of Llucmajor, where the land breathes history and the roots sink deep into centuries of tradition, Ferman\u00e7a is born \u2014 our most heartfelt range of wines. Its name is no coincidence: it is a tribute and a gesture of gratitude to the town that has seen us grow among vines and [&hellip;]<\/p>\n","protected":false},"author":1,"featured_media":0,"parent":0,"menu_order":0,"comment_status":"closed","ping_status":"closed","template":"","meta":{"footnotes":""},"class_list":["post-2543","page","type-page","status-publish","hentry"],"yoast_head":"<!-- This site is optimized with the Yoast SEO plugin v26.0 - https:\/\/yoast.com\/wordpress\/plugins\/seo\/ -->\n<title>Ferman\u00e7a - Bodegas Bordoy<\/title>\n<meta name=\"robots\" content=\"index, follow, max-snippet:-1, max-image-preview:large, max-video-preview:-1\" \/>\n<link rel=\"canonical\" href=\"https:\/\/booking.bodegasbordoy.es\/en\/fermanca\/\" \/>\n<meta property=\"og:locale\" content=\"en_US\" \/>\n<meta property=\"og:type\" content=\"article\" \/>\n<meta property=\"og:title\" content=\"Ferman\u00e7a - Bodegas Bordoy\" \/>\n<meta property=\"og:description\" content=\"Ferman\u00e7a In the heart of Llucmajor, where the land breathes history and the roots sink deep into centuries of tradition, Ferman\u00e7a is born \u2014 our most heartfelt range of wines. Its name is no coincidence: it is a tribute and a gesture of gratitude to the town that has seen us grow among vines and [&hellip;]\" \/>\n<meta property=\"og:url\" content=\"https:\/\/booking.bodegasbordoy.es\/en\/fermanca\/\" \/>\n<meta property=\"og:site_name\" content=\"Bodegas Bordoy\" \/>\n<meta property=\"article:modified_time\" content=\"2025-07-31T16:49:06+00:00\" \/>\n<meta property=\"og:image\" content=\"https:\/\/booking.bodegasbordoy.es\/wp-content\/uploads\/2025\/08\/Bodegas-Bordoy_37-2048x1365.jpg\" \/>\n\t<meta property=\"og:image:width\" content=\"2048\" \/>\n\t<meta property=\"og:image:height\" content=\"1365\" \/>\n<meta name=\"twitter:card\" content=\"summary_large_image\" \/>\n<meta name=\"twitter:label1\" content=\"Est. reading time\" \/>\n\t<meta name=\"twitter:data1\" content=\"1 minute\" \/>\n<script type=\"application\/ld+json\" class=\"yoast-schema-graph\">{\"@context\":\"https:\/\/schema.org\",\"@graph\":[{\"@type\":\"WebPage\",\"@id\":\"https:\/\/booking.bodegasbordoy.es\/en\/fermanca\/\",\"url\":\"https:\/\/booking.bodegasbordoy.es\/en\/fermanca\/\",\"name\":\"Ferman\u00e7a - Bodegas Bordoy\",\"isPartOf\":{\"@id\":\"https:\/\/booking.bodegasbordoy.es\/en\/#website\"},\"datePublished\":\"2025-01-09T20:16:56+00:00\",\"dateModified\":\"2025-07-31T16:49:06+00:00\",\"breadcrumb\":{\"@id\":\"https:\/\/booking.bodegasbordoy.es\/en\/fermanca\/#breadcrumb\"},\"inLanguage\":\"en-US\",\"potentialAction\":[{\"@type\":\"ReadAction\",\"target\":[\"https:\/\/booking.bodegasbordoy.es\/en\/fermanca\/\"]}]},{\"@type\":\"BreadcrumbList\",\"@id\":\"https:\/\/booking.bodegasbordoy.es\/en\/fermanca\/#breadcrumb\",\"itemListElement\":[{\"@type\":\"ListItem\",\"position\":1,\"name\":\"Home\",\"item\":\"https:\/\/booking.bodegasbordoy.es\/en\/\"},{\"@type\":\"ListItem\",\"position\":2,\"name\":\"Ferman\u00e7a\"}]},{\"@type\":\"WebSite\",\"@id\":\"https:\/\/booking.bodegasbordoy.es\/en\/#website\",\"url\":\"https:\/\/booking.bodegasbordoy.es\/en\/\",\"name\":\"Bodegas Bordoy\",\"description\":\"\",\"potentialAction\":[{\"@type\":\"SearchAction\",\"target\":{\"@type\":\"EntryPoint\",\"urlTemplate\":\"https:\/\/booking.bodegasbordoy.es\/en\/?s={search_term_string}\"},\"query-input\":{\"@type\":\"PropertyValueSpecification\",\"valueRequired\":true,\"valueName\":\"search_term_string\"}}],\"inLanguage\":\"en-US\"}]}<\/script>\n<meta property=\"og:locale:alternate\" content=\"es_ES\" \/>\n\t<meta property=\"og:locale:alternate\" content=\"de_DE\" \/>\n\t<meta property=\"og:locale:alternate\" content=\"ca_ES\" \/>\n<!-- \/ Yoast SEO plugin. -->","yoast_head_json":{"title":"Ferman\u00e7a - Bodegas Bordoy","robots":{"index":"index","follow":"follow","max-snippet":"max-snippet:-1","max-image-preview":"max-image-preview:large","max-video-preview":"max-video-preview:-1"},"canonical":"https:\/\/booking.bodegasbordoy.es\/en\/fermanca\/","og_locale":"en_US","og_type":"article","og_title":"Ferman\u00e7a - Bodegas Bordoy","og_description":"Ferman\u00e7a In the heart of Llucmajor, where the land breathes history and the roots sink deep into centuries of tradition, Ferman\u00e7a is born \u2014 our most heartfelt range of wines. Its name is no coincidence: it is a tribute and a gesture of gratitude to the town that has seen us grow among vines and [&hellip;]","og_url":"https:\/\/booking.bodegasbordoy.es\/en\/fermanca\/","og_site_name":"Bodegas Bordoy","article_modified_time":"2025-07-31T16:49:06+00:00","og_image":[{"url":"https:\/\/booking.bodegasbordoy.es\/wp-content\/uploads\/2025\/08\/Bodegas-Bordoy_37-2048x1365.jpg","width":2048,"height":1365,"type":""}],"twitter_card":"summary_large_image","twitter_misc":{"Est. reading time":"1 minute"},"schema":{"@context":"https:\/\/schema.org","@graph":[{"@type":"WebPage","@id":"https:\/\/booking.bodegasbordoy.es\/en\/fermanca\/","url":"https:\/\/booking.bodegasbordoy.es\/en\/fermanca\/","name":"Ferman\u00e7a - Bodegas Bordoy","isPartOf":{"@id":"https:\/\/booking.bodegasbordoy.es\/en\/#website"},"datePublished":"2025-01-09T20:16:56+00:00","dateModified":"2025-07-31T16:49:06+00:00","breadcrumb":{"@id":"https:\/\/booking.bodegasbordoy.es\/en\/fermanca\/#breadcrumb"},"inLanguage":"en-US","potentialAction":[{"@type":"ReadAction","target":["https:\/\/booking.bodegasbordoy.es\/en\/fermanca\/"]}]},{"@type":"BreadcrumbList","@id":"https:\/\/booking.bodegasbordoy.es\/en\/fermanca\/#breadcrumb","itemListElement":[{"@type":"ListItem","position":1,"name":"Home","item":"https:\/\/booking.bodegasbordoy.es\/en\/"},{"@type":"ListItem","position":2,"name":"Ferman\u00e7a"}]},{"@type":"WebSite","@id":"https:\/\/booking.bodegasbordoy.es\/en\/#website","url":"https:\/\/booking.bodegasbordoy.es\/en\/","name":"Bodegas Bordoy","description":"","potentialAction":[{"@type":"SearchAction","target":{"@type":"EntryPoint","urlTemplate":"https:\/\/booking.bodegasbordoy.es\/en\/?s={search_term_string}"},"query-input":{"@type":"PropertyValueSpecification","valueRequired":true,"valueName":"search_term_string"}}],"inLanguage":"en-US"}]}},"_links":{"self":[{"href":"https:\/\/booking.bodegasbordoy.es\/en\/wp-json\/wp\/v2\/pages\/2543","targetHints":{"allow":["GET"]}}],"collection":[{"href":"https:\/\/booking.bodegasbordoy.es\/en\/wp-json\/wp\/v2\/pages"}],"about":[{"href":"https:\/\/booking.bodegasbordoy.es\/en\/wp-json\/wp\/v2\/types\/page"}],"author":[{"embeddable":true,"href":"https:\/\/booking.bodegasbordoy.es\/en\/wp-json\/wp\/v2\/users\/1"}],"replies":[{"embeddable":true,"href":"https:\/\/booking.bodegasbordoy.es\/en\/wp-json\/wp\/v2\/comments?post=2543"}],"version-history":[{"count":9,"href":"https:\/\/booking.bodegasbordoy.es\/en\/wp-json\/wp\/v2\/pages\/2543\/revisions"}],"predecessor-version":[{"id":12414,"href":"https:\/\/booking.bodegasbordoy.es\/en\/wp-json\/wp\/v2\/pages\/2543\/revisions\/12414"}],"wp:attachment":[{"href":"https:\/\/booking.bodegasbordoy.es\/en\/wp-json\/wp\/v2\/media?parent=2543"}],"curies":[{"name":"wp","href":"https:\/\/api.w.org\/{rel}","templated":true}]}}