{"id":2548,"date":"2025-01-09T20:18:20","date_gmt":"2025-01-09T20:18:20","guid":{"rendered":"https:\/\/booking.bodegasbordoy.es\/?page_id=2548"},"modified":"2025-07-31T18:22:21","modified_gmt":"2025-07-31T17:22:21","slug":"coleccion","status":"publish","type":"page","link":"https:\/\/booking.bodegasbordoy.es\/en\/coleccion\/","title":{"rendered":"Colecci\u00f3n"},"content":{"rendered":"<p><img decoding=\"async\" src=\"\/wp-content\/uploads\/2025\/02\/coleccion-bodegas-bordoy-vinos-mallorca.png\" alt=\"\"><\/p>\n<h1>Colecci\u00f3n<\/h1>\n<div>The \u201cColecci\u00f3n\u201d line from Bodegas Bordoy represents the most intimate and creative side of the winery. These are limited-edition wines, conceived as small, personal works in which the winemaker gives shape to her most free and emotional vision of wine.\n<\/div>\n<div>\nEach bottle is born from a spark of curiosity, a specific inspiration, and is crafted with care and without haste, seeking to capture the essence of a grape variety, a vineyard plot, or a unique moment in time.\n<\/div>\n<div>\nMore than just a wine range, \u201cColecci\u00f3n\u201d is a space for exploration and expression, where character, authenticity, and sensitivity merge to create unique wines with a soul of their own.<\/p>\n<\/div>\n<p><img decoding=\"async\" src=\"\/wp-content\/uploads\/2025\/03\/vinoscoleccion.jpg\" alt=\"\"><\/p>\n<div>These are distinctive creations that challenge convention, speaking of Mallorca from a contemporary perspective, and inviting wine lovers to discover the island through pure emotion.<\/p>\n<\/div>\n<ul>\n<li>\n<p>        <img decoding=\"async\" src=\"\/wp-content\/uploads\/2025\/01\/coleccion-espuput-bodegas-bordoy-vinos-mallorca.jpg\" alt=\"\"><\/p>\n<h3>Blanco &#8211; Es Puput<\/h3>\n<div>Imag\u00ednese disfrutar de una cata de vinos con vistas <\/div>\n<p><a href=\"\/?page_id=3038&#038;lang=en\"><\/a><\/p>\n<\/li>\n<li>\n<p>        <img decoding=\"async\" src=\"\/wp-content\/uploads\/2025\/01\/coleccion-sa-libel-bodegas-bordoy-vinos-mallorca.jpg\" alt=\"\"><\/p>\n<h3>Tinto &#8211; Sa Lib\u00e9l Lula<\/h3>\n<div>Imag\u00ednese disfrutar de una cata de vinos con vistas a interminables hileras <\/div>\n<p><a href=\"\/?page_id=3044&#038;lang=en\"><\/a><\/p>\n<\/li>\n<li>\n<p>        <img decoding=\"async\" src=\"\/wp-content\/uploads\/2025\/01\/coleccion-1-bodegas-bordoy-vinos-mallorca.jpg\" alt=\"\"><\/p>\n<h3>Tinto &#8211; Sa Mel Lera<\/h3>\n<div>Imag\u00ednese disfrutar de una cata de vinos con vistas a interminables hileras <\/div>\n<p><a href=\"\/?page_id=3050&#038;lang=en\"><\/a><\/p>\n<\/li>\n<\/ul>\n<p><!--more--><br \/>\n<!-- {\"type\":\"layout\",\"children\":[{\"type\":\"section\",\"props\":{\"animation\":\"scale-up\",\"animation_delay\":\"230\",\"header_transparent\":true,\"image\":\"wp-content\/uploads\/2025\/03\/sa-mel-lera-vino-coleccion-bodegas-bordoy.jpg\",\"image_height\":\"720\",\"image_position\":\"top-center\",\"image_size\":\"cover\",\"image_width\":\"1280\",\"media_focal_point\":\"top-center\",\"media_overlay\":\"rgba(255, 255, 255, 0.94)\",\"padding\":\"none\",\"padding_remove_top\":false,\"style\":\"default\",\"title_breakpoint\":\"xl\",\"title_position\":\"top-left\",\"title_rotation\":\"left\",\"vertical_align\":\"\",\"width\":\"default\",\"image_alt\":\"Sunset over Bodegas Bordoy vineyards \u2014 Sa Mel Lera Collection\"},\"children\":[{\"type\":\"row\",\"children\":[{\"type\":\"column\",\"props\":{\"image_position\":\"center-center\",\"position_sticky_breakpoint\":\"m\"}}]}]},{\"type\":\"section\",\"props\":{\"animation\":\"slide-bottom-medium\",\"image_position\":\"center-center\",\"padding\":\"none\",\"style\":\"secondary\",\"title_breakpoint\":\"xl\",\"title_position\":\"top-left\",\"title_rotation\":\"left\",\"vertical_align\":\"middle\",\"width\":\"default\"},\"children\":[{\"type\":\"row\",\"children\":[{\"type\":\"column\",\"props\":{\"image_position\":\"center-center\",\"position_sticky_breakpoint\":\"m\"},\"children\":[{\"type\":\"image\",\"props\":{\"blend\":false,\"image\":\"wp-content\/uploads\/2025\/02\/coleccion-bodegas-bordoy-vinos-mallorca.png\",\"image_svg_color\":\"emphasis\",\"image_width\":400,\"margin\":\"default\",\"text_align\":\"center\",\"image_alt\":\"Colecci\u00f3n logo by Bodegas Bordoy, wines from Mallorca\"}}]}]}]},{\"type\":\"section\",\"props\":{\"animation\":\"slide-top-medium\",\"animation_delay\":\"230\",\"image_effect\":\"fixed\",\"image_position\":\"center-center\",\"image_size\":\"cover\",\"media_overlay\":\"rgba(0, 0, 0, 0.77)\",\"style\":\"default\",\"title_breakpoint\":\"xl\",\"title_position\":\"top-left\",\"title_rotation\":\"left\",\"vertical_align\":\"\",\"width\":\"default\"},\"children\":[{\"type\":\"row\",\"props\":{\"divider\":false,\"layout\":\"1-2,1-2\"},\"children\":[{\"type\":\"column\",\"props\":{\"image_position\":\"center-center\",\"position_sticky_breakpoint\":\"m\",\"vertical_align\":\"middle\",\"width_medium\":\"1-2\"},\"children\":[{\"type\":\"headline\",\"props\":{\"content\":\"Colecci\u00f3n\",\"title_color\":\"background\",\"title_element\":\"h1\",\"title_style\":\"h3\"}},{\"type\":\"text\",\"props\":{\"column_breakpoint\":\"m\",\"content\":\"The \u201cColecci\u00f3n\u201d line from Bodegas Bordoy represents the most intimate and creative side of the winery. These are limited-edition wines, conceived as small, personal works in which the winemaker gives shape to her most free and emotional vision of wine.\\n\",\"margin\":\"default\",\"maxwidth\":\"large\"}},{\"type\":\"text\",\"props\":{\"column_breakpoint\":\"m\",\"content\":\"\\nEach bottle is born from a spark of curiosity, a specific inspiration, and is crafted with care and without haste, seeking to capture the essence of a grape variety, a vineyard plot, or a unique moment in time.\\n\",\"margin\":\"default\",\"maxwidth\":\"large\"}},{\"type\":\"text\",\"props\":{\"column_breakpoint\":\"m\",\"content\":\"\\nMore than just a wine range, \u201cColecci\u00f3n\u201d is a space for exploration and expression, where character, authenticity, and sensitivity merge to create unique wines with a soul of their own.\\n\\n\",\"margin\":\"default\",\"maxwidth\":\"large\"}}]},{\"type\":\"column\",\"props\":{\"image_position\":\"center-center\",\"position_sticky_breakpoint\":\"m\",\"width_medium\":\"1-2\"},\"children\":[{\"type\":\"image\",\"props\":{\"image\":\"wp-content\/uploads\/2025\/03\/vinoscoleccion.jpg\",\"image_svg_color\":\"emphasis\",\"margin\":\"default\",\"image_alt\":\"Bodegas Bordoy Colecci\u00f3n bottles among Mallorcan flowers\"}},{\"type\":\"text\",\"props\":{\"column_breakpoint\":\"m\",\"content\":\"These are distinctive creations that challenge convention, speaking of Mallorca from a contemporary perspective, and inviting wine lovers to discover the island through pure emotion.\\n\\n\",\"margin\":\"default\",\"maxwidth\":\"large\"}}]}]}]},{\"type\":\"section\",\"props\":{\"animation\":\"scale-up\",\"animation_delay\":\"230\",\"image_position\":\"center-center\",\"style\":\"secondary\",\"title_breakpoint\":\"xl\",\"title_position\":\"top-left\",\"title_rotation\":\"left\",\"vertical_align\":\"\",\"width\":\"small\"},\"children\":[{\"type\":\"row\",\"children\":[{\"type\":\"column\",\"props\":{\"image_position\":\"center-center\",\"position_sticky_breakpoint\":\"m\"},\"children\":[{\"type\":\"panel-slider\",\"props\":{\"content_column_breakpoint\":\"m\",\"icon_width\":80,\"image_align\":\"top\",\"image_grid_breakpoint\":\"m\",\"image_grid_width\":\"1-2\",\"image_svg_color\":\"emphasis\",\"link_size\":\"small\",\"link_style\":\"primary\",\"link_text\":\"\",\"margin\":\"default\",\"meta_align\":\"below-title\",\"meta_element\":\"div\",\"meta_style\":\"text-meta\",\"nav\":\"dotnav\",\"nav_align\":\"center\",\"nav_breakpoint\":\"s\",\"panel_link\":true,\"panel_match\":true,\"show_content\":false,\"show_hover_image\":true,\"show_hover_video\":true,\"show_image\":true,\"show_link\":true,\"show_meta\":true,\"show_title\":false,\"show_video\":true,\"slidenav\":\"outside\",\"slidenav_breakpoint\":\"xl\",\"slidenav_margin\":\"medium\",\"slidenav_outside_breakpoint\":\"xl\",\"slider_autoplay_pause\":true,\"slider_gap\":\"default\",\"slider_width\":\"fixed\",\"slider_width_default\":\"1-1\",\"slider_width_medium\":\"1-3\",\"text_align\":\"center\",\"title_align\":\"top\",\"title_element\":\"h3\",\"title_grid_breakpoint\":\"m\",\"title_grid_width\":\"1-2\",\"title_hover_style\":\"reset\"},\"children\":[{\"type\":\"panel-slider_item\",\"props\":{\"content\":\"Imag\u00ednese disfrutar de una cata de vinos con vistas \",\"image\":\"wp-content\/uploads\/2025\/01\/coleccion-espuput-bodegas-bordoy-vinos-mallorca.jpg\",\"link\":\"blanco-es-puput\/?lang=en\",\"title\":\"Blanco - Es Puput\",\"image_alt\":\"Label Colecci\u00f3n Blanco Es Puput \u2014 white wine by Bodegas Bordoy\"}},{\"type\":\"panel-slider_item\",\"props\":{\"content\":\"Imag\u00ednese disfrutar de una cata de vinos con vistas a interminables hileras \",\"image\":\"wp-content\/uploads\/2025\/01\/coleccion-sa-libel-bodegas-bordoy-vinos-mallorca.jpg\",\"link\":\"tinto-sa-libel-lula\/?lang=en\",\"title\":\"Tinto - Sa Lib\u00e9l Lula\",\"image_alt\":\"Label Colecci\u00f3n Tinto Sa Lib\u00e9l Lula \u2014 red wine by Bodegas Bordoy\"}},{\"type\":\"panel-slider_item\",\"props\":{\"content\":\"Imag\u00ednese disfrutar de una cata de vinos con vistas a interminables hileras \",\"image\":\"wp-content\/uploads\/2025\/01\/coleccion-1-bodegas-bordoy-vinos-mallorca.jpg\",\"link\":\"tinto-sa-mel-lera\/?lang=en\",\"title\":\"Tinto - Sa Mel Lera\",\"image_alt\":\"Label Colecci\u00f3n Tinto Sa Mel Lera \u2014 reserve red wine by Bodegas Bordoy\"}}],\"name\":\"panel - collecion\"}]}]}]}],\"version\":\"4.5.21\"} --><\/p>\n","protected":false},"excerpt":{"rendered":"<p>Colecci\u00f3n The \u201cColecci\u00f3n\u201d line from Bodegas Bordoy represents the most intimate and creative side of the winery. These are limited-edition wines, conceived as small, personal works in which the winemaker gives shape to her most free and emotional vision of wine. Each bottle is born from a spark of curiosity, a specific inspiration, and is [&hellip;]<\/p>\n","protected":false},"author":1,"featured_media":0,"parent":0,"menu_order":0,"comment_status":"closed","ping_status":"closed","template":"","meta":{"footnotes":""},"class_list":["post-2548","page","type-page","status-publish","hentry"],"yoast_head":"<!-- This site is optimized with the Yoast SEO plugin v26.0 - https:\/\/yoast.com\/wordpress\/plugins\/seo\/ -->\n<title>Colecci\u00f3n - Premium Wines by Bodegas Bordoy<\/title>\n<meta name=\"description\" content=\"Discover the Colecci\u00f3n by Bodegas Bordoy: Es Puput, Sa Lib\u00e9l Lula and Sa Mel Lera. Premium wines from Mallorca made with indigenous grapes.\" \/>\n<meta name=\"robots\" content=\"index, follow, max-snippet:-1, max-image-preview:large, max-video-preview:-1\" \/>\n<link rel=\"canonical\" href=\"https:\/\/booking.bodegasbordoy.es\/en\/coleccion\/\" \/>\n<meta property=\"og:locale\" content=\"en_US\" \/>\n<meta property=\"og:type\" content=\"article\" \/>\n<meta property=\"og:title\" content=\"Colecci\u00f3n - Premium Wines by Bodegas Bordoy\" \/>\n<meta property=\"og:description\" content=\"Discover the Colecci\u00f3n by Bodegas Bordoy: Es Puput, Sa Lib\u00e9l Lula and Sa Mel Lera. Premium wines from Mallorca made with indigenous grapes.\" \/>\n<meta property=\"og:url\" content=\"https:\/\/booking.bodegasbordoy.es\/en\/coleccion\/\" \/>\n<meta property=\"og:site_name\" content=\"Bodegas Bordoy\" \/>\n<meta property=\"article:modified_time\" content=\"2025-07-31T17:22:21+00:00\" \/>\n<meta property=\"og:image\" content=\"https:\/\/booking.bodegasbordoy.es\/wp-content\/uploads\/2025\/08\/Bodegas-Bordoy_37-2048x1365.jpg\" \/>\n\t<meta property=\"og:image:width\" content=\"2048\" \/>\n\t<meta property=\"og:image:height\" content=\"1365\" \/>\n<meta name=\"twitter:card\" content=\"summary_large_image\" \/>\n<meta name=\"twitter:label1\" content=\"Est. reading time\" \/>\n\t<meta name=\"twitter:data1\" content=\"1 minute\" \/>\n<script type=\"application\/ld+json\" class=\"yoast-schema-graph\">{\"@context\":\"https:\/\/schema.org\",\"@graph\":[{\"@type\":\"WebPage\",\"@id\":\"https:\/\/booking.bodegasbordoy.es\/en\/coleccion\/\",\"url\":\"https:\/\/booking.bodegasbordoy.es\/en\/coleccion\/\",\"name\":\"Colecci\u00f3n - Premium Wines by Bodegas Bordoy\",\"isPartOf\":{\"@id\":\"https:\/\/booking.bodegasbordoy.es\/en\/#website\"},\"datePublished\":\"2025-01-09T20:18:20+00:00\",\"dateModified\":\"2025-07-31T17:22:21+00:00\",\"description\":\"Discover the Colecci\u00f3n by Bodegas Bordoy: Es Puput, Sa Lib\u00e9l Lula and Sa Mel Lera. Premium wines from Mallorca made with indigenous grapes.\",\"breadcrumb\":{\"@id\":\"https:\/\/booking.bodegasbordoy.es\/en\/coleccion\/#breadcrumb\"},\"inLanguage\":\"en-US\",\"potentialAction\":[{\"@type\":\"ReadAction\",\"target\":[\"https:\/\/booking.bodegasbordoy.es\/en\/coleccion\/\"]}]},{\"@type\":\"BreadcrumbList\",\"@id\":\"https:\/\/booking.bodegasbordoy.es\/en\/coleccion\/#breadcrumb\",\"itemListElement\":[{\"@type\":\"ListItem\",\"position\":1,\"name\":\"Home\",\"item\":\"https:\/\/booking.bodegasbordoy.es\/en\/\"},{\"@type\":\"ListItem\",\"position\":2,\"name\":\"Colecci\u00f3n\"}]},{\"@type\":\"WebSite\",\"@id\":\"https:\/\/booking.bodegasbordoy.es\/en\/#website\",\"url\":\"https:\/\/booking.bodegasbordoy.es\/en\/\",\"name\":\"Bodegas Bordoy\",\"description\":\"\",\"potentialAction\":[{\"@type\":\"SearchAction\",\"target\":{\"@type\":\"EntryPoint\",\"urlTemplate\":\"https:\/\/booking.bodegasbordoy.es\/en\/?s={search_term_string}\"},\"query-input\":{\"@type\":\"PropertyValueSpecification\",\"valueRequired\":true,\"valueName\":\"search_term_string\"}}],\"inLanguage\":\"en-US\"}]}<\/script>\n<meta property=\"og:locale:alternate\" content=\"es_ES\" \/>\n\t<meta property=\"og:locale:alternate\" content=\"de_DE\" \/>\n\t<meta property=\"og:locale:alternate\" content=\"ca_ES\" \/>\n<!-- \/ Yoast SEO plugin. -->","yoast_head_json":{"title":"Colecci\u00f3n - Premium Wines by Bodegas Bordoy","description":"Discover the Colecci\u00f3n by Bodegas Bordoy: Es Puput, Sa Lib\u00e9l Lula and Sa Mel Lera. Premium wines from Mallorca made with indigenous grapes.","robots":{"index":"index","follow":"follow","max-snippet":"max-snippet:-1","max-image-preview":"max-image-preview:large","max-video-preview":"max-video-preview:-1"},"canonical":"https:\/\/booking.bodegasbordoy.es\/en\/coleccion\/","og_locale":"en_US","og_type":"article","og_title":"Colecci\u00f3n - Premium Wines by Bodegas Bordoy","og_description":"Discover the Colecci\u00f3n by Bodegas Bordoy: Es Puput, Sa Lib\u00e9l Lula and Sa Mel Lera. Premium wines from Mallorca made with indigenous grapes.","og_url":"https:\/\/booking.bodegasbordoy.es\/en\/coleccion\/","og_site_name":"Bodegas Bordoy","article_modified_time":"2025-07-31T17:22:21+00:00","og_image":[{"url":"https:\/\/booking.bodegasbordoy.es\/wp-content\/uploads\/2025\/08\/Bodegas-Bordoy_37-2048x1365.jpg","width":2048,"height":1365,"type":""}],"twitter_card":"summary_large_image","twitter_misc":{"Est. reading time":"1 minute"},"schema":{"@context":"https:\/\/schema.org","@graph":[{"@type":"WebPage","@id":"https:\/\/booking.bodegasbordoy.es\/en\/coleccion\/","url":"https:\/\/booking.bodegasbordoy.es\/en\/coleccion\/","name":"Colecci\u00f3n - Premium Wines by Bodegas Bordoy","isPartOf":{"@id":"https:\/\/booking.bodegasbordoy.es\/en\/#website"},"datePublished":"2025-01-09T20:18:20+00:00","dateModified":"2025-07-31T17:22:21+00:00","description":"Discover the Colecci\u00f3n by Bodegas Bordoy: Es Puput, Sa Lib\u00e9l Lula and Sa Mel Lera. Premium wines from Mallorca made with indigenous grapes.","breadcrumb":{"@id":"https:\/\/booking.bodegasbordoy.es\/en\/coleccion\/#breadcrumb"},"inLanguage":"en-US","potentialAction":[{"@type":"ReadAction","target":["https:\/\/booking.bodegasbordoy.es\/en\/coleccion\/"]}]},{"@type":"BreadcrumbList","@id":"https:\/\/booking.bodegasbordoy.es\/en\/coleccion\/#breadcrumb","itemListElement":[{"@type":"ListItem","position":1,"name":"Home","item":"https:\/\/booking.bodegasbordoy.es\/en\/"},{"@type":"ListItem","position":2,"name":"Colecci\u00f3n"}]},{"@type":"WebSite","@id":"https:\/\/booking.bodegasbordoy.es\/en\/#website","url":"https:\/\/booking.bodegasbordoy.es\/en\/","name":"Bodegas Bordoy","description":"","potentialAction":[{"@type":"SearchAction","target":{"@type":"EntryPoint","urlTemplate":"https:\/\/booking.bodegasbordoy.es\/en\/?s={search_term_string}"},"query-input":{"@type":"PropertyValueSpecification","valueRequired":true,"valueName":"search_term_string"}}],"inLanguage":"en-US"}]}},"_links":{"self":[{"href":"https:\/\/booking.bodegasbordoy.es\/en\/wp-json\/wp\/v2\/pages\/2548","targetHints":{"allow":["GET"]}}],"collection":[{"href":"https:\/\/booking.bodegasbordoy.es\/en\/wp-json\/wp\/v2\/pages"}],"about":[{"href":"https:\/\/booking.bodegasbordoy.es\/en\/wp-json\/wp\/v2\/types\/page"}],"author":[{"embeddable":true,"href":"https:\/\/booking.bodegasbordoy.es\/en\/wp-json\/wp\/v2\/users\/1"}],"replies":[{"embeddable":true,"href":"https:\/\/booking.bodegasbordoy.es\/en\/wp-json\/wp\/v2\/comments?post=2548"}],"version-history":[{"count":8,"href":"https:\/\/booking.bodegasbordoy.es\/en\/wp-json\/wp\/v2\/pages\/2548\/revisions"}],"predecessor-version":[{"id":12444,"href":"https:\/\/booking.bodegasbordoy.es\/en\/wp-json\/wp\/v2\/pages\/2548\/revisions\/12444"}],"wp:attachment":[{"href":"https:\/\/booking.bodegasbordoy.es\/en\/wp-json\/wp\/v2\/media?parent=2548"}],"curies":[{"name":"wp","href":"https:\/\/api.w.org\/{rel}","templated":true}]}}